{"id":1135,"date":"2020-04-01T18:00:51","date_gmt":"2020-04-01T16:00:51","guid":{"rendered":"\/education-musicale\/chant-choral\/?page_id=1135"},"modified":"2020-06-07T16:34:51","modified_gmt":"2020-06-07T14:34:51","slug":"lettre-edu_num-musique-n3","status":"publish","type":"page","link":"https:\/\/sites.ac-nancy-metz.fr\/education-musicale\/chant-choral\/lettre-edu_num-musique-n3\/","title":{"rendered":"Lettre \u00c9du_Num Musique N\u00b03"},"content":{"rendered":"<p><span class=\"\"><img loading=\"lazy\" decoding=\"async\" class=\"alignnone size-full wp-image-937\" src=\"\/education-musicale\/chant-choral\/wp-content\/uploads\/2023\/05\/Logo_edu_num.png\" alt=\"\" width=\"200\" height=\"140\" \/><br \/>\nLettre \u00c9du_Num \u00c9ducation musicale n\u00b03 : Continuit\u00e9 p\u00e9dagogique en \u00c9ducation Musicale<br \/>\n<\/span><\/p>\n<p class=\"encadre\"><strong>Sommaire<\/strong><\/p>\n<div id=\"Sommaire3\">\n<p><a href=\"https:\/\/eduscol.education.fr\/education-musicale\/edunum\/edunum-musique-3#header-1\">Introduction<\/a><\/p>\n<p><a href=\"https:\/\/eduscol.education.fr\/education-musicale\/edunum\/edunum-musique-3#header-2\">1. Zoom sur&#8230; Des Ressources de base<\/a><\/p>\n<ul>\n<li><a href=\"https:\/\/eduscol.education.fr\/education-musicale\/edunum\/edunum-musique-3#header-3\">A. \u00c9duth\u00e8que : Ressources musicales des partenaires<\/a><\/li>\n<li><a href=\"https:\/\/eduscol.education.fr\/education-musicale\/edunum\/edunum-musique-3#header-5\">B. Vox de Radio France : pour la pratique vocale.<\/a><\/li>\n<li><a href=\"https:\/\/eduscol.education.fr\/education-musicale\/edunum\/edunum-musique-3#header-7\">C. Musique Prim :site d\u00e9di\u00e9 \u00e0 des ressources pour l&rsquo;\u00e9ducation musicale (cycles 2, 3 et 4).<\/a><\/li>\n<li><a href=\"https:\/\/eduscol.education.fr\/education-musicale\/edunum\/edunum-musique-3#header-9\">D. Educ&rsquo;ARTE : Visionnez, cr\u00e9ez, partagez.<\/a><\/li>\n<li><a href=\"https:\/\/eduscol.education.fr\/education-musicale\/edunum\/edunum-musique-3#header-11\">E. Programmation t\u00e9l\u00e9visuelle musicale de l\u2019acad\u00e9mie de Nancy-Metz:<\/a><\/li>\n<li><a href=\"https:\/\/eduscol.education.fr\/education-musicale\/edunum\/edunum-musique-3#header-13\">F. Le site \u00e9ducation musicale de l\u2019acad\u00e9mie de Poitiers : ressources sur les pratiques vocales.<\/a><\/li>\n<li><a href=\"https:\/\/eduscol.education.fr\/education-musicale\/edunum\/edunum-musique-3#header-15\">G. Concerts en streaming<\/a><\/li>\n<li><a href=\"https:\/\/eduscol.education.fr\/education-musicale\/edunum\/edunum-musique-3#header-17\">H. AP\u00c9Mu : l&rsquo;Association des Professeurs d&rsquo;\u00c9ducation Musicale<\/a><\/li>\n<\/ul>\n<p><a href=\"https:\/\/eduscol.education.fr\/education-musicale\/edunum\/edunum-musique-3#header-19\">2. La mise en oeuvre de la continuit\u00e9 P\u00e9dagogique en Acad\u00e9mie<\/a><\/p>\n<p><a href=\"https:\/\/eduscol.education.fr\/education-musicale\/edunum\/edunum-musique-3#header-20\">3. Se tenir inform\u00e9<\/a><\/p>\n<ul>\n<li><a href=\"https:\/\/eduscol.education.fr\/education-musicale\/edunum\/edunum-musique-3#header-21\">A. Twitter \u00e9duscol \u00c9ducation Musicale<\/a><\/li>\n<li><a href=\"https:\/\/eduscol.education.fr\/education-musicale\/edunum\/edunum-musique-3#header-22\">B. Le Portail National Eduscol \u00c9ducation musicale<\/a><\/li>\n<li><a href=\"https:\/\/eduscol.education.fr\/education-musicale\/edunum\/edunum-musique-3#header-23\">C. \u00c9dubase, une banque nationale de sc\u00e9narios p\u00e9dagogiques<\/a><\/li>\n<li><a href=\"https:\/\/eduscol.education.fr\/education-musicale\/edunum\/edunum-musique-3#header-25\">D. Le site disciplinaire Musique de Cr\u00e9teil : regroupant l&rsquo;ensemble de ces ressources et outils pour la continuit\u00e9 p\u00e9dagogique en EMCC<\/a><\/li>\n<\/ul>\n<\/div>\n<p><span id=\"parent-fieldname-description-c35c9d9a4bc04e85b0514190f3b5f651\" class=\"\">\u00a0<\/span><\/p>\n","protected":false},"excerpt":{"rendered":"<p>Lettre \u00c9du_Num \u00c9ducation musicale n\u00b03 : Continuit\u00e9 p\u00e9dagogique en \u00c9ducation Musicale Sommaire Introduction 1. Zoom sur&#8230; Des Ressources de base A. \u00c9duth\u00e8que : Ressources musicales des partenaires B. Vox de Radio France : pour la pratique vocale. C. Musique Prim :site d\u00e9di\u00e9 \u00e0 des ressources pour l&rsquo;\u00e9ducation musicale (cycles 2, 3 et 4). D. Educ&rsquo;ARTE [&hellip;]<\/p>\n","protected":false},"author":1,"featured_media":0,"parent":0,"menu_order":0,"comment_status":"closed","ping_status":"closed","template":"","meta":{"footnotes":""},"class_list":["post-1135","page","type-page","status-publish","hentry"],"yoast_head":"<!-- This site is optimized with the Yoast SEO plugin v27.3 - https:\/\/yoast.com\/product\/yoast-seo-wordpress\/ -->\n<title>Lettre \u00c9du_Num Musique N\u00b03 - Education musicale et chant choral<\/title>\n<meta name=\"robots\" content=\"index, follow, max-snippet:-1, max-image-preview:large, max-video-preview:-1\" \/>\n<link rel=\"canonical\" href=\"https:\/\/sites.ac-nancy-metz.fr\/education-musicale\/chant-choral\/lettre-edu_num-musique-n3\/\" \/>\n<meta property=\"og:locale\" content=\"fr_FR\" \/>\n<meta property=\"og:type\" content=\"article\" \/>\n<meta property=\"og:title\" content=\"Lettre \u00c9du_Num Musique N\u00b03 - Education musicale et chant choral\" \/>\n<meta property=\"og:description\" content=\"Lettre \u00c9du_Num \u00c9ducation musicale n\u00b03 : Continuit\u00e9 p\u00e9dagogique en \u00c9ducation Musicale Sommaire Introduction 1. Zoom sur&#8230; Des Ressources de base A. \u00c9duth\u00e8que : Ressources musicales des partenaires B. Vox de Radio France : pour la pratique vocale. C. Musique Prim :site d\u00e9di\u00e9 \u00e0 des ressources pour l&rsquo;\u00e9ducation musicale (cycles 2, 3 et 4). D. Educ&rsquo;ARTE [&hellip;]\" \/>\n<meta property=\"og:url\" content=\"https:\/\/sites.ac-nancy-metz.fr\/education-musicale\/chant-choral\/lettre-edu_num-musique-n3\/\" \/>\n<meta property=\"og:site_name\" content=\"Education musicale et chant choral\" \/>\n<meta property=\"article:modified_time\" content=\"2020-06-07T14:34:51+00:00\" \/>\n<meta property=\"og:image\" content=\"https:\/\/sites.ac-nancy-metz.fr\/education-musicale\/chant-choral\/wp-content\/uploads\/2023\/05\/cropped-Logo2023.png\" \/>\n\t<meta property=\"og:image:width\" content=\"225\" \/>\n\t<meta property=\"og:image:height\" content=\"96\" \/>\n\t<meta property=\"og:image:type\" content=\"image\/png\" \/>\n<meta name=\"twitter:card\" content=\"summary_large_image\" \/>\n<meta name=\"twitter:label1\" content=\"Dur\u00e9e de lecture estim\u00e9e\" \/>\n\t<meta name=\"twitter:data1\" content=\"1 minute\" \/>\n<script type=\"application\/ld+json\" class=\"yoast-schema-graph\">{\"@context\":\"https:\\\/\\\/schema.org\",\"@graph\":[{\"@type\":\"WebPage\",\"@id\":\"https:\\\/\\\/sites.ac-nancy-metz.fr\\\/education-musicale\\\/chant-choral\\\/lettre-edu_num-musique-n3\\\/\",\"url\":\"https:\\\/\\\/sites.ac-nancy-metz.fr\\\/education-musicale\\\/chant-choral\\\/lettre-edu_num-musique-n3\\\/\",\"name\":\"Lettre \u00c9du_Num Musique N\u00b03 - Education musicale et chant choral\",\"isPartOf\":{\"@id\":\"https:\\\/\\\/sites.ac-nancy-metz.fr\\\/education-musicale\\\/chant-choral\\\/#website\"},\"datePublished\":\"2020-04-01T16:00:51+00:00\",\"dateModified\":\"2020-06-07T14:34:51+00:00\",\"breadcrumb\":{\"@id\":\"https:\\\/\\\/sites.ac-nancy-metz.fr\\\/education-musicale\\\/chant-choral\\\/lettre-edu_num-musique-n3\\\/#breadcrumb\"},\"inLanguage\":\"fr-FR\",\"potentialAction\":[{\"@type\":\"ReadAction\",\"target\":[\"https:\\\/\\\/sites.ac-nancy-metz.fr\\\/education-musicale\\\/chant-choral\\\/lettre-edu_num-musique-n3\\\/\"]}]},{\"@type\":\"BreadcrumbList\",\"@id\":\"https:\\\/\\\/sites.ac-nancy-metz.fr\\\/education-musicale\\\/chant-choral\\\/lettre-edu_num-musique-n3\\\/#breadcrumb\",\"itemListElement\":[{\"@type\":\"ListItem\",\"position\":1,\"name\":\"Accueil\",\"item\":\"https:\\\/\\\/sites.ac-nancy-metz.fr\\\/education-musicale\\\/chant-choral\\\/\"},{\"@type\":\"ListItem\",\"position\":2,\"name\":\"Lettre \u00c9du_Num Musique N\u00b03\"}]},{\"@type\":\"WebSite\",\"@id\":\"https:\\\/\\\/sites.ac-nancy-metz.fr\\\/education-musicale\\\/chant-choral\\\/#website\",\"url\":\"https:\\\/\\\/sites.ac-nancy-metz.fr\\\/education-musicale\\\/chant-choral\\\/\",\"name\":\"\u00c9ducation musicale et chant choral Acad\u00e9mie Nancy-Metz\",\"description\":\"Acad\u00e9mie de Nancy-Metz\",\"publisher\":{\"@id\":\"https:\\\/\\\/sites.ac-nancy-metz.fr\\\/education-musicale\\\/chant-choral\\\/#organization\"},\"potentialAction\":[{\"@type\":\"SearchAction\",\"target\":{\"@type\":\"EntryPoint\",\"urlTemplate\":\"https:\\\/\\\/sites.ac-nancy-metz.fr\\\/education-musicale\\\/chant-choral\\\/?s={search_term_string}\"},\"query-input\":{\"@type\":\"PropertyValueSpecification\",\"valueRequired\":true,\"valueName\":\"search_term_string\"}}],\"inLanguage\":\"fr-FR\"},{\"@type\":\"Organization\",\"@id\":\"https:\\\/\\\/sites.ac-nancy-metz.fr\\\/education-musicale\\\/chant-choral\\\/#organization\",\"name\":\"\u00c9ducation musicale et chant choral Acad\u00e9mie Nancy-Metz\",\"url\":\"https:\\\/\\\/sites.ac-nancy-metz.fr\\\/education-musicale\\\/chant-choral\\\/\",\"logo\":{\"@type\":\"ImageObject\",\"inLanguage\":\"fr-FR\",\"@id\":\"https:\\\/\\\/sites.ac-nancy-metz.fr\\\/education-musicale\\\/chant-choral\\\/#\\\/schema\\\/logo\\\/image\\\/\",\"url\":\"https:\\\/\\\/sites.ac-nancy-metz.fr\\\/education-musicale\\\/chant-choral\\\/wp-content\\\/uploads\\\/2023\\\/12\\\/cropped-cropped-Banniere-site.png\",\"contentUrl\":\"https:\\\/\\\/sites.ac-nancy-metz.fr\\\/education-musicale\\\/chant-choral\\\/wp-content\\\/uploads\\\/2023\\\/12\\\/cropped-cropped-Banniere-site.png\",\"width\":3146,\"height\":601,\"caption\":\"\u00c9ducation musicale et chant choral Acad\u00e9mie Nancy-Metz\"},\"image\":{\"@id\":\"https:\\\/\\\/sites.ac-nancy-metz.fr\\\/education-musicale\\\/chant-choral\\\/#\\\/schema\\\/logo\\\/image\\\/\"}}]}<\/script>\n<!-- \/ Yoast SEO plugin. -->","yoast_head_json":{"title":"Lettre \u00c9du_Num Musique N\u00b03 - Education musicale et chant choral","robots":{"index":"index","follow":"follow","max-snippet":"max-snippet:-1","max-image-preview":"max-image-preview:large","max-video-preview":"max-video-preview:-1"},"canonical":"https:\/\/sites.ac-nancy-metz.fr\/education-musicale\/chant-choral\/lettre-edu_num-musique-n3\/","og_locale":"fr_FR","og_type":"article","og_title":"Lettre \u00c9du_Num Musique N\u00b03 - Education musicale et chant choral","og_description":"Lettre \u00c9du_Num \u00c9ducation musicale n\u00b03 : Continuit\u00e9 p\u00e9dagogique en \u00c9ducation Musicale Sommaire Introduction 1. Zoom sur&#8230; Des Ressources de base A. \u00c9duth\u00e8que : Ressources musicales des partenaires B. Vox de Radio France : pour la pratique vocale. C. Musique Prim :site d\u00e9di\u00e9 \u00e0 des ressources pour l&rsquo;\u00e9ducation musicale (cycles 2, 3 et 4). D. Educ&rsquo;ARTE [&hellip;]","og_url":"https:\/\/sites.ac-nancy-metz.fr\/education-musicale\/chant-choral\/lettre-edu_num-musique-n3\/","og_site_name":"Education musicale et chant choral","article_modified_time":"2020-06-07T14:34:51+00:00","og_image":[{"width":225,"height":96,"url":"https:\/\/sites.ac-nancy-metz.fr\/education-musicale\/chant-choral\/wp-content\/uploads\/2023\/05\/cropped-Logo2023.png","type":"image\/png"}],"twitter_card":"summary_large_image","twitter_misc":{"Dur\u00e9e de lecture estim\u00e9e":"1 minute"},"schema":{"@context":"https:\/\/schema.org","@graph":[{"@type":"WebPage","@id":"https:\/\/sites.ac-nancy-metz.fr\/education-musicale\/chant-choral\/lettre-edu_num-musique-n3\/","url":"https:\/\/sites.ac-nancy-metz.fr\/education-musicale\/chant-choral\/lettre-edu_num-musique-n3\/","name":"Lettre \u00c9du_Num Musique N\u00b03 - Education musicale et chant choral","isPartOf":{"@id":"https:\/\/sites.ac-nancy-metz.fr\/education-musicale\/chant-choral\/#website"},"datePublished":"2020-04-01T16:00:51+00:00","dateModified":"2020-06-07T14:34:51+00:00","breadcrumb":{"@id":"https:\/\/sites.ac-nancy-metz.fr\/education-musicale\/chant-choral\/lettre-edu_num-musique-n3\/#breadcrumb"},"inLanguage":"fr-FR","potentialAction":[{"@type":"ReadAction","target":["https:\/\/sites.ac-nancy-metz.fr\/education-musicale\/chant-choral\/lettre-edu_num-musique-n3\/"]}]},{"@type":"BreadcrumbList","@id":"https:\/\/sites.ac-nancy-metz.fr\/education-musicale\/chant-choral\/lettre-edu_num-musique-n3\/#breadcrumb","itemListElement":[{"@type":"ListItem","position":1,"name":"Accueil","item":"https:\/\/sites.ac-nancy-metz.fr\/education-musicale\/chant-choral\/"},{"@type":"ListItem","position":2,"name":"Lettre \u00c9du_Num Musique N\u00b03"}]},{"@type":"WebSite","@id":"https:\/\/sites.ac-nancy-metz.fr\/education-musicale\/chant-choral\/#website","url":"https:\/\/sites.ac-nancy-metz.fr\/education-musicale\/chant-choral\/","name":"\u00c9ducation musicale et chant choral Acad\u00e9mie Nancy-Metz","description":"Acad\u00e9mie de Nancy-Metz","publisher":{"@id":"https:\/\/sites.ac-nancy-metz.fr\/education-musicale\/chant-choral\/#organization"},"potentialAction":[{"@type":"SearchAction","target":{"@type":"EntryPoint","urlTemplate":"https:\/\/sites.ac-nancy-metz.fr\/education-musicale\/chant-choral\/?s={search_term_string}"},"query-input":{"@type":"PropertyValueSpecification","valueRequired":true,"valueName":"search_term_string"}}],"inLanguage":"fr-FR"},{"@type":"Organization","@id":"https:\/\/sites.ac-nancy-metz.fr\/education-musicale\/chant-choral\/#organization","name":"\u00c9ducation musicale et chant choral Acad\u00e9mie Nancy-Metz","url":"https:\/\/sites.ac-nancy-metz.fr\/education-musicale\/chant-choral\/","logo":{"@type":"ImageObject","inLanguage":"fr-FR","@id":"https:\/\/sites.ac-nancy-metz.fr\/education-musicale\/chant-choral\/#\/schema\/logo\/image\/","url":"https:\/\/sites.ac-nancy-metz.fr\/education-musicale\/chant-choral\/wp-content\/uploads\/2023\/12\/cropped-cropped-Banniere-site.png","contentUrl":"https:\/\/sites.ac-nancy-metz.fr\/education-musicale\/chant-choral\/wp-content\/uploads\/2023\/12\/cropped-cropped-Banniere-site.png","width":3146,"height":601,"caption":"\u00c9ducation musicale et chant choral Acad\u00e9mie Nancy-Metz"},"image":{"@id":"https:\/\/sites.ac-nancy-metz.fr\/education-musicale\/chant-choral\/#\/schema\/logo\/image\/"}}]}},"_links":{"self":[{"href":"https:\/\/sites.ac-nancy-metz.fr\/education-musicale\/chant-choral\/wp-json\/wp\/v2\/pages\/1135","targetHints":{"allow":["GET"]}}],"collection":[{"href":"https:\/\/sites.ac-nancy-metz.fr\/education-musicale\/chant-choral\/wp-json\/wp\/v2\/pages"}],"about":[{"href":"https:\/\/sites.ac-nancy-metz.fr\/education-musicale\/chant-choral\/wp-json\/wp\/v2\/types\/page"}],"author":[{"embeddable":true,"href":"https:\/\/sites.ac-nancy-metz.fr\/education-musicale\/chant-choral\/wp-json\/wp\/v2\/users\/1"}],"replies":[{"embeddable":true,"href":"https:\/\/sites.ac-nancy-metz.fr\/education-musicale\/chant-choral\/wp-json\/wp\/v2\/comments?post=1135"}],"version-history":[{"count":0,"href":"https:\/\/sites.ac-nancy-metz.fr\/education-musicale\/chant-choral\/wp-json\/wp\/v2\/pages\/1135\/revisions"}],"wp:attachment":[{"href":"https:\/\/sites.ac-nancy-metz.fr\/education-musicale\/chant-choral\/wp-json\/wp\/v2\/media?parent=1135"}],"curies":[{"name":"wp","href":"https:\/\/api.w.org\/{rel}","templated":true}]}}