{"id":1205,"date":"2020-11-22T15:27:23","date_gmt":"2020-11-22T14:27:23","guid":{"rendered":"\/education-musicale\/chant-choral\/?page_id=1205"},"modified":"2023-05-10T20:35:50","modified_gmt":"2023-05-10T18:35:50","slug":"education-musicale-et-valeurs-de-la-republique","status":"publish","type":"page","link":"https:\/\/sites.ac-nancy-metz.fr\/education-musicale\/chant-choral\/education-musicale-et-valeurs-de-la-republique\/","title":{"rendered":"\u00c9ducation musicale et valeurs de la R\u00e9publique"},"content":{"rendered":"<h3 style=\"text-align: left;\">Les valeurs de la R\u00e9publique dans l&rsquo;enseignement musical et le chant choral<\/h3>\n<p>&nbsp;<\/p>\n<p>&nbsp;<\/p>\n<p>De quelle fa\u00e7on l&rsquo;\u00e9ducation musicale et le chant choral contribuent-ils \u00e0 l&rsquo;enseignement des valeurs de la R\u00e9publique ? Si certaines \u0153uvres sont directement li\u00e9es \u00e0 ces enjeux de par leur contenu, une large part de nos programmes contribue \u00e0 cette sensibilisation et \u00e9ducation bien au-del\u00e0 d&rsquo;un contenu pr\u00e9cis. Voici quelques ressources vous permettant de r\u00e9fl\u00e9chir \u00e0 votre propre contribution \u00e0 l&rsquo;enseignement des valeurs de la R\u00e9publique.<\/p>\n<p>&nbsp;<\/p>\n<p><span style=\"text-decoration: underline;\"><a href=\"#valeurs1\">Les valeurs de la R\u00e9publique <\/a><a href=\"#valeurs1\">en \u00c9ducation musicale et chant choral<\/a><\/span><br \/>\n<span style=\"text-decoration: underline;\"><a href=\"http:\/\/f.n.c.s.free.fr\/edito.htm\" target=\"_blank\" rel=\"noopener noreferrer\">Texte de l&rsquo;IGESR pour la <strong>F<\/strong>\u00e9d\u00e9ration <strong>N<\/strong>ationale des <strong>C<\/strong>horales <strong>S<\/strong>colaires<\/a><\/span><br \/>\n<a href=\"\/education-musicale\/chant-choral\/ecole-_-college-cycle-3\/\">Ressources sur la libert\u00e9 du groupe Arts et cycle 3<\/a><br \/>\n<span style=\"text-decoration: underline;\"><a href=\"#SeminaireDoyen\">Valeurs de la R\u00e9publique et la\u00efcit\u00e9<\/a> (<a href=\"#SeminaireDoyen\">avec un chapitre sur les enseignements artistiques)<\/a><\/span><br \/>\n<a href=\"https:\/\/pedagogie.ac-nancy-metz.fr\/laicite-valeurs\/\" target=\"_blank\" rel=\"noopener noreferrer\">Page acad\u00e9mique sur les valeurs de la R\u00e9publique et la la\u00efcit\u00e9<\/a><\/p>\n<p>&nbsp;<\/p>\n<hr \/>\n<p><a id=\"valeurs1\"><\/a> <strong>Les Valeurs de la R\u00e9publique en \u00c9ducation musicale et chant choral<\/strong><\/p>\n<div style=\"width: 100%;\">\n<div style=\"position: relative; padding-bottom: 56.25%; padding-top: 0; height: 0;\"><iframe loading=\"lazy\" style=\"position: absolute; top: 0; left: 0; width: 100%; height: 100%;\" src=\"https:\/\/view.genial.ly\/5fba30e7c48a490d289502c4\" width=\"1200px\" height=\"675px\" frameborder=\"0\" scrolling=\"yes\" allowfullscreen=\"allowfullscreen\"><\/iframe><\/div>\n<\/div>\n<p>&nbsp;<\/p>\n<hr \/>\n<p><a id=\"SeminaireDoyen\"><\/a><strong>Valeurs de la R\u00e9publique et la\u00efcit\u00e9 (avec un chapitre sur les enseignements artistiques)<\/strong><\/p>\n<p>&nbsp;<\/p>\n<a href=\"\/education-musicale\/chant-choral\/wp-content\/uploads\/2023\/05\/igen-seminaire-doyens-avril2015-valeurs-republique-laicite-634513-pdf-31241.pdf\" class=\"pdfemb-viewer\" style=\"width:1024px;\" data-width=\"1024\" data-height=\"max\" data-toolbar=\"bottom\" data-toolbar-fixed=\"off\">igen-seminaire-doyens-avril2015-valeurs-republique-laicite-634513-pdf-31241<\/a>\n<p>&nbsp;<\/p>\n<p>T\u00e9l\u00e9chargez l<a href=\"\/education-musicale\/chant-choral\/wp-content\/uploads\/2023\/05\/igen-seminaire-doyens-avril2015-valeurs-republique-laicite-634513-pdf-31241.pdf\">e rapport<\/a><\/p>\n","protected":false},"excerpt":{"rendered":"<p>Les valeurs de la R\u00e9publique dans l&rsquo;enseignement musical et le chant choral &nbsp; &nbsp; De quelle fa\u00e7on l&rsquo;\u00e9ducation musicale et le chant choral contribuent-ils \u00e0 l&rsquo;enseignement des valeurs de la R\u00e9publique ? Si certaines \u0153uvres sont directement li\u00e9es \u00e0 ces enjeux de par leur contenu, une large part de nos programmes contribue \u00e0 cette sensibilisation [&hellip;]<\/p>\n","protected":false},"author":1,"featured_media":0,"parent":0,"menu_order":0,"comment_status":"closed","ping_status":"closed","template":"","meta":{"footnotes":""},"class_list":["post-1205","page","type-page","status-publish","hentry"],"yoast_head":"<!-- This site is optimized with the Yoast SEO plugin v27.3 - https:\/\/yoast.com\/product\/yoast-seo-wordpress\/ -->\n<title>\u00c9ducation musicale et valeurs de la R\u00e9publique - Education musicale et chant choral<\/title>\n<meta name=\"robots\" content=\"index, follow, max-snippet:-1, max-image-preview:large, max-video-preview:-1\" \/>\n<link rel=\"canonical\" href=\"https:\/\/sites.ac-nancy-metz.fr\/education-musicale\/chant-choral\/education-musicale-et-valeurs-de-la-republique\/\" \/>\n<meta property=\"og:locale\" content=\"fr_FR\" \/>\n<meta property=\"og:type\" content=\"article\" \/>\n<meta property=\"og:title\" content=\"\u00c9ducation musicale et valeurs de la R\u00e9publique - Education musicale et chant choral\" \/>\n<meta property=\"og:description\" content=\"Les valeurs de la R\u00e9publique dans l&rsquo;enseignement musical et le chant choral &nbsp; &nbsp; De quelle fa\u00e7on l&rsquo;\u00e9ducation musicale et le chant choral contribuent-ils \u00e0 l&rsquo;enseignement des valeurs de la R\u00e9publique ? Si certaines \u0153uvres sont directement li\u00e9es \u00e0 ces enjeux de par leur contenu, une large part de nos programmes contribue \u00e0 cette sensibilisation [&hellip;]\" \/>\n<meta property=\"og:url\" content=\"https:\/\/sites.ac-nancy-metz.fr\/education-musicale\/chant-choral\/education-musicale-et-valeurs-de-la-republique\/\" \/>\n<meta property=\"og:site_name\" content=\"Education musicale et chant choral\" \/>\n<meta property=\"article:modified_time\" content=\"2023-05-10T18:35:50+00:00\" \/>\n<meta property=\"og:image\" content=\"https:\/\/sites.ac-nancy-metz.fr\/education-musicale\/chant-choral\/wp-content\/uploads\/2023\/05\/cropped-Logo2023.png\" \/>\n\t<meta property=\"og:image:width\" content=\"225\" \/>\n\t<meta property=\"og:image:height\" content=\"96\" \/>\n\t<meta property=\"og:image:type\" content=\"image\/png\" \/>\n<meta name=\"twitter:card\" content=\"summary_large_image\" \/>\n<meta name=\"twitter:label1\" content=\"Dur\u00e9e de lecture estim\u00e9e\" \/>\n\t<meta name=\"twitter:data1\" content=\"1 minute\" \/>\n<script type=\"application\/ld+json\" class=\"yoast-schema-graph\">{\"@context\":\"https:\\\/\\\/schema.org\",\"@graph\":[{\"@type\":\"WebPage\",\"@id\":\"https:\\\/\\\/sites.ac-nancy-metz.fr\\\/education-musicale\\\/chant-choral\\\/education-musicale-et-valeurs-de-la-republique\\\/\",\"url\":\"https:\\\/\\\/sites.ac-nancy-metz.fr\\\/education-musicale\\\/chant-choral\\\/education-musicale-et-valeurs-de-la-republique\\\/\",\"name\":\"\u00c9ducation musicale et valeurs de la R\u00e9publique - Education musicale et chant choral\",\"isPartOf\":{\"@id\":\"https:\\\/\\\/sites.ac-nancy-metz.fr\\\/education-musicale\\\/chant-choral\\\/#website\"},\"datePublished\":\"2020-11-22T14:27:23+00:00\",\"dateModified\":\"2023-05-10T18:35:50+00:00\",\"breadcrumb\":{\"@id\":\"https:\\\/\\\/sites.ac-nancy-metz.fr\\\/education-musicale\\\/chant-choral\\\/education-musicale-et-valeurs-de-la-republique\\\/#breadcrumb\"},\"inLanguage\":\"fr-FR\",\"potentialAction\":[{\"@type\":\"ReadAction\",\"target\":[\"https:\\\/\\\/sites.ac-nancy-metz.fr\\\/education-musicale\\\/chant-choral\\\/education-musicale-et-valeurs-de-la-republique\\\/\"]}]},{\"@type\":\"BreadcrumbList\",\"@id\":\"https:\\\/\\\/sites.ac-nancy-metz.fr\\\/education-musicale\\\/chant-choral\\\/education-musicale-et-valeurs-de-la-republique\\\/#breadcrumb\",\"itemListElement\":[{\"@type\":\"ListItem\",\"position\":1,\"name\":\"Accueil\",\"item\":\"https:\\\/\\\/sites.ac-nancy-metz.fr\\\/education-musicale\\\/chant-choral\\\/\"},{\"@type\":\"ListItem\",\"position\":2,\"name\":\"\u00c9ducation musicale et valeurs de la R\u00e9publique\"}]},{\"@type\":\"WebSite\",\"@id\":\"https:\\\/\\\/sites.ac-nancy-metz.fr\\\/education-musicale\\\/chant-choral\\\/#website\",\"url\":\"https:\\\/\\\/sites.ac-nancy-metz.fr\\\/education-musicale\\\/chant-choral\\\/\",\"name\":\"\u00c9ducation musicale et chant choral Acad\u00e9mie Nancy-Metz\",\"description\":\"Acad\u00e9mie de Nancy-Metz\",\"publisher\":{\"@id\":\"https:\\\/\\\/sites.ac-nancy-metz.fr\\\/education-musicale\\\/chant-choral\\\/#organization\"},\"potentialAction\":[{\"@type\":\"SearchAction\",\"target\":{\"@type\":\"EntryPoint\",\"urlTemplate\":\"https:\\\/\\\/sites.ac-nancy-metz.fr\\\/education-musicale\\\/chant-choral\\\/?s={search_term_string}\"},\"query-input\":{\"@type\":\"PropertyValueSpecification\",\"valueRequired\":true,\"valueName\":\"search_term_string\"}}],\"inLanguage\":\"fr-FR\"},{\"@type\":\"Organization\",\"@id\":\"https:\\\/\\\/sites.ac-nancy-metz.fr\\\/education-musicale\\\/chant-choral\\\/#organization\",\"name\":\"\u00c9ducation musicale et chant choral Acad\u00e9mie Nancy-Metz\",\"url\":\"https:\\\/\\\/sites.ac-nancy-metz.fr\\\/education-musicale\\\/chant-choral\\\/\",\"logo\":{\"@type\":\"ImageObject\",\"inLanguage\":\"fr-FR\",\"@id\":\"https:\\\/\\\/sites.ac-nancy-metz.fr\\\/education-musicale\\\/chant-choral\\\/#\\\/schema\\\/logo\\\/image\\\/\",\"url\":\"https:\\\/\\\/sites.ac-nancy-metz.fr\\\/education-musicale\\\/chant-choral\\\/wp-content\\\/uploads\\\/2023\\\/12\\\/cropped-cropped-Banniere-site.png\",\"contentUrl\":\"https:\\\/\\\/sites.ac-nancy-metz.fr\\\/education-musicale\\\/chant-choral\\\/wp-content\\\/uploads\\\/2023\\\/12\\\/cropped-cropped-Banniere-site.png\",\"width\":3146,\"height\":601,\"caption\":\"\u00c9ducation musicale et chant choral Acad\u00e9mie Nancy-Metz\"},\"image\":{\"@id\":\"https:\\\/\\\/sites.ac-nancy-metz.fr\\\/education-musicale\\\/chant-choral\\\/#\\\/schema\\\/logo\\\/image\\\/\"}}]}<\/script>\n<!-- \/ Yoast SEO plugin. -->","yoast_head_json":{"title":"\u00c9ducation musicale et valeurs de la R\u00e9publique - Education musicale et chant choral","robots":{"index":"index","follow":"follow","max-snippet":"max-snippet:-1","max-image-preview":"max-image-preview:large","max-video-preview":"max-video-preview:-1"},"canonical":"https:\/\/sites.ac-nancy-metz.fr\/education-musicale\/chant-choral\/education-musicale-et-valeurs-de-la-republique\/","og_locale":"fr_FR","og_type":"article","og_title":"\u00c9ducation musicale et valeurs de la R\u00e9publique - Education musicale et chant choral","og_description":"Les valeurs de la R\u00e9publique dans l&rsquo;enseignement musical et le chant choral &nbsp; &nbsp; De quelle fa\u00e7on l&rsquo;\u00e9ducation musicale et le chant choral contribuent-ils \u00e0 l&rsquo;enseignement des valeurs de la R\u00e9publique ? Si certaines \u0153uvres sont directement li\u00e9es \u00e0 ces enjeux de par leur contenu, une large part de nos programmes contribue \u00e0 cette sensibilisation [&hellip;]","og_url":"https:\/\/sites.ac-nancy-metz.fr\/education-musicale\/chant-choral\/education-musicale-et-valeurs-de-la-republique\/","og_site_name":"Education musicale et chant choral","article_modified_time":"2023-05-10T18:35:50+00:00","og_image":[{"width":225,"height":96,"url":"https:\/\/sites.ac-nancy-metz.fr\/education-musicale\/chant-choral\/wp-content\/uploads\/2023\/05\/cropped-Logo2023.png","type":"image\/png"}],"twitter_card":"summary_large_image","twitter_misc":{"Dur\u00e9e de lecture estim\u00e9e":"1 minute"},"schema":{"@context":"https:\/\/schema.org","@graph":[{"@type":"WebPage","@id":"https:\/\/sites.ac-nancy-metz.fr\/education-musicale\/chant-choral\/education-musicale-et-valeurs-de-la-republique\/","url":"https:\/\/sites.ac-nancy-metz.fr\/education-musicale\/chant-choral\/education-musicale-et-valeurs-de-la-republique\/","name":"\u00c9ducation musicale et valeurs de la R\u00e9publique - Education musicale et chant choral","isPartOf":{"@id":"https:\/\/sites.ac-nancy-metz.fr\/education-musicale\/chant-choral\/#website"},"datePublished":"2020-11-22T14:27:23+00:00","dateModified":"2023-05-10T18:35:50+00:00","breadcrumb":{"@id":"https:\/\/sites.ac-nancy-metz.fr\/education-musicale\/chant-choral\/education-musicale-et-valeurs-de-la-republique\/#breadcrumb"},"inLanguage":"fr-FR","potentialAction":[{"@type":"ReadAction","target":["https:\/\/sites.ac-nancy-metz.fr\/education-musicale\/chant-choral\/education-musicale-et-valeurs-de-la-republique\/"]}]},{"@type":"BreadcrumbList","@id":"https:\/\/sites.ac-nancy-metz.fr\/education-musicale\/chant-choral\/education-musicale-et-valeurs-de-la-republique\/#breadcrumb","itemListElement":[{"@type":"ListItem","position":1,"name":"Accueil","item":"https:\/\/sites.ac-nancy-metz.fr\/education-musicale\/chant-choral\/"},{"@type":"ListItem","position":2,"name":"\u00c9ducation musicale et valeurs de la R\u00e9publique"}]},{"@type":"WebSite","@id":"https:\/\/sites.ac-nancy-metz.fr\/education-musicale\/chant-choral\/#website","url":"https:\/\/sites.ac-nancy-metz.fr\/education-musicale\/chant-choral\/","name":"\u00c9ducation musicale et chant choral Acad\u00e9mie Nancy-Metz","description":"Acad\u00e9mie de Nancy-Metz","publisher":{"@id":"https:\/\/sites.ac-nancy-metz.fr\/education-musicale\/chant-choral\/#organization"},"potentialAction":[{"@type":"SearchAction","target":{"@type":"EntryPoint","urlTemplate":"https:\/\/sites.ac-nancy-metz.fr\/education-musicale\/chant-choral\/?s={search_term_string}"},"query-input":{"@type":"PropertyValueSpecification","valueRequired":true,"valueName":"search_term_string"}}],"inLanguage":"fr-FR"},{"@type":"Organization","@id":"https:\/\/sites.ac-nancy-metz.fr\/education-musicale\/chant-choral\/#organization","name":"\u00c9ducation musicale et chant choral Acad\u00e9mie Nancy-Metz","url":"https:\/\/sites.ac-nancy-metz.fr\/education-musicale\/chant-choral\/","logo":{"@type":"ImageObject","inLanguage":"fr-FR","@id":"https:\/\/sites.ac-nancy-metz.fr\/education-musicale\/chant-choral\/#\/schema\/logo\/image\/","url":"https:\/\/sites.ac-nancy-metz.fr\/education-musicale\/chant-choral\/wp-content\/uploads\/2023\/12\/cropped-cropped-Banniere-site.png","contentUrl":"https:\/\/sites.ac-nancy-metz.fr\/education-musicale\/chant-choral\/wp-content\/uploads\/2023\/12\/cropped-cropped-Banniere-site.png","width":3146,"height":601,"caption":"\u00c9ducation musicale et chant choral Acad\u00e9mie Nancy-Metz"},"image":{"@id":"https:\/\/sites.ac-nancy-metz.fr\/education-musicale\/chant-choral\/#\/schema\/logo\/image\/"}}]}},"_links":{"self":[{"href":"https:\/\/sites.ac-nancy-metz.fr\/education-musicale\/chant-choral\/wp-json\/wp\/v2\/pages\/1205","targetHints":{"allow":["GET"]}}],"collection":[{"href":"https:\/\/sites.ac-nancy-metz.fr\/education-musicale\/chant-choral\/wp-json\/wp\/v2\/pages"}],"about":[{"href":"https:\/\/sites.ac-nancy-metz.fr\/education-musicale\/chant-choral\/wp-json\/wp\/v2\/types\/page"}],"author":[{"embeddable":true,"href":"https:\/\/sites.ac-nancy-metz.fr\/education-musicale\/chant-choral\/wp-json\/wp\/v2\/users\/1"}],"replies":[{"embeddable":true,"href":"https:\/\/sites.ac-nancy-metz.fr\/education-musicale\/chant-choral\/wp-json\/wp\/v2\/comments?post=1205"}],"version-history":[{"count":2,"href":"https:\/\/sites.ac-nancy-metz.fr\/education-musicale\/chant-choral\/wp-json\/wp\/v2\/pages\/1205\/revisions"}],"predecessor-version":[{"id":2805,"href":"https:\/\/sites.ac-nancy-metz.fr\/education-musicale\/chant-choral\/wp-json\/wp\/v2\/pages\/1205\/revisions\/2805"}],"wp:attachment":[{"href":"https:\/\/sites.ac-nancy-metz.fr\/education-musicale\/chant-choral\/wp-json\/wp\/v2\/media?parent=1205"}],"curies":[{"name":"wp","href":"https:\/\/api.w.org\/{rel}","templated":true}]}}