{"id":3050,"date":"2023-12-03T19:59:27","date_gmt":"2023-12-03T18:59:27","guid":{"rendered":"https:\/\/sites.ac-nancy-metz.fr\/education-musicale\/chant-choral\/?page_id=3050"},"modified":"2026-01-21T21:44:18","modified_gmt":"2026-01-21T20:44:18","slug":"traam-travaux-academiques-mutualises","status":"publish","type":"page","link":"https:\/\/sites.ac-nancy-metz.fr\/education-musicale\/chant-choral\/traam-travaux-academiques-mutualises\/","title":{"rendered":"TraAM : Travaux Acad\u00e9miques Mutualis\u00e9s"},"content":{"rendered":"<p><img loading=\"lazy\" decoding=\"async\" class=\"alignnone size-medium wp-image-3051\" src=\"https:\/\/sites.ac-nancy-metz.fr\/education-musicale\/chant-choral\/wp-content\/uploads\/2023\/12\/logo_traam_2020-600x328.jpg\" alt=\"Logo TraAM\" width=\"600\" height=\"328\" srcset=\"https:\/\/sites.ac-nancy-metz.fr\/education-musicale\/chant-choral\/wp-content\/uploads\/2023\/12\/logo_traam_2020-600x328.jpg 600w, https:\/\/sites.ac-nancy-metz.fr\/education-musicale\/chant-choral\/wp-content\/uploads\/2023\/12\/logo_traam_2020-300x164.jpg 300w, https:\/\/sites.ac-nancy-metz.fr\/education-musicale\/chant-choral\/wp-content\/uploads\/2023\/12\/logo_traam_2020-768x420.jpg 768w, https:\/\/sites.ac-nancy-metz.fr\/education-musicale\/chant-choral\/wp-content\/uploads\/2023\/12\/logo_traam_2020.jpg 800w\" sizes=\"auto, (max-width: 600px) 100vw, 600px\" \/><\/p>\n<p><span style=\"color: #0000ff;\"><a style=\"color: #0000ff;\" href=\"#Annee20252026\">Voir les travaux 2025-2026<\/a><\/span><\/p>\n<p><span style=\"color: #0000ff;\"><a style=\"color: #0000ff;\" href=\"#Annee20242025\">Voir les travaux 2024-2025<\/a><\/span><\/p>\n<p><span style=\"color: #0000ff;\"><a style=\"color: #0000ff;\" href=\"#Annee20232024\">Voir les travaux 2023-2024<\/a><\/span><\/p>\n<p style=\"text-align: right;\"><span style=\"color: #3366ff;\"><a style=\"color: #3366ff;\" href=\"https:\/\/eduscol.education.fr\/692\/les-travaux-academiques-mutualises-traam\" target=\"_blank\" rel=\"noopener\">En savoir plus sur les TraAM\u00a0<\/a><\/span><\/p>\n<hr \/>\n<h3 id=\"Annee20252026\">Ann\u00e9e 2025-2026<\/h3>\n<h4>Continuit\u00e9 et objectifs<\/h4>\n<p>Dans la continuit\u00e9 des travaux men\u00e9s 2024-2025 autour de la ma\u00eetrise de la langue et de la comp\u00e9tence \u00ab \u00e9changer, partager, argumenter, d\u00e9battre \u00bb, les professeurs engag\u00e9s dans les TraAM d\u2019\u00e9ducation musicale poursuivent cette ann\u00e9e leurs exp\u00e9rimentations en \u00e9largissant le champ des comp\u00e9tences mobilis\u00e9es.<\/p>\n<h4>Comp\u00e9tences mobilis\u00e9es<\/h4>\n<p>Toujours en s\u2019appuyant sur les outils num\u00e9riques, ils vont cette ann\u00e9e \u00e9galement explorer avec leurs \u00e9l\u00e8ves d\u2019autres comp\u00e9tences comme \u00ab explorer, imaginer, cr\u00e9er, produire \u00bb ou encore \u00ab \u00e9couter, comparer, construire une culture musicale commune \u00bb, afin de faire de la langue un levier d\u2019inclusion, au service de la cr\u00e9ativit\u00e9, de l\u2019interpr\u00e9tation et des connaissances.<\/p>\n<h4>Inclusion et diversit\u00e9 des publics<\/h4>\n<p>Ces exp\u00e9rimentations ont la volont\u00e9 de favoriser l\u2019acc\u00e8s aux apprentissages de tous les \u00e9l\u00e8ves, en particulier ceux relevant du FLE ou les \u00e9l\u00e8ves EBEP, en proposant des pratiques transf\u00e9rables et adaptables \u00e0 la diversit\u00e9 des publics et des contextes scolaires, dont certaines seront interdisciplinaires.<\/p>\n<h4>&#x1f465; Membres du groupe TraAM<\/h4>\n<ul>\n<li>Fr\u00e9d\u00e9rique Mathurin<\/li>\n<li>G\u00e9raldine Lemasson<\/li>\n<li>Tatiana Khodjaoui<\/li>\n<li>Sylvain Paris<\/li>\n<li>Philippe Heymes<\/li>\n<\/ul>\n<h4>&#x1f4c4; Ressource de pr\u00e9sentation<\/h4>\n<p>La pr\u00e9sentation ci-dessous synth\u00e9tise les axes de travail,<br \/>\nles intentions p\u00e9dagogiques et les exp\u00e9rimentations pr\u00e9vues.<\/p>\n<div style=\"position: relative; width: 100%; height: 0; padding-top: 56.2500%; padding-bottom: 0; box-shadow: 0 2px 8px 0 rgba(63,69,81,0.16); margin-top: 1.6em; margin-bottom: 0.9em; overflow: hidden; border-radius: 8px; will-change: transform;\"><iframe style=\"position: absolute; width: 100%; height: 100%; top: 0; left: 0; border: none; padding: 0; margin: 0;\" src=\"https:\/\/www.canva.com\/design\/DAG73Bzd2pU\/-YUQ0r2tdGA5NVmnjwFUAg\/view?embed\" allowfullscreen=\"allowfullscreen\">  <\/iframe><\/div>\n<p>&nbsp;<\/p>\n<hr \/>\n<h3 id=\"Annee20242025\">Ann\u00e9e 2024-2025<\/h3>\n<p>Les TraAM travaillent cette ann\u00e9e sur la th\u00e9matique suivante : \u00ab\u00a0Comment le num\u00e9rique permet-il de proposer des activit\u00e9s innovantes et sensibles en \u00c9ducation Musicale favorisant la ma\u00eetrise de la langue ?\u00a0\u00bb<\/p>\n<p>Les professeurs engag\u00e9s dans les Traams en EMCC ont d\u00e9cid\u00e9 d\u2019axer leurs exp\u00e9rimentations sur la maitrise de la langue et le num\u00e9rique autour de la comp\u00e9tence \u00ab \u00e9changer, partager, argumenter et d\u00e9battre \u00bb<\/p>\n<p>Membres du groupe : Fr\u00e9d\u00e9rique Mathurin, G\u00e9raldine Lemasson, Tatiana Khodjaoui, Sylvain Paris, Philippe Heymes<\/p>\n<p>Petite pr\u00e9sentation en vid\u00e9o :<\/p>\n<div style=\"width: 750px;\" class=\"wp-video\"><video class=\"wp-video-shortcode\" id=\"video-3050-1\" width=\"750\" height=\"422\" preload=\"metadata\" controls=\"controls\"><source type=\"video\/mp4\" src=\"https:\/\/sites.ac-nancy-metz.fr\/education-musicale\/chant-choral\/wp-content\/uploads\/2025\/01\/EMCC-MDL.mp4?_=1\" \/><a href=\"https:\/\/sites.ac-nancy-metz.fr\/education-musicale\/chant-choral\/wp-content\/uploads\/2025\/01\/EMCC-MDL.mp4\">https:\/\/sites.ac-nancy-metz.fr\/education-musicale\/chant-choral\/wp-content\/uploads\/2025\/01\/EMCC-MDL.mp4<\/a><\/video><\/div>\n<p>&nbsp;<\/p>\n<div style=\"width: 750px;\" class=\"wp-video\"><video class=\"wp-video-shortcode\" id=\"video-3050-2\" width=\"750\" height=\"422\" preload=\"metadata\" controls=\"controls\"><source type=\"video\/mp4\" src=\"https:\/\/sites.ac-nancy-metz.fr\/education-musicale\/chant-choral\/wp-content\/uploads\/2025\/01\/Copie-de-EMCC-MDL-2.mp4?_=2\" \/><a href=\"https:\/\/sites.ac-nancy-metz.fr\/education-musicale\/chant-choral\/wp-content\/uploads\/2025\/01\/Copie-de-EMCC-MDL-2.mp4\">https:\/\/sites.ac-nancy-metz.fr\/education-musicale\/chant-choral\/wp-content\/uploads\/2025\/01\/Copie-de-EMCC-MDL-2.mp4<\/a><\/video><\/div>\n<p>&nbsp;<\/p>\n<div style=\"width: 100%;\">\n<div style=\"position: relative; padding-bottom: 56.25%; padding-top: 0; height: 0;\"><iframe loading=\"lazy\" style=\"position: absolute; top: 0; left: 0; width: 100%; height: 100%;\" title=\"TraAM 2024-2025\" src=\"https:\/\/view.genially.com\/67c05c6fca32614b55c5f8ac\" width=\"1200\" height=\"675\" frameborder=\"0\" scrolling=\"yes\" allowfullscreen=\"allowfullscreen\"><\/iframe><\/div>\n<\/div>\n<p>&nbsp;<\/p>\n<p>En savoir plus sur les TraAM : <a href=\"https:\/\/eduscol.education.fr\/692\/les-travaux-academiques-mutualises-traam\" target=\"_blank\" rel=\"noopener\">https:\/\/eduscol.education.fr\/692\/les-travaux-academiques-mutualises-traam<\/a><\/p>\n<hr \/>\n<p><strong>Bilan de l&rsquo;ann\u00e9e 2024-2025<\/strong><\/p>\n<p>Cette courte vid\u00e9o vous propose un bilan<\/p>\n<div style=\"width: 750px;\" class=\"wp-video\"><video class=\"wp-video-shortcode\" id=\"video-3050-3\" width=\"750\" height=\"422\" preload=\"metadata\" controls=\"controls\"><source type=\"video\/mp4\" src=\"https:\/\/sites.ac-nancy-metz.fr\/education-musicale\/chant-choral\/wp-content\/uploads\/2026\/01\/Video-bilan-traam-2024-2025.mp4?_=3\" \/><a href=\"https:\/\/sites.ac-nancy-metz.fr\/education-musicale\/chant-choral\/wp-content\/uploads\/2026\/01\/Video-bilan-traam-2024-2025.mp4\">https:\/\/sites.ac-nancy-metz.fr\/education-musicale\/chant-choral\/wp-content\/uploads\/2026\/01\/Video-bilan-traam-2024-2025.mp4<\/a><\/video><\/div>\n<p>&nbsp;<\/p>\n<hr \/>\n<h3 id=\"Annee20232024\">Ann\u00e9e 2023-2024<\/h3>\n<p>Le cahier des charges<\/p>\n<p><img loading=\"lazy\" decoding=\"async\" class=\"alignnone wp-image-3054 size-full\" src=\"https:\/\/sites.ac-nancy-metz.fr\/education-musicale\/chant-choral\/wp-content\/uploads\/2023\/12\/Themes_des_TraAM_2023-2024.jpg\" alt=\"\" width=\"1302\" height=\"181\" srcset=\"https:\/\/sites.ac-nancy-metz.fr\/education-musicale\/chant-choral\/wp-content\/uploads\/2023\/12\/Themes_des_TraAM_2023-2024.jpg 1302w, https:\/\/sites.ac-nancy-metz.fr\/education-musicale\/chant-choral\/wp-content\/uploads\/2023\/12\/Themes_des_TraAM_2023-2024-600x83.jpg 600w, https:\/\/sites.ac-nancy-metz.fr\/education-musicale\/chant-choral\/wp-content\/uploads\/2023\/12\/Themes_des_TraAM_2023-2024-300x42.jpg 300w, https:\/\/sites.ac-nancy-metz.fr\/education-musicale\/chant-choral\/wp-content\/uploads\/2023\/12\/Themes_des_TraAM_2023-2024-768x107.jpg 768w\" sizes=\"auto, (max-width: 1302px) 100vw, 1302px\" \/><\/p>\n<p>L\u2019avancement des travaux :<\/p>\n<p>Consultez le processus cr\u00e9atif\u00a0 I.A.<\/p>\n<div style=\"width: 100%;\">\n<div style=\"position: relative; padding-bottom: 56.25%; padding-top: 0; height: 0;\"><iframe loading=\"lazy\" style=\"position: absolute; top: 0; left: 0; width: 100%; height: 100%;\" title=\"processus cr\u00e9atif\" src=\"https:\/\/view.genial.ly\/64578f32434ce10018042d8a\" width=\"1200\" height=\"675\" frameborder=\"0\" scrolling=\"yes\" allowfullscreen=\"allowfullscreen\"><\/iframe><\/div>\n<\/div>\n<p>Les exp\u00e9rimentations<\/p>\n<p>Melodia IA int\u00e9gr\u00e9e dans une s\u00e9quence<\/p>\n<div style=\"width: 100%;\">\n<div style=\"position: relative; padding-bottom: 56.25%; padding-top: 0; height: 0;\"><iframe loading=\"lazy\" style=\"position: absolute; top: 0; left: 0; width: 100%; height: 100%;\" title=\"Musique descriptive 4 II 23 24\" src=\"https:\/\/view.genially.com\/65477b430579450011216fe3\" width=\"1200px\" height=\"675px\" frameborder=\"0\" scrolling=\"yes\" allowfullscreen=\"allowfullscreen\"><\/iframe><\/div>\n<\/div>\n<p>Mizou un chatbot conversationnel<\/p>\n<div style=\"width: 75%;\">\n<div style=\"position: relative; padding-bottom: 177.78%; padding-top: 0; height: 0;\"><iframe loading=\"lazy\" style=\"position: absolute; top: 0; left: 0; width: 100%; height: 100%;\" title=\"Pr\u00e9sentation tech mobile\" src=\"https:\/\/view.genially.com\/6669f1d35ea38c001469e462\" width=\"360\" height=\"640\" frameborder=\"0\" scrolling=\"yes\" allowfullscreen=\"allowfullscreen\"><\/iframe><\/div>\n<\/div>\n<div style=\"width: 100%;\">\n<div><\/div>\n<div>\u00a0Suivez\u00a0 TRAAMATOR et passez votre souris sur les questions ci dessous pour en savoir plus<\/div>\n<div><\/div>\n<div style=\"position: relative; padding-bottom: 56.25%; padding-top: 0; height: 0;\"><iframe loading=\"lazy\" style=\"position: absolute; top: 0; left: 0; width: 100%; height: 100%;\" title=\"infographie traam\" src=\"https:\/\/view.genial.ly\/6385db011be4f70018de2488\" width=\"1200px\" height=\"675px\" frameborder=\"0\" scrolling=\"yes\" allowfullscreen=\"allowfullscreen\"><\/iframe><\/div>\n<\/div>\n<p>\u00c9coutez le message de TRAAMATOR<\/p>\n<div style=\"width: 640px;\" class=\"wp-video\"><video class=\"wp-video-shortcode\" id=\"video-3050-4\" width=\"640\" height=\"360\" loop preload=\"auto\" controls=\"controls\"><source type=\"video\/mp4\" src=\"https:\/\/sites.ac-nancy-metz.fr\/education-musicale\/chant-choral\/wp-content\/uploads\/2023\/05\/traamator-2.mp4?_=4\" \/><a href=\"https:\/\/sites.ac-nancy-metz.fr\/education-musicale\/chant-choral\/wp-content\/uploads\/2023\/05\/traamator-2.mp4\">https:\/\/sites.ac-nancy-metz.fr\/education-musicale\/chant-choral\/wp-content\/uploads\/2023\/05\/traamator-2.mp4<\/a><\/video><\/div>\n<hr \/>\n<p>Le \u00ab trailer \u00bb<\/p>\n<div style=\"width: 725px;\" class=\"wp-video\"><video class=\"wp-video-shortcode\" id=\"video-3050-5\" width=\"725\" height=\"550\" preload=\"metadata\" controls=\"controls\"><source type=\"video\/mp4\" src=\"https:\/\/sites.ac-nancy-metz.fr\/education-musicale\/chant-choral\/wp-content\/uploads\/2023\/05\/trailer_traam22.mp4?_=5\" \/><a href=\"https:\/\/sites.ac-nancy-metz.fr\/education-musicale\/chant-choral\/wp-content\/uploads\/2023\/05\/trailer_traam22.mp4\">https:\/\/sites.ac-nancy-metz.fr\/education-musicale\/chant-choral\/wp-content\/uploads\/2023\/05\/trailer_traam22.mp4<\/a><\/video><\/div>\n<p>L\u2019infographie<\/p>\n<p><img loading=\"lazy\" decoding=\"async\" class=\"alignnone wp-image-2597 size-full\" src=\"https:\/\/sites.ac-nancy-metz.fr\/education-musicale\/chant-choral\/wp-content\/uploads\/2023\/05\/Traam22-23_infographie-725x1024-1.png\" alt=\"\" width=\"725\" height=\"1024\" srcset=\"https:\/\/sites.ac-nancy-metz.fr\/education-musicale\/chant-choral\/wp-content\/uploads\/2023\/05\/Traam22-23_infographie-725x1024-1.png 725w, https:\/\/sites.ac-nancy-metz.fr\/education-musicale\/chant-choral\/wp-content\/uploads\/2023\/05\/Traam22-23_infographie-725x1024-1-212x300.png 212w\" sizes=\"auto, (max-width: 725px) 100vw, 725px\" \/><\/p>\n<p>&nbsp;<\/p>\n","protected":false},"excerpt":{"rendered":"<p>Voir les travaux 2025-2026 Voir les travaux 2024-2025 Voir les travaux 2023-2024 En savoir plus sur les TraAM\u00a0 Ann\u00e9e 2025-2026 Continuit\u00e9 et objectifs Dans la continuit\u00e9 des travaux men\u00e9s 2024-2025 autour de la ma\u00eetrise de la langue et de la comp\u00e9tence \u00ab \u00e9changer, partager, argumenter, d\u00e9battre \u00bb, les professeurs engag\u00e9s dans les TraAM d\u2019\u00e9ducation musicale [&hellip;]<\/p>\n","protected":false},"author":1,"featured_media":0,"parent":0,"menu_order":0,"comment_status":"closed","ping_status":"closed","template":"","meta":{"footnotes":""},"class_list":["post-3050","page","type-page","status-publish","hentry"],"yoast_head":"<!-- This site is optimized with the Yoast SEO plugin v27.3 - https:\/\/yoast.com\/product\/yoast-seo-wordpress\/ -->\n<title>TraAM : Travaux Acad\u00e9miques Mutualis\u00e9s - Education musicale et chant choral<\/title>\n<meta name=\"robots\" content=\"index, follow, max-snippet:-1, max-image-preview:large, max-video-preview:-1\" \/>\n<link rel=\"canonical\" href=\"https:\/\/sites.ac-nancy-metz.fr\/education-musicale\/chant-choral\/traam-travaux-academiques-mutualises\/\" \/>\n<meta property=\"og:locale\" content=\"fr_FR\" \/>\n<meta property=\"og:type\" content=\"article\" \/>\n<meta property=\"og:title\" content=\"TraAM : Travaux Acad\u00e9miques Mutualis\u00e9s - Education musicale et chant choral\" \/>\n<meta property=\"og:description\" content=\"Voir les travaux 2025-2026 Voir les travaux 2024-2025 Voir les travaux 2023-2024 En savoir plus sur les TraAM\u00a0 Ann\u00e9e 2025-2026 Continuit\u00e9 et objectifs Dans la continuit\u00e9 des travaux men\u00e9s 2024-2025 autour de la ma\u00eetrise de la langue et de la comp\u00e9tence \u00ab \u00e9changer, partager, argumenter, d\u00e9battre \u00bb, les professeurs engag\u00e9s dans les TraAM d\u2019\u00e9ducation musicale [&hellip;]\" \/>\n<meta property=\"og:url\" content=\"https:\/\/sites.ac-nancy-metz.fr\/education-musicale\/chant-choral\/traam-travaux-academiques-mutualises\/\" \/>\n<meta property=\"og:site_name\" content=\"Education musicale et chant choral\" \/>\n<meta property=\"article:modified_time\" content=\"2026-01-21T20:44:18+00:00\" \/>\n<meta property=\"og:image\" content=\"https:\/\/sites.ac-nancy-metz.fr\/education-musicale\/chant-choral\/wp-content\/uploads\/2023\/12\/logo_traam_2020.jpg\" \/>\n\t<meta property=\"og:image:width\" content=\"800\" \/>\n\t<meta property=\"og:image:height\" content=\"437\" \/>\n\t<meta property=\"og:image:type\" content=\"image\/jpeg\" \/>\n<meta name=\"twitter:card\" content=\"summary_large_image\" \/>\n<meta name=\"twitter:label1\" content=\"Dur\u00e9e de lecture estim\u00e9e\" \/>\n\t<meta name=\"twitter:data1\" content=\"3 minutes\" \/>\n<script type=\"application\/ld+json\" class=\"yoast-schema-graph\">{\"@context\":\"https:\\\/\\\/schema.org\",\"@graph\":[{\"@type\":\"WebPage\",\"@id\":\"https:\\\/\\\/sites.ac-nancy-metz.fr\\\/education-musicale\\\/chant-choral\\\/traam-travaux-academiques-mutualises\\\/\",\"url\":\"https:\\\/\\\/sites.ac-nancy-metz.fr\\\/education-musicale\\\/chant-choral\\\/traam-travaux-academiques-mutualises\\\/\",\"name\":\"TraAM : Travaux Acad\u00e9miques Mutualis\u00e9s - Education musicale et chant choral\",\"isPartOf\":{\"@id\":\"https:\\\/\\\/sites.ac-nancy-metz.fr\\\/education-musicale\\\/chant-choral\\\/#website\"},\"primaryImageOfPage\":{\"@id\":\"https:\\\/\\\/sites.ac-nancy-metz.fr\\\/education-musicale\\\/chant-choral\\\/traam-travaux-academiques-mutualises\\\/#primaryimage\"},\"image\":{\"@id\":\"https:\\\/\\\/sites.ac-nancy-metz.fr\\\/education-musicale\\\/chant-choral\\\/traam-travaux-academiques-mutualises\\\/#primaryimage\"},\"thumbnailUrl\":\"https:\\\/\\\/sites.ac-nancy-metz.fr\\\/education-musicale\\\/chant-choral\\\/wp-content\\\/uploads\\\/2023\\\/12\\\/logo_traam_2020-600x328.jpg\",\"datePublished\":\"2023-12-03T18:59:27+00:00\",\"dateModified\":\"2026-01-21T20:44:18+00:00\",\"breadcrumb\":{\"@id\":\"https:\\\/\\\/sites.ac-nancy-metz.fr\\\/education-musicale\\\/chant-choral\\\/traam-travaux-academiques-mutualises\\\/#breadcrumb\"},\"inLanguage\":\"fr-FR\",\"potentialAction\":[{\"@type\":\"ReadAction\",\"target\":[\"https:\\\/\\\/sites.ac-nancy-metz.fr\\\/education-musicale\\\/chant-choral\\\/traam-travaux-academiques-mutualises\\\/\"]}]},{\"@type\":\"ImageObject\",\"inLanguage\":\"fr-FR\",\"@id\":\"https:\\\/\\\/sites.ac-nancy-metz.fr\\\/education-musicale\\\/chant-choral\\\/traam-travaux-academiques-mutualises\\\/#primaryimage\",\"url\":\"https:\\\/\\\/sites.ac-nancy-metz.fr\\\/education-musicale\\\/chant-choral\\\/wp-content\\\/uploads\\\/2023\\\/12\\\/logo_traam_2020.jpg\",\"contentUrl\":\"https:\\\/\\\/sites.ac-nancy-metz.fr\\\/education-musicale\\\/chant-choral\\\/wp-content\\\/uploads\\\/2023\\\/12\\\/logo_traam_2020.jpg\",\"width\":800,\"height\":437,\"caption\":\"Logo TraAM\"},{\"@type\":\"BreadcrumbList\",\"@id\":\"https:\\\/\\\/sites.ac-nancy-metz.fr\\\/education-musicale\\\/chant-choral\\\/traam-travaux-academiques-mutualises\\\/#breadcrumb\",\"itemListElement\":[{\"@type\":\"ListItem\",\"position\":1,\"name\":\"Accueil\",\"item\":\"https:\\\/\\\/sites.ac-nancy-metz.fr\\\/education-musicale\\\/chant-choral\\\/\"},{\"@type\":\"ListItem\",\"position\":2,\"name\":\"TraAM : Travaux Acad\u00e9miques Mutualis\u00e9s\"}]},{\"@type\":\"WebSite\",\"@id\":\"https:\\\/\\\/sites.ac-nancy-metz.fr\\\/education-musicale\\\/chant-choral\\\/#website\",\"url\":\"https:\\\/\\\/sites.ac-nancy-metz.fr\\\/education-musicale\\\/chant-choral\\\/\",\"name\":\"\u00c9ducation musicale et chant choral Acad\u00e9mie Nancy-Metz\",\"description\":\"Acad\u00e9mie de Nancy-Metz\",\"publisher\":{\"@id\":\"https:\\\/\\\/sites.ac-nancy-metz.fr\\\/education-musicale\\\/chant-choral\\\/#organization\"},\"potentialAction\":[{\"@type\":\"SearchAction\",\"target\":{\"@type\":\"EntryPoint\",\"urlTemplate\":\"https:\\\/\\\/sites.ac-nancy-metz.fr\\\/education-musicale\\\/chant-choral\\\/?s={search_term_string}\"},\"query-input\":{\"@type\":\"PropertyValueSpecification\",\"valueRequired\":true,\"valueName\":\"search_term_string\"}}],\"inLanguage\":\"fr-FR\"},{\"@type\":\"Organization\",\"@id\":\"https:\\\/\\\/sites.ac-nancy-metz.fr\\\/education-musicale\\\/chant-choral\\\/#organization\",\"name\":\"\u00c9ducation musicale et chant choral Acad\u00e9mie Nancy-Metz\",\"url\":\"https:\\\/\\\/sites.ac-nancy-metz.fr\\\/education-musicale\\\/chant-choral\\\/\",\"logo\":{\"@type\":\"ImageObject\",\"inLanguage\":\"fr-FR\",\"@id\":\"https:\\\/\\\/sites.ac-nancy-metz.fr\\\/education-musicale\\\/chant-choral\\\/#\\\/schema\\\/logo\\\/image\\\/\",\"url\":\"https:\\\/\\\/sites.ac-nancy-metz.fr\\\/education-musicale\\\/chant-choral\\\/wp-content\\\/uploads\\\/2023\\\/12\\\/cropped-cropped-Banniere-site.png\",\"contentUrl\":\"https:\\\/\\\/sites.ac-nancy-metz.fr\\\/education-musicale\\\/chant-choral\\\/wp-content\\\/uploads\\\/2023\\\/12\\\/cropped-cropped-Banniere-site.png\",\"width\":3146,\"height\":601,\"caption\":\"\u00c9ducation musicale et chant choral Acad\u00e9mie Nancy-Metz\"},\"image\":{\"@id\":\"https:\\\/\\\/sites.ac-nancy-metz.fr\\\/education-musicale\\\/chant-choral\\\/#\\\/schema\\\/logo\\\/image\\\/\"}}]}<\/script>\n<!-- \/ Yoast SEO plugin. -->","yoast_head_json":{"title":"TraAM : Travaux Acad\u00e9miques Mutualis\u00e9s - Education musicale et chant choral","robots":{"index":"index","follow":"follow","max-snippet":"max-snippet:-1","max-image-preview":"max-image-preview:large","max-video-preview":"max-video-preview:-1"},"canonical":"https:\/\/sites.ac-nancy-metz.fr\/education-musicale\/chant-choral\/traam-travaux-academiques-mutualises\/","og_locale":"fr_FR","og_type":"article","og_title":"TraAM : Travaux Acad\u00e9miques Mutualis\u00e9s - Education musicale et chant choral","og_description":"Voir les travaux 2025-2026 Voir les travaux 2024-2025 Voir les travaux 2023-2024 En savoir plus sur les TraAM\u00a0 Ann\u00e9e 2025-2026 Continuit\u00e9 et objectifs Dans la continuit\u00e9 des travaux men\u00e9s 2024-2025 autour de la ma\u00eetrise de la langue et de la comp\u00e9tence \u00ab \u00e9changer, partager, argumenter, d\u00e9battre \u00bb, les professeurs engag\u00e9s dans les TraAM d\u2019\u00e9ducation musicale [&hellip;]","og_url":"https:\/\/sites.ac-nancy-metz.fr\/education-musicale\/chant-choral\/traam-travaux-academiques-mutualises\/","og_site_name":"Education musicale et chant choral","article_modified_time":"2026-01-21T20:44:18+00:00","og_image":[{"width":800,"height":437,"url":"https:\/\/sites.ac-nancy-metz.fr\/education-musicale\/chant-choral\/wp-content\/uploads\/2023\/12\/logo_traam_2020.jpg","type":"image\/jpeg"}],"twitter_card":"summary_large_image","twitter_misc":{"Dur\u00e9e de lecture estim\u00e9e":"3 minutes"},"schema":{"@context":"https:\/\/schema.org","@graph":[{"@type":"WebPage","@id":"https:\/\/sites.ac-nancy-metz.fr\/education-musicale\/chant-choral\/traam-travaux-academiques-mutualises\/","url":"https:\/\/sites.ac-nancy-metz.fr\/education-musicale\/chant-choral\/traam-travaux-academiques-mutualises\/","name":"TraAM : Travaux Acad\u00e9miques Mutualis\u00e9s - Education musicale et chant choral","isPartOf":{"@id":"https:\/\/sites.ac-nancy-metz.fr\/education-musicale\/chant-choral\/#website"},"primaryImageOfPage":{"@id":"https:\/\/sites.ac-nancy-metz.fr\/education-musicale\/chant-choral\/traam-travaux-academiques-mutualises\/#primaryimage"},"image":{"@id":"https:\/\/sites.ac-nancy-metz.fr\/education-musicale\/chant-choral\/traam-travaux-academiques-mutualises\/#primaryimage"},"thumbnailUrl":"https:\/\/sites.ac-nancy-metz.fr\/education-musicale\/chant-choral\/wp-content\/uploads\/2023\/12\/logo_traam_2020-600x328.jpg","datePublished":"2023-12-03T18:59:27+00:00","dateModified":"2026-01-21T20:44:18+00:00","breadcrumb":{"@id":"https:\/\/sites.ac-nancy-metz.fr\/education-musicale\/chant-choral\/traam-travaux-academiques-mutualises\/#breadcrumb"},"inLanguage":"fr-FR","potentialAction":[{"@type":"ReadAction","target":["https:\/\/sites.ac-nancy-metz.fr\/education-musicale\/chant-choral\/traam-travaux-academiques-mutualises\/"]}]},{"@type":"ImageObject","inLanguage":"fr-FR","@id":"https:\/\/sites.ac-nancy-metz.fr\/education-musicale\/chant-choral\/traam-travaux-academiques-mutualises\/#primaryimage","url":"https:\/\/sites.ac-nancy-metz.fr\/education-musicale\/chant-choral\/wp-content\/uploads\/2023\/12\/logo_traam_2020.jpg","contentUrl":"https:\/\/sites.ac-nancy-metz.fr\/education-musicale\/chant-choral\/wp-content\/uploads\/2023\/12\/logo_traam_2020.jpg","width":800,"height":437,"caption":"Logo TraAM"},{"@type":"BreadcrumbList","@id":"https:\/\/sites.ac-nancy-metz.fr\/education-musicale\/chant-choral\/traam-travaux-academiques-mutualises\/#breadcrumb","itemListElement":[{"@type":"ListItem","position":1,"name":"Accueil","item":"https:\/\/sites.ac-nancy-metz.fr\/education-musicale\/chant-choral\/"},{"@type":"ListItem","position":2,"name":"TraAM : Travaux Acad\u00e9miques Mutualis\u00e9s"}]},{"@type":"WebSite","@id":"https:\/\/sites.ac-nancy-metz.fr\/education-musicale\/chant-choral\/#website","url":"https:\/\/sites.ac-nancy-metz.fr\/education-musicale\/chant-choral\/","name":"\u00c9ducation musicale et chant choral Acad\u00e9mie Nancy-Metz","description":"Acad\u00e9mie de Nancy-Metz","publisher":{"@id":"https:\/\/sites.ac-nancy-metz.fr\/education-musicale\/chant-choral\/#organization"},"potentialAction":[{"@type":"SearchAction","target":{"@type":"EntryPoint","urlTemplate":"https:\/\/sites.ac-nancy-metz.fr\/education-musicale\/chant-choral\/?s={search_term_string}"},"query-input":{"@type":"PropertyValueSpecification","valueRequired":true,"valueName":"search_term_string"}}],"inLanguage":"fr-FR"},{"@type":"Organization","@id":"https:\/\/sites.ac-nancy-metz.fr\/education-musicale\/chant-choral\/#organization","name":"\u00c9ducation musicale et chant choral Acad\u00e9mie Nancy-Metz","url":"https:\/\/sites.ac-nancy-metz.fr\/education-musicale\/chant-choral\/","logo":{"@type":"ImageObject","inLanguage":"fr-FR","@id":"https:\/\/sites.ac-nancy-metz.fr\/education-musicale\/chant-choral\/#\/schema\/logo\/image\/","url":"https:\/\/sites.ac-nancy-metz.fr\/education-musicale\/chant-choral\/wp-content\/uploads\/2023\/12\/cropped-cropped-Banniere-site.png","contentUrl":"https:\/\/sites.ac-nancy-metz.fr\/education-musicale\/chant-choral\/wp-content\/uploads\/2023\/12\/cropped-cropped-Banniere-site.png","width":3146,"height":601,"caption":"\u00c9ducation musicale et chant choral Acad\u00e9mie Nancy-Metz"},"image":{"@id":"https:\/\/sites.ac-nancy-metz.fr\/education-musicale\/chant-choral\/#\/schema\/logo\/image\/"}}]}},"_links":{"self":[{"href":"https:\/\/sites.ac-nancy-metz.fr\/education-musicale\/chant-choral\/wp-json\/wp\/v2\/pages\/3050","targetHints":{"allow":["GET"]}}],"collection":[{"href":"https:\/\/sites.ac-nancy-metz.fr\/education-musicale\/chant-choral\/wp-json\/wp\/v2\/pages"}],"about":[{"href":"https:\/\/sites.ac-nancy-metz.fr\/education-musicale\/chant-choral\/wp-json\/wp\/v2\/types\/page"}],"author":[{"embeddable":true,"href":"https:\/\/sites.ac-nancy-metz.fr\/education-musicale\/chant-choral\/wp-json\/wp\/v2\/users\/1"}],"replies":[{"embeddable":true,"href":"https:\/\/sites.ac-nancy-metz.fr\/education-musicale\/chant-choral\/wp-json\/wp\/v2\/comments?post=3050"}],"version-history":[{"count":26,"href":"https:\/\/sites.ac-nancy-metz.fr\/education-musicale\/chant-choral\/wp-json\/wp\/v2\/pages\/3050\/revisions"}],"predecessor-version":[{"id":3505,"href":"https:\/\/sites.ac-nancy-metz.fr\/education-musicale\/chant-choral\/wp-json\/wp\/v2\/pages\/3050\/revisions\/3505"}],"wp:attachment":[{"href":"https:\/\/sites.ac-nancy-metz.fr\/education-musicale\/chant-choral\/wp-json\/wp\/v2\/media?parent=3050"}],"curies":[{"name":"wp","href":"https:\/\/api.w.org\/{rel}","templated":true}]}}