{"id":3194,"date":"2024-08-21T14:21:07","date_gmt":"2024-08-21T12:21:07","guid":{"rendered":"https:\/\/sites.ac-nancy-metz.fr\/education-musicale\/chant-choral\/?page_id=3194"},"modified":"2024-08-21T14:21:07","modified_gmt":"2024-08-21T12:21:07","slug":"presentation-de-lalcems","status":"publish","type":"page","link":"https:\/\/sites.ac-nancy-metz.fr\/education-musicale\/chant-choral\/alcems\/presentation-de-lalcems\/","title":{"rendered":"Pr\u00e9sentation de l&rsquo;ALCEMS"},"content":{"rendered":"<p><strong><span style=\"font-size: 18pt;\">ALCEMS<\/span><br \/>\n<\/strong><\/p>\n<h2 class=\"lh1em\"><span class=\"fn org\">Association Lorraine Pour Le D\u00e9veloppement Des Chorales Et Ensembles Musicaux Scolaires\u00a0<\/span><\/h2>\n<p style=\"font-weight: 400;\"><em>\u00ab\u00a0Des exp\u00e9riences artistiques marquantes, des aventures humaines structurantes\u00a0\u00bb<\/em><\/p>\n<p style=\"font-weight: 400;\">L\u2019ALCEMS s\u2019est donn\u00e9 pour objectif le <strong>d\u00e9veloppement des pratiques musicales collectives<\/strong> <strong>et de la cr\u00e9ation artistique en milieu scolaire<\/strong>.<\/p>\n<p style=\"font-weight: 400;\">Pour vos <strong>rassemblements de chorales inter-\u00e9tablissements et\/ou inter-degr\u00e9s<\/strong> l\u2019ALCEMS est l\u00e0 pour vous aider\u00a0!<\/p>\n<h1>Pr\u00e9sentation<\/h1>\n<p style=\"font-weight: 400;\">L\u2019objectif de l\u2019ALCEMS est de <strong>favoriser la mise en \u0153uvre des rencontres de travail et la r\u00e9alisation de spectacles<\/strong> <strong>vivants<\/strong> par les ensembles musicaux des \u00e9tablissements scolaires, permettant ainsi \u00e0 <strong>tous les \u00e9l\u00e8ves<\/strong> d\u2019<strong>acc\u00e9der \u00e0 des pratiques artistiques de qualit\u00e9<\/strong> et leur offrant l\u2019exp\u00e9rience de la sc\u00e8ne dans un cadre professionnel.<\/p>\n<p style=\"font-weight: 400;\">L\u2019ALCEMS propose son aide pour <strong>faciliter l\u2019organisation<\/strong> de spectacles inter-\u00e9tablissements et\/ou inter-degr\u00e9s.<\/p>\n<p style=\"font-weight: 400;\">L\u2019ALCEMS apporte des <strong>moyens en comp\u00e9tences<\/strong> aupr\u00e8s des enseignants participant aux projets de rencontre gr\u00e2ce \u00e0 son <strong>r\u00e9seau d\u2019enseignants \u00ab\u00a0porteurs de projet\u00a0\u00bb<\/strong> mutualisant leur exp\u00e9rience et pouvant mobiliser leurs ressources.<\/p>\n<p style=\"font-weight: 400;\">Les membres actifs de l\u2019association sont des professeurs d\u2019\u00c9ducation musicale et Chant choral de l\u2019Acad\u00e9mie b\u00e9n\u00e9voles.<\/p>\n","protected":false},"excerpt":{"rendered":"<p>ALCEMS Association Lorraine Pour Le D\u00e9veloppement Des Chorales Et Ensembles Musicaux Scolaires\u00a0 \u00ab\u00a0Des exp\u00e9riences artistiques marquantes, des aventures humaines structurantes\u00a0\u00bb L\u2019ALCEMS s\u2019est donn\u00e9 pour objectif le d\u00e9veloppement des pratiques musicales collectives et de la cr\u00e9ation artistique en milieu scolaire. Pour vos rassemblements de chorales inter-\u00e9tablissements et\/ou inter-degr\u00e9s l\u2019ALCEMS est l\u00e0 pour vous aider\u00a0! Pr\u00e9sentation L\u2019objectif [&hellip;]<\/p>\n","protected":false},"author":3,"featured_media":0,"parent":771,"menu_order":0,"comment_status":"closed","ping_status":"closed","template":"","meta":{"footnotes":""},"class_list":["post-3194","page","type-page","status-publish","hentry"],"yoast_head":"<!-- This site is optimized with the Yoast SEO plugin v27.3 - https:\/\/yoast.com\/product\/yoast-seo-wordpress\/ -->\n<title>Pr\u00e9sentation de l&#039;ALCEMS - Education musicale et chant choral<\/title>\n<meta name=\"robots\" content=\"index, follow, max-snippet:-1, max-image-preview:large, max-video-preview:-1\" \/>\n<link rel=\"canonical\" href=\"https:\/\/sites.ac-nancy-metz.fr\/education-musicale\/chant-choral\/alcems\/presentation-de-lalcems\/\" \/>\n<meta property=\"og:locale\" content=\"fr_FR\" \/>\n<meta property=\"og:type\" content=\"article\" \/>\n<meta property=\"og:title\" content=\"Pr\u00e9sentation de l&#039;ALCEMS - Education musicale et chant choral\" \/>\n<meta property=\"og:description\" content=\"ALCEMS Association Lorraine Pour Le D\u00e9veloppement Des Chorales Et Ensembles Musicaux Scolaires\u00a0 \u00ab\u00a0Des exp\u00e9riences artistiques marquantes, des aventures humaines structurantes\u00a0\u00bb L\u2019ALCEMS s\u2019est donn\u00e9 pour objectif le d\u00e9veloppement des pratiques musicales collectives et de la cr\u00e9ation artistique en milieu scolaire. Pour vos rassemblements de chorales inter-\u00e9tablissements et\/ou inter-degr\u00e9s l\u2019ALCEMS est l\u00e0 pour vous aider\u00a0! Pr\u00e9sentation L\u2019objectif [&hellip;]\" \/>\n<meta property=\"og:url\" content=\"https:\/\/sites.ac-nancy-metz.fr\/education-musicale\/chant-choral\/alcems\/presentation-de-lalcems\/\" \/>\n<meta property=\"og:site_name\" content=\"Education musicale et chant choral\" \/>\n<meta property=\"og:image\" content=\"https:\/\/sites.ac-nancy-metz.fr\/education-musicale\/chant-choral\/wp-content\/uploads\/2023\/05\/cropped-Logo2023.png\" \/>\n\t<meta property=\"og:image:width\" content=\"225\" \/>\n\t<meta property=\"og:image:height\" content=\"96\" \/>\n\t<meta property=\"og:image:type\" content=\"image\/png\" \/>\n<meta name=\"twitter:card\" content=\"summary_large_image\" \/>\n<meta name=\"twitter:label1\" content=\"Dur\u00e9e de lecture estim\u00e9e\" \/>\n\t<meta name=\"twitter:data1\" content=\"1 minute\" \/>\n<script type=\"application\/ld+json\" class=\"yoast-schema-graph\">{\"@context\":\"https:\\\/\\\/schema.org\",\"@graph\":[{\"@type\":\"WebPage\",\"@id\":\"https:\\\/\\\/sites.ac-nancy-metz.fr\\\/education-musicale\\\/chant-choral\\\/alcems\\\/presentation-de-lalcems\\\/\",\"url\":\"https:\\\/\\\/sites.ac-nancy-metz.fr\\\/education-musicale\\\/chant-choral\\\/alcems\\\/presentation-de-lalcems\\\/\",\"name\":\"Pr\u00e9sentation de l'ALCEMS - Education musicale et chant choral\",\"isPartOf\":{\"@id\":\"https:\\\/\\\/sites.ac-nancy-metz.fr\\\/education-musicale\\\/chant-choral\\\/#website\"},\"datePublished\":\"2024-08-21T12:21:07+00:00\",\"breadcrumb\":{\"@id\":\"https:\\\/\\\/sites.ac-nancy-metz.fr\\\/education-musicale\\\/chant-choral\\\/alcems\\\/presentation-de-lalcems\\\/#breadcrumb\"},\"inLanguage\":\"fr-FR\",\"potentialAction\":[{\"@type\":\"ReadAction\",\"target\":[\"https:\\\/\\\/sites.ac-nancy-metz.fr\\\/education-musicale\\\/chant-choral\\\/alcems\\\/presentation-de-lalcems\\\/\"]}]},{\"@type\":\"BreadcrumbList\",\"@id\":\"https:\\\/\\\/sites.ac-nancy-metz.fr\\\/education-musicale\\\/chant-choral\\\/alcems\\\/presentation-de-lalcems\\\/#breadcrumb\",\"itemListElement\":[{\"@type\":\"ListItem\",\"position\":1,\"name\":\"Accueil\",\"item\":\"https:\\\/\\\/sites.ac-nancy-metz.fr\\\/education-musicale\\\/chant-choral\\\/\"},{\"@type\":\"ListItem\",\"position\":2,\"name\":\"ALCEMS\",\"item\":\"https:\\\/\\\/sites.ac-nancy-metz.fr\\\/education-musicale\\\/chant-choral\\\/alcems\\\/\"},{\"@type\":\"ListItem\",\"position\":3,\"name\":\"Pr\u00e9sentation de l&rsquo;ALCEMS\"}]},{\"@type\":\"WebSite\",\"@id\":\"https:\\\/\\\/sites.ac-nancy-metz.fr\\\/education-musicale\\\/chant-choral\\\/#website\",\"url\":\"https:\\\/\\\/sites.ac-nancy-metz.fr\\\/education-musicale\\\/chant-choral\\\/\",\"name\":\"\u00c9ducation musicale et chant choral Acad\u00e9mie Nancy-Metz\",\"description\":\"Acad\u00e9mie de Nancy-Metz\",\"publisher\":{\"@id\":\"https:\\\/\\\/sites.ac-nancy-metz.fr\\\/education-musicale\\\/chant-choral\\\/#organization\"},\"potentialAction\":[{\"@type\":\"SearchAction\",\"target\":{\"@type\":\"EntryPoint\",\"urlTemplate\":\"https:\\\/\\\/sites.ac-nancy-metz.fr\\\/education-musicale\\\/chant-choral\\\/?s={search_term_string}\"},\"query-input\":{\"@type\":\"PropertyValueSpecification\",\"valueRequired\":true,\"valueName\":\"search_term_string\"}}],\"inLanguage\":\"fr-FR\"},{\"@type\":\"Organization\",\"@id\":\"https:\\\/\\\/sites.ac-nancy-metz.fr\\\/education-musicale\\\/chant-choral\\\/#organization\",\"name\":\"\u00c9ducation musicale et chant choral Acad\u00e9mie Nancy-Metz\",\"url\":\"https:\\\/\\\/sites.ac-nancy-metz.fr\\\/education-musicale\\\/chant-choral\\\/\",\"logo\":{\"@type\":\"ImageObject\",\"inLanguage\":\"fr-FR\",\"@id\":\"https:\\\/\\\/sites.ac-nancy-metz.fr\\\/education-musicale\\\/chant-choral\\\/#\\\/schema\\\/logo\\\/image\\\/\",\"url\":\"https:\\\/\\\/sites.ac-nancy-metz.fr\\\/education-musicale\\\/chant-choral\\\/wp-content\\\/uploads\\\/2023\\\/12\\\/cropped-cropped-Banniere-site.png\",\"contentUrl\":\"https:\\\/\\\/sites.ac-nancy-metz.fr\\\/education-musicale\\\/chant-choral\\\/wp-content\\\/uploads\\\/2023\\\/12\\\/cropped-cropped-Banniere-site.png\",\"width\":3146,\"height\":601,\"caption\":\"\u00c9ducation musicale et chant choral Acad\u00e9mie Nancy-Metz\"},\"image\":{\"@id\":\"https:\\\/\\\/sites.ac-nancy-metz.fr\\\/education-musicale\\\/chant-choral\\\/#\\\/schema\\\/logo\\\/image\\\/\"}}]}<\/script>\n<!-- \/ Yoast SEO plugin. -->","yoast_head_json":{"title":"Pr\u00e9sentation de l'ALCEMS - Education musicale et chant choral","robots":{"index":"index","follow":"follow","max-snippet":"max-snippet:-1","max-image-preview":"max-image-preview:large","max-video-preview":"max-video-preview:-1"},"canonical":"https:\/\/sites.ac-nancy-metz.fr\/education-musicale\/chant-choral\/alcems\/presentation-de-lalcems\/","og_locale":"fr_FR","og_type":"article","og_title":"Pr\u00e9sentation de l'ALCEMS - Education musicale et chant choral","og_description":"ALCEMS Association Lorraine Pour Le D\u00e9veloppement Des Chorales Et Ensembles Musicaux Scolaires\u00a0 \u00ab\u00a0Des exp\u00e9riences artistiques marquantes, des aventures humaines structurantes\u00a0\u00bb L\u2019ALCEMS s\u2019est donn\u00e9 pour objectif le d\u00e9veloppement des pratiques musicales collectives et de la cr\u00e9ation artistique en milieu scolaire. Pour vos rassemblements de chorales inter-\u00e9tablissements et\/ou inter-degr\u00e9s l\u2019ALCEMS est l\u00e0 pour vous aider\u00a0! Pr\u00e9sentation L\u2019objectif [&hellip;]","og_url":"https:\/\/sites.ac-nancy-metz.fr\/education-musicale\/chant-choral\/alcems\/presentation-de-lalcems\/","og_site_name":"Education musicale et chant choral","og_image":[{"width":225,"height":96,"url":"https:\/\/sites.ac-nancy-metz.fr\/education-musicale\/chant-choral\/wp-content\/uploads\/2023\/05\/cropped-Logo2023.png","type":"image\/png"}],"twitter_card":"summary_large_image","twitter_misc":{"Dur\u00e9e de lecture estim\u00e9e":"1 minute"},"schema":{"@context":"https:\/\/schema.org","@graph":[{"@type":"WebPage","@id":"https:\/\/sites.ac-nancy-metz.fr\/education-musicale\/chant-choral\/alcems\/presentation-de-lalcems\/","url":"https:\/\/sites.ac-nancy-metz.fr\/education-musicale\/chant-choral\/alcems\/presentation-de-lalcems\/","name":"Pr\u00e9sentation de l'ALCEMS - Education musicale et chant choral","isPartOf":{"@id":"https:\/\/sites.ac-nancy-metz.fr\/education-musicale\/chant-choral\/#website"},"datePublished":"2024-08-21T12:21:07+00:00","breadcrumb":{"@id":"https:\/\/sites.ac-nancy-metz.fr\/education-musicale\/chant-choral\/alcems\/presentation-de-lalcems\/#breadcrumb"},"inLanguage":"fr-FR","potentialAction":[{"@type":"ReadAction","target":["https:\/\/sites.ac-nancy-metz.fr\/education-musicale\/chant-choral\/alcems\/presentation-de-lalcems\/"]}]},{"@type":"BreadcrumbList","@id":"https:\/\/sites.ac-nancy-metz.fr\/education-musicale\/chant-choral\/alcems\/presentation-de-lalcems\/#breadcrumb","itemListElement":[{"@type":"ListItem","position":1,"name":"Accueil","item":"https:\/\/sites.ac-nancy-metz.fr\/education-musicale\/chant-choral\/"},{"@type":"ListItem","position":2,"name":"ALCEMS","item":"https:\/\/sites.ac-nancy-metz.fr\/education-musicale\/chant-choral\/alcems\/"},{"@type":"ListItem","position":3,"name":"Pr\u00e9sentation de l&rsquo;ALCEMS"}]},{"@type":"WebSite","@id":"https:\/\/sites.ac-nancy-metz.fr\/education-musicale\/chant-choral\/#website","url":"https:\/\/sites.ac-nancy-metz.fr\/education-musicale\/chant-choral\/","name":"\u00c9ducation musicale et chant choral Acad\u00e9mie Nancy-Metz","description":"Acad\u00e9mie de Nancy-Metz","publisher":{"@id":"https:\/\/sites.ac-nancy-metz.fr\/education-musicale\/chant-choral\/#organization"},"potentialAction":[{"@type":"SearchAction","target":{"@type":"EntryPoint","urlTemplate":"https:\/\/sites.ac-nancy-metz.fr\/education-musicale\/chant-choral\/?s={search_term_string}"},"query-input":{"@type":"PropertyValueSpecification","valueRequired":true,"valueName":"search_term_string"}}],"inLanguage":"fr-FR"},{"@type":"Organization","@id":"https:\/\/sites.ac-nancy-metz.fr\/education-musicale\/chant-choral\/#organization","name":"\u00c9ducation musicale et chant choral Acad\u00e9mie Nancy-Metz","url":"https:\/\/sites.ac-nancy-metz.fr\/education-musicale\/chant-choral\/","logo":{"@type":"ImageObject","inLanguage":"fr-FR","@id":"https:\/\/sites.ac-nancy-metz.fr\/education-musicale\/chant-choral\/#\/schema\/logo\/image\/","url":"https:\/\/sites.ac-nancy-metz.fr\/education-musicale\/chant-choral\/wp-content\/uploads\/2023\/12\/cropped-cropped-Banniere-site.png","contentUrl":"https:\/\/sites.ac-nancy-metz.fr\/education-musicale\/chant-choral\/wp-content\/uploads\/2023\/12\/cropped-cropped-Banniere-site.png","width":3146,"height":601,"caption":"\u00c9ducation musicale et chant choral Acad\u00e9mie Nancy-Metz"},"image":{"@id":"https:\/\/sites.ac-nancy-metz.fr\/education-musicale\/chant-choral\/#\/schema\/logo\/image\/"}}]}},"_links":{"self":[{"href":"https:\/\/sites.ac-nancy-metz.fr\/education-musicale\/chant-choral\/wp-json\/wp\/v2\/pages\/3194","targetHints":{"allow":["GET"]}}],"collection":[{"href":"https:\/\/sites.ac-nancy-metz.fr\/education-musicale\/chant-choral\/wp-json\/wp\/v2\/pages"}],"about":[{"href":"https:\/\/sites.ac-nancy-metz.fr\/education-musicale\/chant-choral\/wp-json\/wp\/v2\/types\/page"}],"author":[{"embeddable":true,"href":"https:\/\/sites.ac-nancy-metz.fr\/education-musicale\/chant-choral\/wp-json\/wp\/v2\/users\/3"}],"replies":[{"embeddable":true,"href":"https:\/\/sites.ac-nancy-metz.fr\/education-musicale\/chant-choral\/wp-json\/wp\/v2\/comments?post=3194"}],"version-history":[{"count":1,"href":"https:\/\/sites.ac-nancy-metz.fr\/education-musicale\/chant-choral\/wp-json\/wp\/v2\/pages\/3194\/revisions"}],"predecessor-version":[{"id":3195,"href":"https:\/\/sites.ac-nancy-metz.fr\/education-musicale\/chant-choral\/wp-json\/wp\/v2\/pages\/3194\/revisions\/3195"}],"up":[{"embeddable":true,"href":"https:\/\/sites.ac-nancy-metz.fr\/education-musicale\/chant-choral\/wp-json\/wp\/v2\/pages\/771"}],"wp:attachment":[{"href":"https:\/\/sites.ac-nancy-metz.fr\/education-musicale\/chant-choral\/wp-json\/wp\/v2\/media?parent=3194"}],"curies":[{"name":"wp","href":"https:\/\/api.w.org\/{rel}","templated":true}]}}