{"id":3202,"date":"2024-08-21T14:27:21","date_gmt":"2024-08-21T12:27:21","guid":{"rendered":"https:\/\/sites.ac-nancy-metz.fr\/education-musicale\/chant-choral\/?page_id=3202"},"modified":"2024-08-21T14:27:21","modified_gmt":"2024-08-21T12:27:21","slug":"actions-de-lalcems","status":"publish","type":"page","link":"https:\/\/sites.ac-nancy-metz.fr\/education-musicale\/chant-choral\/alcems\/actions-de-lalcems\/","title":{"rendered":"Actions de l&rsquo;ALCEMS"},"content":{"rendered":"<h1>Les actions de l\u2019ALCEMS<\/h1>\n<p>L\u2019ALCEMS apporte son soutien pour\u00a0:<\/p>\n<p>-&gt; <strong>mettre en relation<\/strong> les \u00e9tablissements scolaires avec les artistes intervenants (musiciens, chor\u00e9graphes, metteurs en sc\u00e8ne\u2026) les plus \u00e0 m\u00eame d\u2019accompagner la r\u00e9alisation de projets artistiques par les \u00e9l\u00e8ves, de la conception \u00e0 la repr\u00e9sentation sur sc\u00e8ne.<\/p>\n<p>-&gt; proposer et <strong>faciliter des temps de rencontre et d\u2019\u00e9changes<\/strong> des \u00e9l\u00e8ves avec des professionnels des arts et de la culture (techniciens, artistes musiciens, chor\u00e9graphes, metteurs en sc\u00e8ne\u2026) qui interviennent lors des projets artistiques.<\/p>\n<p>-&gt; <strong>accompagner<\/strong> les d\u00e9marches administratives et financi\u00e8res.<\/p>\n<p>-&gt; proposer des temps d\u2019\u00e9change entre les membres pour <strong>mutualiser les r\u00e9pertoires<\/strong>.<\/p>\n<p>-&gt; passer commande aupr\u00e8s de compositeurs pour la cr\u00e9ation d\u2019\u0153uvres \u00e0 destination d\u2019un public scolaire.<\/p>\n<p>Titulaire d\u2019une Licence d\u2019entrepreneur de spectacle cat\u00e9gorie 2, l\u2019ALCEMS, ayant la responsabilit\u00e9 des productions, apporte une <strong>garantie de s\u00e9rieux<\/strong> aupr\u00e8s des salles de spectacle et partenaires.<\/p>\n<p>Association acad\u00e9mique <strong>adh\u00e9rente \u00e0 la F\u00e9d\u00e9ration nationale des chorales scolaires (FNCS)<\/strong>, l\u2019ALCEMS se fait le relais acad\u00e9mique d\u2019un r\u00e9seau national.<\/p>\n<p>L\u2019association b\u00e9n\u00e9ficie en outre de <strong>conditions n\u00e9goci\u00e9es pour les d\u00e9clarations et paiement des droits SACEM<\/strong>.<\/p>\n<p><strong>Association reconnue d\u2019int\u00e9r\u00eat g\u00e9n\u00e9ral<\/strong>, l\u2019ALCEMS peut percevoir des dons et \u00e9mettre des rescrits fiscaux qui vous permettent de <strong>solliciter plus facilement des soutiens financiers pour vos projets<\/strong>.<\/p>\n","protected":false},"excerpt":{"rendered":"<p>Les actions de l\u2019ALCEMS L\u2019ALCEMS apporte son soutien pour\u00a0: -&gt; mettre en relation les \u00e9tablissements scolaires avec les artistes intervenants (musiciens, chor\u00e9graphes, metteurs en sc\u00e8ne\u2026) les plus \u00e0 m\u00eame d\u2019accompagner la r\u00e9alisation de projets artistiques par les \u00e9l\u00e8ves, de la conception \u00e0 la repr\u00e9sentation sur sc\u00e8ne. -&gt; proposer et faciliter des temps de rencontre et [&hellip;]<\/p>\n","protected":false},"author":3,"featured_media":0,"parent":771,"menu_order":0,"comment_status":"closed","ping_status":"closed","template":"","meta":{"footnotes":""},"class_list":["post-3202","page","type-page","status-publish","hentry"],"yoast_head":"<!-- This site is optimized with the Yoast SEO plugin v27.3 - https:\/\/yoast.com\/product\/yoast-seo-wordpress\/ -->\n<title>Actions de l&#039;ALCEMS - Education musicale et chant choral<\/title>\n<meta name=\"robots\" content=\"index, follow, max-snippet:-1, max-image-preview:large, max-video-preview:-1\" \/>\n<link rel=\"canonical\" href=\"https:\/\/sites.ac-nancy-metz.fr\/education-musicale\/chant-choral\/alcems\/actions-de-lalcems\/\" \/>\n<meta property=\"og:locale\" content=\"fr_FR\" \/>\n<meta property=\"og:type\" content=\"article\" \/>\n<meta property=\"og:title\" content=\"Actions de l&#039;ALCEMS - Education musicale et chant choral\" \/>\n<meta property=\"og:description\" content=\"Les actions de l\u2019ALCEMS L\u2019ALCEMS apporte son soutien pour\u00a0: -&gt; mettre en relation les \u00e9tablissements scolaires avec les artistes intervenants (musiciens, chor\u00e9graphes, metteurs en sc\u00e8ne\u2026) les plus \u00e0 m\u00eame d\u2019accompagner la r\u00e9alisation de projets artistiques par les \u00e9l\u00e8ves, de la conception \u00e0 la repr\u00e9sentation sur sc\u00e8ne. -&gt; proposer et faciliter des temps de rencontre et [&hellip;]\" \/>\n<meta property=\"og:url\" content=\"https:\/\/sites.ac-nancy-metz.fr\/education-musicale\/chant-choral\/alcems\/actions-de-lalcems\/\" \/>\n<meta property=\"og:site_name\" content=\"Education musicale et chant choral\" \/>\n<meta property=\"og:image\" content=\"https:\/\/sites.ac-nancy-metz.fr\/education-musicale\/chant-choral\/wp-content\/uploads\/2023\/05\/cropped-Logo2023.png\" \/>\n\t<meta property=\"og:image:width\" content=\"225\" \/>\n\t<meta property=\"og:image:height\" content=\"96\" \/>\n\t<meta property=\"og:image:type\" content=\"image\/png\" \/>\n<meta name=\"twitter:card\" content=\"summary_large_image\" \/>\n<meta name=\"twitter:label1\" content=\"Dur\u00e9e de lecture estim\u00e9e\" \/>\n\t<meta name=\"twitter:data1\" content=\"2 minutes\" \/>\n<script type=\"application\/ld+json\" class=\"yoast-schema-graph\">{\"@context\":\"https:\\\/\\\/schema.org\",\"@graph\":[{\"@type\":\"WebPage\",\"@id\":\"https:\\\/\\\/sites.ac-nancy-metz.fr\\\/education-musicale\\\/chant-choral\\\/alcems\\\/actions-de-lalcems\\\/\",\"url\":\"https:\\\/\\\/sites.ac-nancy-metz.fr\\\/education-musicale\\\/chant-choral\\\/alcems\\\/actions-de-lalcems\\\/\",\"name\":\"Actions de l'ALCEMS - Education musicale et chant choral\",\"isPartOf\":{\"@id\":\"https:\\\/\\\/sites.ac-nancy-metz.fr\\\/education-musicale\\\/chant-choral\\\/#website\"},\"datePublished\":\"2024-08-21T12:27:21+00:00\",\"breadcrumb\":{\"@id\":\"https:\\\/\\\/sites.ac-nancy-metz.fr\\\/education-musicale\\\/chant-choral\\\/alcems\\\/actions-de-lalcems\\\/#breadcrumb\"},\"inLanguage\":\"fr-FR\",\"potentialAction\":[{\"@type\":\"ReadAction\",\"target\":[\"https:\\\/\\\/sites.ac-nancy-metz.fr\\\/education-musicale\\\/chant-choral\\\/alcems\\\/actions-de-lalcems\\\/\"]}]},{\"@type\":\"BreadcrumbList\",\"@id\":\"https:\\\/\\\/sites.ac-nancy-metz.fr\\\/education-musicale\\\/chant-choral\\\/alcems\\\/actions-de-lalcems\\\/#breadcrumb\",\"itemListElement\":[{\"@type\":\"ListItem\",\"position\":1,\"name\":\"Accueil\",\"item\":\"https:\\\/\\\/sites.ac-nancy-metz.fr\\\/education-musicale\\\/chant-choral\\\/\"},{\"@type\":\"ListItem\",\"position\":2,\"name\":\"ALCEMS\",\"item\":\"https:\\\/\\\/sites.ac-nancy-metz.fr\\\/education-musicale\\\/chant-choral\\\/alcems\\\/\"},{\"@type\":\"ListItem\",\"position\":3,\"name\":\"Actions de l&rsquo;ALCEMS\"}]},{\"@type\":\"WebSite\",\"@id\":\"https:\\\/\\\/sites.ac-nancy-metz.fr\\\/education-musicale\\\/chant-choral\\\/#website\",\"url\":\"https:\\\/\\\/sites.ac-nancy-metz.fr\\\/education-musicale\\\/chant-choral\\\/\",\"name\":\"\u00c9ducation musicale et chant choral Acad\u00e9mie Nancy-Metz\",\"description\":\"Acad\u00e9mie de Nancy-Metz\",\"publisher\":{\"@id\":\"https:\\\/\\\/sites.ac-nancy-metz.fr\\\/education-musicale\\\/chant-choral\\\/#organization\"},\"potentialAction\":[{\"@type\":\"SearchAction\",\"target\":{\"@type\":\"EntryPoint\",\"urlTemplate\":\"https:\\\/\\\/sites.ac-nancy-metz.fr\\\/education-musicale\\\/chant-choral\\\/?s={search_term_string}\"},\"query-input\":{\"@type\":\"PropertyValueSpecification\",\"valueRequired\":true,\"valueName\":\"search_term_string\"}}],\"inLanguage\":\"fr-FR\"},{\"@type\":\"Organization\",\"@id\":\"https:\\\/\\\/sites.ac-nancy-metz.fr\\\/education-musicale\\\/chant-choral\\\/#organization\",\"name\":\"\u00c9ducation musicale et chant choral Acad\u00e9mie Nancy-Metz\",\"url\":\"https:\\\/\\\/sites.ac-nancy-metz.fr\\\/education-musicale\\\/chant-choral\\\/\",\"logo\":{\"@type\":\"ImageObject\",\"inLanguage\":\"fr-FR\",\"@id\":\"https:\\\/\\\/sites.ac-nancy-metz.fr\\\/education-musicale\\\/chant-choral\\\/#\\\/schema\\\/logo\\\/image\\\/\",\"url\":\"https:\\\/\\\/sites.ac-nancy-metz.fr\\\/education-musicale\\\/chant-choral\\\/wp-content\\\/uploads\\\/2023\\\/12\\\/cropped-cropped-Banniere-site.png\",\"contentUrl\":\"https:\\\/\\\/sites.ac-nancy-metz.fr\\\/education-musicale\\\/chant-choral\\\/wp-content\\\/uploads\\\/2023\\\/12\\\/cropped-cropped-Banniere-site.png\",\"width\":3146,\"height\":601,\"caption\":\"\u00c9ducation musicale et chant choral Acad\u00e9mie Nancy-Metz\"},\"image\":{\"@id\":\"https:\\\/\\\/sites.ac-nancy-metz.fr\\\/education-musicale\\\/chant-choral\\\/#\\\/schema\\\/logo\\\/image\\\/\"}}]}<\/script>\n<!-- \/ Yoast SEO plugin. -->","yoast_head_json":{"title":"Actions de l'ALCEMS - Education musicale et chant choral","robots":{"index":"index","follow":"follow","max-snippet":"max-snippet:-1","max-image-preview":"max-image-preview:large","max-video-preview":"max-video-preview:-1"},"canonical":"https:\/\/sites.ac-nancy-metz.fr\/education-musicale\/chant-choral\/alcems\/actions-de-lalcems\/","og_locale":"fr_FR","og_type":"article","og_title":"Actions de l'ALCEMS - Education musicale et chant choral","og_description":"Les actions de l\u2019ALCEMS L\u2019ALCEMS apporte son soutien pour\u00a0: -&gt; mettre en relation les \u00e9tablissements scolaires avec les artistes intervenants (musiciens, chor\u00e9graphes, metteurs en sc\u00e8ne\u2026) les plus \u00e0 m\u00eame d\u2019accompagner la r\u00e9alisation de projets artistiques par les \u00e9l\u00e8ves, de la conception \u00e0 la repr\u00e9sentation sur sc\u00e8ne. -&gt; proposer et faciliter des temps de rencontre et [&hellip;]","og_url":"https:\/\/sites.ac-nancy-metz.fr\/education-musicale\/chant-choral\/alcems\/actions-de-lalcems\/","og_site_name":"Education musicale et chant choral","og_image":[{"width":225,"height":96,"url":"https:\/\/sites.ac-nancy-metz.fr\/education-musicale\/chant-choral\/wp-content\/uploads\/2023\/05\/cropped-Logo2023.png","type":"image\/png"}],"twitter_card":"summary_large_image","twitter_misc":{"Dur\u00e9e de lecture estim\u00e9e":"2 minutes"},"schema":{"@context":"https:\/\/schema.org","@graph":[{"@type":"WebPage","@id":"https:\/\/sites.ac-nancy-metz.fr\/education-musicale\/chant-choral\/alcems\/actions-de-lalcems\/","url":"https:\/\/sites.ac-nancy-metz.fr\/education-musicale\/chant-choral\/alcems\/actions-de-lalcems\/","name":"Actions de l'ALCEMS - Education musicale et chant choral","isPartOf":{"@id":"https:\/\/sites.ac-nancy-metz.fr\/education-musicale\/chant-choral\/#website"},"datePublished":"2024-08-21T12:27:21+00:00","breadcrumb":{"@id":"https:\/\/sites.ac-nancy-metz.fr\/education-musicale\/chant-choral\/alcems\/actions-de-lalcems\/#breadcrumb"},"inLanguage":"fr-FR","potentialAction":[{"@type":"ReadAction","target":["https:\/\/sites.ac-nancy-metz.fr\/education-musicale\/chant-choral\/alcems\/actions-de-lalcems\/"]}]},{"@type":"BreadcrumbList","@id":"https:\/\/sites.ac-nancy-metz.fr\/education-musicale\/chant-choral\/alcems\/actions-de-lalcems\/#breadcrumb","itemListElement":[{"@type":"ListItem","position":1,"name":"Accueil","item":"https:\/\/sites.ac-nancy-metz.fr\/education-musicale\/chant-choral\/"},{"@type":"ListItem","position":2,"name":"ALCEMS","item":"https:\/\/sites.ac-nancy-metz.fr\/education-musicale\/chant-choral\/alcems\/"},{"@type":"ListItem","position":3,"name":"Actions de l&rsquo;ALCEMS"}]},{"@type":"WebSite","@id":"https:\/\/sites.ac-nancy-metz.fr\/education-musicale\/chant-choral\/#website","url":"https:\/\/sites.ac-nancy-metz.fr\/education-musicale\/chant-choral\/","name":"\u00c9ducation musicale et chant choral Acad\u00e9mie Nancy-Metz","description":"Acad\u00e9mie de Nancy-Metz","publisher":{"@id":"https:\/\/sites.ac-nancy-metz.fr\/education-musicale\/chant-choral\/#organization"},"potentialAction":[{"@type":"SearchAction","target":{"@type":"EntryPoint","urlTemplate":"https:\/\/sites.ac-nancy-metz.fr\/education-musicale\/chant-choral\/?s={search_term_string}"},"query-input":{"@type":"PropertyValueSpecification","valueRequired":true,"valueName":"search_term_string"}}],"inLanguage":"fr-FR"},{"@type":"Organization","@id":"https:\/\/sites.ac-nancy-metz.fr\/education-musicale\/chant-choral\/#organization","name":"\u00c9ducation musicale et chant choral Acad\u00e9mie Nancy-Metz","url":"https:\/\/sites.ac-nancy-metz.fr\/education-musicale\/chant-choral\/","logo":{"@type":"ImageObject","inLanguage":"fr-FR","@id":"https:\/\/sites.ac-nancy-metz.fr\/education-musicale\/chant-choral\/#\/schema\/logo\/image\/","url":"https:\/\/sites.ac-nancy-metz.fr\/education-musicale\/chant-choral\/wp-content\/uploads\/2023\/12\/cropped-cropped-Banniere-site.png","contentUrl":"https:\/\/sites.ac-nancy-metz.fr\/education-musicale\/chant-choral\/wp-content\/uploads\/2023\/12\/cropped-cropped-Banniere-site.png","width":3146,"height":601,"caption":"\u00c9ducation musicale et chant choral Acad\u00e9mie Nancy-Metz"},"image":{"@id":"https:\/\/sites.ac-nancy-metz.fr\/education-musicale\/chant-choral\/#\/schema\/logo\/image\/"}}]}},"_links":{"self":[{"href":"https:\/\/sites.ac-nancy-metz.fr\/education-musicale\/chant-choral\/wp-json\/wp\/v2\/pages\/3202","targetHints":{"allow":["GET"]}}],"collection":[{"href":"https:\/\/sites.ac-nancy-metz.fr\/education-musicale\/chant-choral\/wp-json\/wp\/v2\/pages"}],"about":[{"href":"https:\/\/sites.ac-nancy-metz.fr\/education-musicale\/chant-choral\/wp-json\/wp\/v2\/types\/page"}],"author":[{"embeddable":true,"href":"https:\/\/sites.ac-nancy-metz.fr\/education-musicale\/chant-choral\/wp-json\/wp\/v2\/users\/3"}],"replies":[{"embeddable":true,"href":"https:\/\/sites.ac-nancy-metz.fr\/education-musicale\/chant-choral\/wp-json\/wp\/v2\/comments?post=3202"}],"version-history":[{"count":1,"href":"https:\/\/sites.ac-nancy-metz.fr\/education-musicale\/chant-choral\/wp-json\/wp\/v2\/pages\/3202\/revisions"}],"predecessor-version":[{"id":3205,"href":"https:\/\/sites.ac-nancy-metz.fr\/education-musicale\/chant-choral\/wp-json\/wp\/v2\/pages\/3202\/revisions\/3205"}],"up":[{"embeddable":true,"href":"https:\/\/sites.ac-nancy-metz.fr\/education-musicale\/chant-choral\/wp-json\/wp\/v2\/pages\/771"}],"wp:attachment":[{"href":"https:\/\/sites.ac-nancy-metz.fr\/education-musicale\/chant-choral\/wp-json\/wp\/v2\/media?parent=3202"}],"curies":[{"name":"wp","href":"https:\/\/api.w.org\/{rel}","templated":true}]}}