{"id":3210,"date":"2024-08-21T14:30:54","date_gmt":"2024-08-21T12:30:54","guid":{"rendered":"https:\/\/sites.ac-nancy-metz.fr\/education-musicale\/chant-choral\/?page_id=3210"},"modified":"2024-08-21T14:30:54","modified_gmt":"2024-08-21T12:30:54","slug":"concerts-alcems-2023","status":"publish","type":"page","link":"https:\/\/sites.ac-nancy-metz.fr\/education-musicale\/chant-choral\/alcems\/concerts-alcems-2023\/","title":{"rendered":"Concerts ALCEMS 2023"},"content":{"rendered":"<h1>Concerts 2023<\/h1>\n<p>&#x27a1;&#xfe0f; 2 mars 2023<\/p>\n<p><b>\u00ab Rachid Wallas &amp; DJ Spaig \u00bb<\/b><\/p>\n<p>M\u00e9diath\u00e8que de Jarny<\/p>\n<p>54800 Jarny<\/p>\n<p>&#x27a1;&#xfe0f; 28 mars 2023<\/p>\n<p><b>\u00ab Concert des Lyc\u00e9es 2023 : <em>Musicals<\/em>, Au c\u0153ur des com\u00e9dies musicales \/ Im Herzen der Musicals \u00bb<\/b><\/p>\n<p>Th\u00e9\u00e2tre<\/p>\n<p>57600 Forbach<\/p>\n<p>&#x27a1;&#xfe0f; 6 avril 2023<\/p>\n<p><b>\u00ab Concert des Lyc\u00e9es 2023 : <em>Musicals<\/em>, Au c\u0153ur des com\u00e9dies musicales \/ Im Herzen der Musicals \u00bb<\/b><\/p>\n<p>Arsenal (grande salle)<\/p>\n<p>57000 Metz<\/p>\n<p>&#x27a1;&#xfe0f; 11 avril 2023<\/p>\n<p><b>\u00ab L\u2019amour, du Romantisme allemand \u00e0 la chanson fran\u00e7aise \u00bb<\/b><\/p>\n<p>Grands Salons de l\u2019H\u00f4tel de ville<\/p>\n<p>Place Stanislas<\/p>\n<p>54000 Nancy<\/p>\n<p>&#x27a1;&#xfe0f; 5 mai 2023<\/p>\n<p><b>\u00ab Chansons humoristiques \u00bb<\/b><\/p>\n<p>Espace Socio-culturel<\/p>\n<p>54280 Seichamps<\/p>\n<p>&#x27a1;&#xfe0f; 24 et 25 mai 2023<\/p>\n<p><b>\u00ab Le Chemin des R\u00eaves \u00bb<\/b><\/p>\n<p>Sc\u00e8ne de l\u2019H\u00f4tel de Ville<\/p>\n<p>57200 Sarreguemines<\/p>\n<p>&#x27a1;&#xfe0f; 25 et 26 mai 2023<\/p>\n<p><b>\u00ab L\u2019Ailleurs \u00bb<\/b><\/p>\n<p>L\u2019AmphY<\/p>\n<p>57970 Yutz<\/p>\n<p>&#x27a1;&#xfe0f; 25 et 26 mai 2023<\/p>\n<p><b>\u00ab Toute une vie \u00bb<\/b><\/p>\n<p>Centre Culturel Paul Perrin<\/p>\n<p>88440 Nomexy<\/p>\n<p>&#x27a1;&#xfe0f; 30 mai 2023<\/p>\n<p><b>\u00ab <em>Les confidences de Jos\u00e9phine<\/em> : com\u00e9die musicale \u00bb<\/b><\/p>\n<p>Espace Gaudel<\/p>\n<p>54290 Bayon<\/p>\n<p>&#x27a1;&#xfe0f; 30 mai 2023<\/p>\n<p><b>\u00ab Alors on danse \u00bb<\/b><\/p>\n<p>Espace Georges Sadoul<\/p>\n<p>88100 Saint-Di\u00e9-des-Vosges<\/p>\n<p>&#x27a1;&#xfe0f; 2 juin 2023<\/p>\n<p><b>\u00ab Chants divers et vari\u00e9s \u00bb<\/b><\/p>\n<p>Th\u00e9\u00e2tre de Ser\u00e9mange-Erzange<\/p>\n<p>57290 Ser\u00e9mange-Erzange<\/p>\n<p>&#x27a1;&#xfe0f; 6 juin 2023<\/p>\n<p><b>\u00ab Jeux de mains, jeux de mots \u00bb<\/b><\/p>\n<p>Centre culturel Jean L\u2019H\u00f4te<\/p>\n<p>54230 Neuves-Maisons<\/p>\n<p>&#x27a1;&#xfe0f; 9 juin 2023<\/p>\n<p><b>\u00ab Concert des Lyc\u00e9es 2023 : <em>Musicals<\/em>, Au c\u0153ur des com\u00e9dies musicales \/ Im Herzen der Musicals \u00bb (extraits)<\/b><\/p>\n<p>Robert Schuman Gymnasium<\/p>\n<p>Saarlouis (Allemagne)<\/p>\n<p>&#x27a1;&#xfe0f; 9 juin 2023<\/p>\n<p><b>\u00ab Com\u00e9die musicale : <em>Les Mis\u00e9rables<\/em> \u00bb<\/b><\/p>\n<p>Centre culturel Pablo Picasso<\/p>\n<p>54310 Hom\u00e9court<\/p>\n<p>&#x27a1;&#xfe0f; 29, 30 juin et 1<sup>er<\/sup>\u00a0 juillet 2023<\/p>\n<p><b>\u00ab Chansons fran\u00e7aises \u00bb<\/b><\/p>\n<p>L\u2019Autre filature<\/p>\n<p>54210 St Nicolas de Port<\/p>\n","protected":false},"excerpt":{"rendered":"<p>Concerts 2023 &#x27a1;&#xfe0f; 2 mars 2023 \u00ab Rachid Wallas &amp; DJ Spaig \u00bb M\u00e9diath\u00e8que de Jarny 54800 Jarny &#x27a1;&#xfe0f; 28 mars 2023 \u00ab Concert des Lyc\u00e9es 2023 : Musicals, Au c\u0153ur des com\u00e9dies musicales \/ Im Herzen der Musicals \u00bb Th\u00e9\u00e2tre 57600 Forbach &#x27a1;&#xfe0f; 6 avril 2023 \u00ab Concert des Lyc\u00e9es 2023 : Musicals, Au [&hellip;]<\/p>\n","protected":false},"author":3,"featured_media":0,"parent":771,"menu_order":0,"comment_status":"closed","ping_status":"closed","template":"","meta":{"footnotes":""},"class_list":["post-3210","page","type-page","status-publish","hentry"],"yoast_head":"<!-- This site is optimized with the Yoast SEO plugin v27.3 - https:\/\/yoast.com\/product\/yoast-seo-wordpress\/ -->\n<title>Concerts ALCEMS 2023 - Education musicale et chant choral<\/title>\n<meta name=\"robots\" content=\"index, follow, max-snippet:-1, max-image-preview:large, max-video-preview:-1\" \/>\n<link rel=\"canonical\" href=\"https:\/\/sites.ac-nancy-metz.fr\/education-musicale\/chant-choral\/alcems\/concerts-alcems-2023\/\" \/>\n<meta property=\"og:locale\" content=\"fr_FR\" \/>\n<meta property=\"og:type\" content=\"article\" \/>\n<meta property=\"og:title\" content=\"Concerts ALCEMS 2023 - Education musicale et chant choral\" \/>\n<meta property=\"og:description\" content=\"Concerts 2023 &#x27a1;&#xfe0f; 2 mars 2023 \u00ab Rachid Wallas &amp; DJ Spaig \u00bb M\u00e9diath\u00e8que de Jarny 54800 Jarny &#x27a1;&#xfe0f; 28 mars 2023 \u00ab Concert des Lyc\u00e9es 2023 : Musicals, Au c\u0153ur des com\u00e9dies musicales \/ Im Herzen der Musicals \u00bb Th\u00e9\u00e2tre 57600 Forbach &#x27a1;&#xfe0f; 6 avril 2023 \u00ab Concert des Lyc\u00e9es 2023 : Musicals, Au [&hellip;]\" \/>\n<meta property=\"og:url\" content=\"https:\/\/sites.ac-nancy-metz.fr\/education-musicale\/chant-choral\/alcems\/concerts-alcems-2023\/\" \/>\n<meta property=\"og:site_name\" content=\"Education musicale et chant choral\" \/>\n<meta property=\"og:image\" content=\"https:\/\/sites.ac-nancy-metz.fr\/education-musicale\/chant-choral\/wp-content\/uploads\/2023\/05\/cropped-Logo2023.png\" \/>\n\t<meta property=\"og:image:width\" content=\"225\" \/>\n\t<meta property=\"og:image:height\" content=\"96\" \/>\n\t<meta property=\"og:image:type\" content=\"image\/png\" \/>\n<meta name=\"twitter:card\" content=\"summary_large_image\" \/>\n<meta name=\"twitter:label1\" content=\"Dur\u00e9e de lecture estim\u00e9e\" \/>\n\t<meta name=\"twitter:data1\" content=\"2 minutes\" \/>\n<script type=\"application\/ld+json\" class=\"yoast-schema-graph\">{\"@context\":\"https:\\\/\\\/schema.org\",\"@graph\":[{\"@type\":\"WebPage\",\"@id\":\"https:\\\/\\\/sites.ac-nancy-metz.fr\\\/education-musicale\\\/chant-choral\\\/alcems\\\/concerts-alcems-2023\\\/\",\"url\":\"https:\\\/\\\/sites.ac-nancy-metz.fr\\\/education-musicale\\\/chant-choral\\\/alcems\\\/concerts-alcems-2023\\\/\",\"name\":\"Concerts ALCEMS 2023 - Education musicale et chant choral\",\"isPartOf\":{\"@id\":\"https:\\\/\\\/sites.ac-nancy-metz.fr\\\/education-musicale\\\/chant-choral\\\/#website\"},\"datePublished\":\"2024-08-21T12:30:54+00:00\",\"breadcrumb\":{\"@id\":\"https:\\\/\\\/sites.ac-nancy-metz.fr\\\/education-musicale\\\/chant-choral\\\/alcems\\\/concerts-alcems-2023\\\/#breadcrumb\"},\"inLanguage\":\"fr-FR\",\"potentialAction\":[{\"@type\":\"ReadAction\",\"target\":[\"https:\\\/\\\/sites.ac-nancy-metz.fr\\\/education-musicale\\\/chant-choral\\\/alcems\\\/concerts-alcems-2023\\\/\"]}]},{\"@type\":\"BreadcrumbList\",\"@id\":\"https:\\\/\\\/sites.ac-nancy-metz.fr\\\/education-musicale\\\/chant-choral\\\/alcems\\\/concerts-alcems-2023\\\/#breadcrumb\",\"itemListElement\":[{\"@type\":\"ListItem\",\"position\":1,\"name\":\"Accueil\",\"item\":\"https:\\\/\\\/sites.ac-nancy-metz.fr\\\/education-musicale\\\/chant-choral\\\/\"},{\"@type\":\"ListItem\",\"position\":2,\"name\":\"ALCEMS\",\"item\":\"https:\\\/\\\/sites.ac-nancy-metz.fr\\\/education-musicale\\\/chant-choral\\\/alcems\\\/\"},{\"@type\":\"ListItem\",\"position\":3,\"name\":\"Concerts ALCEMS 2023\"}]},{\"@type\":\"WebSite\",\"@id\":\"https:\\\/\\\/sites.ac-nancy-metz.fr\\\/education-musicale\\\/chant-choral\\\/#website\",\"url\":\"https:\\\/\\\/sites.ac-nancy-metz.fr\\\/education-musicale\\\/chant-choral\\\/\",\"name\":\"\u00c9ducation musicale et chant choral Acad\u00e9mie Nancy-Metz\",\"description\":\"Acad\u00e9mie de Nancy-Metz\",\"publisher\":{\"@id\":\"https:\\\/\\\/sites.ac-nancy-metz.fr\\\/education-musicale\\\/chant-choral\\\/#organization\"},\"potentialAction\":[{\"@type\":\"SearchAction\",\"target\":{\"@type\":\"EntryPoint\",\"urlTemplate\":\"https:\\\/\\\/sites.ac-nancy-metz.fr\\\/education-musicale\\\/chant-choral\\\/?s={search_term_string}\"},\"query-input\":{\"@type\":\"PropertyValueSpecification\",\"valueRequired\":true,\"valueName\":\"search_term_string\"}}],\"inLanguage\":\"fr-FR\"},{\"@type\":\"Organization\",\"@id\":\"https:\\\/\\\/sites.ac-nancy-metz.fr\\\/education-musicale\\\/chant-choral\\\/#organization\",\"name\":\"\u00c9ducation musicale et chant choral Acad\u00e9mie Nancy-Metz\",\"url\":\"https:\\\/\\\/sites.ac-nancy-metz.fr\\\/education-musicale\\\/chant-choral\\\/\",\"logo\":{\"@type\":\"ImageObject\",\"inLanguage\":\"fr-FR\",\"@id\":\"https:\\\/\\\/sites.ac-nancy-metz.fr\\\/education-musicale\\\/chant-choral\\\/#\\\/schema\\\/logo\\\/image\\\/\",\"url\":\"https:\\\/\\\/sites.ac-nancy-metz.fr\\\/education-musicale\\\/chant-choral\\\/wp-content\\\/uploads\\\/2023\\\/12\\\/cropped-cropped-Banniere-site.png\",\"contentUrl\":\"https:\\\/\\\/sites.ac-nancy-metz.fr\\\/education-musicale\\\/chant-choral\\\/wp-content\\\/uploads\\\/2023\\\/12\\\/cropped-cropped-Banniere-site.png\",\"width\":3146,\"height\":601,\"caption\":\"\u00c9ducation musicale et chant choral Acad\u00e9mie Nancy-Metz\"},\"image\":{\"@id\":\"https:\\\/\\\/sites.ac-nancy-metz.fr\\\/education-musicale\\\/chant-choral\\\/#\\\/schema\\\/logo\\\/image\\\/\"}}]}<\/script>\n<!-- \/ Yoast SEO plugin. -->","yoast_head_json":{"title":"Concerts ALCEMS 2023 - Education musicale et chant choral","robots":{"index":"index","follow":"follow","max-snippet":"max-snippet:-1","max-image-preview":"max-image-preview:large","max-video-preview":"max-video-preview:-1"},"canonical":"https:\/\/sites.ac-nancy-metz.fr\/education-musicale\/chant-choral\/alcems\/concerts-alcems-2023\/","og_locale":"fr_FR","og_type":"article","og_title":"Concerts ALCEMS 2023 - Education musicale et chant choral","og_description":"Concerts 2023 &#x27a1;&#xfe0f; 2 mars 2023 \u00ab Rachid Wallas &amp; DJ Spaig \u00bb M\u00e9diath\u00e8que de Jarny 54800 Jarny &#x27a1;&#xfe0f; 28 mars 2023 \u00ab Concert des Lyc\u00e9es 2023 : Musicals, Au c\u0153ur des com\u00e9dies musicales \/ Im Herzen der Musicals \u00bb Th\u00e9\u00e2tre 57600 Forbach &#x27a1;&#xfe0f; 6 avril 2023 \u00ab Concert des Lyc\u00e9es 2023 : Musicals, Au [&hellip;]","og_url":"https:\/\/sites.ac-nancy-metz.fr\/education-musicale\/chant-choral\/alcems\/concerts-alcems-2023\/","og_site_name":"Education musicale et chant choral","og_image":[{"width":225,"height":96,"url":"https:\/\/sites.ac-nancy-metz.fr\/education-musicale\/chant-choral\/wp-content\/uploads\/2023\/05\/cropped-Logo2023.png","type":"image\/png"}],"twitter_card":"summary_large_image","twitter_misc":{"Dur\u00e9e de lecture estim\u00e9e":"2 minutes"},"schema":{"@context":"https:\/\/schema.org","@graph":[{"@type":"WebPage","@id":"https:\/\/sites.ac-nancy-metz.fr\/education-musicale\/chant-choral\/alcems\/concerts-alcems-2023\/","url":"https:\/\/sites.ac-nancy-metz.fr\/education-musicale\/chant-choral\/alcems\/concerts-alcems-2023\/","name":"Concerts ALCEMS 2023 - Education musicale et chant choral","isPartOf":{"@id":"https:\/\/sites.ac-nancy-metz.fr\/education-musicale\/chant-choral\/#website"},"datePublished":"2024-08-21T12:30:54+00:00","breadcrumb":{"@id":"https:\/\/sites.ac-nancy-metz.fr\/education-musicale\/chant-choral\/alcems\/concerts-alcems-2023\/#breadcrumb"},"inLanguage":"fr-FR","potentialAction":[{"@type":"ReadAction","target":["https:\/\/sites.ac-nancy-metz.fr\/education-musicale\/chant-choral\/alcems\/concerts-alcems-2023\/"]}]},{"@type":"BreadcrumbList","@id":"https:\/\/sites.ac-nancy-metz.fr\/education-musicale\/chant-choral\/alcems\/concerts-alcems-2023\/#breadcrumb","itemListElement":[{"@type":"ListItem","position":1,"name":"Accueil","item":"https:\/\/sites.ac-nancy-metz.fr\/education-musicale\/chant-choral\/"},{"@type":"ListItem","position":2,"name":"ALCEMS","item":"https:\/\/sites.ac-nancy-metz.fr\/education-musicale\/chant-choral\/alcems\/"},{"@type":"ListItem","position":3,"name":"Concerts ALCEMS 2023"}]},{"@type":"WebSite","@id":"https:\/\/sites.ac-nancy-metz.fr\/education-musicale\/chant-choral\/#website","url":"https:\/\/sites.ac-nancy-metz.fr\/education-musicale\/chant-choral\/","name":"\u00c9ducation musicale et chant choral Acad\u00e9mie Nancy-Metz","description":"Acad\u00e9mie de Nancy-Metz","publisher":{"@id":"https:\/\/sites.ac-nancy-metz.fr\/education-musicale\/chant-choral\/#organization"},"potentialAction":[{"@type":"SearchAction","target":{"@type":"EntryPoint","urlTemplate":"https:\/\/sites.ac-nancy-metz.fr\/education-musicale\/chant-choral\/?s={search_term_string}"},"query-input":{"@type":"PropertyValueSpecification","valueRequired":true,"valueName":"search_term_string"}}],"inLanguage":"fr-FR"},{"@type":"Organization","@id":"https:\/\/sites.ac-nancy-metz.fr\/education-musicale\/chant-choral\/#organization","name":"\u00c9ducation musicale et chant choral Acad\u00e9mie Nancy-Metz","url":"https:\/\/sites.ac-nancy-metz.fr\/education-musicale\/chant-choral\/","logo":{"@type":"ImageObject","inLanguage":"fr-FR","@id":"https:\/\/sites.ac-nancy-metz.fr\/education-musicale\/chant-choral\/#\/schema\/logo\/image\/","url":"https:\/\/sites.ac-nancy-metz.fr\/education-musicale\/chant-choral\/wp-content\/uploads\/2023\/12\/cropped-cropped-Banniere-site.png","contentUrl":"https:\/\/sites.ac-nancy-metz.fr\/education-musicale\/chant-choral\/wp-content\/uploads\/2023\/12\/cropped-cropped-Banniere-site.png","width":3146,"height":601,"caption":"\u00c9ducation musicale et chant choral Acad\u00e9mie Nancy-Metz"},"image":{"@id":"https:\/\/sites.ac-nancy-metz.fr\/education-musicale\/chant-choral\/#\/schema\/logo\/image\/"}}]}},"_links":{"self":[{"href":"https:\/\/sites.ac-nancy-metz.fr\/education-musicale\/chant-choral\/wp-json\/wp\/v2\/pages\/3210","targetHints":{"allow":["GET"]}}],"collection":[{"href":"https:\/\/sites.ac-nancy-metz.fr\/education-musicale\/chant-choral\/wp-json\/wp\/v2\/pages"}],"about":[{"href":"https:\/\/sites.ac-nancy-metz.fr\/education-musicale\/chant-choral\/wp-json\/wp\/v2\/types\/page"}],"author":[{"embeddable":true,"href":"https:\/\/sites.ac-nancy-metz.fr\/education-musicale\/chant-choral\/wp-json\/wp\/v2\/users\/3"}],"replies":[{"embeddable":true,"href":"https:\/\/sites.ac-nancy-metz.fr\/education-musicale\/chant-choral\/wp-json\/wp\/v2\/comments?post=3210"}],"version-history":[{"count":1,"href":"https:\/\/sites.ac-nancy-metz.fr\/education-musicale\/chant-choral\/wp-json\/wp\/v2\/pages\/3210\/revisions"}],"predecessor-version":[{"id":3211,"href":"https:\/\/sites.ac-nancy-metz.fr\/education-musicale\/chant-choral\/wp-json\/wp\/v2\/pages\/3210\/revisions\/3211"}],"up":[{"embeddable":true,"href":"https:\/\/sites.ac-nancy-metz.fr\/education-musicale\/chant-choral\/wp-json\/wp\/v2\/pages\/771"}],"wp:attachment":[{"href":"https:\/\/sites.ac-nancy-metz.fr\/education-musicale\/chant-choral\/wp-json\/wp\/v2\/media?parent=3210"}],"curies":[{"name":"wp","href":"https:\/\/api.w.org\/{rel}","templated":true}]}}