{"id":727,"date":"2018-11-24T14:55:01","date_gmt":"2018-11-24T13:55:01","guid":{"rendered":"\/education-musicale\/chant-choral\/?page_id=727"},"modified":"2019-02-24T20:40:59","modified_gmt":"2019-02-24T19:40:59","slug":"plan-national-de-formation","status":"publish","type":"page","link":"https:\/\/sites.ac-nancy-metz.fr\/education-musicale\/chant-choral\/plan-national-de-formation\/","title":{"rendered":"Plan national de formation"},"content":{"rendered":"<h3><span style=\"font-family: verdana, geneva, sans-serif;\">Plan national de formation<\/span><\/h3>\n<p>&nbsp;<\/p>\n<p><span style=\"font-family: verdana, geneva, sans-serif;\">Le plan national de formation continue des personnels (PNF) pr\u00e9sente chaque ann\u00e9e un ensemble d&rsquo;actions propos\u00e9es aux acad\u00e9mies en accompagnement des grandes orientations de la politique \u00e9ducative nationale. Certaines actions portent explicitement sur des questions disciplinaires et s&rsquo;adressent alors aux professeurs des disciplines correspondantes ; d&rsquo;autres peuvent associer diff\u00e9rentes disciplines et r\u00e9unissent ainsi des cultures p\u00e9dagogiques diff\u00e9rentes ; d&rsquo;autres enfin, visant l&rsquo;accompagnement des r\u00e9formes en cours ou des probl\u00e9matiques g\u00e9n\u00e9rales de politiques \u00e9ducatives, r\u00e9unissent des responsabilit\u00e9s \u00e9ducatives vari\u00e9es, toutes ayant un r\u00f4le important \u00e0 jouer pour leur mise en \u0153uvre. Les actions du PNF s&rsquo;adressent en priorit\u00e9 \u00e0 des personnels dont les responsabilit\u00e9s territoriales garantissent la diffusion acad\u00e9mique de l&rsquo;information au terme de la formation suivie.<\/span><\/p>\n<p><span style=\"font-family: verdana, geneva, sans-serif;\">Source Eduscol<\/span><\/p>\n<p><span style=\"font-family: verdana, geneva, sans-serif;\"><a href=\"http:\/\/eduscol.education.fr\/education-musicale\/se-former\/formation-continue\/plan-national-de-formation\/plan-national-de-formation-2017-2018.html\" target=\"_blank\" rel=\"noopener noreferrer\">Plan national de formation 2017-2018<\/a><\/span><\/p>\n<hr \/>\n<h4><span style=\"font-family: verdana, geneva, sans-serif;\">Actes des actions pass\u00e9es<\/span><\/h4>\n<p><span style=\"font-family: verdana, geneva, sans-serif;\">\u00a0<\/span><\/p>\n<p><span style=\"font-family: verdana, geneva, sans-serif;\">2009 : <a href=\"http:\/\/eduscol.education.fr\/cid49143\/arts-appliques-et-cultures-artistiques.html\" target=\"_blank\" rel=\"noopener noreferrer\">S\u00e9minaire \u00ab Arts appliqu\u00e9s et cultures artistiques \u00bb<\/a><\/span><br \/>\n<span style=\"font-family: verdana, geneva, sans-serif;\">2009 : <a href=\"http:\/\/eduscol.education.fr\/pid23656\/colloque-histoire-des-arts.html\" target=\"_blank\" rel=\"noopener noreferrer\">Colloque \u00ab L\u2019enseignement de l\u2019histoire des arts \u00e0 l\u2019\u00e9cole, au coll\u00e8ge et au lyc\u00e9e \u00bb<\/a><\/span><br \/>\n<span style=\"font-family: verdana, geneva, sans-serif;\">2008 : <a href=\"http:\/\/www.lehall.com\/vivez-participez\/universites\/la-chanson-entre-histoire-paroles-et-musique\" target=\"_blank\" rel=\"noopener noreferrer\">Universit\u00e9 d\u2019automne du Patrimoine de la chanson (sur le site du Hall de la chanson)<\/a><\/span><br \/>\n<span style=\"font-family: verdana, geneva, sans-serif;\">2007 : <a href=\"http:\/\/eduscol.education.fr\/cid46080\/education-artistique-et-culturelle.html\" target=\"_blank\" rel=\"noopener noreferrer\">S\u00e9minaire \u00ab \u00c9ducation artistique et culturelle \u00bb<\/a><\/span><br \/>\n<span style=\"font-family: verdana, geneva, sans-serif;\">2003 : <a href=\"http:\/\/eduscol.education.fr\/cid46301\/sommaire.html\" target=\"_blank\" rel=\"noopener noreferrer\">Musique et Cin\u00e9ma<\/a><\/span><\/p>\n","protected":false},"excerpt":{"rendered":"<p>Plan national de formation &nbsp; Le plan national de formation continue des personnels (PNF) pr\u00e9sente chaque ann\u00e9e un ensemble d&rsquo;actions propos\u00e9es aux acad\u00e9mies en accompagnement des grandes orientations de la politique \u00e9ducative nationale. Certaines actions portent explicitement sur des questions disciplinaires et s&rsquo;adressent alors aux professeurs des disciplines correspondantes ; d&rsquo;autres peuvent associer diff\u00e9rentes disciplines [&hellip;]<\/p>\n","protected":false},"author":1,"featured_media":0,"parent":0,"menu_order":0,"comment_status":"closed","ping_status":"closed","template":"","meta":{"footnotes":""},"class_list":["post-727","page","type-page","status-publish","hentry"],"yoast_head":"<!-- This site is optimized with the Yoast SEO plugin v27.3 - https:\/\/yoast.com\/product\/yoast-seo-wordpress\/ -->\n<title>Plan national de formation - Education musicale et chant choral<\/title>\n<meta name=\"robots\" content=\"index, follow, max-snippet:-1, max-image-preview:large, max-video-preview:-1\" \/>\n<link rel=\"canonical\" href=\"https:\/\/sites.ac-nancy-metz.fr\/education-musicale\/chant-choral\/plan-national-de-formation\/\" \/>\n<meta property=\"og:locale\" content=\"fr_FR\" \/>\n<meta property=\"og:type\" content=\"article\" \/>\n<meta property=\"og:title\" content=\"Plan national de formation - Education musicale et chant choral\" \/>\n<meta property=\"og:description\" content=\"Plan national de formation &nbsp; Le plan national de formation continue des personnels (PNF) pr\u00e9sente chaque ann\u00e9e un ensemble d&rsquo;actions propos\u00e9es aux acad\u00e9mies en accompagnement des grandes orientations de la politique \u00e9ducative nationale. Certaines actions portent explicitement sur des questions disciplinaires et s&rsquo;adressent alors aux professeurs des disciplines correspondantes ; d&rsquo;autres peuvent associer diff\u00e9rentes disciplines [&hellip;]\" \/>\n<meta property=\"og:url\" content=\"https:\/\/sites.ac-nancy-metz.fr\/education-musicale\/chant-choral\/plan-national-de-formation\/\" \/>\n<meta property=\"og:site_name\" content=\"Education musicale et chant choral\" \/>\n<meta property=\"article:modified_time\" content=\"2019-02-24T19:40:59+00:00\" \/>\n<meta property=\"og:image\" content=\"https:\/\/sites.ac-nancy-metz.fr\/education-musicale\/chant-choral\/wp-content\/uploads\/2023\/05\/cropped-Logo2023.png\" \/>\n\t<meta property=\"og:image:width\" content=\"225\" \/>\n\t<meta property=\"og:image:height\" content=\"96\" \/>\n\t<meta property=\"og:image:type\" content=\"image\/png\" \/>\n<meta name=\"twitter:card\" content=\"summary_large_image\" \/>\n<meta name=\"twitter:label1\" content=\"Dur\u00e9e de lecture estim\u00e9e\" \/>\n\t<meta name=\"twitter:data1\" content=\"1 minute\" \/>\n<script type=\"application\/ld+json\" class=\"yoast-schema-graph\">{\"@context\":\"https:\\\/\\\/schema.org\",\"@graph\":[{\"@type\":\"WebPage\",\"@id\":\"https:\\\/\\\/sites.ac-nancy-metz.fr\\\/education-musicale\\\/chant-choral\\\/plan-national-de-formation\\\/\",\"url\":\"https:\\\/\\\/sites.ac-nancy-metz.fr\\\/education-musicale\\\/chant-choral\\\/plan-national-de-formation\\\/\",\"name\":\"Plan national de formation - Education musicale et chant choral\",\"isPartOf\":{\"@id\":\"https:\\\/\\\/sites.ac-nancy-metz.fr\\\/education-musicale\\\/chant-choral\\\/#website\"},\"datePublished\":\"2018-11-24T13:55:01+00:00\",\"dateModified\":\"2019-02-24T19:40:59+00:00\",\"breadcrumb\":{\"@id\":\"https:\\\/\\\/sites.ac-nancy-metz.fr\\\/education-musicale\\\/chant-choral\\\/plan-national-de-formation\\\/#breadcrumb\"},\"inLanguage\":\"fr-FR\",\"potentialAction\":[{\"@type\":\"ReadAction\",\"target\":[\"https:\\\/\\\/sites.ac-nancy-metz.fr\\\/education-musicale\\\/chant-choral\\\/plan-national-de-formation\\\/\"]}]},{\"@type\":\"BreadcrumbList\",\"@id\":\"https:\\\/\\\/sites.ac-nancy-metz.fr\\\/education-musicale\\\/chant-choral\\\/plan-national-de-formation\\\/#breadcrumb\",\"itemListElement\":[{\"@type\":\"ListItem\",\"position\":1,\"name\":\"Accueil\",\"item\":\"https:\\\/\\\/sites.ac-nancy-metz.fr\\\/education-musicale\\\/chant-choral\\\/\"},{\"@type\":\"ListItem\",\"position\":2,\"name\":\"Plan national de formation\"}]},{\"@type\":\"WebSite\",\"@id\":\"https:\\\/\\\/sites.ac-nancy-metz.fr\\\/education-musicale\\\/chant-choral\\\/#website\",\"url\":\"https:\\\/\\\/sites.ac-nancy-metz.fr\\\/education-musicale\\\/chant-choral\\\/\",\"name\":\"\u00c9ducation musicale et chant choral Acad\u00e9mie Nancy-Metz\",\"description\":\"Acad\u00e9mie de Nancy-Metz\",\"publisher\":{\"@id\":\"https:\\\/\\\/sites.ac-nancy-metz.fr\\\/education-musicale\\\/chant-choral\\\/#organization\"},\"potentialAction\":[{\"@type\":\"SearchAction\",\"target\":{\"@type\":\"EntryPoint\",\"urlTemplate\":\"https:\\\/\\\/sites.ac-nancy-metz.fr\\\/education-musicale\\\/chant-choral\\\/?s={search_term_string}\"},\"query-input\":{\"@type\":\"PropertyValueSpecification\",\"valueRequired\":true,\"valueName\":\"search_term_string\"}}],\"inLanguage\":\"fr-FR\"},{\"@type\":\"Organization\",\"@id\":\"https:\\\/\\\/sites.ac-nancy-metz.fr\\\/education-musicale\\\/chant-choral\\\/#organization\",\"name\":\"\u00c9ducation musicale et chant choral Acad\u00e9mie Nancy-Metz\",\"url\":\"https:\\\/\\\/sites.ac-nancy-metz.fr\\\/education-musicale\\\/chant-choral\\\/\",\"logo\":{\"@type\":\"ImageObject\",\"inLanguage\":\"fr-FR\",\"@id\":\"https:\\\/\\\/sites.ac-nancy-metz.fr\\\/education-musicale\\\/chant-choral\\\/#\\\/schema\\\/logo\\\/image\\\/\",\"url\":\"https:\\\/\\\/sites.ac-nancy-metz.fr\\\/education-musicale\\\/chant-choral\\\/wp-content\\\/uploads\\\/2023\\\/12\\\/cropped-cropped-Banniere-site.png\",\"contentUrl\":\"https:\\\/\\\/sites.ac-nancy-metz.fr\\\/education-musicale\\\/chant-choral\\\/wp-content\\\/uploads\\\/2023\\\/12\\\/cropped-cropped-Banniere-site.png\",\"width\":3146,\"height\":601,\"caption\":\"\u00c9ducation musicale et chant choral Acad\u00e9mie Nancy-Metz\"},\"image\":{\"@id\":\"https:\\\/\\\/sites.ac-nancy-metz.fr\\\/education-musicale\\\/chant-choral\\\/#\\\/schema\\\/logo\\\/image\\\/\"}}]}<\/script>\n<!-- \/ Yoast SEO plugin. -->","yoast_head_json":{"title":"Plan national de formation - Education musicale et chant choral","robots":{"index":"index","follow":"follow","max-snippet":"max-snippet:-1","max-image-preview":"max-image-preview:large","max-video-preview":"max-video-preview:-1"},"canonical":"https:\/\/sites.ac-nancy-metz.fr\/education-musicale\/chant-choral\/plan-national-de-formation\/","og_locale":"fr_FR","og_type":"article","og_title":"Plan national de formation - Education musicale et chant choral","og_description":"Plan national de formation &nbsp; Le plan national de formation continue des personnels (PNF) pr\u00e9sente chaque ann\u00e9e un ensemble d&rsquo;actions propos\u00e9es aux acad\u00e9mies en accompagnement des grandes orientations de la politique \u00e9ducative nationale. Certaines actions portent explicitement sur des questions disciplinaires et s&rsquo;adressent alors aux professeurs des disciplines correspondantes ; d&rsquo;autres peuvent associer diff\u00e9rentes disciplines [&hellip;]","og_url":"https:\/\/sites.ac-nancy-metz.fr\/education-musicale\/chant-choral\/plan-national-de-formation\/","og_site_name":"Education musicale et chant choral","article_modified_time":"2019-02-24T19:40:59+00:00","og_image":[{"width":225,"height":96,"url":"https:\/\/sites.ac-nancy-metz.fr\/education-musicale\/chant-choral\/wp-content\/uploads\/2023\/05\/cropped-Logo2023.png","type":"image\/png"}],"twitter_card":"summary_large_image","twitter_misc":{"Dur\u00e9e de lecture estim\u00e9e":"1 minute"},"schema":{"@context":"https:\/\/schema.org","@graph":[{"@type":"WebPage","@id":"https:\/\/sites.ac-nancy-metz.fr\/education-musicale\/chant-choral\/plan-national-de-formation\/","url":"https:\/\/sites.ac-nancy-metz.fr\/education-musicale\/chant-choral\/plan-national-de-formation\/","name":"Plan national de formation - Education musicale et chant choral","isPartOf":{"@id":"https:\/\/sites.ac-nancy-metz.fr\/education-musicale\/chant-choral\/#website"},"datePublished":"2018-11-24T13:55:01+00:00","dateModified":"2019-02-24T19:40:59+00:00","breadcrumb":{"@id":"https:\/\/sites.ac-nancy-metz.fr\/education-musicale\/chant-choral\/plan-national-de-formation\/#breadcrumb"},"inLanguage":"fr-FR","potentialAction":[{"@type":"ReadAction","target":["https:\/\/sites.ac-nancy-metz.fr\/education-musicale\/chant-choral\/plan-national-de-formation\/"]}]},{"@type":"BreadcrumbList","@id":"https:\/\/sites.ac-nancy-metz.fr\/education-musicale\/chant-choral\/plan-national-de-formation\/#breadcrumb","itemListElement":[{"@type":"ListItem","position":1,"name":"Accueil","item":"https:\/\/sites.ac-nancy-metz.fr\/education-musicale\/chant-choral\/"},{"@type":"ListItem","position":2,"name":"Plan national de formation"}]},{"@type":"WebSite","@id":"https:\/\/sites.ac-nancy-metz.fr\/education-musicale\/chant-choral\/#website","url":"https:\/\/sites.ac-nancy-metz.fr\/education-musicale\/chant-choral\/","name":"\u00c9ducation musicale et chant choral Acad\u00e9mie Nancy-Metz","description":"Acad\u00e9mie de Nancy-Metz","publisher":{"@id":"https:\/\/sites.ac-nancy-metz.fr\/education-musicale\/chant-choral\/#organization"},"potentialAction":[{"@type":"SearchAction","target":{"@type":"EntryPoint","urlTemplate":"https:\/\/sites.ac-nancy-metz.fr\/education-musicale\/chant-choral\/?s={search_term_string}"},"query-input":{"@type":"PropertyValueSpecification","valueRequired":true,"valueName":"search_term_string"}}],"inLanguage":"fr-FR"},{"@type":"Organization","@id":"https:\/\/sites.ac-nancy-metz.fr\/education-musicale\/chant-choral\/#organization","name":"\u00c9ducation musicale et chant choral Acad\u00e9mie Nancy-Metz","url":"https:\/\/sites.ac-nancy-metz.fr\/education-musicale\/chant-choral\/","logo":{"@type":"ImageObject","inLanguage":"fr-FR","@id":"https:\/\/sites.ac-nancy-metz.fr\/education-musicale\/chant-choral\/#\/schema\/logo\/image\/","url":"https:\/\/sites.ac-nancy-metz.fr\/education-musicale\/chant-choral\/wp-content\/uploads\/2023\/12\/cropped-cropped-Banniere-site.png","contentUrl":"https:\/\/sites.ac-nancy-metz.fr\/education-musicale\/chant-choral\/wp-content\/uploads\/2023\/12\/cropped-cropped-Banniere-site.png","width":3146,"height":601,"caption":"\u00c9ducation musicale et chant choral Acad\u00e9mie Nancy-Metz"},"image":{"@id":"https:\/\/sites.ac-nancy-metz.fr\/education-musicale\/chant-choral\/#\/schema\/logo\/image\/"}}]}},"_links":{"self":[{"href":"https:\/\/sites.ac-nancy-metz.fr\/education-musicale\/chant-choral\/wp-json\/wp\/v2\/pages\/727","targetHints":{"allow":["GET"]}}],"collection":[{"href":"https:\/\/sites.ac-nancy-metz.fr\/education-musicale\/chant-choral\/wp-json\/wp\/v2\/pages"}],"about":[{"href":"https:\/\/sites.ac-nancy-metz.fr\/education-musicale\/chant-choral\/wp-json\/wp\/v2\/types\/page"}],"author":[{"embeddable":true,"href":"https:\/\/sites.ac-nancy-metz.fr\/education-musicale\/chant-choral\/wp-json\/wp\/v2\/users\/1"}],"replies":[{"embeddable":true,"href":"https:\/\/sites.ac-nancy-metz.fr\/education-musicale\/chant-choral\/wp-json\/wp\/v2\/comments?post=727"}],"version-history":[{"count":1,"href":"https:\/\/sites.ac-nancy-metz.fr\/education-musicale\/chant-choral\/wp-json\/wp\/v2\/pages\/727\/revisions"}],"predecessor-version":[{"id":851,"href":"https:\/\/sites.ac-nancy-metz.fr\/education-musicale\/chant-choral\/wp-json\/wp\/v2\/pages\/727\/revisions\/851"}],"wp:attachment":[{"href":"https:\/\/sites.ac-nancy-metz.fr\/education-musicale\/chant-choral\/wp-json\/wp\/v2\/media?parent=727"}],"curies":[{"name":"wp","href":"https:\/\/api.w.org\/{rel}","templated":true}]}}