{"id":762,"date":"2018-11-25T14:33:54","date_gmt":"2018-11-25T13:33:54","guid":{"rendered":"\/education-musicale\/chant-choral\/?page_id=762"},"modified":"2023-05-08T11:39:03","modified_gmt":"2023-05-08T09:39:03","slug":"ressources-pedagogiques","status":"publish","type":"page","link":"https:\/\/sites.ac-nancy-metz.fr\/education-musicale\/chant-choral\/ressources-pedagogiques\/","title":{"rendered":"Ressources p\u00e9dagogiques"},"content":{"rendered":"<p><span style=\"font-size: 18pt;\"><strong>Ressources p\u00e9dagogiques<\/strong><\/span><\/p>\n<p>&nbsp;<\/p>\n<p><a href=\"\/education-musicale\/chant-choral\/ecole-_-college-cycle-3\/\">\u00c9cole &#8211; Coll\u00e8ge<\/a> (Cycle 3)<\/p>\n<p>Coll\u00e8ge (Cycle 4)<\/p>\n<p>Le chant choral<\/p>\n<p>Lyc\u00e9e<\/p>\n<hr \/>\n<p><a href=\"\/education-musicale\/chant-choral\/hybridation-du-cours-deducation-musicale\/\">Hybridation du cours d&rsquo;\u00e9ducation musicale<\/a><\/p>\n<hr \/>\n<p><a href=\"\/education-musicale\/chant-choral\/education-musicale-et-valeurs-de-la-republique\/\">\u00c9ducation musicale et valeurs de la R\u00e9publique<\/a><\/p>\n<hr \/>\n<p>Travaux acad\u00e9miques mutualis\u00e9s (TraAM)<\/p>\n<p>2022-2023<br \/>\n<a href=\"https:\/\/view.genial.ly\/5ebe549e8e243b0d5a32be65\" target=\"_blank\" rel=\"noopener noreferrer\">2019-2020<\/a><\/p>\n<hr \/>\n<p><a href=\"\/education-musicale\/chant-choral\/enseigner-a-distance\/\">Enseigner \u00e0 distance<\/a> avec la DANE de l&rsquo;acad\u00e9mie<br \/>\n<a href=\"https:\/\/eduscol.education.fr\/education-musicale\/edunum\/edunum-musique-1\" target=\"_blank\" rel=\"noopener noreferrer\">Lettre \u00c9du_Num \u00c9ducation musicale N\u00b01<\/a> : Focus sur le baccalaur\u00e9at 2019, Eduth\u00e8que pour l\u2019\u00e9ducation musicale, l\u2019application T@lenschool et le site des chansons qui font l\u2019histoire<br \/>\n<a href=\"\/education-musicale\/chant-choral\/la-lettre-edu_num-n2\/\">Lettre \u00c9du_Num \u00c9ducation musicale N\u00b02<\/a> : F\u00eate de la musique \u2013 Musique, cr\u00e9ation et droit d\u2019auteur \u2013 \u00c9couter le cin\u00e9ma \u2013 CNRS et musique \u2013 \u00c9valuation des comp\u00e9tences<br \/>\n<a href=\"\/education-musicale\/chant-choral\/lettre-edu_num-musique-n3\/\">Lettre \u00c9du_Num \u00c9ducation musicale n\u00b03<\/a> : Continuit\u00e9 p\u00e9dagogique en \u00c9ducation Musicale<br \/>\n<a href=\"https:\/\/eduscol.education.fr\/education-musicale\/edunum\/edunum-musique-4\" target=\"_blank\" rel=\"noopener noreferrer\">Lettre \u00c9du_Num_\u00c9ducation musicale n\u00b04<\/a> : Enseignement hybride<br \/>\n<a href=\"https:\/\/eduscol.education.fr\/2581\/lettre-edunum-education-musicale\" target=\"_blank\" rel=\"noopener noreferrer\">Lettre \u00c9du_Num_\u00c9ducation musicale n\u00b05<\/a> : Des usages dans un contexte d&rsquo;enseignement hybride et de continuit\u00e9 p\u00e9dagogique<\/p>\n","protected":false},"excerpt":{"rendered":"<p>Ressources p\u00e9dagogiques &nbsp; \u00c9cole &#8211; Coll\u00e8ge (Cycle 3) Coll\u00e8ge (Cycle 4) Le chant choral Lyc\u00e9e Hybridation du cours d&rsquo;\u00e9ducation musicale \u00c9ducation musicale et valeurs de la R\u00e9publique Travaux acad\u00e9miques mutualis\u00e9s (TraAM) 2022-2023 2019-2020 Enseigner \u00e0 distance avec la DANE de l&rsquo;acad\u00e9mie Lettre \u00c9du_Num \u00c9ducation musicale N\u00b01 : Focus sur le baccalaur\u00e9at 2019, Eduth\u00e8que pour l\u2019\u00e9ducation [&hellip;]<\/p>\n","protected":false},"author":1,"featured_media":0,"parent":0,"menu_order":0,"comment_status":"closed","ping_status":"closed","template":"","meta":{"footnotes":""},"class_list":["post-762","page","type-page","status-publish","hentry"],"yoast_head":"<!-- This site is optimized with the Yoast SEO plugin v27.3 - https:\/\/yoast.com\/product\/yoast-seo-wordpress\/ -->\n<title>Ressources p\u00e9dagogiques - Education musicale et chant choral<\/title>\n<meta name=\"robots\" content=\"index, follow, max-snippet:-1, max-image-preview:large, max-video-preview:-1\" \/>\n<link rel=\"canonical\" href=\"https:\/\/sites.ac-nancy-metz.fr\/education-musicale\/chant-choral\/ressources-pedagogiques\/\" \/>\n<meta property=\"og:locale\" content=\"fr_FR\" \/>\n<meta property=\"og:type\" content=\"article\" \/>\n<meta property=\"og:title\" content=\"Ressources p\u00e9dagogiques - Education musicale et chant choral\" \/>\n<meta property=\"og:description\" content=\"Ressources p\u00e9dagogiques &nbsp; \u00c9cole &#8211; Coll\u00e8ge (Cycle 3) Coll\u00e8ge (Cycle 4) Le chant choral Lyc\u00e9e Hybridation du cours d&rsquo;\u00e9ducation musicale \u00c9ducation musicale et valeurs de la R\u00e9publique Travaux acad\u00e9miques mutualis\u00e9s (TraAM) 2022-2023 2019-2020 Enseigner \u00e0 distance avec la DANE de l&rsquo;acad\u00e9mie Lettre \u00c9du_Num \u00c9ducation musicale N\u00b01 : Focus sur le baccalaur\u00e9at 2019, Eduth\u00e8que pour l\u2019\u00e9ducation [&hellip;]\" \/>\n<meta property=\"og:url\" content=\"https:\/\/sites.ac-nancy-metz.fr\/education-musicale\/chant-choral\/ressources-pedagogiques\/\" \/>\n<meta property=\"og:site_name\" content=\"Education musicale et chant choral\" \/>\n<meta property=\"article:modified_time\" content=\"2023-05-08T09:39:03+00:00\" \/>\n<meta property=\"og:image\" content=\"https:\/\/sites.ac-nancy-metz.fr\/education-musicale\/chant-choral\/wp-content\/uploads\/2023\/05\/cropped-Logo2023.png\" \/>\n\t<meta property=\"og:image:width\" content=\"225\" \/>\n\t<meta property=\"og:image:height\" content=\"96\" \/>\n\t<meta property=\"og:image:type\" content=\"image\/png\" \/>\n<meta name=\"twitter:card\" content=\"summary_large_image\" \/>\n<meta name=\"twitter:label1\" content=\"Dur\u00e9e de lecture estim\u00e9e\" \/>\n\t<meta name=\"twitter:data1\" content=\"1 minute\" \/>\n<script type=\"application\/ld+json\" class=\"yoast-schema-graph\">{\"@context\":\"https:\\\/\\\/schema.org\",\"@graph\":[{\"@type\":\"WebPage\",\"@id\":\"https:\\\/\\\/sites.ac-nancy-metz.fr\\\/education-musicale\\\/chant-choral\\\/ressources-pedagogiques\\\/\",\"url\":\"https:\\\/\\\/sites.ac-nancy-metz.fr\\\/education-musicale\\\/chant-choral\\\/ressources-pedagogiques\\\/\",\"name\":\"Ressources p\u00e9dagogiques - Education musicale et chant choral\",\"isPartOf\":{\"@id\":\"https:\\\/\\\/sites.ac-nancy-metz.fr\\\/education-musicale\\\/chant-choral\\\/#website\"},\"datePublished\":\"2018-11-25T13:33:54+00:00\",\"dateModified\":\"2023-05-08T09:39:03+00:00\",\"breadcrumb\":{\"@id\":\"https:\\\/\\\/sites.ac-nancy-metz.fr\\\/education-musicale\\\/chant-choral\\\/ressources-pedagogiques\\\/#breadcrumb\"},\"inLanguage\":\"fr-FR\",\"potentialAction\":[{\"@type\":\"ReadAction\",\"target\":[\"https:\\\/\\\/sites.ac-nancy-metz.fr\\\/education-musicale\\\/chant-choral\\\/ressources-pedagogiques\\\/\"]}]},{\"@type\":\"BreadcrumbList\",\"@id\":\"https:\\\/\\\/sites.ac-nancy-metz.fr\\\/education-musicale\\\/chant-choral\\\/ressources-pedagogiques\\\/#breadcrumb\",\"itemListElement\":[{\"@type\":\"ListItem\",\"position\":1,\"name\":\"Accueil\",\"item\":\"https:\\\/\\\/sites.ac-nancy-metz.fr\\\/education-musicale\\\/chant-choral\\\/\"},{\"@type\":\"ListItem\",\"position\":2,\"name\":\"Ressources p\u00e9dagogiques\"}]},{\"@type\":\"WebSite\",\"@id\":\"https:\\\/\\\/sites.ac-nancy-metz.fr\\\/education-musicale\\\/chant-choral\\\/#website\",\"url\":\"https:\\\/\\\/sites.ac-nancy-metz.fr\\\/education-musicale\\\/chant-choral\\\/\",\"name\":\"\u00c9ducation musicale et chant choral Acad\u00e9mie Nancy-Metz\",\"description\":\"Acad\u00e9mie de Nancy-Metz\",\"publisher\":{\"@id\":\"https:\\\/\\\/sites.ac-nancy-metz.fr\\\/education-musicale\\\/chant-choral\\\/#organization\"},\"potentialAction\":[{\"@type\":\"SearchAction\",\"target\":{\"@type\":\"EntryPoint\",\"urlTemplate\":\"https:\\\/\\\/sites.ac-nancy-metz.fr\\\/education-musicale\\\/chant-choral\\\/?s={search_term_string}\"},\"query-input\":{\"@type\":\"PropertyValueSpecification\",\"valueRequired\":true,\"valueName\":\"search_term_string\"}}],\"inLanguage\":\"fr-FR\"},{\"@type\":\"Organization\",\"@id\":\"https:\\\/\\\/sites.ac-nancy-metz.fr\\\/education-musicale\\\/chant-choral\\\/#organization\",\"name\":\"\u00c9ducation musicale et chant choral Acad\u00e9mie Nancy-Metz\",\"url\":\"https:\\\/\\\/sites.ac-nancy-metz.fr\\\/education-musicale\\\/chant-choral\\\/\",\"logo\":{\"@type\":\"ImageObject\",\"inLanguage\":\"fr-FR\",\"@id\":\"https:\\\/\\\/sites.ac-nancy-metz.fr\\\/education-musicale\\\/chant-choral\\\/#\\\/schema\\\/logo\\\/image\\\/\",\"url\":\"https:\\\/\\\/sites.ac-nancy-metz.fr\\\/education-musicale\\\/chant-choral\\\/wp-content\\\/uploads\\\/2023\\\/12\\\/cropped-cropped-Banniere-site.png\",\"contentUrl\":\"https:\\\/\\\/sites.ac-nancy-metz.fr\\\/education-musicale\\\/chant-choral\\\/wp-content\\\/uploads\\\/2023\\\/12\\\/cropped-cropped-Banniere-site.png\",\"width\":3146,\"height\":601,\"caption\":\"\u00c9ducation musicale et chant choral Acad\u00e9mie Nancy-Metz\"},\"image\":{\"@id\":\"https:\\\/\\\/sites.ac-nancy-metz.fr\\\/education-musicale\\\/chant-choral\\\/#\\\/schema\\\/logo\\\/image\\\/\"}}]}<\/script>\n<!-- \/ Yoast SEO plugin. -->","yoast_head_json":{"title":"Ressources p\u00e9dagogiques - Education musicale et chant choral","robots":{"index":"index","follow":"follow","max-snippet":"max-snippet:-1","max-image-preview":"max-image-preview:large","max-video-preview":"max-video-preview:-1"},"canonical":"https:\/\/sites.ac-nancy-metz.fr\/education-musicale\/chant-choral\/ressources-pedagogiques\/","og_locale":"fr_FR","og_type":"article","og_title":"Ressources p\u00e9dagogiques - Education musicale et chant choral","og_description":"Ressources p\u00e9dagogiques &nbsp; \u00c9cole &#8211; Coll\u00e8ge (Cycle 3) Coll\u00e8ge (Cycle 4) Le chant choral Lyc\u00e9e Hybridation du cours d&rsquo;\u00e9ducation musicale \u00c9ducation musicale et valeurs de la R\u00e9publique Travaux acad\u00e9miques mutualis\u00e9s (TraAM) 2022-2023 2019-2020 Enseigner \u00e0 distance avec la DANE de l&rsquo;acad\u00e9mie Lettre \u00c9du_Num \u00c9ducation musicale N\u00b01 : Focus sur le baccalaur\u00e9at 2019, Eduth\u00e8que pour l\u2019\u00e9ducation [&hellip;]","og_url":"https:\/\/sites.ac-nancy-metz.fr\/education-musicale\/chant-choral\/ressources-pedagogiques\/","og_site_name":"Education musicale et chant choral","article_modified_time":"2023-05-08T09:39:03+00:00","og_image":[{"width":225,"height":96,"url":"https:\/\/sites.ac-nancy-metz.fr\/education-musicale\/chant-choral\/wp-content\/uploads\/2023\/05\/cropped-Logo2023.png","type":"image\/png"}],"twitter_card":"summary_large_image","twitter_misc":{"Dur\u00e9e de lecture estim\u00e9e":"1 minute"},"schema":{"@context":"https:\/\/schema.org","@graph":[{"@type":"WebPage","@id":"https:\/\/sites.ac-nancy-metz.fr\/education-musicale\/chant-choral\/ressources-pedagogiques\/","url":"https:\/\/sites.ac-nancy-metz.fr\/education-musicale\/chant-choral\/ressources-pedagogiques\/","name":"Ressources p\u00e9dagogiques - Education musicale et chant choral","isPartOf":{"@id":"https:\/\/sites.ac-nancy-metz.fr\/education-musicale\/chant-choral\/#website"},"datePublished":"2018-11-25T13:33:54+00:00","dateModified":"2023-05-08T09:39:03+00:00","breadcrumb":{"@id":"https:\/\/sites.ac-nancy-metz.fr\/education-musicale\/chant-choral\/ressources-pedagogiques\/#breadcrumb"},"inLanguage":"fr-FR","potentialAction":[{"@type":"ReadAction","target":["https:\/\/sites.ac-nancy-metz.fr\/education-musicale\/chant-choral\/ressources-pedagogiques\/"]}]},{"@type":"BreadcrumbList","@id":"https:\/\/sites.ac-nancy-metz.fr\/education-musicale\/chant-choral\/ressources-pedagogiques\/#breadcrumb","itemListElement":[{"@type":"ListItem","position":1,"name":"Accueil","item":"https:\/\/sites.ac-nancy-metz.fr\/education-musicale\/chant-choral\/"},{"@type":"ListItem","position":2,"name":"Ressources p\u00e9dagogiques"}]},{"@type":"WebSite","@id":"https:\/\/sites.ac-nancy-metz.fr\/education-musicale\/chant-choral\/#website","url":"https:\/\/sites.ac-nancy-metz.fr\/education-musicale\/chant-choral\/","name":"\u00c9ducation musicale et chant choral Acad\u00e9mie Nancy-Metz","description":"Acad\u00e9mie de Nancy-Metz","publisher":{"@id":"https:\/\/sites.ac-nancy-metz.fr\/education-musicale\/chant-choral\/#organization"},"potentialAction":[{"@type":"SearchAction","target":{"@type":"EntryPoint","urlTemplate":"https:\/\/sites.ac-nancy-metz.fr\/education-musicale\/chant-choral\/?s={search_term_string}"},"query-input":{"@type":"PropertyValueSpecification","valueRequired":true,"valueName":"search_term_string"}}],"inLanguage":"fr-FR"},{"@type":"Organization","@id":"https:\/\/sites.ac-nancy-metz.fr\/education-musicale\/chant-choral\/#organization","name":"\u00c9ducation musicale et chant choral Acad\u00e9mie Nancy-Metz","url":"https:\/\/sites.ac-nancy-metz.fr\/education-musicale\/chant-choral\/","logo":{"@type":"ImageObject","inLanguage":"fr-FR","@id":"https:\/\/sites.ac-nancy-metz.fr\/education-musicale\/chant-choral\/#\/schema\/logo\/image\/","url":"https:\/\/sites.ac-nancy-metz.fr\/education-musicale\/chant-choral\/wp-content\/uploads\/2023\/12\/cropped-cropped-Banniere-site.png","contentUrl":"https:\/\/sites.ac-nancy-metz.fr\/education-musicale\/chant-choral\/wp-content\/uploads\/2023\/12\/cropped-cropped-Banniere-site.png","width":3146,"height":601,"caption":"\u00c9ducation musicale et chant choral Acad\u00e9mie Nancy-Metz"},"image":{"@id":"https:\/\/sites.ac-nancy-metz.fr\/education-musicale\/chant-choral\/#\/schema\/logo\/image\/"}}]}},"_links":{"self":[{"href":"https:\/\/sites.ac-nancy-metz.fr\/education-musicale\/chant-choral\/wp-json\/wp\/v2\/pages\/762","targetHints":{"allow":["GET"]}}],"collection":[{"href":"https:\/\/sites.ac-nancy-metz.fr\/education-musicale\/chant-choral\/wp-json\/wp\/v2\/pages"}],"about":[{"href":"https:\/\/sites.ac-nancy-metz.fr\/education-musicale\/chant-choral\/wp-json\/wp\/v2\/types\/page"}],"author":[{"embeddable":true,"href":"https:\/\/sites.ac-nancy-metz.fr\/education-musicale\/chant-choral\/wp-json\/wp\/v2\/users\/1"}],"replies":[{"embeddable":true,"href":"https:\/\/sites.ac-nancy-metz.fr\/education-musicale\/chant-choral\/wp-json\/wp\/v2\/comments?post=762"}],"version-history":[{"count":1,"href":"https:\/\/sites.ac-nancy-metz.fr\/education-musicale\/chant-choral\/wp-json\/wp\/v2\/pages\/762\/revisions"}],"predecessor-version":[{"id":764,"href":"https:\/\/sites.ac-nancy-metz.fr\/education-musicale\/chant-choral\/wp-json\/wp\/v2\/pages\/762\/revisions\/764"}],"wp:attachment":[{"href":"https:\/\/sites.ac-nancy-metz.fr\/education-musicale\/chant-choral\/wp-json\/wp\/v2\/media?parent=762"}],"curies":[{"name":"wp","href":"https:\/\/api.w.org\/{rel}","templated":true}]}}