{"id":771,"date":"2018-11-25T14:56:36","date_gmt":"2018-11-25T13:56:36","guid":{"rendered":"\/education-musicale\/chant-choral\/?page_id=771"},"modified":"2024-08-21T14:13:03","modified_gmt":"2024-08-21T12:13:03","slug":"alcems","status":"publish","type":"page","link":"https:\/\/sites.ac-nancy-metz.fr\/education-musicale\/chant-choral\/alcems\/","title":{"rendered":"ALCEMS"},"content":{"rendered":"<p><strong><span style=\"font-size: 18pt;\">ALCEMS<\/span><br \/>\n<\/strong><\/p>\n<h2 class=\"lh1em\"><span class=\"fn org\">Association Lorraine Pour Le D\u00e9veloppement Des Chorales Et Ensembles Musicaux Scolaires\u00a0<\/span><\/h2>\n<p style=\"font-weight: 400;\"><em>\u00ab\u00a0Des exp\u00e9riences artistiques marquantes, des aventures humaines structurantes\u00a0\u00bb<\/em><\/p>\n<p style=\"font-weight: 400;\">Bienvenue sur notre page\u00a0!<\/p>\n<p style=\"font-weight: 400;\">L\u2019ALCEMS s\u2019est donn\u00e9 pour objectif le <strong>d\u00e9veloppement des pratiques musicales collectives<\/strong> <strong>et de la cr\u00e9ation artistique en milieu scolaire<\/strong>.<\/p>\n<p style=\"font-weight: 400;\">Pour vos <strong>rassemblements de chorales inter-\u00e9tablissements et\/ou inter-degr\u00e9s<\/strong> l\u2019ALCEMS est l\u00e0 pour vous aider\u00a0!<\/p>\n<h1>Projets inter-\u00e9tablissements soutenus par l\u2019ALCEMS pour l\u2019ann\u00e9e 2023-2024<\/h1>\n<p style=\"font-weight: 400;\">&lt;div style=\u00a0\u00bbwidth: 100%;\u00a0\u00bb&gt;&lt;div style=\u00a0\u00bbposition: relative; padding-bottom: 141.45%; padding-top: 0; height: 0;\u00a0\u00bb&gt;&lt;iframe title=\u00a0\u00bbFestival acad\u00e9mique de chant choral 2024&Prime; frameborder=\u00a0\u00bb0&Prime; width=\u00a0\u00bb1199&Prime; height=\u00a0\u00bb1696&Prime; style=\u00a0\u00bbposition: absolute; top: 0; left: 0; width: 100%; height: 100%;\u00a0\u00bb src=\u00a0\u00bbhttps:\/\/view.genially.com\/65edfe2499f1200014be0a1c\u00a0\u00bb type=\u00a0\u00bbtext\/html\u00a0\u00bb allowscriptaccess=\u00a0\u00bbalways\u00a0\u00bb allowfullscreen=\u00a0\u00bbtrue\u00a0\u00bb scrolling=\u00a0\u00bbyes\u00a0\u00bb allownetworking=\u00a0\u00bball\u00a0\u00bb&gt;&lt;\/iframe&gt; &lt;\/div&gt; &lt;\/div&gt;<\/p>\n<h1>Pr\u00e9sentation<\/h1>\n<p style=\"font-weight: 400;\">L\u2019objectif de l\u2019ALCEMS est de <strong>favoriser la mise en \u0153uvre des rencontres de travail et la r\u00e9alisation de spectacles<\/strong> <strong>vivants<\/strong> par les ensembles musicaux des \u00e9tablissements scolaires, permettant ainsi \u00e0 <strong>tous les \u00e9l\u00e8ves<\/strong> d\u2019<strong>acc\u00e9der \u00e0 des pratiques artistiques de qualit\u00e9<\/strong> et leur offrant l\u2019exp\u00e9rience de la sc\u00e8ne dans un cadre professionnel.<\/p>\n<p style=\"font-weight: 400;\">L\u2019ALCEMS propose son aide pour <strong>faciliter l\u2019organisation<\/strong> de spectacles inter-\u00e9tablissements et\/ou inter-degr\u00e9s.<\/p>\n<p style=\"font-weight: 400;\">L\u2019ALCEMS apporte des <strong>moyens en comp\u00e9tences<\/strong> aupr\u00e8s des enseignants participant aux projets de rencontre gr\u00e2ce \u00e0 son <strong>r\u00e9seau d\u2019enseignants \u00ab\u00a0porteurs de projet\u00a0\u00bb<\/strong> mutualisant leur exp\u00e9rience et pouvant mobiliser leurs ressources.<\/p>\n<p style=\"font-weight: 400;\">Les membres actifs de l\u2019association sont des professeurs d\u2019\u00c9ducation musicale et Chant choral de l\u2019Acad\u00e9mie b\u00e9n\u00e9voles.<\/p>\n<h1>Les actions de l\u2019ALCEMS<\/h1>\n<p style=\"font-weight: 400;\">L\u2019ALCEMS apporte son soutien pour\u00a0:<\/p>\n<p style=\"font-weight: 400;\">-&gt; <strong>mettre en relation<\/strong> les \u00e9tablissements scolaires avec les artistes intervenants (musiciens, chor\u00e9graphes, metteurs en sc\u00e8ne\u2026) les plus \u00e0 m\u00eame d\u2019accompagner la r\u00e9alisation de projets artistiques par les \u00e9l\u00e8ves, de la conception \u00e0 la repr\u00e9sentation sur sc\u00e8ne.<\/p>\n<p style=\"font-weight: 400;\">-&gt; proposer et <strong>faciliter des temps de rencontre et d\u2019\u00e9changes<\/strong> des \u00e9l\u00e8ves avec des professionnels des arts et de la culture (techniciens, artistes musiciens, chor\u00e9graphes, metteurs en sc\u00e8ne\u2026) qui interviennent lors des projets artistiques.<\/p>\n<p style=\"font-weight: 400;\">-&gt; <strong>accompagner<\/strong> les d\u00e9marches administratives et financi\u00e8res.<\/p>\n<p style=\"font-weight: 400;\">-&gt; proposer des temps d\u2019\u00e9change entre les membres pour <strong>mutualiser les r\u00e9pertoires<\/strong>.<\/p>\n<p style=\"font-weight: 400;\">-&gt; passer commande aupr\u00e8s de compositeurs pour la cr\u00e9ation d\u2019\u0153uvres \u00e0 destination d\u2019un public scolaire.<\/p>\n<p style=\"font-weight: 400;\">Titulaire d\u2019une Licence d\u2019entrepreneur de spectacle cat\u00e9gorie 2, l\u2019ALCEMS, ayant la responsabilit\u00e9 des productions, apporte une <strong>garantie de s\u00e9rieux<\/strong> aupr\u00e8s des salles de spectacle et partenaires.<\/p>\n<p style=\"font-weight: 400;\">Association acad\u00e9mique <strong>adh\u00e9rente \u00e0 la F\u00e9d\u00e9ration nationale des chorales scolaires (FNCS)<\/strong>, l\u2019ALCEMS se fait le relais acad\u00e9mique d\u2019un r\u00e9seau national.<\/p>\n<p style=\"font-weight: 400;\">L\u2019association b\u00e9n\u00e9ficie en outre de <strong>conditions n\u00e9goci\u00e9es pour les d\u00e9clarations et paiement des droits SACEM<\/strong>.<\/p>\n<p style=\"font-weight: 400;\"><strong>Association reconnue d\u2019int\u00e9r\u00eat g\u00e9n\u00e9ral<\/strong>, l\u2019ALCEMS peut percevoir des dons et \u00e9mettre des rescrits fiscaux qui vous permettent de <strong>solliciter plus facilement des soutiens financiers pour vos projets<\/strong>.<\/p>\n<h1>Concerts 2024<\/h1>\n<p>&#x27a1;&#xfe0f; 28 mars 2024<\/p>\n<p><b>\u00ab\u00a0Concert des Lyc\u00e9es 2024\u00a0: <em>Carmen<\/em>\u00a0\u00bb<\/b><\/p>\n<p style=\"font-weight: 400;\">Th\u00e9\u00e2tre<\/p>\n<p style=\"font-weight: 400;\">57600 Forbach<\/p>\n<p style=\"font-weight: 400;\">&#x27a1;&#xfe0f; 9 avril 2024<\/p>\n<p><b>\u00ab\u00a0Vieni, vieni ! Canzoni italiane\u00a0\u00bb<\/b><\/p>\n<p style=\"font-weight: 400;\">Grands Salons de l&rsquo;H\u00f4tel de ville<\/p>\n<p style=\"font-weight: 400;\">Place Stanislas<\/p>\n<p style=\"font-weight: 400;\">54000 Nancy<\/p>\n<p style=\"font-weight: 400;\">&#x27a1;&#xfe0f; 16 et 17 mai 2024<\/p>\n<p><b>\u00ab\u00a0La Danse\u00a0\u00bb<\/b><\/p>\n<p style=\"font-weight: 400;\">L&rsquo;AmphY<\/p>\n<p style=\"font-weight: 400;\">57970 Yutz<\/p>\n<p>&#x27a1;&#xfe0f; 21 mai 2024<\/p>\n<p><b>\u00ab\u00a0Mozart l&rsquo;Op\u00e9ra Rock\u00a0\u00bb<\/b><\/p>\n<p style=\"font-weight: 400;\">Espace Gaudel<\/p>\n<p style=\"font-weight: 400;\">54290 Bayon<\/p>\n<p>&#x27a1;&#xfe0f; 28 mai 2024<\/p>\n<p><b>\u00ab\u00a0Salut les coll\u00e9giens \u00bb<\/b><\/p>\n<p style=\"font-weight: 400;\">Salle des F\u00eates Claude Hartmann<\/p>\n<p style=\"font-weight: 400;\">54250 Champigneulles<\/p>\n<p>&#x27a1;&#xfe0f; 29 et 30 mai 2024<\/p>\n<p><b>\u00ab\u00a0D&rsquo;une flamme \u00e0 l&rsquo;autre\u00a0\u00bb<\/b><\/p>\n<p style=\"font-weight: 400;\">Sc\u00e8ne de l\u2019H\u00f4tel de Ville<\/p>\n<p style=\"font-weight: 400;\">57200 Sarreguemines<\/p>\n<p>&#x27a1;&#xfe0f; 30 mai 2024<\/p>\n<p><b>\u00ab\u00a0Concert des Lyc\u00e9es 2024\u00a0: <em>Carmen<\/em>\u00a0\u00bb<\/b><\/p>\n<p style=\"font-weight: 400;\">Arsenal (grande salle)<\/p>\n<p style=\"font-weight: 400;\">57000 Metz<\/p>\n<p>&#x27a1;&#xfe0f; 30 et 31 mai 2024<\/p>\n<p style=\"font-weight: 400;\"><strong>\u00ab\u00a0Voyage, Voyage\u00a0\u00bb<\/strong><\/p>\n<p style=\"font-weight: 400;\">Centre Culturel Paul Perrin<\/p>\n<p style=\"font-weight: 400;\">88440 Nomexy<\/p>\n<p style=\"font-weight: 400;\">&#x27a1;&#xfe0f; 6 juin 2024<\/p>\n<p style=\"font-weight: 400;\"><strong>\u00ab\u00a0En duo\u00a0\u00bb<\/strong><\/p>\n<p style=\"font-weight: 400;\">Espace Georges Sadoul<\/p>\n<p style=\"font-weight: 400;\">88100 Saint-Di\u00e9-des-Vosges<\/p>\n<p style=\"font-weight: 400;\">&#x27a1;&#xfe0f; 7 juin 2024<\/p>\n<p><b>\u00ab\u00a0Amiti\u00e9(s)\u00a0\u00bb<\/b><\/p>\n<p style=\"font-weight: 400;\">Centre culturel Pablo Picasso<\/p>\n<p style=\"font-weight: 400;\">54310 Hom\u00e9court<\/p>\n<p style=\"font-weight: 400;\">&#x27a1;&#xfe0f; 7 juin 2024<\/p>\n<p><b>\u00ab\u00a0Chants divers et vari\u00e9s\u00a0\u00bb<\/b><\/p>\n<p style=\"font-weight: 400;\">Salle L\u2019\u00c9tincelle<\/p>\n<p style=\"font-weight: 400;\">57440 Algrange<\/p>\n<p style=\"font-weight: 400;\">&#x27a1;&#xfe0f; 10 juin 2024<\/p>\n<p><b>\u00ab\u00a0Autour du r\u00eave et de la vie de ch\u00e2teau\u00a0\u00bb<\/b><\/p>\n<p style=\"font-weight: 400;\">Centre culturel Jean L&rsquo;H\u00f4te<\/p>\n<p style=\"font-weight: 400;\">54230 Neuves-Maisons<\/p>\n<p style=\"font-weight: 400;\">&#x27a1;&#xfe0f; 10 juin 2024<\/p>\n<p><b>\u00ab\u00a0Hakuna matata\u00a0\u00bb<\/b><\/p>\n<p style=\"font-weight: 400;\">La D\u00e9livrance &#8211; Salines Royales de Dieuze<\/p>\n<p style=\"font-weight: 400;\">57260 Dieuze<\/p>\n<p style=\"font-weight: 400;\">&#x27a1;&#xfe0f; 18 juin 2024<\/p>\n<p><b>\u00ab\u00a0Faire des pieds et des mains \u00e0 15 ans\u00a0\u00bb<\/b><\/p>\n<p style=\"font-weight: 400;\">Foyer culturel G\u00e9rard L\u00e9onard<\/p>\n<p style=\"font-weight: 400;\">54130 Saint-Max<\/p>\n<h1>Concerts 2023<\/h1>\n<p style=\"font-weight: 400;\">&#x27a1;&#xfe0f; 2 mars 2023<\/p>\n<p><b>\u00ab Rachid Wallas &amp; DJ Spaig \u00bb<\/b><\/p>\n<p style=\"font-weight: 400;\">M\u00e9diath\u00e8que de Jarny<\/p>\n<p style=\"font-weight: 400;\">54800 Jarny<\/p>\n<p style=\"font-weight: 400;\">&#x27a1;&#xfe0f; 28 mars 2023<\/p>\n<p><b>\u00ab Concert des Lyc\u00e9es 2023 : <em>Musicals<\/em>, Au c\u0153ur des com\u00e9dies musicales \/ Im Herzen der Musicals \u00bb<\/b><\/p>\n<p style=\"font-weight: 400;\">Th\u00e9\u00e2tre<\/p>\n<p style=\"font-weight: 400;\">57600 Forbach<\/p>\n<p style=\"font-weight: 400;\">&#x27a1;&#xfe0f; 6 avril 2023<\/p>\n<p><b>\u00ab Concert des Lyc\u00e9es 2023 : <em>Musicals<\/em>, Au c\u0153ur des com\u00e9dies musicales \/ Im Herzen der Musicals \u00bb<\/b><\/p>\n<p style=\"font-weight: 400;\">Arsenal (grande salle)<\/p>\n<p style=\"font-weight: 400;\">57000 Metz<\/p>\n<p style=\"font-weight: 400;\">&#x27a1;&#xfe0f; 11 avril 2023<\/p>\n<p><b>\u00ab L&rsquo;amour, du Romantisme allemand \u00e0 la chanson fran\u00e7aise \u00bb<\/b><\/p>\n<p style=\"font-weight: 400;\">Grands Salons de l&rsquo;H\u00f4tel de ville<\/p>\n<p style=\"font-weight: 400;\">Place Stanislas<\/p>\n<p style=\"font-weight: 400;\">54000 Nancy<\/p>\n<p style=\"font-weight: 400;\">&#x27a1;&#xfe0f; 5 mai 2023<\/p>\n<p><b>\u00ab Chansons humoristiques \u00bb<\/b><\/p>\n<p style=\"font-weight: 400;\">Espace Socio-culturel<\/p>\n<p style=\"font-weight: 400;\">54280 Seichamps<\/p>\n<p style=\"font-weight: 400;\">&#x27a1;&#xfe0f; 24 et 25 mai 2023<\/p>\n<p><b>\u00ab Le Chemin des R\u00eaves \u00bb<\/b><\/p>\n<p style=\"font-weight: 400;\">Sc\u00e8ne de l\u2019H\u00f4tel de Ville<\/p>\n<p style=\"font-weight: 400;\">57200 Sarreguemines<\/p>\n<p style=\"font-weight: 400;\">&#x27a1;&#xfe0f; 25 et 26 mai 2023<\/p>\n<p><b>\u00ab L\u2019Ailleurs \u00bb<\/b><\/p>\n<p style=\"font-weight: 400;\">L&rsquo;AmphY<\/p>\n<p style=\"font-weight: 400;\">57970 Yutz<\/p>\n<p style=\"font-weight: 400;\">&#x27a1;&#xfe0f; 25 et 26 mai 2023<\/p>\n<p><b>\u00ab Toute une vie \u00bb<\/b><\/p>\n<p style=\"font-weight: 400;\">Centre Culturel Paul Perrin<\/p>\n<p style=\"font-weight: 400;\">88440 Nomexy<\/p>\n<p style=\"font-weight: 400;\">&#x27a1;&#xfe0f; 30 mai 2023<\/p>\n<p><b>\u00ab <em>Les confidences de Jos\u00e9phine<\/em> : com\u00e9die musicale \u00bb<\/b><\/p>\n<p style=\"font-weight: 400;\">Espace Gaudel<\/p>\n<p style=\"font-weight: 400;\">54290 Bayon<\/p>\n<p style=\"font-weight: 400;\">&#x27a1;&#xfe0f; 30 mai 2023<\/p>\n<p><b>\u00ab Alors on danse \u00bb<\/b><\/p>\n<p style=\"font-weight: 400;\">Espace Georges Sadoul<\/p>\n<p style=\"font-weight: 400;\">88100 Saint-Di\u00e9-des-Vosges<\/p>\n<p style=\"font-weight: 400;\">&#x27a1;&#xfe0f; 2 juin 2023<\/p>\n<p><b>\u00ab Chants divers et vari\u00e9s \u00bb<\/b><\/p>\n<p style=\"font-weight: 400;\">Th\u00e9\u00e2tre de Ser\u00e9mange-Erzange<\/p>\n<p style=\"font-weight: 400;\">57290 Ser\u00e9mange-Erzange<\/p>\n<p style=\"font-weight: 400;\">&#x27a1;&#xfe0f; 6 juin 2023<\/p>\n<p><b>\u00ab Jeux de mains, jeux de mots \u00bb<\/b><\/p>\n<p style=\"font-weight: 400;\">Centre culturel Jean L&rsquo;H\u00f4te<\/p>\n<p style=\"font-weight: 400;\">54230 Neuves-Maisons<\/p>\n<p style=\"font-weight: 400;\">&#x27a1;&#xfe0f; 9 juin 2023<\/p>\n<p><b>\u00ab Concert des Lyc\u00e9es 2023 : <em>Musicals<\/em>, Au c\u0153ur des com\u00e9dies musicales \/ Im Herzen der Musicals \u00bb (extraits)<\/b><\/p>\n<p style=\"font-weight: 400;\">Robert Schuman Gymnasium<\/p>\n<p style=\"font-weight: 400;\">Saarlouis (Allemagne)<\/p>\n<p style=\"font-weight: 400;\">&#x27a1;&#xfe0f; 9 juin 2023<\/p>\n<p><b>\u00ab Com\u00e9die musicale : <em>Les Mis\u00e9rables<\/em> \u00bb<\/b><\/p>\n<p style=\"font-weight: 400;\">Centre culturel Pablo Picasso<\/p>\n<p style=\"font-weight: 400;\">54310 Hom\u00e9court<\/p>\n<p style=\"font-weight: 400;\">&#x27a1;&#xfe0f; 29, 30 juin et 1<sup>er<\/sup>\u00a0 juillet 2023<\/p>\n<p><b>\u00ab Chansons fran\u00e7aises \u00bb<\/b><\/p>\n<p style=\"font-weight: 400;\">L&rsquo;Autre filature<\/p>\n<p style=\"font-weight: 400;\">54210 St Nicolas de Port<\/p>\n<h1>Revue de presse<\/h1>\n<p style=\"font-weight: 400;\">\n<h1>L\u2019ALCEMS soutient la cr\u00e9ation artistique pour les spectacles scolaires en passant par exemple commande \u00e0\u00a0:<\/h1>\n<p style=\"font-weight: 400;\">\u00a0\u00a0\u00a0\u00a0\u00a0\u00a0\u00a0\u00a0\u00a0\u00a0\u00a0 &#8211; <em>Jaime C\u00f3rdoba<\/em>, <em>Memorias de un Cacique<\/em> (2010).<\/p>\n<p style=\"font-weight: 400;\">&#8211; Pierre Thibout, <em>Peau d\u2019\u00e2ne<\/em> (2018), ainsi que divers arrangements pour ch\u0153ur et orchestre pour les projets 2013 et 2019.<\/p>\n<p style=\"font-weight: 400;\">&#8211; C\u00e9dric Beno\u00eet, <em>La Playa<\/em>, <em>Tsunami<\/em> compositions originales pour le Concert des Lyc\u00e9es 2016, ainsi que divers r\u00e9arrangements pop\/rock pour les projets 2013, 2014, 2015, 2017.<\/p>\n<p style=\"font-weight: 400;\">&#8211; Louis-Michel Marion, <em>Dreamings 1<\/em> (2023),<em> Apr\u00e8s le Chaos<\/em> (2022), <em>Le Serpent<\/em> (2012).<\/p>\n<p style=\"font-weight: 400;\">&#8211; Olivier Sosin pour accompagner les \u00e9l\u00e8ves dans la cr\u00e9ation d\u2019un titre pop-rock, <em>Funkadelic dream<\/em>(2022) et divers arrangements pop\/rock pour les projets 2019, 2020, 2021 et 2022.<\/p>\n<h1>Cahier des charges du coordinateur, \u00ab\u00a0porteur de projet\u00a0\u00bb ALCEMS<\/h1>\n<a href=\"\/education-musicale\/chant-choral\/wp-content\/uploads\/2023\/05\/plaquette-alcems-1.pdf\" class=\"pdfemb-viewer\" style=\"width:1024px;\" data-width=\"1024\" data-height=\"max\" data-toolbar=\"bottom\" data-toolbar-fixed=\"off\">plaquette-alcems-1<\/a>\n<a href=\"\/education-musicale\/chant-choral\/wp-content\/uploads\/2023\/05\/plaquette-calendrier.pdf\" class=\"pdfemb-viewer\" style=\"width:1024px;\" data-width=\"1024\" data-height=\"max\" data-toolbar=\"bottom\" data-toolbar-fixed=\"off\">plaquette-calendrier<\/a>\n<p>&nbsp;<\/p>\n<div style=\"width: 100%;\">\n<div style=\"position: relative; padding-bottom: 50%; padding-top: 0; height: 0;\"><iframe loading=\"lazy\" style=\"position: absolute; top: 0; left: 0; width: 100%; height: 100%;\" title=\"feuille de route alcems\" src=\"https:\/\/view.genial.ly\/623456e1224b0800184c16d5\" width=\"1600px\" height=\"800px\" frameborder=\"0\" scrolling=\"yes\" allowfullscreen=\"allowfullscreen\"><\/iframe><\/div>\n<\/div>\n<p>blabla<\/p>\n","protected":false},"excerpt":{"rendered":"<p>ALCEMS Association Lorraine Pour Le D\u00e9veloppement Des Chorales Et Ensembles Musicaux Scolaires\u00a0 \u00ab\u00a0Des exp\u00e9riences artistiques marquantes, des aventures humaines structurantes\u00a0\u00bb Bienvenue sur notre page\u00a0! L\u2019ALCEMS s\u2019est donn\u00e9 pour objectif le d\u00e9veloppement des pratiques musicales collectives et de la cr\u00e9ation artistique en milieu scolaire. Pour vos rassemblements de chorales inter-\u00e9tablissements et\/ou inter-degr\u00e9s l\u2019ALCEMS est l\u00e0 pour [&hellip;]<\/p>\n","protected":false},"author":1,"featured_media":0,"parent":0,"menu_order":0,"comment_status":"closed","ping_status":"closed","template":"","meta":{"footnotes":""},"class_list":["post-771","page","type-page","status-publish","hentry"],"yoast_head":"<!-- This site is optimized with the Yoast SEO plugin v27.3 - https:\/\/yoast.com\/product\/yoast-seo-wordpress\/ -->\n<title>ALCEMS - Education musicale et chant choral<\/title>\n<meta name=\"robots\" content=\"index, follow, max-snippet:-1, max-image-preview:large, max-video-preview:-1\" \/>\n<link rel=\"canonical\" href=\"https:\/\/sites.ac-nancy-metz.fr\/education-musicale\/chant-choral\/alcems\/\" \/>\n<meta property=\"og:locale\" content=\"fr_FR\" \/>\n<meta property=\"og:type\" content=\"article\" \/>\n<meta property=\"og:title\" content=\"ALCEMS - Education musicale et chant choral\" \/>\n<meta property=\"og:description\" content=\"ALCEMS Association Lorraine Pour Le D\u00e9veloppement Des Chorales Et Ensembles Musicaux Scolaires\u00a0 \u00ab\u00a0Des exp\u00e9riences artistiques marquantes, des aventures humaines structurantes\u00a0\u00bb Bienvenue sur notre page\u00a0! L\u2019ALCEMS s\u2019est donn\u00e9 pour objectif le d\u00e9veloppement des pratiques musicales collectives et de la cr\u00e9ation artistique en milieu scolaire. Pour vos rassemblements de chorales inter-\u00e9tablissements et\/ou inter-degr\u00e9s l\u2019ALCEMS est l\u00e0 pour [&hellip;]\" \/>\n<meta property=\"og:url\" content=\"https:\/\/sites.ac-nancy-metz.fr\/education-musicale\/chant-choral\/alcems\/\" \/>\n<meta property=\"og:site_name\" content=\"Education musicale et chant choral\" \/>\n<meta property=\"article:modified_time\" content=\"2024-08-21T12:13:03+00:00\" \/>\n<meta property=\"og:image\" content=\"https:\/\/sites.ac-nancy-metz.fr\/education-musicale\/chant-choral\/wp-content\/uploads\/2023\/05\/cropped-Logo2023.png\" \/>\n\t<meta property=\"og:image:width\" content=\"225\" \/>\n\t<meta property=\"og:image:height\" content=\"96\" \/>\n\t<meta property=\"og:image:type\" content=\"image\/png\" \/>\n<meta name=\"twitter:card\" content=\"summary_large_image\" \/>\n<meta name=\"twitter:label1\" content=\"Dur\u00e9e de lecture estim\u00e9e\" \/>\n\t<meta name=\"twitter:data1\" content=\"5 minutes\" \/>\n<script type=\"application\/ld+json\" class=\"yoast-schema-graph\">{\"@context\":\"https:\\\/\\\/schema.org\",\"@graph\":[{\"@type\":\"WebPage\",\"@id\":\"https:\\\/\\\/sites.ac-nancy-metz.fr\\\/education-musicale\\\/chant-choral\\\/alcems\\\/\",\"url\":\"https:\\\/\\\/sites.ac-nancy-metz.fr\\\/education-musicale\\\/chant-choral\\\/alcems\\\/\",\"name\":\"ALCEMS - Education musicale et chant choral\",\"isPartOf\":{\"@id\":\"https:\\\/\\\/sites.ac-nancy-metz.fr\\\/education-musicale\\\/chant-choral\\\/#website\"},\"datePublished\":\"2018-11-25T13:56:36+00:00\",\"dateModified\":\"2024-08-21T12:13:03+00:00\",\"breadcrumb\":{\"@id\":\"https:\\\/\\\/sites.ac-nancy-metz.fr\\\/education-musicale\\\/chant-choral\\\/alcems\\\/#breadcrumb\"},\"inLanguage\":\"fr-FR\",\"potentialAction\":[{\"@type\":\"ReadAction\",\"target\":[\"https:\\\/\\\/sites.ac-nancy-metz.fr\\\/education-musicale\\\/chant-choral\\\/alcems\\\/\"]}]},{\"@type\":\"BreadcrumbList\",\"@id\":\"https:\\\/\\\/sites.ac-nancy-metz.fr\\\/education-musicale\\\/chant-choral\\\/alcems\\\/#breadcrumb\",\"itemListElement\":[{\"@type\":\"ListItem\",\"position\":1,\"name\":\"Accueil\",\"item\":\"https:\\\/\\\/sites.ac-nancy-metz.fr\\\/education-musicale\\\/chant-choral\\\/\"},{\"@type\":\"ListItem\",\"position\":2,\"name\":\"ALCEMS\"}]},{\"@type\":\"WebSite\",\"@id\":\"https:\\\/\\\/sites.ac-nancy-metz.fr\\\/education-musicale\\\/chant-choral\\\/#website\",\"url\":\"https:\\\/\\\/sites.ac-nancy-metz.fr\\\/education-musicale\\\/chant-choral\\\/\",\"name\":\"\u00c9ducation musicale et chant choral Acad\u00e9mie Nancy-Metz\",\"description\":\"Acad\u00e9mie de Nancy-Metz\",\"publisher\":{\"@id\":\"https:\\\/\\\/sites.ac-nancy-metz.fr\\\/education-musicale\\\/chant-choral\\\/#organization\"},\"potentialAction\":[{\"@type\":\"SearchAction\",\"target\":{\"@type\":\"EntryPoint\",\"urlTemplate\":\"https:\\\/\\\/sites.ac-nancy-metz.fr\\\/education-musicale\\\/chant-choral\\\/?s={search_term_string}\"},\"query-input\":{\"@type\":\"PropertyValueSpecification\",\"valueRequired\":true,\"valueName\":\"search_term_string\"}}],\"inLanguage\":\"fr-FR\"},{\"@type\":\"Organization\",\"@id\":\"https:\\\/\\\/sites.ac-nancy-metz.fr\\\/education-musicale\\\/chant-choral\\\/#organization\",\"name\":\"\u00c9ducation musicale et chant choral Acad\u00e9mie Nancy-Metz\",\"url\":\"https:\\\/\\\/sites.ac-nancy-metz.fr\\\/education-musicale\\\/chant-choral\\\/\",\"logo\":{\"@type\":\"ImageObject\",\"inLanguage\":\"fr-FR\",\"@id\":\"https:\\\/\\\/sites.ac-nancy-metz.fr\\\/education-musicale\\\/chant-choral\\\/#\\\/schema\\\/logo\\\/image\\\/\",\"url\":\"https:\\\/\\\/sites.ac-nancy-metz.fr\\\/education-musicale\\\/chant-choral\\\/wp-content\\\/uploads\\\/2023\\\/12\\\/cropped-cropped-Banniere-site.png\",\"contentUrl\":\"https:\\\/\\\/sites.ac-nancy-metz.fr\\\/education-musicale\\\/chant-choral\\\/wp-content\\\/uploads\\\/2023\\\/12\\\/cropped-cropped-Banniere-site.png\",\"width\":3146,\"height\":601,\"caption\":\"\u00c9ducation musicale et chant choral Acad\u00e9mie Nancy-Metz\"},\"image\":{\"@id\":\"https:\\\/\\\/sites.ac-nancy-metz.fr\\\/education-musicale\\\/chant-choral\\\/#\\\/schema\\\/logo\\\/image\\\/\"}}]}<\/script>\n<!-- \/ Yoast SEO plugin. -->","yoast_head_json":{"title":"ALCEMS - Education musicale et chant choral","robots":{"index":"index","follow":"follow","max-snippet":"max-snippet:-1","max-image-preview":"max-image-preview:large","max-video-preview":"max-video-preview:-1"},"canonical":"https:\/\/sites.ac-nancy-metz.fr\/education-musicale\/chant-choral\/alcems\/","og_locale":"fr_FR","og_type":"article","og_title":"ALCEMS - Education musicale et chant choral","og_description":"ALCEMS Association Lorraine Pour Le D\u00e9veloppement Des Chorales Et Ensembles Musicaux Scolaires\u00a0 \u00ab\u00a0Des exp\u00e9riences artistiques marquantes, des aventures humaines structurantes\u00a0\u00bb Bienvenue sur notre page\u00a0! L\u2019ALCEMS s\u2019est donn\u00e9 pour objectif le d\u00e9veloppement des pratiques musicales collectives et de la cr\u00e9ation artistique en milieu scolaire. Pour vos rassemblements de chorales inter-\u00e9tablissements et\/ou inter-degr\u00e9s l\u2019ALCEMS est l\u00e0 pour [&hellip;]","og_url":"https:\/\/sites.ac-nancy-metz.fr\/education-musicale\/chant-choral\/alcems\/","og_site_name":"Education musicale et chant choral","article_modified_time":"2024-08-21T12:13:03+00:00","og_image":[{"width":225,"height":96,"url":"https:\/\/sites.ac-nancy-metz.fr\/education-musicale\/chant-choral\/wp-content\/uploads\/2023\/05\/cropped-Logo2023.png","type":"image\/png"}],"twitter_card":"summary_large_image","twitter_misc":{"Dur\u00e9e de lecture estim\u00e9e":"5 minutes"},"schema":{"@context":"https:\/\/schema.org","@graph":[{"@type":"WebPage","@id":"https:\/\/sites.ac-nancy-metz.fr\/education-musicale\/chant-choral\/alcems\/","url":"https:\/\/sites.ac-nancy-metz.fr\/education-musicale\/chant-choral\/alcems\/","name":"ALCEMS - Education musicale et chant choral","isPartOf":{"@id":"https:\/\/sites.ac-nancy-metz.fr\/education-musicale\/chant-choral\/#website"},"datePublished":"2018-11-25T13:56:36+00:00","dateModified":"2024-08-21T12:13:03+00:00","breadcrumb":{"@id":"https:\/\/sites.ac-nancy-metz.fr\/education-musicale\/chant-choral\/alcems\/#breadcrumb"},"inLanguage":"fr-FR","potentialAction":[{"@type":"ReadAction","target":["https:\/\/sites.ac-nancy-metz.fr\/education-musicale\/chant-choral\/alcems\/"]}]},{"@type":"BreadcrumbList","@id":"https:\/\/sites.ac-nancy-metz.fr\/education-musicale\/chant-choral\/alcems\/#breadcrumb","itemListElement":[{"@type":"ListItem","position":1,"name":"Accueil","item":"https:\/\/sites.ac-nancy-metz.fr\/education-musicale\/chant-choral\/"},{"@type":"ListItem","position":2,"name":"ALCEMS"}]},{"@type":"WebSite","@id":"https:\/\/sites.ac-nancy-metz.fr\/education-musicale\/chant-choral\/#website","url":"https:\/\/sites.ac-nancy-metz.fr\/education-musicale\/chant-choral\/","name":"\u00c9ducation musicale et chant choral Acad\u00e9mie Nancy-Metz","description":"Acad\u00e9mie de Nancy-Metz","publisher":{"@id":"https:\/\/sites.ac-nancy-metz.fr\/education-musicale\/chant-choral\/#organization"},"potentialAction":[{"@type":"SearchAction","target":{"@type":"EntryPoint","urlTemplate":"https:\/\/sites.ac-nancy-metz.fr\/education-musicale\/chant-choral\/?s={search_term_string}"},"query-input":{"@type":"PropertyValueSpecification","valueRequired":true,"valueName":"search_term_string"}}],"inLanguage":"fr-FR"},{"@type":"Organization","@id":"https:\/\/sites.ac-nancy-metz.fr\/education-musicale\/chant-choral\/#organization","name":"\u00c9ducation musicale et chant choral Acad\u00e9mie Nancy-Metz","url":"https:\/\/sites.ac-nancy-metz.fr\/education-musicale\/chant-choral\/","logo":{"@type":"ImageObject","inLanguage":"fr-FR","@id":"https:\/\/sites.ac-nancy-metz.fr\/education-musicale\/chant-choral\/#\/schema\/logo\/image\/","url":"https:\/\/sites.ac-nancy-metz.fr\/education-musicale\/chant-choral\/wp-content\/uploads\/2023\/12\/cropped-cropped-Banniere-site.png","contentUrl":"https:\/\/sites.ac-nancy-metz.fr\/education-musicale\/chant-choral\/wp-content\/uploads\/2023\/12\/cropped-cropped-Banniere-site.png","width":3146,"height":601,"caption":"\u00c9ducation musicale et chant choral Acad\u00e9mie Nancy-Metz"},"image":{"@id":"https:\/\/sites.ac-nancy-metz.fr\/education-musicale\/chant-choral\/#\/schema\/logo\/image\/"}}]}},"_links":{"self":[{"href":"https:\/\/sites.ac-nancy-metz.fr\/education-musicale\/chant-choral\/wp-json\/wp\/v2\/pages\/771","targetHints":{"allow":["GET"]}}],"collection":[{"href":"https:\/\/sites.ac-nancy-metz.fr\/education-musicale\/chant-choral\/wp-json\/wp\/v2\/pages"}],"about":[{"href":"https:\/\/sites.ac-nancy-metz.fr\/education-musicale\/chant-choral\/wp-json\/wp\/v2\/types\/page"}],"author":[{"embeddable":true,"href":"https:\/\/sites.ac-nancy-metz.fr\/education-musicale\/chant-choral\/wp-json\/wp\/v2\/users\/1"}],"replies":[{"embeddable":true,"href":"https:\/\/sites.ac-nancy-metz.fr\/education-musicale\/chant-choral\/wp-json\/wp\/v2\/comments?post=771"}],"version-history":[{"count":5,"href":"https:\/\/sites.ac-nancy-metz.fr\/education-musicale\/chant-choral\/wp-json\/wp\/v2\/pages\/771\/revisions"}],"predecessor-version":[{"id":3192,"href":"https:\/\/sites.ac-nancy-metz.fr\/education-musicale\/chant-choral\/wp-json\/wp\/v2\/pages\/771\/revisions\/3192"}],"wp:attachment":[{"href":"https:\/\/sites.ac-nancy-metz.fr\/education-musicale\/chant-choral\/wp-json\/wp\/v2\/media?parent=771"}],"curies":[{"name":"wp","href":"https:\/\/api.w.org\/{rel}","templated":true}]}}