{"id":775,"date":"2018-11-25T15:09:41","date_gmt":"2018-11-25T14:09:41","guid":{"rendered":"\/education-musicale\/chant-choral\/?page_id=775"},"modified":"2021-06-28T08:45:11","modified_gmt":"2021-06-28T06:45:11","slug":"programme-academique-de-formation","status":"publish","type":"page","link":"https:\/\/sites.ac-nancy-metz.fr\/education-musicale\/chant-choral\/programme-academique-de-formation\/","title":{"rendered":"Programme Acad\u00e9mique de Formation"},"content":{"rendered":"<h3><span style=\"font-family: verdana, geneva, sans-serif;\">Programme Acad\u00e9mique de Formation<\/span><\/h3>\n<p>&nbsp;<\/p>\n<p><span style=\"font-family: verdana, geneva, sans-serif;\"><strong>\u00c9ducation musicale et chant choral &#8211; <a href=\"https:\/\/mifor.ac-nancy-metz.fr\/\" target=\"_blank\" rel=\"noopener noreferrer\">plan de formation<\/a><br \/>\n<\/strong><\/span><\/p>\n<p><span style=\"font-family: verdana, geneva, sans-serif;\">La consultation de l\u2019ensemble des informations sur les offres est possible<\/span><\/p>\n<p><span style=\"font-family: verdana, geneva, sans-serif;\">\u00e0 partir\u00a0 de \u00ab <a href=\"https:\/\/mifor.ac-nancy-metz.fr\/chercher-une-formation\/\" target=\"_blank\" rel=\"noopener noreferrer\">acc\u00e9der directement \u00e0 la consultation du paf <\/a>\u00bb<\/span><\/p>\n<p><span style=\"font-family: verdana, geneva, sans-serif;\">Les dispositifs \u00e0 candidature individuelle en \u00e9ducation musicale et chant choral sont les suivants :<\/span><br \/>\n<span style=\"font-family: verdana, geneva, sans-serif;\">&#8211; Diversifier les activit\u00e9s en classe,<\/span><br \/>\n<span style=\"font-family: verdana, geneva, sans-serif;\">&#8211; Observations crois\u00e9es, analyser sa pratique,<\/span><br \/>\n<span style=\"font-family: verdana, geneva, sans-serif;\">&#8211; D\u00e9velopper l&rsquo;\u00e9valuation constructive,<\/span><br \/>\n<span style=\"font-family: verdana, geneva, sans-serif;\">&#8211; Journ\u00e9e AP\u00c9Mu,<\/span><br \/>\n<span style=\"font-family: verdana, geneva, sans-serif;\">&#8211; Autour du projet choral,<\/span><br \/>\n<span style=\"font-family: verdana, geneva, sans-serif;\">&#8211; Collaborer, ludifier, travailler en \u00eelots,<\/span><br \/>\n<span style=\"font-family: verdana, geneva, sans-serif;\">&#8211; Pr\u00e9paration au CAPES et \u00e0 l&rsquo;agr\u00e9gation internes.<\/span><br \/>\n<span style=\"font-family: verdana, geneva, sans-serif;\">En consultant le PAF sur le site de la MIFOR, vous disposerez des descriptifs des formations ainsi que des codes pour l&rsquo;inscription.<\/span><\/p>\n<p><span style=\"font-size: small;\"><strong>Consultation sur Gaia avec possibilit\u00e9 de <a href=\"https:\/\/mifor.ac-nancy-metz.fr\/comment-minscrire\/\" target=\"_blank\" rel=\"noopener noreferrer\">s\u2019inscrire<\/a><\/strong><\/span><\/p>\n<p>Attention, le mode d\u2019acc\u00e8s \u00e0 cette application se fait en suivant le chemin suivant\u00a0:<\/p>\n<p><center><a class=\"spip_out\" href=\"https:\/\/partage.ac-nancy-metz.fr\/\" target=\"_blank\" rel=\"external noopener noreferrer\">https:\/\/partage.ac-nancy-metz.fr<\/a><\/center><br \/>\nL\u2019identifiant et le mot de passe demand\u00e9s sont ceux de la messagerie acad\u00e9mique professionnelle.<\/p>\n<ul class=\"spip\">\n<li>L\u2019identifiant se compose, de l\u2019initiale du pr\u00e9nom suivie du nom, avec \u00e9ventuellement un num\u00e9ro en cas d\u2019homonymie (par exemple pour Marcel Dupont\u00a0: Mdupont4).<\/li>\n<li>Le mot de passe est le numen ou celui choisi pour remplacer le numen.<\/li>\n<li>Cliquer ensuite dans la colonne de gauche sur l\u2019ic\u00f4ne portail ARENA.<\/li>\n<li>Cliquer ensuite sur Gestion des Personnels (colonne de gauche) et enfin GAIA acc\u00e8s individuel.<\/li>\n<\/ul>\n<p><span style=\"font-size: small;\">Pour conna\u00eetre votre identifiant et\/ou en cas d\u2019oubli du mot de passe, les liens sur la page d\u2019accueil du Pial donnent la d\u00e9marche pour les r\u00e9cup\u00e9rer.<\/span><\/p>\n<p>&nbsp;<\/p>\n<p><span style=\"font-family: verdana, geneva, sans-serif;\">Retrouvez l&rsquo;ensemble de la proc\u00e9dure en suivant ce lien vers le PAF pratique<\/span><\/p>\n","protected":false},"excerpt":{"rendered":"<p>Programme Acad\u00e9mique de Formation &nbsp; \u00c9ducation musicale et chant choral &#8211; plan de formation La consultation de l\u2019ensemble des informations sur les offres est possible \u00e0 partir\u00a0 de \u00ab acc\u00e9der directement \u00e0 la consultation du paf \u00bb Les dispositifs \u00e0 candidature individuelle en \u00e9ducation musicale et chant choral sont les suivants : &#8211; Diversifier les [&hellip;]<\/p>\n","protected":false},"author":1,"featured_media":0,"parent":0,"menu_order":0,"comment_status":"closed","ping_status":"closed","template":"","meta":{"footnotes":""},"class_list":["post-775","page","type-page","status-publish","hentry"],"yoast_head":"<!-- This site is optimized with the Yoast SEO plugin v27.3 - https:\/\/yoast.com\/product\/yoast-seo-wordpress\/ -->\n<title>Programme Acad\u00e9mique de Formation - Education musicale et chant choral<\/title>\n<meta name=\"robots\" content=\"index, follow, max-snippet:-1, max-image-preview:large, max-video-preview:-1\" \/>\n<link rel=\"canonical\" href=\"https:\/\/sites.ac-nancy-metz.fr\/education-musicale\/chant-choral\/programme-academique-de-formation\/\" \/>\n<meta property=\"og:locale\" content=\"fr_FR\" \/>\n<meta property=\"og:type\" content=\"article\" \/>\n<meta property=\"og:title\" content=\"Programme Acad\u00e9mique de Formation - Education musicale et chant choral\" \/>\n<meta property=\"og:description\" content=\"Programme Acad\u00e9mique de Formation &nbsp; \u00c9ducation musicale et chant choral &#8211; plan de formation La consultation de l\u2019ensemble des informations sur les offres est possible \u00e0 partir\u00a0 de \u00ab acc\u00e9der directement \u00e0 la consultation du paf \u00bb Les dispositifs \u00e0 candidature individuelle en \u00e9ducation musicale et chant choral sont les suivants : &#8211; Diversifier les [&hellip;]\" \/>\n<meta property=\"og:url\" content=\"https:\/\/sites.ac-nancy-metz.fr\/education-musicale\/chant-choral\/programme-academique-de-formation\/\" \/>\n<meta property=\"og:site_name\" content=\"Education musicale et chant choral\" \/>\n<meta property=\"article:modified_time\" content=\"2021-06-28T06:45:11+00:00\" \/>\n<meta property=\"og:image\" content=\"https:\/\/sites.ac-nancy-metz.fr\/education-musicale\/chant-choral\/wp-content\/uploads\/2023\/05\/cropped-Logo2023.png\" \/>\n\t<meta property=\"og:image:width\" content=\"225\" \/>\n\t<meta property=\"og:image:height\" content=\"96\" \/>\n\t<meta property=\"og:image:type\" content=\"image\/png\" \/>\n<meta name=\"twitter:card\" content=\"summary_large_image\" \/>\n<meta name=\"twitter:label1\" content=\"Dur\u00e9e de lecture estim\u00e9e\" \/>\n\t<meta name=\"twitter:data1\" content=\"1 minute\" \/>\n<script type=\"application\/ld+json\" class=\"yoast-schema-graph\">{\"@context\":\"https:\\\/\\\/schema.org\",\"@graph\":[{\"@type\":\"WebPage\",\"@id\":\"https:\\\/\\\/sites.ac-nancy-metz.fr\\\/education-musicale\\\/chant-choral\\\/programme-academique-de-formation\\\/\",\"url\":\"https:\\\/\\\/sites.ac-nancy-metz.fr\\\/education-musicale\\\/chant-choral\\\/programme-academique-de-formation\\\/\",\"name\":\"Programme Acad\u00e9mique de Formation - Education musicale et chant choral\",\"isPartOf\":{\"@id\":\"https:\\\/\\\/sites.ac-nancy-metz.fr\\\/education-musicale\\\/chant-choral\\\/#website\"},\"datePublished\":\"2018-11-25T14:09:41+00:00\",\"dateModified\":\"2021-06-28T06:45:11+00:00\",\"breadcrumb\":{\"@id\":\"https:\\\/\\\/sites.ac-nancy-metz.fr\\\/education-musicale\\\/chant-choral\\\/programme-academique-de-formation\\\/#breadcrumb\"},\"inLanguage\":\"fr-FR\",\"potentialAction\":[{\"@type\":\"ReadAction\",\"target\":[\"https:\\\/\\\/sites.ac-nancy-metz.fr\\\/education-musicale\\\/chant-choral\\\/programme-academique-de-formation\\\/\"]}]},{\"@type\":\"BreadcrumbList\",\"@id\":\"https:\\\/\\\/sites.ac-nancy-metz.fr\\\/education-musicale\\\/chant-choral\\\/programme-academique-de-formation\\\/#breadcrumb\",\"itemListElement\":[{\"@type\":\"ListItem\",\"position\":1,\"name\":\"Accueil\",\"item\":\"https:\\\/\\\/sites.ac-nancy-metz.fr\\\/education-musicale\\\/chant-choral\\\/\"},{\"@type\":\"ListItem\",\"position\":2,\"name\":\"Programme Acad\u00e9mique de Formation\"}]},{\"@type\":\"WebSite\",\"@id\":\"https:\\\/\\\/sites.ac-nancy-metz.fr\\\/education-musicale\\\/chant-choral\\\/#website\",\"url\":\"https:\\\/\\\/sites.ac-nancy-metz.fr\\\/education-musicale\\\/chant-choral\\\/\",\"name\":\"\u00c9ducation musicale et chant choral Acad\u00e9mie Nancy-Metz\",\"description\":\"Acad\u00e9mie de Nancy-Metz\",\"publisher\":{\"@id\":\"https:\\\/\\\/sites.ac-nancy-metz.fr\\\/education-musicale\\\/chant-choral\\\/#organization\"},\"potentialAction\":[{\"@type\":\"SearchAction\",\"target\":{\"@type\":\"EntryPoint\",\"urlTemplate\":\"https:\\\/\\\/sites.ac-nancy-metz.fr\\\/education-musicale\\\/chant-choral\\\/?s={search_term_string}\"},\"query-input\":{\"@type\":\"PropertyValueSpecification\",\"valueRequired\":true,\"valueName\":\"search_term_string\"}}],\"inLanguage\":\"fr-FR\"},{\"@type\":\"Organization\",\"@id\":\"https:\\\/\\\/sites.ac-nancy-metz.fr\\\/education-musicale\\\/chant-choral\\\/#organization\",\"name\":\"\u00c9ducation musicale et chant choral Acad\u00e9mie Nancy-Metz\",\"url\":\"https:\\\/\\\/sites.ac-nancy-metz.fr\\\/education-musicale\\\/chant-choral\\\/\",\"logo\":{\"@type\":\"ImageObject\",\"inLanguage\":\"fr-FR\",\"@id\":\"https:\\\/\\\/sites.ac-nancy-metz.fr\\\/education-musicale\\\/chant-choral\\\/#\\\/schema\\\/logo\\\/image\\\/\",\"url\":\"https:\\\/\\\/sites.ac-nancy-metz.fr\\\/education-musicale\\\/chant-choral\\\/wp-content\\\/uploads\\\/2023\\\/12\\\/cropped-cropped-Banniere-site.png\",\"contentUrl\":\"https:\\\/\\\/sites.ac-nancy-metz.fr\\\/education-musicale\\\/chant-choral\\\/wp-content\\\/uploads\\\/2023\\\/12\\\/cropped-cropped-Banniere-site.png\",\"width\":3146,\"height\":601,\"caption\":\"\u00c9ducation musicale et chant choral Acad\u00e9mie Nancy-Metz\"},\"image\":{\"@id\":\"https:\\\/\\\/sites.ac-nancy-metz.fr\\\/education-musicale\\\/chant-choral\\\/#\\\/schema\\\/logo\\\/image\\\/\"}}]}<\/script>\n<!-- \/ Yoast SEO plugin. -->","yoast_head_json":{"title":"Programme Acad\u00e9mique de Formation - Education musicale et chant choral","robots":{"index":"index","follow":"follow","max-snippet":"max-snippet:-1","max-image-preview":"max-image-preview:large","max-video-preview":"max-video-preview:-1"},"canonical":"https:\/\/sites.ac-nancy-metz.fr\/education-musicale\/chant-choral\/programme-academique-de-formation\/","og_locale":"fr_FR","og_type":"article","og_title":"Programme Acad\u00e9mique de Formation - Education musicale et chant choral","og_description":"Programme Acad\u00e9mique de Formation &nbsp; \u00c9ducation musicale et chant choral &#8211; plan de formation La consultation de l\u2019ensemble des informations sur les offres est possible \u00e0 partir\u00a0 de \u00ab acc\u00e9der directement \u00e0 la consultation du paf \u00bb Les dispositifs \u00e0 candidature individuelle en \u00e9ducation musicale et chant choral sont les suivants : &#8211; Diversifier les [&hellip;]","og_url":"https:\/\/sites.ac-nancy-metz.fr\/education-musicale\/chant-choral\/programme-academique-de-formation\/","og_site_name":"Education musicale et chant choral","article_modified_time":"2021-06-28T06:45:11+00:00","og_image":[{"width":225,"height":96,"url":"https:\/\/sites.ac-nancy-metz.fr\/education-musicale\/chant-choral\/wp-content\/uploads\/2023\/05\/cropped-Logo2023.png","type":"image\/png"}],"twitter_card":"summary_large_image","twitter_misc":{"Dur\u00e9e de lecture estim\u00e9e":"1 minute"},"schema":{"@context":"https:\/\/schema.org","@graph":[{"@type":"WebPage","@id":"https:\/\/sites.ac-nancy-metz.fr\/education-musicale\/chant-choral\/programme-academique-de-formation\/","url":"https:\/\/sites.ac-nancy-metz.fr\/education-musicale\/chant-choral\/programme-academique-de-formation\/","name":"Programme Acad\u00e9mique de Formation - Education musicale et chant choral","isPartOf":{"@id":"https:\/\/sites.ac-nancy-metz.fr\/education-musicale\/chant-choral\/#website"},"datePublished":"2018-11-25T14:09:41+00:00","dateModified":"2021-06-28T06:45:11+00:00","breadcrumb":{"@id":"https:\/\/sites.ac-nancy-metz.fr\/education-musicale\/chant-choral\/programme-academique-de-formation\/#breadcrumb"},"inLanguage":"fr-FR","potentialAction":[{"@type":"ReadAction","target":["https:\/\/sites.ac-nancy-metz.fr\/education-musicale\/chant-choral\/programme-academique-de-formation\/"]}]},{"@type":"BreadcrumbList","@id":"https:\/\/sites.ac-nancy-metz.fr\/education-musicale\/chant-choral\/programme-academique-de-formation\/#breadcrumb","itemListElement":[{"@type":"ListItem","position":1,"name":"Accueil","item":"https:\/\/sites.ac-nancy-metz.fr\/education-musicale\/chant-choral\/"},{"@type":"ListItem","position":2,"name":"Programme Acad\u00e9mique de Formation"}]},{"@type":"WebSite","@id":"https:\/\/sites.ac-nancy-metz.fr\/education-musicale\/chant-choral\/#website","url":"https:\/\/sites.ac-nancy-metz.fr\/education-musicale\/chant-choral\/","name":"\u00c9ducation musicale et chant choral Acad\u00e9mie Nancy-Metz","description":"Acad\u00e9mie de Nancy-Metz","publisher":{"@id":"https:\/\/sites.ac-nancy-metz.fr\/education-musicale\/chant-choral\/#organization"},"potentialAction":[{"@type":"SearchAction","target":{"@type":"EntryPoint","urlTemplate":"https:\/\/sites.ac-nancy-metz.fr\/education-musicale\/chant-choral\/?s={search_term_string}"},"query-input":{"@type":"PropertyValueSpecification","valueRequired":true,"valueName":"search_term_string"}}],"inLanguage":"fr-FR"},{"@type":"Organization","@id":"https:\/\/sites.ac-nancy-metz.fr\/education-musicale\/chant-choral\/#organization","name":"\u00c9ducation musicale et chant choral Acad\u00e9mie Nancy-Metz","url":"https:\/\/sites.ac-nancy-metz.fr\/education-musicale\/chant-choral\/","logo":{"@type":"ImageObject","inLanguage":"fr-FR","@id":"https:\/\/sites.ac-nancy-metz.fr\/education-musicale\/chant-choral\/#\/schema\/logo\/image\/","url":"https:\/\/sites.ac-nancy-metz.fr\/education-musicale\/chant-choral\/wp-content\/uploads\/2023\/12\/cropped-cropped-Banniere-site.png","contentUrl":"https:\/\/sites.ac-nancy-metz.fr\/education-musicale\/chant-choral\/wp-content\/uploads\/2023\/12\/cropped-cropped-Banniere-site.png","width":3146,"height":601,"caption":"\u00c9ducation musicale et chant choral Acad\u00e9mie Nancy-Metz"},"image":{"@id":"https:\/\/sites.ac-nancy-metz.fr\/education-musicale\/chant-choral\/#\/schema\/logo\/image\/"}}]}},"_links":{"self":[{"href":"https:\/\/sites.ac-nancy-metz.fr\/education-musicale\/chant-choral\/wp-json\/wp\/v2\/pages\/775","targetHints":{"allow":["GET"]}}],"collection":[{"href":"https:\/\/sites.ac-nancy-metz.fr\/education-musicale\/chant-choral\/wp-json\/wp\/v2\/pages"}],"about":[{"href":"https:\/\/sites.ac-nancy-metz.fr\/education-musicale\/chant-choral\/wp-json\/wp\/v2\/types\/page"}],"author":[{"embeddable":true,"href":"https:\/\/sites.ac-nancy-metz.fr\/education-musicale\/chant-choral\/wp-json\/wp\/v2\/users\/1"}],"replies":[{"embeddable":true,"href":"https:\/\/sites.ac-nancy-metz.fr\/education-musicale\/chant-choral\/wp-json\/wp\/v2\/comments?post=775"}],"version-history":[{"count":1,"href":"https:\/\/sites.ac-nancy-metz.fr\/education-musicale\/chant-choral\/wp-json\/wp\/v2\/pages\/775\/revisions"}],"predecessor-version":[{"id":852,"href":"https:\/\/sites.ac-nancy-metz.fr\/education-musicale\/chant-choral\/wp-json\/wp\/v2\/pages\/775\/revisions\/852"}],"wp:attachment":[{"href":"https:\/\/sites.ac-nancy-metz.fr\/education-musicale\/chant-choral\/wp-json\/wp\/v2\/media?parent=775"}],"curies":[{"name":"wp","href":"https:\/\/api.w.org\/{rel}","templated":true}]}}