{"id":887,"date":"2019-03-02T20:07:56","date_gmt":"2019-03-02T19:07:56","guid":{"rendered":"\/education-musicale\/chant-choral\/?page_id=887"},"modified":"2019-07-02T05:35:45","modified_gmt":"2019-07-02T03:35:45","slug":"liste-de-diffusion","status":"publish","type":"page","link":"https:\/\/sites.ac-nancy-metz.fr\/education-musicale\/chant-choral\/liste-de-diffusion\/","title":{"rendered":"Liste de diffusion"},"content":{"rendered":"<p>&nbsp;<\/p>\n<h3>Liste officielle et professionnelle des professeurs d&rsquo;\u00e9ducation musicale<\/h3>\n<p>Cette liste est g\u00e9n\u00e9r\u00e9e automatiquement et comprend tous les professeurs d&rsquo;\u00e9ducation musicale de l&rsquo;acad\u00e9mie de Nancy-Metz avec leur adresse ac-nancy-metz.fr<\/p>\n<p>C&rsquo;est une liste ferm\u00e9e. Seuls les membres de la liste peuvent \u00e9crire.<\/p>\n<p>Contact : <a href=\"mailto:professeurs.musique@ac-nancy-metz.fr\">professeurs.musique@ac-nancy-metz.fr<\/a><\/p>\n<p><strong>C&rsquo;est par cette liste que sont communiqu\u00e9es les informations officielles<\/strong><\/p>\n<hr \/>\n<h3>Liste acad\u00e9mique des professeurs d&rsquo;\u00e9ducation musicale<\/h3>\n<p>Cette liste est \u00e0 inscription libre pour \u00e9change, questions diverses&#8230;<\/p>\n<p>C&rsquo;est une liste ferm\u00e9e. Seuls les membres de la liste peuvent \u00e9crire.<\/p>\n<p>Contactez les personnes inscrites sur la liste musique \u00e0 l&rsquo;adresse\u00a0 <a href=\"mailto:musique@ac-nancy-metz.fr\"><br \/>\nmusique@ac-nancy-metz.fr<\/a><\/p>\n<p>&nbsp;<\/p>\n<p>Vous avez une adresse email, <a href=\"http:\/\/listes.ac-nancy-metz.fr\/wws\" rel=\"external\">inscrivez-vous sur la liste Musique<\/a> de l&rsquo;acad\u00e9mie,<\/p>\n<blockquote>\n<ul>\n<li>\n<p align=\"left\">choisissez dans la liste \u00c9ducation Musicale,<\/p>\n<\/li>\n<li>\n<p align=\"left\">puis <a href=\"mailto:musique@ac-nancy-metz.fr\">musique@ac-nancy-metz.fr<\/a><\/p>\n<\/li>\n<\/ul>\n<p align=\"left\"><img decoding=\"async\" src=\"http:\/\/www.ac-nancy-metz.fr\/enseign\/musique\/images\/liste\/liste2.gif\" alt=\"\" \/>dans la nouvelle page, cliquez sur <i>Abonnement<\/i><\/p>\n<p align=\"left\"><img decoding=\"async\" src=\"http:\/\/www.ac-nancy-metz.fr\/enseign\/musique\/images\/liste\/liste3.gif\" alt=\"\" \/>suivez les instructions.<\/p>\n<\/blockquote>\n","protected":false},"excerpt":{"rendered":"<p>&nbsp; Liste officielle et professionnelle des professeurs d&rsquo;\u00e9ducation musicale Cette liste est g\u00e9n\u00e9r\u00e9e automatiquement et comprend tous les professeurs d&rsquo;\u00e9ducation musicale de l&rsquo;acad\u00e9mie de Nancy-Metz avec leur adresse ac-nancy-metz.fr C&rsquo;est une liste ferm\u00e9e. Seuls les membres de la liste peuvent \u00e9crire. Contact : professeurs.musique@ac-nancy-metz.fr C&rsquo;est par cette liste que sont communiqu\u00e9es les informations officielles Liste [&hellip;]<\/p>\n","protected":false},"author":1,"featured_media":0,"parent":0,"menu_order":0,"comment_status":"closed","ping_status":"closed","template":"","meta":{"footnotes":""},"class_list":["post-887","page","type-page","status-publish","hentry"],"yoast_head":"<!-- This site is optimized with the Yoast SEO plugin v27.3 - https:\/\/yoast.com\/product\/yoast-seo-wordpress\/ -->\n<title>Liste de diffusion - Education musicale et chant choral<\/title>\n<meta name=\"robots\" content=\"index, follow, max-snippet:-1, max-image-preview:large, max-video-preview:-1\" \/>\n<link rel=\"canonical\" href=\"https:\/\/sites.ac-nancy-metz.fr\/education-musicale\/chant-choral\/liste-de-diffusion\/\" \/>\n<meta property=\"og:locale\" content=\"fr_FR\" \/>\n<meta property=\"og:type\" content=\"article\" \/>\n<meta property=\"og:title\" content=\"Liste de diffusion - Education musicale et chant choral\" \/>\n<meta property=\"og:description\" content=\"&nbsp; Liste officielle et professionnelle des professeurs d&rsquo;\u00e9ducation musicale Cette liste est g\u00e9n\u00e9r\u00e9e automatiquement et comprend tous les professeurs d&rsquo;\u00e9ducation musicale de l&rsquo;acad\u00e9mie de Nancy-Metz avec leur adresse ac-nancy-metz.fr C&rsquo;est une liste ferm\u00e9e. Seuls les membres de la liste peuvent \u00e9crire. Contact : professeurs.musique@ac-nancy-metz.fr C&rsquo;est par cette liste que sont communiqu\u00e9es les informations officielles Liste [&hellip;]\" \/>\n<meta property=\"og:url\" content=\"https:\/\/sites.ac-nancy-metz.fr\/education-musicale\/chant-choral\/liste-de-diffusion\/\" \/>\n<meta property=\"og:site_name\" content=\"Education musicale et chant choral\" \/>\n<meta property=\"article:modified_time\" content=\"2019-07-02T03:35:45+00:00\" \/>\n<meta property=\"og:image\" content=\"http:\/\/www.ac-nancy-metz.fr\/enseign\/musique\/images\/liste\/liste2.gif\" \/>\n<meta name=\"twitter:card\" content=\"summary_large_image\" \/>\n<meta name=\"twitter:label1\" content=\"Dur\u00e9e de lecture estim\u00e9e\" \/>\n\t<meta name=\"twitter:data1\" content=\"1 minute\" \/>\n<script type=\"application\/ld+json\" class=\"yoast-schema-graph\">{\"@context\":\"https:\\\/\\\/schema.org\",\"@graph\":[{\"@type\":\"WebPage\",\"@id\":\"https:\\\/\\\/sites.ac-nancy-metz.fr\\\/education-musicale\\\/chant-choral\\\/liste-de-diffusion\\\/\",\"url\":\"https:\\\/\\\/sites.ac-nancy-metz.fr\\\/education-musicale\\\/chant-choral\\\/liste-de-diffusion\\\/\",\"name\":\"Liste de diffusion - Education musicale et chant choral\",\"isPartOf\":{\"@id\":\"https:\\\/\\\/sites.ac-nancy-metz.fr\\\/education-musicale\\\/chant-choral\\\/#website\"},\"primaryImageOfPage\":{\"@id\":\"https:\\\/\\\/sites.ac-nancy-metz.fr\\\/education-musicale\\\/chant-choral\\\/liste-de-diffusion\\\/#primaryimage\"},\"image\":{\"@id\":\"https:\\\/\\\/sites.ac-nancy-metz.fr\\\/education-musicale\\\/chant-choral\\\/liste-de-diffusion\\\/#primaryimage\"},\"thumbnailUrl\":\"http:\\\/\\\/www.ac-nancy-metz.fr\\\/enseign\\\/musique\\\/images\\\/liste\\\/liste2.gif\",\"datePublished\":\"2019-03-02T19:07:56+00:00\",\"dateModified\":\"2019-07-02T03:35:45+00:00\",\"breadcrumb\":{\"@id\":\"https:\\\/\\\/sites.ac-nancy-metz.fr\\\/education-musicale\\\/chant-choral\\\/liste-de-diffusion\\\/#breadcrumb\"},\"inLanguage\":\"fr-FR\",\"potentialAction\":[{\"@type\":\"ReadAction\",\"target\":[\"https:\\\/\\\/sites.ac-nancy-metz.fr\\\/education-musicale\\\/chant-choral\\\/liste-de-diffusion\\\/\"]}]},{\"@type\":\"ImageObject\",\"inLanguage\":\"fr-FR\",\"@id\":\"https:\\\/\\\/sites.ac-nancy-metz.fr\\\/education-musicale\\\/chant-choral\\\/liste-de-diffusion\\\/#primaryimage\",\"url\":\"http:\\\/\\\/www.ac-nancy-metz.fr\\\/enseign\\\/musique\\\/images\\\/liste\\\/liste2.gif\",\"contentUrl\":\"http:\\\/\\\/www.ac-nancy-metz.fr\\\/enseign\\\/musique\\\/images\\\/liste\\\/liste2.gif\"},{\"@type\":\"BreadcrumbList\",\"@id\":\"https:\\\/\\\/sites.ac-nancy-metz.fr\\\/education-musicale\\\/chant-choral\\\/liste-de-diffusion\\\/#breadcrumb\",\"itemListElement\":[{\"@type\":\"ListItem\",\"position\":1,\"name\":\"Accueil\",\"item\":\"https:\\\/\\\/sites.ac-nancy-metz.fr\\\/education-musicale\\\/chant-choral\\\/\"},{\"@type\":\"ListItem\",\"position\":2,\"name\":\"Liste de diffusion\"}]},{\"@type\":\"WebSite\",\"@id\":\"https:\\\/\\\/sites.ac-nancy-metz.fr\\\/education-musicale\\\/chant-choral\\\/#website\",\"url\":\"https:\\\/\\\/sites.ac-nancy-metz.fr\\\/education-musicale\\\/chant-choral\\\/\",\"name\":\"\u00c9ducation musicale et chant choral Acad\u00e9mie Nancy-Metz\",\"description\":\"Acad\u00e9mie de Nancy-Metz\",\"publisher\":{\"@id\":\"https:\\\/\\\/sites.ac-nancy-metz.fr\\\/education-musicale\\\/chant-choral\\\/#organization\"},\"potentialAction\":[{\"@type\":\"SearchAction\",\"target\":{\"@type\":\"EntryPoint\",\"urlTemplate\":\"https:\\\/\\\/sites.ac-nancy-metz.fr\\\/education-musicale\\\/chant-choral\\\/?s={search_term_string}\"},\"query-input\":{\"@type\":\"PropertyValueSpecification\",\"valueRequired\":true,\"valueName\":\"search_term_string\"}}],\"inLanguage\":\"fr-FR\"},{\"@type\":\"Organization\",\"@id\":\"https:\\\/\\\/sites.ac-nancy-metz.fr\\\/education-musicale\\\/chant-choral\\\/#organization\",\"name\":\"\u00c9ducation musicale et chant choral Acad\u00e9mie Nancy-Metz\",\"url\":\"https:\\\/\\\/sites.ac-nancy-metz.fr\\\/education-musicale\\\/chant-choral\\\/\",\"logo\":{\"@type\":\"ImageObject\",\"inLanguage\":\"fr-FR\",\"@id\":\"https:\\\/\\\/sites.ac-nancy-metz.fr\\\/education-musicale\\\/chant-choral\\\/#\\\/schema\\\/logo\\\/image\\\/\",\"url\":\"https:\\\/\\\/sites.ac-nancy-metz.fr\\\/education-musicale\\\/chant-choral\\\/wp-content\\\/uploads\\\/2023\\\/12\\\/cropped-cropped-Banniere-site.png\",\"contentUrl\":\"https:\\\/\\\/sites.ac-nancy-metz.fr\\\/education-musicale\\\/chant-choral\\\/wp-content\\\/uploads\\\/2023\\\/12\\\/cropped-cropped-Banniere-site.png\",\"width\":3146,\"height\":601,\"caption\":\"\u00c9ducation musicale et chant choral Acad\u00e9mie Nancy-Metz\"},\"image\":{\"@id\":\"https:\\\/\\\/sites.ac-nancy-metz.fr\\\/education-musicale\\\/chant-choral\\\/#\\\/schema\\\/logo\\\/image\\\/\"}}]}<\/script>\n<!-- \/ Yoast SEO plugin. -->","yoast_head_json":{"title":"Liste de diffusion - Education musicale et chant choral","robots":{"index":"index","follow":"follow","max-snippet":"max-snippet:-1","max-image-preview":"max-image-preview:large","max-video-preview":"max-video-preview:-1"},"canonical":"https:\/\/sites.ac-nancy-metz.fr\/education-musicale\/chant-choral\/liste-de-diffusion\/","og_locale":"fr_FR","og_type":"article","og_title":"Liste de diffusion - Education musicale et chant choral","og_description":"&nbsp; Liste officielle et professionnelle des professeurs d&rsquo;\u00e9ducation musicale Cette liste est g\u00e9n\u00e9r\u00e9e automatiquement et comprend tous les professeurs d&rsquo;\u00e9ducation musicale de l&rsquo;acad\u00e9mie de Nancy-Metz avec leur adresse ac-nancy-metz.fr C&rsquo;est une liste ferm\u00e9e. Seuls les membres de la liste peuvent \u00e9crire. Contact : professeurs.musique@ac-nancy-metz.fr C&rsquo;est par cette liste que sont communiqu\u00e9es les informations officielles Liste [&hellip;]","og_url":"https:\/\/sites.ac-nancy-metz.fr\/education-musicale\/chant-choral\/liste-de-diffusion\/","og_site_name":"Education musicale et chant choral","article_modified_time":"2019-07-02T03:35:45+00:00","og_image":[{"url":"http:\/\/www.ac-nancy-metz.fr\/enseign\/musique\/images\/liste\/liste2.gif","type":"","width":"","height":""}],"twitter_card":"summary_large_image","twitter_misc":{"Dur\u00e9e de lecture estim\u00e9e":"1 minute"},"schema":{"@context":"https:\/\/schema.org","@graph":[{"@type":"WebPage","@id":"https:\/\/sites.ac-nancy-metz.fr\/education-musicale\/chant-choral\/liste-de-diffusion\/","url":"https:\/\/sites.ac-nancy-metz.fr\/education-musicale\/chant-choral\/liste-de-diffusion\/","name":"Liste de diffusion - Education musicale et chant choral","isPartOf":{"@id":"https:\/\/sites.ac-nancy-metz.fr\/education-musicale\/chant-choral\/#website"},"primaryImageOfPage":{"@id":"https:\/\/sites.ac-nancy-metz.fr\/education-musicale\/chant-choral\/liste-de-diffusion\/#primaryimage"},"image":{"@id":"https:\/\/sites.ac-nancy-metz.fr\/education-musicale\/chant-choral\/liste-de-diffusion\/#primaryimage"},"thumbnailUrl":"http:\/\/www.ac-nancy-metz.fr\/enseign\/musique\/images\/liste\/liste2.gif","datePublished":"2019-03-02T19:07:56+00:00","dateModified":"2019-07-02T03:35:45+00:00","breadcrumb":{"@id":"https:\/\/sites.ac-nancy-metz.fr\/education-musicale\/chant-choral\/liste-de-diffusion\/#breadcrumb"},"inLanguage":"fr-FR","potentialAction":[{"@type":"ReadAction","target":["https:\/\/sites.ac-nancy-metz.fr\/education-musicale\/chant-choral\/liste-de-diffusion\/"]}]},{"@type":"ImageObject","inLanguage":"fr-FR","@id":"https:\/\/sites.ac-nancy-metz.fr\/education-musicale\/chant-choral\/liste-de-diffusion\/#primaryimage","url":"http:\/\/www.ac-nancy-metz.fr\/enseign\/musique\/images\/liste\/liste2.gif","contentUrl":"http:\/\/www.ac-nancy-metz.fr\/enseign\/musique\/images\/liste\/liste2.gif"},{"@type":"BreadcrumbList","@id":"https:\/\/sites.ac-nancy-metz.fr\/education-musicale\/chant-choral\/liste-de-diffusion\/#breadcrumb","itemListElement":[{"@type":"ListItem","position":1,"name":"Accueil","item":"https:\/\/sites.ac-nancy-metz.fr\/education-musicale\/chant-choral\/"},{"@type":"ListItem","position":2,"name":"Liste de diffusion"}]},{"@type":"WebSite","@id":"https:\/\/sites.ac-nancy-metz.fr\/education-musicale\/chant-choral\/#website","url":"https:\/\/sites.ac-nancy-metz.fr\/education-musicale\/chant-choral\/","name":"\u00c9ducation musicale et chant choral Acad\u00e9mie Nancy-Metz","description":"Acad\u00e9mie de Nancy-Metz","publisher":{"@id":"https:\/\/sites.ac-nancy-metz.fr\/education-musicale\/chant-choral\/#organization"},"potentialAction":[{"@type":"SearchAction","target":{"@type":"EntryPoint","urlTemplate":"https:\/\/sites.ac-nancy-metz.fr\/education-musicale\/chant-choral\/?s={search_term_string}"},"query-input":{"@type":"PropertyValueSpecification","valueRequired":true,"valueName":"search_term_string"}}],"inLanguage":"fr-FR"},{"@type":"Organization","@id":"https:\/\/sites.ac-nancy-metz.fr\/education-musicale\/chant-choral\/#organization","name":"\u00c9ducation musicale et chant choral Acad\u00e9mie Nancy-Metz","url":"https:\/\/sites.ac-nancy-metz.fr\/education-musicale\/chant-choral\/","logo":{"@type":"ImageObject","inLanguage":"fr-FR","@id":"https:\/\/sites.ac-nancy-metz.fr\/education-musicale\/chant-choral\/#\/schema\/logo\/image\/","url":"https:\/\/sites.ac-nancy-metz.fr\/education-musicale\/chant-choral\/wp-content\/uploads\/2023\/12\/cropped-cropped-Banniere-site.png","contentUrl":"https:\/\/sites.ac-nancy-metz.fr\/education-musicale\/chant-choral\/wp-content\/uploads\/2023\/12\/cropped-cropped-Banniere-site.png","width":3146,"height":601,"caption":"\u00c9ducation musicale et chant choral Acad\u00e9mie Nancy-Metz"},"image":{"@id":"https:\/\/sites.ac-nancy-metz.fr\/education-musicale\/chant-choral\/#\/schema\/logo\/image\/"}}]}},"_links":{"self":[{"href":"https:\/\/sites.ac-nancy-metz.fr\/education-musicale\/chant-choral\/wp-json\/wp\/v2\/pages\/887","targetHints":{"allow":["GET"]}}],"collection":[{"href":"https:\/\/sites.ac-nancy-metz.fr\/education-musicale\/chant-choral\/wp-json\/wp\/v2\/pages"}],"about":[{"href":"https:\/\/sites.ac-nancy-metz.fr\/education-musicale\/chant-choral\/wp-json\/wp\/v2\/types\/page"}],"author":[{"embeddable":true,"href":"https:\/\/sites.ac-nancy-metz.fr\/education-musicale\/chant-choral\/wp-json\/wp\/v2\/users\/1"}],"replies":[{"embeddable":true,"href":"https:\/\/sites.ac-nancy-metz.fr\/education-musicale\/chant-choral\/wp-json\/wp\/v2\/comments?post=887"}],"version-history":[{"count":1,"href":"https:\/\/sites.ac-nancy-metz.fr\/education-musicale\/chant-choral\/wp-json\/wp\/v2\/pages\/887\/revisions"}],"predecessor-version":[{"id":965,"href":"https:\/\/sites.ac-nancy-metz.fr\/education-musicale\/chant-choral\/wp-json\/wp\/v2\/pages\/887\/revisions\/965"}],"wp:attachment":[{"href":"https:\/\/sites.ac-nancy-metz.fr\/education-musicale\/chant-choral\/wp-json\/wp\/v2\/media?parent=887"}],"curies":[{"name":"wp","href":"https:\/\/api.w.org\/{rel}","templated":true}]}}