{"id":900,"date":"2019-03-03T17:33:50","date_gmt":"2019-03-03T16:33:50","guid":{"rendered":"\/education-musicale\/chant-choral\/?page_id=900"},"modified":"2019-04-23T05:28:21","modified_gmt":"2019-04-23T03:28:21","slug":"m-o-o-c-et-auto-formation","status":"publish","type":"page","link":"https:\/\/sites.ac-nancy-metz.fr\/education-musicale\/chant-choral\/m-o-o-c-et-auto-formation\/","title":{"rendered":"M.O.O.C. et Auto-formation"},"content":{"rendered":"<p>Le Mooc (de l&rsquo;anglais Massive Open Online Course), aussi appel\u00e9 \u00ab cours en ligne ouvert \u00e0 tous \u00bb, est un outil de formation \u00e0 distance via Internet.<br \/>\nEn voici plusieurs<\/p>\n<hr \/>\n<p>MOOC M@gist\u00e8re : Le chant choral, \u00e0 port\u00e9e de voix et de gestes<br \/>\n<img loading=\"lazy\" decoding=\"async\" class=\"alignnone size-thumbnail wp-image-906\" src=\"\/education-musicale\/chant-choral\/wp-content\/uploads\/2023\/05\/Logo_Magistere_accueil_icon2-196x150.png\" alt=\"\" width=\"196\" height=\"150\" \/><\/p>\n<p>Effort estim\u00e9 : 3 heures<br \/>\nIl s\u2019agit de vous familiariser avec la direction d\u2019un ch\u0153ur d\u2019\u00e9l\u00e8ves en parcourant plusieurs \u00e9tapes. Vous allez alors d\u00e9couvrir l\u2019importance du jeu, qu\u2019il soit gestuel ou vocal, dans un plaisir musical partag\u00e9.<\/p>\n<p><a href=\"https:\/\/magistere.education.fr\/reseau-canope\/course\/view.php?id=370\">+ D&rsquo;infos<\/a><\/p>\n<hr \/>\n<p>MOOC : La musique au-del\u00e0 du num\u00e9rique<br \/>\n<img loading=\"lazy\" decoding=\"async\" class=\"alignnone size-thumbnail wp-image-901\" src=\"\/education-musicale\/chant-choral\/wp-content\/uploads\/2023\/05\/Mooc_lamusiqueaudeladunumerique-300x150.png\" alt=\"\" width=\"300\" height=\"150\" \/><\/p>\n<p>D\u00e9but des cours 05 nov 2018 &#8211; Fin des cours 09 janv 2019 &#8211; Effort estim\u00e9 : 02:30h\/semaine<\/p>\n<p>D\u00e9couvrez une autre fa\u00e7on d\u2019\u00e9couter et de penser la musique en composant avec les outils num\u00e9riques d&rsquo;aujourd&rsquo;hui. Jouez avec les sons, le temps, les fr\u00e9quences, l\u2019espace, les transformations. D\u00e9couvrez tout un ensemble d\u2019approches h\u00e9rit\u00e9es des exp\u00e9rimentations des ma\u00eetres de la musique \u00e9lectroacoustique, de la musique concr\u00e8te \u00e0 l&rsquo;electronica, de l\u2019analogique au num\u00e9rique en passant par la tape music.<\/p>\n<p><a href=\"https:\/\/www.fun-mooc.fr\/courses\/course-v1:parislumiere+142001+session01\/about\" target=\"_blank\" rel=\"noopener noreferrer\">+ D&rsquo;infos<\/a><\/p>\n<hr \/>\n<p>MOOC : L&rsquo;\u00e9coute en jeu(x)<br \/>\nL&rsquo;\u00e9coute en jeu(x) : une introduction \u00e0 la musicologie<br \/>\n<img loading=\"lazy\" decoding=\"async\" class=\"alignnone size-thumbnail wp-image-902\" src=\"\/education-musicale\/chant-choral\/wp-content\/uploads\/2023\/05\/Mooc_Ecouteenjeu-300x150.png\" alt=\"\" width=\"300\" height=\"150\" \/><br \/>\nD\u00e9but du cours 23 oct 2018 &#8211; Fin du cours 01 f\u00e9v 2019 &#8211; Effort estim\u00e9 : 03:00h\/semaine<\/p>\n<p>Ce MOOC propose une introduction \u00e0 la musicologie \u00e0 partir de la question de l\u2019\u00e9coute musicale. La musique, nous pouvons l\u2019\u00e9couter partout, \u00e0 n\u2019importe quel moment. Pourtant, cette \u00e9coute ne se d\u00e9finit pas ais\u00e9ment, et il est parfois difficile d\u2019en rendre compte ou d\u2019en parler : les facteurs qui la conditionnent sont multiples, ses modalit\u00e9s diverses, ses contextes changeants&#8230;.<\/p>\n<p><a href=\"https:\/\/www.fun-mooc.fr\/courses\/course-v1:univ-evry+94002+session01\/about\" target=\"_blank\" rel=\"noopener noreferrer\">+ D&rsquo;infos<\/a><\/p>\n<p>&nbsp;<\/p>\n","protected":false},"excerpt":{"rendered":"<p>Le Mooc (de l&rsquo;anglais Massive Open Online Course), aussi appel\u00e9 \u00ab cours en ligne ouvert \u00e0 tous \u00bb, est un outil de formation \u00e0 distance via Internet. En voici plusieurs MOOC M@gist\u00e8re : Le chant choral, \u00e0 port\u00e9e de voix et de gestes Effort estim\u00e9 : 3 heures Il s\u2019agit de vous familiariser avec la [&hellip;]<\/p>\n","protected":false},"author":1,"featured_media":0,"parent":0,"menu_order":0,"comment_status":"closed","ping_status":"closed","template":"","meta":{"footnotes":""},"class_list":["post-900","page","type-page","status-publish","hentry"],"yoast_head":"<!-- This site is optimized with the Yoast SEO plugin v27.3 - https:\/\/yoast.com\/product\/yoast-seo-wordpress\/ -->\n<title>M.O.O.C. et Auto-formation - Education musicale et chant choral<\/title>\n<meta name=\"robots\" content=\"index, follow, max-snippet:-1, max-image-preview:large, max-video-preview:-1\" \/>\n<link rel=\"canonical\" href=\"https:\/\/sites.ac-nancy-metz.fr\/education-musicale\/chant-choral\/m-o-o-c-et-auto-formation\/\" \/>\n<meta property=\"og:locale\" content=\"fr_FR\" \/>\n<meta property=\"og:type\" content=\"article\" \/>\n<meta property=\"og:title\" content=\"M.O.O.C. et Auto-formation - Education musicale et chant choral\" \/>\n<meta property=\"og:description\" content=\"Le Mooc (de l&rsquo;anglais Massive Open Online Course), aussi appel\u00e9 \u00ab cours en ligne ouvert \u00e0 tous \u00bb, est un outil de formation \u00e0 distance via Internet. En voici plusieurs MOOC M@gist\u00e8re : Le chant choral, \u00e0 port\u00e9e de voix et de gestes Effort estim\u00e9 : 3 heures Il s\u2019agit de vous familiariser avec la [&hellip;]\" \/>\n<meta property=\"og:url\" content=\"https:\/\/sites.ac-nancy-metz.fr\/education-musicale\/chant-choral\/m-o-o-c-et-auto-formation\/\" \/>\n<meta property=\"og:site_name\" content=\"Education musicale et chant choral\" \/>\n<meta property=\"article:modified_time\" content=\"2019-04-23T03:28:21+00:00\" \/>\n<meta property=\"og:image\" content=\"https:\/\/sites.ac-nancy-metz.fr\/education-musicale\/chant-choral\/wp-content\/uploads\/2023\/05\/cropped-Logo2023.png\" \/>\n\t<meta property=\"og:image:width\" content=\"225\" \/>\n\t<meta property=\"og:image:height\" content=\"96\" \/>\n\t<meta property=\"og:image:type\" content=\"image\/png\" \/>\n<meta name=\"twitter:card\" content=\"summary_large_image\" \/>\n<meta name=\"twitter:label1\" content=\"Dur\u00e9e de lecture estim\u00e9e\" \/>\n\t<meta name=\"twitter:data1\" content=\"1 minute\" \/>\n<script type=\"application\/ld+json\" class=\"yoast-schema-graph\">{\"@context\":\"https:\\\/\\\/schema.org\",\"@graph\":[{\"@type\":\"WebPage\",\"@id\":\"https:\\\/\\\/sites.ac-nancy-metz.fr\\\/education-musicale\\\/chant-choral\\\/m-o-o-c-et-auto-formation\\\/\",\"url\":\"https:\\\/\\\/sites.ac-nancy-metz.fr\\\/education-musicale\\\/chant-choral\\\/m-o-o-c-et-auto-formation\\\/\",\"name\":\"M.O.O.C. et Auto-formation - Education musicale et chant choral\",\"isPartOf\":{\"@id\":\"https:\\\/\\\/sites.ac-nancy-metz.fr\\\/education-musicale\\\/chant-choral\\\/#website\"},\"datePublished\":\"2019-03-03T16:33:50+00:00\",\"dateModified\":\"2019-04-23T03:28:21+00:00\",\"breadcrumb\":{\"@id\":\"https:\\\/\\\/sites.ac-nancy-metz.fr\\\/education-musicale\\\/chant-choral\\\/m-o-o-c-et-auto-formation\\\/#breadcrumb\"},\"inLanguage\":\"fr-FR\",\"potentialAction\":[{\"@type\":\"ReadAction\",\"target\":[\"https:\\\/\\\/sites.ac-nancy-metz.fr\\\/education-musicale\\\/chant-choral\\\/m-o-o-c-et-auto-formation\\\/\"]}]},{\"@type\":\"BreadcrumbList\",\"@id\":\"https:\\\/\\\/sites.ac-nancy-metz.fr\\\/education-musicale\\\/chant-choral\\\/m-o-o-c-et-auto-formation\\\/#breadcrumb\",\"itemListElement\":[{\"@type\":\"ListItem\",\"position\":1,\"name\":\"Accueil\",\"item\":\"https:\\\/\\\/sites.ac-nancy-metz.fr\\\/education-musicale\\\/chant-choral\\\/\"},{\"@type\":\"ListItem\",\"position\":2,\"name\":\"M.O.O.C. et Auto-formation\"}]},{\"@type\":\"WebSite\",\"@id\":\"https:\\\/\\\/sites.ac-nancy-metz.fr\\\/education-musicale\\\/chant-choral\\\/#website\",\"url\":\"https:\\\/\\\/sites.ac-nancy-metz.fr\\\/education-musicale\\\/chant-choral\\\/\",\"name\":\"\u00c9ducation musicale et chant choral Acad\u00e9mie Nancy-Metz\",\"description\":\"Acad\u00e9mie de Nancy-Metz\",\"publisher\":{\"@id\":\"https:\\\/\\\/sites.ac-nancy-metz.fr\\\/education-musicale\\\/chant-choral\\\/#organization\"},\"potentialAction\":[{\"@type\":\"SearchAction\",\"target\":{\"@type\":\"EntryPoint\",\"urlTemplate\":\"https:\\\/\\\/sites.ac-nancy-metz.fr\\\/education-musicale\\\/chant-choral\\\/?s={search_term_string}\"},\"query-input\":{\"@type\":\"PropertyValueSpecification\",\"valueRequired\":true,\"valueName\":\"search_term_string\"}}],\"inLanguage\":\"fr-FR\"},{\"@type\":\"Organization\",\"@id\":\"https:\\\/\\\/sites.ac-nancy-metz.fr\\\/education-musicale\\\/chant-choral\\\/#organization\",\"name\":\"\u00c9ducation musicale et chant choral Acad\u00e9mie Nancy-Metz\",\"url\":\"https:\\\/\\\/sites.ac-nancy-metz.fr\\\/education-musicale\\\/chant-choral\\\/\",\"logo\":{\"@type\":\"ImageObject\",\"inLanguage\":\"fr-FR\",\"@id\":\"https:\\\/\\\/sites.ac-nancy-metz.fr\\\/education-musicale\\\/chant-choral\\\/#\\\/schema\\\/logo\\\/image\\\/\",\"url\":\"https:\\\/\\\/sites.ac-nancy-metz.fr\\\/education-musicale\\\/chant-choral\\\/wp-content\\\/uploads\\\/2023\\\/12\\\/cropped-cropped-Banniere-site.png\",\"contentUrl\":\"https:\\\/\\\/sites.ac-nancy-metz.fr\\\/education-musicale\\\/chant-choral\\\/wp-content\\\/uploads\\\/2023\\\/12\\\/cropped-cropped-Banniere-site.png\",\"width\":3146,\"height\":601,\"caption\":\"\u00c9ducation musicale et chant choral Acad\u00e9mie Nancy-Metz\"},\"image\":{\"@id\":\"https:\\\/\\\/sites.ac-nancy-metz.fr\\\/education-musicale\\\/chant-choral\\\/#\\\/schema\\\/logo\\\/image\\\/\"}}]}<\/script>\n<!-- \/ Yoast SEO plugin. -->","yoast_head_json":{"title":"M.O.O.C. et Auto-formation - Education musicale et chant choral","robots":{"index":"index","follow":"follow","max-snippet":"max-snippet:-1","max-image-preview":"max-image-preview:large","max-video-preview":"max-video-preview:-1"},"canonical":"https:\/\/sites.ac-nancy-metz.fr\/education-musicale\/chant-choral\/m-o-o-c-et-auto-formation\/","og_locale":"fr_FR","og_type":"article","og_title":"M.O.O.C. et Auto-formation - Education musicale et chant choral","og_description":"Le Mooc (de l&rsquo;anglais Massive Open Online Course), aussi appel\u00e9 \u00ab cours en ligne ouvert \u00e0 tous \u00bb, est un outil de formation \u00e0 distance via Internet. En voici plusieurs MOOC M@gist\u00e8re : Le chant choral, \u00e0 port\u00e9e de voix et de gestes Effort estim\u00e9 : 3 heures Il s\u2019agit de vous familiariser avec la [&hellip;]","og_url":"https:\/\/sites.ac-nancy-metz.fr\/education-musicale\/chant-choral\/m-o-o-c-et-auto-formation\/","og_site_name":"Education musicale et chant choral","article_modified_time":"2019-04-23T03:28:21+00:00","og_image":[{"width":225,"height":96,"url":"https:\/\/sites.ac-nancy-metz.fr\/education-musicale\/chant-choral\/wp-content\/uploads\/2023\/05\/cropped-Logo2023.png","type":"image\/png"}],"twitter_card":"summary_large_image","twitter_misc":{"Dur\u00e9e de lecture estim\u00e9e":"1 minute"},"schema":{"@context":"https:\/\/schema.org","@graph":[{"@type":"WebPage","@id":"https:\/\/sites.ac-nancy-metz.fr\/education-musicale\/chant-choral\/m-o-o-c-et-auto-formation\/","url":"https:\/\/sites.ac-nancy-metz.fr\/education-musicale\/chant-choral\/m-o-o-c-et-auto-formation\/","name":"M.O.O.C. et Auto-formation - Education musicale et chant choral","isPartOf":{"@id":"https:\/\/sites.ac-nancy-metz.fr\/education-musicale\/chant-choral\/#website"},"datePublished":"2019-03-03T16:33:50+00:00","dateModified":"2019-04-23T03:28:21+00:00","breadcrumb":{"@id":"https:\/\/sites.ac-nancy-metz.fr\/education-musicale\/chant-choral\/m-o-o-c-et-auto-formation\/#breadcrumb"},"inLanguage":"fr-FR","potentialAction":[{"@type":"ReadAction","target":["https:\/\/sites.ac-nancy-metz.fr\/education-musicale\/chant-choral\/m-o-o-c-et-auto-formation\/"]}]},{"@type":"BreadcrumbList","@id":"https:\/\/sites.ac-nancy-metz.fr\/education-musicale\/chant-choral\/m-o-o-c-et-auto-formation\/#breadcrumb","itemListElement":[{"@type":"ListItem","position":1,"name":"Accueil","item":"https:\/\/sites.ac-nancy-metz.fr\/education-musicale\/chant-choral\/"},{"@type":"ListItem","position":2,"name":"M.O.O.C. et Auto-formation"}]},{"@type":"WebSite","@id":"https:\/\/sites.ac-nancy-metz.fr\/education-musicale\/chant-choral\/#website","url":"https:\/\/sites.ac-nancy-metz.fr\/education-musicale\/chant-choral\/","name":"\u00c9ducation musicale et chant choral Acad\u00e9mie Nancy-Metz","description":"Acad\u00e9mie de Nancy-Metz","publisher":{"@id":"https:\/\/sites.ac-nancy-metz.fr\/education-musicale\/chant-choral\/#organization"},"potentialAction":[{"@type":"SearchAction","target":{"@type":"EntryPoint","urlTemplate":"https:\/\/sites.ac-nancy-metz.fr\/education-musicale\/chant-choral\/?s={search_term_string}"},"query-input":{"@type":"PropertyValueSpecification","valueRequired":true,"valueName":"search_term_string"}}],"inLanguage":"fr-FR"},{"@type":"Organization","@id":"https:\/\/sites.ac-nancy-metz.fr\/education-musicale\/chant-choral\/#organization","name":"\u00c9ducation musicale et chant choral Acad\u00e9mie Nancy-Metz","url":"https:\/\/sites.ac-nancy-metz.fr\/education-musicale\/chant-choral\/","logo":{"@type":"ImageObject","inLanguage":"fr-FR","@id":"https:\/\/sites.ac-nancy-metz.fr\/education-musicale\/chant-choral\/#\/schema\/logo\/image\/","url":"https:\/\/sites.ac-nancy-metz.fr\/education-musicale\/chant-choral\/wp-content\/uploads\/2023\/12\/cropped-cropped-Banniere-site.png","contentUrl":"https:\/\/sites.ac-nancy-metz.fr\/education-musicale\/chant-choral\/wp-content\/uploads\/2023\/12\/cropped-cropped-Banniere-site.png","width":3146,"height":601,"caption":"\u00c9ducation musicale et chant choral Acad\u00e9mie Nancy-Metz"},"image":{"@id":"https:\/\/sites.ac-nancy-metz.fr\/education-musicale\/chant-choral\/#\/schema\/logo\/image\/"}}]}},"_links":{"self":[{"href":"https:\/\/sites.ac-nancy-metz.fr\/education-musicale\/chant-choral\/wp-json\/wp\/v2\/pages\/900","targetHints":{"allow":["GET"]}}],"collection":[{"href":"https:\/\/sites.ac-nancy-metz.fr\/education-musicale\/chant-choral\/wp-json\/wp\/v2\/pages"}],"about":[{"href":"https:\/\/sites.ac-nancy-metz.fr\/education-musicale\/chant-choral\/wp-json\/wp\/v2\/types\/page"}],"author":[{"embeddable":true,"href":"https:\/\/sites.ac-nancy-metz.fr\/education-musicale\/chant-choral\/wp-json\/wp\/v2\/users\/1"}],"replies":[{"embeddable":true,"href":"https:\/\/sites.ac-nancy-metz.fr\/education-musicale\/chant-choral\/wp-json\/wp\/v2\/comments?post=900"}],"version-history":[{"count":1,"href":"https:\/\/sites.ac-nancy-metz.fr\/education-musicale\/chant-choral\/wp-json\/wp\/v2\/pages\/900\/revisions"}],"predecessor-version":[{"id":915,"href":"https:\/\/sites.ac-nancy-metz.fr\/education-musicale\/chant-choral\/wp-json\/wp\/v2\/pages\/900\/revisions\/915"}],"wp:attachment":[{"href":"https:\/\/sites.ac-nancy-metz.fr\/education-musicale\/chant-choral\/wp-json\/wp\/v2\/media?parent=900"}],"curies":[{"name":"wp","href":"https:\/\/api.w.org\/{rel}","templated":true}]}}