{"id":903,"date":"2019-03-03T17:57:10","date_gmt":"2019-03-03T16:57:10","guid":{"rendered":"\/education-musicale\/chant-choral\/?page_id=903"},"modified":"2019-03-03T18:02:32","modified_gmt":"2019-03-03T17:02:32","slug":"mgistere","status":"publish","type":"page","link":"https:\/\/sites.ac-nancy-metz.fr\/education-musicale\/chant-choral\/mgistere\/","title":{"rendered":"M@gist\u00e8re"},"content":{"rendered":"<p><a href=\"https:\/\/magistere.education.fr\/ac-nancy-metz\/\" target=\"_blank\" rel=\"noopener noreferrer\"><img loading=\"lazy\" decoding=\"async\" class=\"alignnone wp-image-904 size-full\" src=\"\/education-musicale\/chant-choral\/wp-content\/uploads\/2023\/05\/Logo_Magistere.png\" alt=\"Vers la page M@gist\u00e8re\" width=\"218\" height=\"67\" \/><\/a><br \/>\n<a href=\"https:\/\/magistere.education.fr\/ac-nancy-metz\/\" target=\"_blank\" rel=\"noopener noreferrer\">Vers la page de connexion<\/a><\/p>\n<p style=\"text-align: center;\"><strong>M@gist\u00e8re en quelques mots<\/strong><\/p>\n<table style=\"height: 267px; width: 721px;\" width=\"625\">\n<tbody>\n<tr>\n<td style=\"width: 208.267px;\"><img loading=\"lazy\" decoding=\"async\" class=\"alignnone size-thumbnail wp-image-905\" src=\"\/education-musicale\/chant-choral\/wp-content\/uploads\/2023\/05\/Logo_Magistere_accueil_icon1-196x150.png\" alt=\"\" width=\"196\" height=\"150\" \/><\/td>\n<td style=\"width: 226.467px;\"><img loading=\"lazy\" decoding=\"async\" class=\"alignnone size-thumbnail wp-image-906\" src=\"\/education-musicale\/chant-choral\/wp-content\/uploads\/2023\/05\/Logo_Magistere_accueil_icon2-196x150.png\" alt=\"\" width=\"196\" height=\"150\" \/><\/td>\n<td style=\"width: 264.267px;\"><img loading=\"lazy\" decoding=\"async\" class=\"alignnone size-thumbnail wp-image-907\" src=\"\/education-musicale\/chant-choral\/wp-content\/uploads\/2023\/05\/Logo_Magistere_accueil_icon3-196x150.png\" alt=\"\" width=\"196\" height=\"150\" \/><\/td>\n<\/tr>\n<tr>\n<td style=\"width: 208.267px; text-align: center;\"><strong>Une plateforme unique<\/strong><br \/>\nPermettant de vous former o\u00f9 et quand vous le souhaitez<\/td>\n<td style=\"width: 226.467px; text-align: center;\"><strong>Une offre de formation<\/strong><br \/>\npersonnalis\u00e9e o\u00f9 vous avez le choix<br \/>\n.<\/td>\n<td style=\"width: 264.267px; text-align: center;\"><strong>Des parcours de qualit\u00e9<\/strong><br \/>\naccompagn\u00e9 ou en auto-formation r\u00e9pondant \u00e0 vos besoins<\/td>\n<\/tr>\n<\/tbody>\n<\/table>\n<p><a href=\"https:\/\/magistere.education.fr\/ac-nancy-metz\/mod\/page\/view.php?id=17\" target=\"_blank\" rel=\"noopener noreferrer\">+ D&rsquo;infos et Aide \u00e0 la connexion<\/a><\/p>\n","protected":false},"excerpt":{"rendered":"<p>Vers la page de connexion M@gist\u00e8re en quelques mots Une plateforme unique Permettant de vous former o\u00f9 et quand vous le souhaitez Une offre de formation personnalis\u00e9e o\u00f9 vous avez le choix . Des parcours de qualit\u00e9 accompagn\u00e9 ou en auto-formation r\u00e9pondant \u00e0 vos besoins + D&rsquo;infos et Aide \u00e0 la connexion<\/p>\n","protected":false},"author":1,"featured_media":0,"parent":0,"menu_order":0,"comment_status":"closed","ping_status":"closed","template":"","meta":{"footnotes":""},"class_list":["post-903","page","type-page","status-publish","hentry"],"yoast_head":"<!-- This site is optimized with the Yoast SEO plugin v27.3 - https:\/\/yoast.com\/product\/yoast-seo-wordpress\/ -->\n<title>M@gist\u00e8re - Education musicale et chant choral<\/title>\n<meta name=\"robots\" content=\"index, follow, max-snippet:-1, max-image-preview:large, max-video-preview:-1\" \/>\n<link rel=\"canonical\" href=\"https:\/\/sites.ac-nancy-metz.fr\/education-musicale\/chant-choral\/mgistere\/\" \/>\n<meta property=\"og:locale\" content=\"fr_FR\" \/>\n<meta property=\"og:type\" content=\"article\" \/>\n<meta property=\"og:title\" content=\"M@gist\u00e8re - Education musicale et chant choral\" \/>\n<meta property=\"og:description\" content=\"Vers la page de connexion M@gist\u00e8re en quelques mots Une plateforme unique Permettant de vous former o\u00f9 et quand vous le souhaitez Une offre de formation personnalis\u00e9e o\u00f9 vous avez le choix . Des parcours de qualit\u00e9 accompagn\u00e9 ou en auto-formation r\u00e9pondant \u00e0 vos besoins + D&rsquo;infos et Aide \u00e0 la connexion\" \/>\n<meta property=\"og:url\" content=\"https:\/\/sites.ac-nancy-metz.fr\/education-musicale\/chant-choral\/mgistere\/\" \/>\n<meta property=\"og:site_name\" content=\"Education musicale et chant choral\" \/>\n<meta property=\"article:modified_time\" content=\"2019-03-03T17:02:32+00:00\" \/>\n<meta property=\"og:image\" content=\"https:\/\/sites.ac-nancy-metz.fr\/education-musicale\/chant-choral\/wp-content\/uploads\/2023\/05\/cropped-Logo2023.png\" \/>\n\t<meta property=\"og:image:width\" content=\"225\" \/>\n\t<meta property=\"og:image:height\" content=\"96\" \/>\n\t<meta property=\"og:image:type\" content=\"image\/png\" \/>\n<meta name=\"twitter:card\" content=\"summary_large_image\" \/>\n<script type=\"application\/ld+json\" class=\"yoast-schema-graph\">{\"@context\":\"https:\\\/\\\/schema.org\",\"@graph\":[{\"@type\":\"WebPage\",\"@id\":\"https:\\\/\\\/sites.ac-nancy-metz.fr\\\/education-musicale\\\/chant-choral\\\/mgistere\\\/\",\"url\":\"https:\\\/\\\/sites.ac-nancy-metz.fr\\\/education-musicale\\\/chant-choral\\\/mgistere\\\/\",\"name\":\"M@gist\u00e8re - Education musicale et chant choral\",\"isPartOf\":{\"@id\":\"https:\\\/\\\/sites.ac-nancy-metz.fr\\\/education-musicale\\\/chant-choral\\\/#website\"},\"datePublished\":\"2019-03-03T16:57:10+00:00\",\"dateModified\":\"2019-03-03T17:02:32+00:00\",\"breadcrumb\":{\"@id\":\"https:\\\/\\\/sites.ac-nancy-metz.fr\\\/education-musicale\\\/chant-choral\\\/mgistere\\\/#breadcrumb\"},\"inLanguage\":\"fr-FR\",\"potentialAction\":[{\"@type\":\"ReadAction\",\"target\":[\"https:\\\/\\\/sites.ac-nancy-metz.fr\\\/education-musicale\\\/chant-choral\\\/mgistere\\\/\"]}]},{\"@type\":\"BreadcrumbList\",\"@id\":\"https:\\\/\\\/sites.ac-nancy-metz.fr\\\/education-musicale\\\/chant-choral\\\/mgistere\\\/#breadcrumb\",\"itemListElement\":[{\"@type\":\"ListItem\",\"position\":1,\"name\":\"Accueil\",\"item\":\"https:\\\/\\\/sites.ac-nancy-metz.fr\\\/education-musicale\\\/chant-choral\\\/\"},{\"@type\":\"ListItem\",\"position\":2,\"name\":\"M@gist\u00e8re\"}]},{\"@type\":\"WebSite\",\"@id\":\"https:\\\/\\\/sites.ac-nancy-metz.fr\\\/education-musicale\\\/chant-choral\\\/#website\",\"url\":\"https:\\\/\\\/sites.ac-nancy-metz.fr\\\/education-musicale\\\/chant-choral\\\/\",\"name\":\"\u00c9ducation musicale et chant choral Acad\u00e9mie Nancy-Metz\",\"description\":\"Acad\u00e9mie de Nancy-Metz\",\"publisher\":{\"@id\":\"https:\\\/\\\/sites.ac-nancy-metz.fr\\\/education-musicale\\\/chant-choral\\\/#organization\"},\"potentialAction\":[{\"@type\":\"SearchAction\",\"target\":{\"@type\":\"EntryPoint\",\"urlTemplate\":\"https:\\\/\\\/sites.ac-nancy-metz.fr\\\/education-musicale\\\/chant-choral\\\/?s={search_term_string}\"},\"query-input\":{\"@type\":\"PropertyValueSpecification\",\"valueRequired\":true,\"valueName\":\"search_term_string\"}}],\"inLanguage\":\"fr-FR\"},{\"@type\":\"Organization\",\"@id\":\"https:\\\/\\\/sites.ac-nancy-metz.fr\\\/education-musicale\\\/chant-choral\\\/#organization\",\"name\":\"\u00c9ducation musicale et chant choral Acad\u00e9mie Nancy-Metz\",\"url\":\"https:\\\/\\\/sites.ac-nancy-metz.fr\\\/education-musicale\\\/chant-choral\\\/\",\"logo\":{\"@type\":\"ImageObject\",\"inLanguage\":\"fr-FR\",\"@id\":\"https:\\\/\\\/sites.ac-nancy-metz.fr\\\/education-musicale\\\/chant-choral\\\/#\\\/schema\\\/logo\\\/image\\\/\",\"url\":\"https:\\\/\\\/sites.ac-nancy-metz.fr\\\/education-musicale\\\/chant-choral\\\/wp-content\\\/uploads\\\/2023\\\/12\\\/cropped-cropped-Banniere-site.png\",\"contentUrl\":\"https:\\\/\\\/sites.ac-nancy-metz.fr\\\/education-musicale\\\/chant-choral\\\/wp-content\\\/uploads\\\/2023\\\/12\\\/cropped-cropped-Banniere-site.png\",\"width\":3146,\"height\":601,\"caption\":\"\u00c9ducation musicale et chant choral Acad\u00e9mie Nancy-Metz\"},\"image\":{\"@id\":\"https:\\\/\\\/sites.ac-nancy-metz.fr\\\/education-musicale\\\/chant-choral\\\/#\\\/schema\\\/logo\\\/image\\\/\"}}]}<\/script>\n<!-- \/ Yoast SEO plugin. -->","yoast_head_json":{"title":"M@gist\u00e8re - Education musicale et chant choral","robots":{"index":"index","follow":"follow","max-snippet":"max-snippet:-1","max-image-preview":"max-image-preview:large","max-video-preview":"max-video-preview:-1"},"canonical":"https:\/\/sites.ac-nancy-metz.fr\/education-musicale\/chant-choral\/mgistere\/","og_locale":"fr_FR","og_type":"article","og_title":"M@gist\u00e8re - Education musicale et chant choral","og_description":"Vers la page de connexion M@gist\u00e8re en quelques mots Une plateforme unique Permettant de vous former o\u00f9 et quand vous le souhaitez Une offre de formation personnalis\u00e9e o\u00f9 vous avez le choix . Des parcours de qualit\u00e9 accompagn\u00e9 ou en auto-formation r\u00e9pondant \u00e0 vos besoins + D&rsquo;infos et Aide \u00e0 la connexion","og_url":"https:\/\/sites.ac-nancy-metz.fr\/education-musicale\/chant-choral\/mgistere\/","og_site_name":"Education musicale et chant choral","article_modified_time":"2019-03-03T17:02:32+00:00","og_image":[{"width":225,"height":96,"url":"https:\/\/sites.ac-nancy-metz.fr\/education-musicale\/chant-choral\/wp-content\/uploads\/2023\/05\/cropped-Logo2023.png","type":"image\/png"}],"twitter_card":"summary_large_image","schema":{"@context":"https:\/\/schema.org","@graph":[{"@type":"WebPage","@id":"https:\/\/sites.ac-nancy-metz.fr\/education-musicale\/chant-choral\/mgistere\/","url":"https:\/\/sites.ac-nancy-metz.fr\/education-musicale\/chant-choral\/mgistere\/","name":"M@gist\u00e8re - Education musicale et chant choral","isPartOf":{"@id":"https:\/\/sites.ac-nancy-metz.fr\/education-musicale\/chant-choral\/#website"},"datePublished":"2019-03-03T16:57:10+00:00","dateModified":"2019-03-03T17:02:32+00:00","breadcrumb":{"@id":"https:\/\/sites.ac-nancy-metz.fr\/education-musicale\/chant-choral\/mgistere\/#breadcrumb"},"inLanguage":"fr-FR","potentialAction":[{"@type":"ReadAction","target":["https:\/\/sites.ac-nancy-metz.fr\/education-musicale\/chant-choral\/mgistere\/"]}]},{"@type":"BreadcrumbList","@id":"https:\/\/sites.ac-nancy-metz.fr\/education-musicale\/chant-choral\/mgistere\/#breadcrumb","itemListElement":[{"@type":"ListItem","position":1,"name":"Accueil","item":"https:\/\/sites.ac-nancy-metz.fr\/education-musicale\/chant-choral\/"},{"@type":"ListItem","position":2,"name":"M@gist\u00e8re"}]},{"@type":"WebSite","@id":"https:\/\/sites.ac-nancy-metz.fr\/education-musicale\/chant-choral\/#website","url":"https:\/\/sites.ac-nancy-metz.fr\/education-musicale\/chant-choral\/","name":"\u00c9ducation musicale et chant choral Acad\u00e9mie Nancy-Metz","description":"Acad\u00e9mie de Nancy-Metz","publisher":{"@id":"https:\/\/sites.ac-nancy-metz.fr\/education-musicale\/chant-choral\/#organization"},"potentialAction":[{"@type":"SearchAction","target":{"@type":"EntryPoint","urlTemplate":"https:\/\/sites.ac-nancy-metz.fr\/education-musicale\/chant-choral\/?s={search_term_string}"},"query-input":{"@type":"PropertyValueSpecification","valueRequired":true,"valueName":"search_term_string"}}],"inLanguage":"fr-FR"},{"@type":"Organization","@id":"https:\/\/sites.ac-nancy-metz.fr\/education-musicale\/chant-choral\/#organization","name":"\u00c9ducation musicale et chant choral Acad\u00e9mie Nancy-Metz","url":"https:\/\/sites.ac-nancy-metz.fr\/education-musicale\/chant-choral\/","logo":{"@type":"ImageObject","inLanguage":"fr-FR","@id":"https:\/\/sites.ac-nancy-metz.fr\/education-musicale\/chant-choral\/#\/schema\/logo\/image\/","url":"https:\/\/sites.ac-nancy-metz.fr\/education-musicale\/chant-choral\/wp-content\/uploads\/2023\/12\/cropped-cropped-Banniere-site.png","contentUrl":"https:\/\/sites.ac-nancy-metz.fr\/education-musicale\/chant-choral\/wp-content\/uploads\/2023\/12\/cropped-cropped-Banniere-site.png","width":3146,"height":601,"caption":"\u00c9ducation musicale et chant choral Acad\u00e9mie Nancy-Metz"},"image":{"@id":"https:\/\/sites.ac-nancy-metz.fr\/education-musicale\/chant-choral\/#\/schema\/logo\/image\/"}}]}},"_links":{"self":[{"href":"https:\/\/sites.ac-nancy-metz.fr\/education-musicale\/chant-choral\/wp-json\/wp\/v2\/pages\/903","targetHints":{"allow":["GET"]}}],"collection":[{"href":"https:\/\/sites.ac-nancy-metz.fr\/education-musicale\/chant-choral\/wp-json\/wp\/v2\/pages"}],"about":[{"href":"https:\/\/sites.ac-nancy-metz.fr\/education-musicale\/chant-choral\/wp-json\/wp\/v2\/types\/page"}],"author":[{"embeddable":true,"href":"https:\/\/sites.ac-nancy-metz.fr\/education-musicale\/chant-choral\/wp-json\/wp\/v2\/users\/1"}],"replies":[{"embeddable":true,"href":"https:\/\/sites.ac-nancy-metz.fr\/education-musicale\/chant-choral\/wp-json\/wp\/v2\/comments?post=903"}],"version-history":[{"count":1,"href":"https:\/\/sites.ac-nancy-metz.fr\/education-musicale\/chant-choral\/wp-json\/wp\/v2\/pages\/903\/revisions"}],"predecessor-version":[{"id":908,"href":"https:\/\/sites.ac-nancy-metz.fr\/education-musicale\/chant-choral\/wp-json\/wp\/v2\/pages\/903\/revisions\/908"}],"wp:attachment":[{"href":"https:\/\/sites.ac-nancy-metz.fr\/education-musicale\/chant-choral\/wp-json\/wp\/v2\/media?parent=903"}],"curies":[{"name":"wp","href":"https:\/\/api.w.org\/{rel}","templated":true}]}}