{"id":957,"date":"2019-06-28T02:41:35","date_gmt":"2019-06-28T00:41:35","guid":{"rendered":"\/education-musicale\/chant-choral\/?page_id=957"},"modified":"2019-07-02T04:59:23","modified_gmt":"2019-07-02T02:59:23","slug":"la-rentree-en-musique-2019","status":"publish","type":"page","link":"https:\/\/sites.ac-nancy-metz.fr\/education-musicale\/chant-choral\/la-rentree-en-musique-2019\/","title":{"rendered":"La rentr\u00e9e en musique 2019"},"content":{"rendered":"<p><strong>La rentr\u00e9e en musique 2019<\/strong><\/p>\n<p><img loading=\"lazy\" decoding=\"async\" class=\"size-thumbnail wp-image-958 alignleft\" src=\"\/education-musicale\/chant-choral\/wp-content\/uploads\/2023\/05\/choral-3871734_640-300x150.png\" alt=\"\" width=\"300\" height=\"150\" \/><\/p>\n<p>La troisi\u00e8me \u00e9dition de cet \u00e9v\u00e9nement aura lieu le lundi 2 septembre 2019, jour de la rentr\u00e9e scolaire dans les \u00e9coles, les coll\u00e8ges et les lyc\u00e9es. Il s&rsquo;agit de d\u00e9velopper la pratique musicale collective afin de b\u00e2tir une \u00ab\u00a0\u00e9cole de la confiance\u00a0\u00bb. Pour cette 3\u00e8me \u00e9dition, les \u00e9l\u00e8ves relevant de l&rsquo;\u00e9ducation prioritaire seront une nouvelle fois tout particuli\u00e8rement invit\u00e9s \u00e0 prendre part \u00e0 cet \u00e9v\u00e9nement.<br \/>\nTextes de r\u00e9f\u00e9rence<br \/>\n\u25a0 Extrait de <a href=\"https:\/\/www.education.gouv.fr\/pid285\/bulletin_officiel.html?cid_bo=142385\" target=\"_blank\" rel=\"noopener noreferrer\">la circulaire de rentr\u00e9e 2019<\/a> (BO n\u00b022 du 29 mai 2019)<br \/>\n\u00ab La cr\u00e9ation d\u2019une chorale par \u00e9cole est un objectif qu\u2019il nous reste \u00e0 atteindre gr\u00e2ce au d\u00e9ploiement du plan choral. En effet, la chorale permet aux \u00e9l\u00e8ves d\u2019entrer dans la musique et de partager le plaisir d\u2019une pratique collective. Aujourd\u2019hui, on \u00e9value \u00e0 pr\u00e8s d\u2019un million les \u00e9l\u00e8ves qui appartiennent \u00e0 une chorale scolaire \u00e0 l\u2019\u00e9cole \u00e9l\u00e9mentaire. Comme chaque ann\u00e9e depuis septembre 2017, la rentr\u00e9e 2019 se fera en musique pour accueillir les \u00e9l\u00e8ves dans une ambiance joyeuse et collective. \u00bb<br \/>\n\u25a0 Le <a href=\"https:\/\/cache.media.eduscol.education.fr\/file\/Actualites\/37\/4\/2018_vm_chorale_VDEF_953374.pdf\">vademecum<\/a> \u00ab La chorale \u00e0 l\u2019\u00e9cole, au coll\u00e8ge et au lyc\u00e9e \u00bb dans le cadre du d\u00e9ploiement du \u00ab Plan chorale \u00bb. Une aide pr\u00e9cieuse pour organiser et mener une chorale dans son \u00e9tablissement.<\/p>\n<p>\u25a0 Sur le site du Minist\u00e8re de l\u2019\u00c9ducation Nationale (Eduscol)<br \/>\n<a href=\"https:\/\/eduscol.education.fr\/cid118984\/rentree-en-musique.html#lien0\" target=\"_blank\" rel=\"noopener noreferrer\">Objectifs \u2013 Ressources \u2013 Retour sur les \u00e9ditions pass\u00e9e<\/a>s\u2026<\/p>\n","protected":false},"excerpt":{"rendered":"<p>La rentr\u00e9e en musique 2019 La troisi\u00e8me \u00e9dition de cet \u00e9v\u00e9nement aura lieu le lundi 2 septembre 2019, jour de la rentr\u00e9e scolaire dans les \u00e9coles, les coll\u00e8ges et les lyc\u00e9es. Il s&rsquo;agit de d\u00e9velopper la pratique musicale collective afin de b\u00e2tir une \u00ab\u00a0\u00e9cole de la confiance\u00a0\u00bb. Pour cette 3\u00e8me \u00e9dition, les \u00e9l\u00e8ves relevant de [&hellip;]<\/p>\n","protected":false},"author":1,"featured_media":0,"parent":0,"menu_order":0,"comment_status":"closed","ping_status":"closed","template":"","meta":{"footnotes":""},"class_list":["post-957","page","type-page","status-publish","hentry"],"yoast_head":"<!-- This site is optimized with the Yoast SEO plugin v27.3 - https:\/\/yoast.com\/product\/yoast-seo-wordpress\/ -->\n<title>La rentr\u00e9e en musique 2019 - Education musicale et chant choral<\/title>\n<meta name=\"robots\" content=\"index, follow, max-snippet:-1, max-image-preview:large, max-video-preview:-1\" \/>\n<link rel=\"canonical\" href=\"https:\/\/sites.ac-nancy-metz.fr\/education-musicale\/chant-choral\/la-rentree-en-musique-2019\/\" \/>\n<meta property=\"og:locale\" content=\"fr_FR\" \/>\n<meta property=\"og:type\" content=\"article\" \/>\n<meta property=\"og:title\" content=\"La rentr\u00e9e en musique 2019 - Education musicale et chant choral\" \/>\n<meta property=\"og:description\" content=\"La rentr\u00e9e en musique 2019 La troisi\u00e8me \u00e9dition de cet \u00e9v\u00e9nement aura lieu le lundi 2 septembre 2019, jour de la rentr\u00e9e scolaire dans les \u00e9coles, les coll\u00e8ges et les lyc\u00e9es. Il s&rsquo;agit de d\u00e9velopper la pratique musicale collective afin de b\u00e2tir une \u00ab\u00a0\u00e9cole de la confiance\u00a0\u00bb. Pour cette 3\u00e8me \u00e9dition, les \u00e9l\u00e8ves relevant de [&hellip;]\" \/>\n<meta property=\"og:url\" content=\"https:\/\/sites.ac-nancy-metz.fr\/education-musicale\/chant-choral\/la-rentree-en-musique-2019\/\" \/>\n<meta property=\"og:site_name\" content=\"Education musicale et chant choral\" \/>\n<meta property=\"article:modified_time\" content=\"2019-07-02T02:59:23+00:00\" \/>\n<meta property=\"og:image\" content=\"https:\/\/sites.ac-nancy-metz.fr\/education-musicale\/chant-choral\/wp-content\/uploads\/2023\/05\/cropped-Logo2023.png\" \/>\n\t<meta property=\"og:image:width\" content=\"225\" \/>\n\t<meta property=\"og:image:height\" content=\"96\" \/>\n\t<meta property=\"og:image:type\" content=\"image\/png\" \/>\n<meta name=\"twitter:card\" content=\"summary_large_image\" \/>\n<meta name=\"twitter:label1\" content=\"Dur\u00e9e de lecture estim\u00e9e\" \/>\n\t<meta name=\"twitter:data1\" content=\"1 minute\" \/>\n<script type=\"application\/ld+json\" class=\"yoast-schema-graph\">{\"@context\":\"https:\\\/\\\/schema.org\",\"@graph\":[{\"@type\":\"WebPage\",\"@id\":\"https:\\\/\\\/sites.ac-nancy-metz.fr\\\/education-musicale\\\/chant-choral\\\/la-rentree-en-musique-2019\\\/\",\"url\":\"https:\\\/\\\/sites.ac-nancy-metz.fr\\\/education-musicale\\\/chant-choral\\\/la-rentree-en-musique-2019\\\/\",\"name\":\"La rentr\u00e9e en musique 2019 - Education musicale et chant choral\",\"isPartOf\":{\"@id\":\"https:\\\/\\\/sites.ac-nancy-metz.fr\\\/education-musicale\\\/chant-choral\\\/#website\"},\"datePublished\":\"2019-06-28T00:41:35+00:00\",\"dateModified\":\"2019-07-02T02:59:23+00:00\",\"breadcrumb\":{\"@id\":\"https:\\\/\\\/sites.ac-nancy-metz.fr\\\/education-musicale\\\/chant-choral\\\/la-rentree-en-musique-2019\\\/#breadcrumb\"},\"inLanguage\":\"fr-FR\",\"potentialAction\":[{\"@type\":\"ReadAction\",\"target\":[\"https:\\\/\\\/sites.ac-nancy-metz.fr\\\/education-musicale\\\/chant-choral\\\/la-rentree-en-musique-2019\\\/\"]}]},{\"@type\":\"BreadcrumbList\",\"@id\":\"https:\\\/\\\/sites.ac-nancy-metz.fr\\\/education-musicale\\\/chant-choral\\\/la-rentree-en-musique-2019\\\/#breadcrumb\",\"itemListElement\":[{\"@type\":\"ListItem\",\"position\":1,\"name\":\"Accueil\",\"item\":\"https:\\\/\\\/sites.ac-nancy-metz.fr\\\/education-musicale\\\/chant-choral\\\/\"},{\"@type\":\"ListItem\",\"position\":2,\"name\":\"La rentr\u00e9e en musique 2019\"}]},{\"@type\":\"WebSite\",\"@id\":\"https:\\\/\\\/sites.ac-nancy-metz.fr\\\/education-musicale\\\/chant-choral\\\/#website\",\"url\":\"https:\\\/\\\/sites.ac-nancy-metz.fr\\\/education-musicale\\\/chant-choral\\\/\",\"name\":\"\u00c9ducation musicale et chant choral Acad\u00e9mie Nancy-Metz\",\"description\":\"Acad\u00e9mie de Nancy-Metz\",\"publisher\":{\"@id\":\"https:\\\/\\\/sites.ac-nancy-metz.fr\\\/education-musicale\\\/chant-choral\\\/#organization\"},\"potentialAction\":[{\"@type\":\"SearchAction\",\"target\":{\"@type\":\"EntryPoint\",\"urlTemplate\":\"https:\\\/\\\/sites.ac-nancy-metz.fr\\\/education-musicale\\\/chant-choral\\\/?s={search_term_string}\"},\"query-input\":{\"@type\":\"PropertyValueSpecification\",\"valueRequired\":true,\"valueName\":\"search_term_string\"}}],\"inLanguage\":\"fr-FR\"},{\"@type\":\"Organization\",\"@id\":\"https:\\\/\\\/sites.ac-nancy-metz.fr\\\/education-musicale\\\/chant-choral\\\/#organization\",\"name\":\"\u00c9ducation musicale et chant choral Acad\u00e9mie Nancy-Metz\",\"url\":\"https:\\\/\\\/sites.ac-nancy-metz.fr\\\/education-musicale\\\/chant-choral\\\/\",\"logo\":{\"@type\":\"ImageObject\",\"inLanguage\":\"fr-FR\",\"@id\":\"https:\\\/\\\/sites.ac-nancy-metz.fr\\\/education-musicale\\\/chant-choral\\\/#\\\/schema\\\/logo\\\/image\\\/\",\"url\":\"https:\\\/\\\/sites.ac-nancy-metz.fr\\\/education-musicale\\\/chant-choral\\\/wp-content\\\/uploads\\\/2023\\\/12\\\/cropped-cropped-Banniere-site.png\",\"contentUrl\":\"https:\\\/\\\/sites.ac-nancy-metz.fr\\\/education-musicale\\\/chant-choral\\\/wp-content\\\/uploads\\\/2023\\\/12\\\/cropped-cropped-Banniere-site.png\",\"width\":3146,\"height\":601,\"caption\":\"\u00c9ducation musicale et chant choral Acad\u00e9mie Nancy-Metz\"},\"image\":{\"@id\":\"https:\\\/\\\/sites.ac-nancy-metz.fr\\\/education-musicale\\\/chant-choral\\\/#\\\/schema\\\/logo\\\/image\\\/\"}}]}<\/script>\n<!-- \/ Yoast SEO plugin. -->","yoast_head_json":{"title":"La rentr\u00e9e en musique 2019 - Education musicale et chant choral","robots":{"index":"index","follow":"follow","max-snippet":"max-snippet:-1","max-image-preview":"max-image-preview:large","max-video-preview":"max-video-preview:-1"},"canonical":"https:\/\/sites.ac-nancy-metz.fr\/education-musicale\/chant-choral\/la-rentree-en-musique-2019\/","og_locale":"fr_FR","og_type":"article","og_title":"La rentr\u00e9e en musique 2019 - Education musicale et chant choral","og_description":"La rentr\u00e9e en musique 2019 La troisi\u00e8me \u00e9dition de cet \u00e9v\u00e9nement aura lieu le lundi 2 septembre 2019, jour de la rentr\u00e9e scolaire dans les \u00e9coles, les coll\u00e8ges et les lyc\u00e9es. Il s&rsquo;agit de d\u00e9velopper la pratique musicale collective afin de b\u00e2tir une \u00ab\u00a0\u00e9cole de la confiance\u00a0\u00bb. Pour cette 3\u00e8me \u00e9dition, les \u00e9l\u00e8ves relevant de [&hellip;]","og_url":"https:\/\/sites.ac-nancy-metz.fr\/education-musicale\/chant-choral\/la-rentree-en-musique-2019\/","og_site_name":"Education musicale et chant choral","article_modified_time":"2019-07-02T02:59:23+00:00","og_image":[{"width":225,"height":96,"url":"https:\/\/sites.ac-nancy-metz.fr\/education-musicale\/chant-choral\/wp-content\/uploads\/2023\/05\/cropped-Logo2023.png","type":"image\/png"}],"twitter_card":"summary_large_image","twitter_misc":{"Dur\u00e9e de lecture estim\u00e9e":"1 minute"},"schema":{"@context":"https:\/\/schema.org","@graph":[{"@type":"WebPage","@id":"https:\/\/sites.ac-nancy-metz.fr\/education-musicale\/chant-choral\/la-rentree-en-musique-2019\/","url":"https:\/\/sites.ac-nancy-metz.fr\/education-musicale\/chant-choral\/la-rentree-en-musique-2019\/","name":"La rentr\u00e9e en musique 2019 - Education musicale et chant choral","isPartOf":{"@id":"https:\/\/sites.ac-nancy-metz.fr\/education-musicale\/chant-choral\/#website"},"datePublished":"2019-06-28T00:41:35+00:00","dateModified":"2019-07-02T02:59:23+00:00","breadcrumb":{"@id":"https:\/\/sites.ac-nancy-metz.fr\/education-musicale\/chant-choral\/la-rentree-en-musique-2019\/#breadcrumb"},"inLanguage":"fr-FR","potentialAction":[{"@type":"ReadAction","target":["https:\/\/sites.ac-nancy-metz.fr\/education-musicale\/chant-choral\/la-rentree-en-musique-2019\/"]}]},{"@type":"BreadcrumbList","@id":"https:\/\/sites.ac-nancy-metz.fr\/education-musicale\/chant-choral\/la-rentree-en-musique-2019\/#breadcrumb","itemListElement":[{"@type":"ListItem","position":1,"name":"Accueil","item":"https:\/\/sites.ac-nancy-metz.fr\/education-musicale\/chant-choral\/"},{"@type":"ListItem","position":2,"name":"La rentr\u00e9e en musique 2019"}]},{"@type":"WebSite","@id":"https:\/\/sites.ac-nancy-metz.fr\/education-musicale\/chant-choral\/#website","url":"https:\/\/sites.ac-nancy-metz.fr\/education-musicale\/chant-choral\/","name":"\u00c9ducation musicale et chant choral Acad\u00e9mie Nancy-Metz","description":"Acad\u00e9mie de Nancy-Metz","publisher":{"@id":"https:\/\/sites.ac-nancy-metz.fr\/education-musicale\/chant-choral\/#organization"},"potentialAction":[{"@type":"SearchAction","target":{"@type":"EntryPoint","urlTemplate":"https:\/\/sites.ac-nancy-metz.fr\/education-musicale\/chant-choral\/?s={search_term_string}"},"query-input":{"@type":"PropertyValueSpecification","valueRequired":true,"valueName":"search_term_string"}}],"inLanguage":"fr-FR"},{"@type":"Organization","@id":"https:\/\/sites.ac-nancy-metz.fr\/education-musicale\/chant-choral\/#organization","name":"\u00c9ducation musicale et chant choral Acad\u00e9mie Nancy-Metz","url":"https:\/\/sites.ac-nancy-metz.fr\/education-musicale\/chant-choral\/","logo":{"@type":"ImageObject","inLanguage":"fr-FR","@id":"https:\/\/sites.ac-nancy-metz.fr\/education-musicale\/chant-choral\/#\/schema\/logo\/image\/","url":"https:\/\/sites.ac-nancy-metz.fr\/education-musicale\/chant-choral\/wp-content\/uploads\/2023\/12\/cropped-cropped-Banniere-site.png","contentUrl":"https:\/\/sites.ac-nancy-metz.fr\/education-musicale\/chant-choral\/wp-content\/uploads\/2023\/12\/cropped-cropped-Banniere-site.png","width":3146,"height":601,"caption":"\u00c9ducation musicale et chant choral Acad\u00e9mie Nancy-Metz"},"image":{"@id":"https:\/\/sites.ac-nancy-metz.fr\/education-musicale\/chant-choral\/#\/schema\/logo\/image\/"}}]}},"_links":{"self":[{"href":"https:\/\/sites.ac-nancy-metz.fr\/education-musicale\/chant-choral\/wp-json\/wp\/v2\/pages\/957","targetHints":{"allow":["GET"]}}],"collection":[{"href":"https:\/\/sites.ac-nancy-metz.fr\/education-musicale\/chant-choral\/wp-json\/wp\/v2\/pages"}],"about":[{"href":"https:\/\/sites.ac-nancy-metz.fr\/education-musicale\/chant-choral\/wp-json\/wp\/v2\/types\/page"}],"author":[{"embeddable":true,"href":"https:\/\/sites.ac-nancy-metz.fr\/education-musicale\/chant-choral\/wp-json\/wp\/v2\/users\/1"}],"replies":[{"embeddable":true,"href":"https:\/\/sites.ac-nancy-metz.fr\/education-musicale\/chant-choral\/wp-json\/wp\/v2\/comments?post=957"}],"version-history":[{"count":0,"href":"https:\/\/sites.ac-nancy-metz.fr\/education-musicale\/chant-choral\/wp-json\/wp\/v2\/pages\/957\/revisions"}],"wp:attachment":[{"href":"https:\/\/sites.ac-nancy-metz.fr\/education-musicale\/chant-choral\/wp-json\/wp\/v2\/media?parent=957"}],"curies":[{"name":"wp","href":"https:\/\/api.w.org\/{rel}","templated":true}]}}