{"id":109,"date":"2024-08-28T13:31:55","date_gmt":"2024-08-28T11:31:55","guid":{"rendered":"https:\/\/sites.ac-nancy-metz.fr\/histoiresdesarts-rombas\/?page_id=109"},"modified":"2026-03-01T11:39:21","modified_gmt":"2026-03-01T10:39:21","slug":"terminale-specialite","status":"publish","type":"page","link":"https:\/\/sites.ac-nancy-metz.fr\/histoiresdesarts-rombas\/terminale-specialite\/","title":{"rendered":"Terminale (Sp\u00e9cialit\u00e9)"},"content":{"rendered":"\n<p>Cet enseignement de 6h d\u00e9butera \u00e0 la rentr\u00e9e 2025 <\/p>\n\n\n\n<div class=\"wp-block-media-text is-stacked-on-mobile\"><figure class=\"wp-block-media-text__media\"><img loading=\"lazy\" decoding=\"async\" width=\"1024\" height=\"609\" src=\"https:\/\/sites.ac-nancy-metz.fr\/histoiresdesarts-rombas\/wp-content\/uploads\/2024\/08\/Gargouille-1024x609.jpg\" alt=\"\" class=\"wp-image-110 size-full\" srcset=\"https:\/\/sites.ac-nancy-metz.fr\/histoiresdesarts-rombas\/wp-content\/uploads\/2024\/08\/Gargouille-1024x609.jpg 1024w, https:\/\/sites.ac-nancy-metz.fr\/histoiresdesarts-rombas\/wp-content\/uploads\/2024\/08\/Gargouille-300x178.jpg 300w, https:\/\/sites.ac-nancy-metz.fr\/histoiresdesarts-rombas\/wp-content\/uploads\/2024\/08\/Gargouille-768x457.jpg 768w, https:\/\/sites.ac-nancy-metz.fr\/histoiresdesarts-rombas\/wp-content\/uploads\/2024\/08\/Gargouille.jpg 1206w\" sizes=\"auto, (max-width: 1024px) 100vw, 1024px\" \/><\/figure><div class=\"wp-block-media-text__content\">\n<p>Le programme de Terminale s&rsquo;articule autour de trois th\u00e8mes : <\/p>\n\n\n\n<p>un artiste <strong>Viollet le duc<\/strong>, un lieu, <strong>Paris<\/strong>, une capitale des arts, un mouvement, le <a href=\"https:\/\/sites.ac-nancy-metz.fr\/histoiresdesarts-rombas\/2026\/03\/01\/femme-feminite-feminisme\/\" data-type=\"link\" data-id=\"https:\/\/sites.ac-nancy-metz.fr\/histoiresdesarts-rombas\/2026\/03\/01\/femme-feminite-feminisme\/\"><strong>f\u00e9minisme <\/strong>et l&rsquo;art.<\/a><\/p>\n\n\n\n<p><\/p>\n\n\n\n<p class=\"has-small-font-size\">Dessin pour la restauration des gargouilles de Notre-Dame de Paris, Viollet Le Duc, 1855. <\/p>\n\n\n\n<h3 class=\"wp-block-heading\"><\/h3>\n<\/div><\/div>\n\n\n\n<p><\/p>\n\n\n\n<p><\/p>\n\n\n\n<div class=\"wp-block-buttons is-layout-flex wp-block-buttons-is-layout-flex\">\n<div class=\"wp-block-button\"><a class=\"wp-block-button__link wp-element-button\">En savoir plus<\/a><\/div>\n<\/div>\n\n\n\n<details class=\"wp-block-details is-layout-flow wp-block-details-is-layout-flow\"><summary>D\u00e9tail du programme limitatif d&rsquo;histoire des arts 2024-2025<br><\/summary>\n<p><strong>Un artiste en son temps&nbsp;: Eug\u00e8ne Viollet-le-Duc (1814-1879)<\/strong><\/p>\n\n\n\n<p>L\u2019incendie de Notre-Dame de Paris en 2019 et les d\u00e9bats sur la restauration de la fl\u00e8che ont mis en lumi\u00e8re le r\u00f4le majeur d\u2019Eug\u00e8ne Viollet-le-Duc (1814-1879) dans l\u2019identit\u00e9 patrimoniale de la cath\u00e9drale. Si la post\u00e9rit\u00e9 a essentiellement retenu son action de restaurateur de monuments m\u00e9di\u00e9vaux, l\u2019\u0153uvre de Viollet-le-Duc, prot\u00e9iforme, exc\u00e8de cependant la seule intervention sur le b\u00e2ti pr\u00e9existant pour aborder le dessin, l\u2019observation de la nature, celle de l\u2019environnement et la cr\u00e9ation architecturale.<\/p>\n\n\n\n<p>L\u2019\u0153uvre de Viollet-le-Duc s\u2019inscrit pleinement dans son \u00e9poque et dans les d\u00e9bats qui l\u2019animent, dont celui sur l\u2019\u00e9mergence d\u2019une conscience patrimoniale. Artiste prolixe, il combine une position administrative privil\u00e9gi\u00e9e pour traiter des questions de restauration monumentale avec une cr\u00e9ativit\u00e9 qui s\u2019exprime sur de nombreux monuments m\u00e9di\u00e9vaux en alliant le souci d\u00e9coratif \u00e0 l\u2019essence architecturale.<\/p>\n\n\n\n<p>Faisant \u0153uvre de professeur et d\u2019historien, Viollet-le-Duc contribue \u00e0 la transmission et \u00e0 la p\u00e9rennisation des connaissances. Artiste aux multiples talents, sa pr\u00e9cocit\u00e9, son audace et sa curiosit\u00e9 essaiment sur l\u2019ensemble du territoire. La figure de cet \u00e9rudit, qui \u00e9volue dans un XIXe&nbsp;si\u00e8cle p\u00e9tri de connaissances historiques, interroge et fascine l\u2019histoire des arts pour ce qu\u2019elle r\u00e9v\u00e8le de l\u2019artiste en son temps.<\/p>\n\n\n\n<p>Consid\u00e9r\u00e9 comme le pr\u00e9curseur de l\u2019architecture moderne par les uns, trop interventionniste pour les autres, Viollet-le-Duc ne laisse pas indiff\u00e9rent, pr\u00e8s de cent cinquante ans apr\u00e8s sa mort. L\u2019\u00e9tude de son \u0153uvre permettra aux \u00e9l\u00e8ves de l\u2019enseignement de sp\u00e9cialit\u00e9 d\u2019interroger les grands enjeux des politiques patrimoniales, au premier rang desquelles les questions toujours vives de l\u2019authenticit\u00e9 et de la p\u00e9rennit\u00e9 inscrites au c\u0153ur du travail de restauration.<\/p>\n\n\n\n<p><strong>Arts, ville, politique et soci\u00e9t\u00e9&nbsp;: Paris, capitale des arts, premi\u00e8re<sup><\/sup>moiti\u00e9 du XXe&nbsp;si\u00e8cle (question renouvel\u00e9e pour l\u2019ann\u00e9e scolaire&nbsp;2024-2025)<\/strong><\/p>\n\n\n\n<p>Berceau de multiples avant-gardes, de courants artistiques, Paris s\u2019est affirm\u00e9e, tout au long de la premi\u00e8re moiti\u00e9 du XXe&nbsp;si\u00e8cle, comme la capitale des arts. Avant que ne s\u2019op\u00e8re au milieu du si\u00e8cle le basculement qui, comme l\u2019\u00e9crit Harold Rosenberg dans son article sur la chute de Paris[1], \u00ab&nbsp;ferma le laboratoire du XXe&nbsp;si\u00e8cle&nbsp;\u00bb, la capitale fran\u00e7aise devient le point de convergence des artistes du monde entier, attir\u00e9s par une nouvelle dynamique cr\u00e9ative alli\u00e9e \u00e0 de nouvelles formes d\u2019expression et d\u2019existence \u00ab&nbsp;boh\u00e8me&nbsp;\u00bb. Les rapprochements entre acteurs cl\u00e9s du mouvement moderne et les artistes venus d\u2019autres pays contribuent, autant qu\u2019ils en sont la cons\u00e9quence, \u00e0 la vitalit\u00e9 et \u00e0 la fertilit\u00e9 de la cr\u00e9ation artistique. Reste \u00e0 en analyser les raisons esth\u00e9tiques, mat\u00e9rielles et politiques.<\/p>\n\n\n\n<p>Cette position centrale de Paris s\u2019observe tout autant dans les diff\u00e9rents champs de la cr\u00e9ation (la peinture, la sculpture, la photographie, l\u2019architecture&nbsp;; la musique, la danse, les lettres, la mode, etc.), dans l\u2019activit\u00e9 du march\u00e9 de l\u2019art (et des galeries), que dans l\u2019inscription de la vie artistique dans la g\u00e9ographie de Paris. Les d\u00e9placements des foyers de cr\u00e9ation d\u2019un quartier de la ville \u00e0 l\u2019autre laissent des traces dans la vie des caf\u00e9s, cabarets, galeries, ateliers, acad\u00e9mies que fr\u00e9quentent les artistes. Cette question du programme limitatif appelle donc \u00e0 envisager la vie artistique parisienne, entre cr\u00e9ation, histoire sociale et contingences politiques des arts.<\/p>\n\n\n\n<p>S\u2019il est vain de fixer arbitrairement les \u00e9v\u00e9nements ou les dates qui ouvriraient et cl\u00f4tureraient cette p\u00e9riode, il peut en revanche s\u2019av\u00e9rer particuli\u00e8rement stimulant d\u2019interroger les \u00e9l\u00e9ments de contexte, d\u2019identifier les dynamiques, y compris en termes de politiques culturelles, qui ont favoris\u00e9 l\u2019\u00e9mergence de Paris comme capitale des arts, et ce qui a pu conduire \u00e0 son d\u00e9clin au milieu du XXe&nbsp;si\u00e8cle au profit d\u2019autres foyers, notamment am\u00e9ricains.<\/p>\n\n\n\n<p><strong>Objets et enjeux de l\u2019histoire des arts&nbsp;: femmes, f\u00e9minit\u00e9, f\u00e9minisme<\/strong><\/p>\n\n\n\n<p>Th\u00e8me r\u00e9current dans l\u2019art, la figure f\u00e9minine endosse une multitude de statuts au service des \u0153uvres&nbsp;; muse, image ou symbole, elle est souvent une repr\u00e9sentation fantasm\u00e9e, \u00e9rotis\u00e9e, id\u00e9alis\u00e9e et qui peut servir de mod\u00e8le aux multiples fonctions sociales, tour \u00e0 tour incarnation de la sensualit\u00e9, de la maternit\u00e9, des figures all\u00e9goriques li\u00e9es au sacr\u00e9, \u00e0 la dimension politique ou aux vertus.<\/p>\n\n\n\n<p>Cette hyper pr\u00e9sence comme sujet ne parvient cependant pas \u00e0 masquer la relative invisibilit\u00e9 des femmes comme cr\u00e9atrices, alors m\u00eame que le geste artistique f\u00e9minin est attest\u00e9 depuis l\u2019Antiquit\u00e9. Ancr\u00e9e dans une approche transhistorique, attentive aux \u00e9volutions r\u00e9centes du contexte social, politique et culturel d\u00e9sormais largement soucieux d\u2019\u00e9quit\u00e9 et d\u2019\u00e9galit\u00e9, cette question permet de jeter un regard nouveau sur ces cr\u00e9atrices trop souvent rest\u00e9es dans l\u2019ombre d\u2019artistes masculins, voire anonymis\u00e9es&nbsp;; rares sont les noms de femmes qui ont travers\u00e9 les si\u00e8cles, trop souvent accol\u00e9s \u00e0 celui d\u2019un ma\u00eetre, d\u2019un \u00e9poux, d\u2019un employeur, d\u2019un condisciple masculin.<\/p>\n\n\n\n<p>De la m\u00eame mani\u00e8re, cette question doit permettre de restituer la richesse des pr\u00e9sences f\u00e9minines dans le domaine des arts, y compris dans leur contribution \u00e0 la connaissance, la diffusion et la pr\u00e9servation, comme collectionneuses, m\u00e9c\u00e8nes, \u00e9rudites, historiennes, th\u00e9oriciennes ou conservatrices. En appui sur certaines d\u00e9marches \u00e9mancipatrices, elle interroge enfin la revendication d\u2019une place pour les femmes dans les arts, dans des d\u00e9marches volontaristes li\u00e9es notamment, pour les d\u00e9cennies les plus r\u00e9centes, aux combats f\u00e9ministes.<\/p>\n<\/details>\n","protected":false},"excerpt":{"rendered":"<p>Cet enseignement de 6h d\u00e9butera \u00e0 la rentr\u00e9e 2025 Le programme de Terminale s&rsquo;articule autour de trois th\u00e8mes : un<\/p>\n","protected":false},"author":1,"featured_media":0,"parent":0,"menu_order":0,"comment_status":"closed","ping_status":"closed","template":"","meta":{"footnotes":""},"class_list":["post-109","page","type-page","status-publish","hentry"],"_links":{"self":[{"href":"https:\/\/sites.ac-nancy-metz.fr\/histoiresdesarts-rombas\/wp-json\/wp\/v2\/pages\/109","targetHints":{"allow":["GET"]}}],"collection":[{"href":"https:\/\/sites.ac-nancy-metz.fr\/histoiresdesarts-rombas\/wp-json\/wp\/v2\/pages"}],"about":[{"href":"https:\/\/sites.ac-nancy-metz.fr\/histoiresdesarts-rombas\/wp-json\/wp\/v2\/types\/page"}],"author":[{"embeddable":true,"href":"https:\/\/sites.ac-nancy-metz.fr\/histoiresdesarts-rombas\/wp-json\/wp\/v2\/users\/1"}],"replies":[{"embeddable":true,"href":"https:\/\/sites.ac-nancy-metz.fr\/histoiresdesarts-rombas\/wp-json\/wp\/v2\/comments?post=109"}],"version-history":[{"count":7,"href":"https:\/\/sites.ac-nancy-metz.fr\/histoiresdesarts-rombas\/wp-json\/wp\/v2\/pages\/109\/revisions"}],"predecessor-version":[{"id":435,"href":"https:\/\/sites.ac-nancy-metz.fr\/histoiresdesarts-rombas\/wp-json\/wp\/v2\/pages\/109\/revisions\/435"}],"wp:attachment":[{"href":"https:\/\/sites.ac-nancy-metz.fr\/histoiresdesarts-rombas\/wp-json\/wp\/v2\/media?parent=109"}],"curies":[{"name":"wp","href":"https:\/\/api.w.org\/{rel}","templated":true}]}}