{"id":305,"date":"2025-01-26T11:55:49","date_gmt":"2025-01-26T10:55:49","guid":{"rendered":"https:\/\/sites.ac-nancy-metz.fr\/histoiresdesarts-rombas\/?page_id=305"},"modified":"2025-01-26T11:55:49","modified_gmt":"2025-01-26T10:55:49","slug":"cartel-augmente-4-une-interpretation-proposee-par-laina","status":"publish","type":"page","link":"https:\/\/sites.ac-nancy-metz.fr\/histoiresdesarts-rombas\/cartel-augmente-4-une-interpretation-proposee-par-laina\/","title":{"rendered":"Cartel augment\u00e9 4 (une interpr\u00e9tation propos\u00e9e par La\u00efna)"},"content":{"rendered":"\n<figure class=\"wp-block-image aligncenter size-full\"><img loading=\"lazy\" decoding=\"async\" width=\"332\" height=\"488\" src=\"https:\/\/sites.ac-nancy-metz.fr\/histoiresdesarts-rombas\/wp-content\/uploads\/2025\/01\/Buia4.jpg\" alt=\"\" class=\"wp-image-265\" srcset=\"https:\/\/sites.ac-nancy-metz.fr\/histoiresdesarts-rombas\/wp-content\/uploads\/2025\/01\/Buia4.jpg 332w, https:\/\/sites.ac-nancy-metz.fr\/histoiresdesarts-rombas\/wp-content\/uploads\/2025\/01\/Buia4-204x300.jpg 204w\" sizes=\"auto, (max-width: 332px) 100vw, 332px\" \/><\/figure>\n\n\n\n<figure class=\"wp-block-audio\"><audio controls src=\"https:\/\/sites.ac-nancy-metz.fr\/histoiresdesarts-rombas\/wp-content\/uploads\/2025\/01\/guettiche_laina.mp3\"><\/audio><\/figure>\n","protected":false},"excerpt":{"rendered":"","protected":false},"author":1,"featured_media":0,"parent":0,"menu_order":0,"comment_status":"closed","ping_status":"closed","template":"","meta":{"footnotes":""},"class_list":["post-305","page","type-page","status-publish","hentry"],"_links":{"self":[{"href":"https:\/\/sites.ac-nancy-metz.fr\/histoiresdesarts-rombas\/wp-json\/wp\/v2\/pages\/305","targetHints":{"allow":["GET"]}}],"collection":[{"href":"https:\/\/sites.ac-nancy-metz.fr\/histoiresdesarts-rombas\/wp-json\/wp\/v2\/pages"}],"about":[{"href":"https:\/\/sites.ac-nancy-metz.fr\/histoiresdesarts-rombas\/wp-json\/wp\/v2\/types\/page"}],"author":[{"embeddable":true,"href":"https:\/\/sites.ac-nancy-metz.fr\/histoiresdesarts-rombas\/wp-json\/wp\/v2\/users\/1"}],"replies":[{"embeddable":true,"href":"https:\/\/sites.ac-nancy-metz.fr\/histoiresdesarts-rombas\/wp-json\/wp\/v2\/comments?post=305"}],"version-history":[{"count":1,"href":"https:\/\/sites.ac-nancy-metz.fr\/histoiresdesarts-rombas\/wp-json\/wp\/v2\/pages\/305\/revisions"}],"predecessor-version":[{"id":308,"href":"https:\/\/sites.ac-nancy-metz.fr\/histoiresdesarts-rombas\/wp-json\/wp\/v2\/pages\/305\/revisions\/308"}],"wp:attachment":[{"href":"https:\/\/sites.ac-nancy-metz.fr\/histoiresdesarts-rombas\/wp-json\/wp\/v2\/media?parent=305"}],"curies":[{"name":"wp","href":"https:\/\/api.w.org\/{rel}","templated":true}]}}