{"id":311,"date":"2025-01-26T19:02:37","date_gmt":"2025-01-26T18:02:37","guid":{"rendered":"https:\/\/sites.ac-nancy-metz.fr\/histoiresdesarts-rombas\/?page_id=311"},"modified":"2025-01-26T19:02:37","modified_gmt":"2025-01-26T18:02:37","slug":"cartel-augmente-5-une-interpretation-proposee-par-jade","status":"publish","type":"page","link":"https:\/\/sites.ac-nancy-metz.fr\/histoiresdesarts-rombas\/cartel-augmente-5-une-interpretation-proposee-par-jade\/","title":{"rendered":"Cartel augment\u00e9 5 (une interpr\u00e9tation propos\u00e9e par Jade)"},"content":{"rendered":"\n<figure class=\"wp-block-image size-full\"><img loading=\"lazy\" decoding=\"async\" width=\"437\" height=\"370\" src=\"https:\/\/sites.ac-nancy-metz.fr\/histoiresdesarts-rombas\/wp-content\/uploads\/2025\/01\/Buia5.jpg\" alt=\"\" class=\"wp-image-266\" srcset=\"https:\/\/sites.ac-nancy-metz.fr\/histoiresdesarts-rombas\/wp-content\/uploads\/2025\/01\/Buia5.jpg 437w, https:\/\/sites.ac-nancy-metz.fr\/histoiresdesarts-rombas\/wp-content\/uploads\/2025\/01\/Buia5-300x254.jpg 300w\" sizes=\"auto, (max-width: 437px) 100vw, 437px\" \/><\/figure>\n\n\n\n<figure class=\"wp-block-audio\"><audio controls src=\"https:\/\/sites.ac-nancy-metz.fr\/histoiresdesarts-rombas\/wp-content\/uploads\/2025\/01\/muller_jade-oeuvre-4.mp3\"><\/audio><\/figure>\n","protected":false},"excerpt":{"rendered":"","protected":false},"author":1,"featured_media":0,"parent":0,"menu_order":0,"comment_status":"closed","ping_status":"closed","template":"","meta":{"footnotes":""},"class_list":["post-311","page","type-page","status-publish","hentry"],"_links":{"self":[{"href":"https:\/\/sites.ac-nancy-metz.fr\/histoiresdesarts-rombas\/wp-json\/wp\/v2\/pages\/311","targetHints":{"allow":["GET"]}}],"collection":[{"href":"https:\/\/sites.ac-nancy-metz.fr\/histoiresdesarts-rombas\/wp-json\/wp\/v2\/pages"}],"about":[{"href":"https:\/\/sites.ac-nancy-metz.fr\/histoiresdesarts-rombas\/wp-json\/wp\/v2\/types\/page"}],"author":[{"embeddable":true,"href":"https:\/\/sites.ac-nancy-metz.fr\/histoiresdesarts-rombas\/wp-json\/wp\/v2\/users\/1"}],"replies":[{"embeddable":true,"href":"https:\/\/sites.ac-nancy-metz.fr\/histoiresdesarts-rombas\/wp-json\/wp\/v2\/comments?post=311"}],"version-history":[{"count":1,"href":"https:\/\/sites.ac-nancy-metz.fr\/histoiresdesarts-rombas\/wp-json\/wp\/v2\/pages\/311\/revisions"}],"predecessor-version":[{"id":314,"href":"https:\/\/sites.ac-nancy-metz.fr\/histoiresdesarts-rombas\/wp-json\/wp\/v2\/pages\/311\/revisions\/314"}],"wp:attachment":[{"href":"https:\/\/sites.ac-nancy-metz.fr\/histoiresdesarts-rombas\/wp-json\/wp\/v2\/media?parent=311"}],"curies":[{"name":"wp","href":"https:\/\/api.w.org\/{rel}","templated":true}]}}