{"id":341,"date":"2025-02-04T22:00:23","date_gmt":"2025-02-04T21:00:23","guid":{"rendered":"https:\/\/sites.ac-nancy-metz.fr\/histoiresdesarts-rombas\/?page_id=341"},"modified":"2026-03-06T16:14:24","modified_gmt":"2026-03-06T15:14:24","slug":"le-lac","status":"publish","type":"page","link":"https:\/\/sites.ac-nancy-metz.fr\/histoiresdesarts-rombas\/le-lac\/","title":{"rendered":"LES EXPOS DU LAC"},"content":{"rendered":"\n<p><\/p>\n\n\n\n<p class=\"has-medium-font-size\"><strong>Du 7 mars au 27 mars 2026, H\u00e9l\u00e8ne ROUX<\/strong> : <a href=\"https:\/\/sites.ac-nancy-metz.fr\/histoiresdesarts-rombas\/lexposition-dhelene-roux\/\" data-type=\"page\" data-id=\"454\">pour en savoir plus<\/a><\/p>\n\n\n\n<figure class=\"wp-block-image size-large\"><img loading=\"lazy\" decoding=\"async\" width=\"724\" height=\"1024\" src=\"https:\/\/sites.ac-nancy-metz.fr\/histoiresdesarts-rombas\/wp-content\/uploads\/2026\/03\/Affiche-2-Helene-Roux-Charline-Heitz-2\u00b03-724x1024.png\" alt=\"\" class=\"wp-image-448\" srcset=\"https:\/\/sites.ac-nancy-metz.fr\/histoiresdesarts-rombas\/wp-content\/uploads\/2026\/03\/Affiche-2-Helene-Roux-Charline-Heitz-2\u00b03-724x1024.png 724w, https:\/\/sites.ac-nancy-metz.fr\/histoiresdesarts-rombas\/wp-content\/uploads\/2026\/03\/Affiche-2-Helene-Roux-Charline-Heitz-2\u00b03-212x300.png 212w, https:\/\/sites.ac-nancy-metz.fr\/histoiresdesarts-rombas\/wp-content\/uploads\/2026\/03\/Affiche-2-Helene-Roux-Charline-Heitz-2\u00b03-768x1086.png 768w, https:\/\/sites.ac-nancy-metz.fr\/histoiresdesarts-rombas\/wp-content\/uploads\/2026\/03\/Affiche-2-Helene-Roux-Charline-Heitz-2\u00b03-1086x1536.png 1086w, https:\/\/sites.ac-nancy-metz.fr\/histoiresdesarts-rombas\/wp-content\/uploads\/2026\/03\/Affiche-2-Helene-Roux-Charline-Heitz-2\u00b03.png 1414w\" sizes=\"auto, (max-width: 724px) 100vw, 724px\" \/><\/figure>\n\n\n\n<p><\/p>\n\n\n\n<p class=\"has-medium-font-size\"><strong>F\u00e9vrier 2025 :Le LIEU d&rsquo;ART et de CULTURE <\/strong>a ouvert ses portes lundi 3 f\u00e9vrier avec une magnifique exposition de l&rsquo;artiste Philippe BUIATTI<\/p>\n\n\n\n<p>Les \u00e9l\u00e8ves d&rsquo;HIDA \u00e9taient invit\u00e9s au vernissage et ont pu voir le travail r\u00e9alis\u00e9 : sc\u00e9nographie, cartels et affiches : <a href=\"https:\/\/sites.ac-nancy-metz.fr\/histoiresdesarts-rombas\/transcorps\/\" data-type=\"page\" data-id=\"349\">pour en savoir plus.<\/a><\/p>\n\n\n\n<p><a href=\"https:\/\/sites.ac-nancy-metz.fr\/histoiresdesarts-rombas\/transcorps\/\" data-type=\"page\" data-id=\"349\">TRANS-CORPS du 28 janvier au 8 mars, une exposition de Philippe BUIATTI<\/a><\/p>\n\n\n\n<figure class=\"wp-block-image aligncenter size-large is-resized\"><a href=\"https:\/\/sites.ac-nancy-metz.fr\/histoiresdesarts-rombas\/transcorps\/\"><img loading=\"lazy\" decoding=\"async\" width=\"724\" height=\"1024\" src=\"https:\/\/sites.ac-nancy-metz.fr\/histoiresdesarts-rombas\/wp-content\/uploads\/2025\/02\/Affiche-Transcorps-Maya-et-Lola-724x1024.png\" alt=\"\" class=\"wp-image-342\" style=\"width:481px;height:auto\" srcset=\"https:\/\/sites.ac-nancy-metz.fr\/histoiresdesarts-rombas\/wp-content\/uploads\/2025\/02\/Affiche-Transcorps-Maya-et-Lola-724x1024.png 724w, https:\/\/sites.ac-nancy-metz.fr\/histoiresdesarts-rombas\/wp-content\/uploads\/2025\/02\/Affiche-Transcorps-Maya-et-Lola-212x300.png 212w, https:\/\/sites.ac-nancy-metz.fr\/histoiresdesarts-rombas\/wp-content\/uploads\/2025\/02\/Affiche-Transcorps-Maya-et-Lola-768x1086.png 768w, https:\/\/sites.ac-nancy-metz.fr\/histoiresdesarts-rombas\/wp-content\/uploads\/2025\/02\/Affiche-Transcorps-Maya-et-Lola-1086x1536.png 1086w, https:\/\/sites.ac-nancy-metz.fr\/histoiresdesarts-rombas\/wp-content\/uploads\/2025\/02\/Affiche-Transcorps-Maya-et-Lola-1448x2048.png 1448w, https:\/\/sites.ac-nancy-metz.fr\/histoiresdesarts-rombas\/wp-content\/uploads\/2025\/02\/Affiche-Transcorps-Maya-et-Lola.png 1587w\" sizes=\"auto, (max-width: 724px) 100vw, 724px\" \/><\/a><\/figure>\n\n\n\n<p><\/p>\n","protected":false},"excerpt":{"rendered":"<p>Du 7 mars au 27 mars 2026, H\u00e9l\u00e8ne ROUX : pour en savoir plus F\u00e9vrier 2025 :Le LIEU d&rsquo;ART et<\/p>\n","protected":false},"author":1,"featured_media":0,"parent":0,"menu_order":0,"comment_status":"closed","ping_status":"closed","template":"","meta":{"footnotes":""},"class_list":["post-341","page","type-page","status-publish","hentry"],"_links":{"self":[{"href":"https:\/\/sites.ac-nancy-metz.fr\/histoiresdesarts-rombas\/wp-json\/wp\/v2\/pages\/341","targetHints":{"allow":["GET"]}}],"collection":[{"href":"https:\/\/sites.ac-nancy-metz.fr\/histoiresdesarts-rombas\/wp-json\/wp\/v2\/pages"}],"about":[{"href":"https:\/\/sites.ac-nancy-metz.fr\/histoiresdesarts-rombas\/wp-json\/wp\/v2\/types\/page"}],"author":[{"embeddable":true,"href":"https:\/\/sites.ac-nancy-metz.fr\/histoiresdesarts-rombas\/wp-json\/wp\/v2\/users\/1"}],"replies":[{"embeddable":true,"href":"https:\/\/sites.ac-nancy-metz.fr\/histoiresdesarts-rombas\/wp-json\/wp\/v2\/comments?post=341"}],"version-history":[{"count":10,"href":"https:\/\/sites.ac-nancy-metz.fr\/histoiresdesarts-rombas\/wp-json\/wp\/v2\/pages\/341\/revisions"}],"predecessor-version":[{"id":462,"href":"https:\/\/sites.ac-nancy-metz.fr\/histoiresdesarts-rombas\/wp-json\/wp\/v2\/pages\/341\/revisions\/462"}],"wp:attachment":[{"href":"https:\/\/sites.ac-nancy-metz.fr\/histoiresdesarts-rombas\/wp-json\/wp\/v2\/media?parent=341"}],"curies":[{"name":"wp","href":"https:\/\/api.w.org\/{rel}","templated":true}]}}