{"id":454,"date":"2026-03-06T16:13:43","date_gmt":"2026-03-06T15:13:43","guid":{"rendered":"https:\/\/sites.ac-nancy-metz.fr\/histoiresdesarts-rombas\/?page_id=454"},"modified":"2026-03-06T23:59:14","modified_gmt":"2026-03-06T22:59:14","slug":"lexposition-dhelene-roux","status":"publish","type":"page","link":"https:\/\/sites.ac-nancy-metz.fr\/histoiresdesarts-rombas\/lexposition-dhelene-roux\/","title":{"rendered":"L&rsquo;exposition d&rsquo;H\u00e9l\u00e8ne ROUX"},"content":{"rendered":"\n<p>La pr\u00e9sentation de <a href=\"https:\/\/sites.ac-nancy-metz.fr\/histoiresdesarts-rombas\/helene-roux\/\" data-type=\"page\" data-id=\"451\">l&rsquo;artiste H\u00e9l\u00e8ne ROUX<\/a><\/p>\n\n\n\n<p><a href=\"https:\/\/sites.ac-nancy-metz.fr\/histoiresdesarts-rombas\/livret-dexposition\/\" data-type=\"page\" data-id=\"488\">Le livret d&rsquo;exposition<\/a><\/p>\n\n\n\n<p>Les podcasts de l&rsquo;expo : <a href=\"https:\/\/sites.ac-nancy-metz.fr\/histoiresdesarts-rombas\/464-2\/\" data-type=\"page\" data-id=\"464\">Elya<\/a> &#8211; <a href=\"https:\/\/sites.ac-nancy-metz.fr\/histoiresdesarts-rombas\/tatiana\/\" data-type=\"page\" data-id=\"472\">Tatiana<\/a> &#8211; <a href=\"https:\/\/sites.ac-nancy-metz.fr\/histoiresdesarts-rombas\/nolan\/\" data-type=\"page\" data-id=\"475\">Nolan<\/a> &#8211; <a href=\"https:\/\/sites.ac-nancy-metz.fr\/histoiresdesarts-rombas\/kunda\/\" data-type=\"page\" data-id=\"482\">Kunda<\/a><\/p>\n\n\n\n<p>Les affiches propos\u00e9es par les \u00e9l\u00e8ves de 2nde HIDA<\/p>\n\n\n\n<figure class=\"wp-block-gallery has-nested-images columns-default is-cropped wp-block-gallery-1 is-layout-flex wp-block-gallery-is-layout-flex\">\n<figure class=\"wp-block-image size-large\"><img loading=\"lazy\" decoding=\"async\" width=\"724\" height=\"1024\" data-id=\"460\" src=\"https:\/\/sites.ac-nancy-metz.fr\/histoiresdesarts-rombas\/wp-content\/uploads\/2026\/03\/Affiche-2-Helene-Roux-Charline-Heitz-2\u00b03-1-724x1024.png\" alt=\"\" class=\"wp-image-460\" srcset=\"https:\/\/sites.ac-nancy-metz.fr\/histoiresdesarts-rombas\/wp-content\/uploads\/2026\/03\/Affiche-2-Helene-Roux-Charline-Heitz-2\u00b03-1-724x1024.png 724w, https:\/\/sites.ac-nancy-metz.fr\/histoiresdesarts-rombas\/wp-content\/uploads\/2026\/03\/Affiche-2-Helene-Roux-Charline-Heitz-2\u00b03-1-212x300.png 212w, https:\/\/sites.ac-nancy-metz.fr\/histoiresdesarts-rombas\/wp-content\/uploads\/2026\/03\/Affiche-2-Helene-Roux-Charline-Heitz-2\u00b03-1-768x1086.png 768w, https:\/\/sites.ac-nancy-metz.fr\/histoiresdesarts-rombas\/wp-content\/uploads\/2026\/03\/Affiche-2-Helene-Roux-Charline-Heitz-2\u00b03-1-1086x1536.png 1086w, https:\/\/sites.ac-nancy-metz.fr\/histoiresdesarts-rombas\/wp-content\/uploads\/2026\/03\/Affiche-2-Helene-Roux-Charline-Heitz-2\u00b03-1.png 1414w\" sizes=\"auto, (max-width: 724px) 100vw, 724px\" \/><\/figure>\n\n\n\n<figure class=\"wp-block-image size-large\"><img loading=\"lazy\" decoding=\"async\" width=\"724\" height=\"1024\" data-id=\"459\" src=\"https:\/\/sites.ac-nancy-metz.fr\/histoiresdesarts-rombas\/wp-content\/uploads\/2026\/03\/Affiche-Helene-Roux-Lac-2-724x1024.png\" alt=\"\" class=\"wp-image-459\" srcset=\"https:\/\/sites.ac-nancy-metz.fr\/histoiresdesarts-rombas\/wp-content\/uploads\/2026\/03\/Affiche-Helene-Roux-Lac-2-724x1024.png 724w, https:\/\/sites.ac-nancy-metz.fr\/histoiresdesarts-rombas\/wp-content\/uploads\/2026\/03\/Affiche-Helene-Roux-Lac-2-212x300.png 212w, https:\/\/sites.ac-nancy-metz.fr\/histoiresdesarts-rombas\/wp-content\/uploads\/2026\/03\/Affiche-Helene-Roux-Lac-2-768x1086.png 768w, https:\/\/sites.ac-nancy-metz.fr\/histoiresdesarts-rombas\/wp-content\/uploads\/2026\/03\/Affiche-Helene-Roux-Lac-2-1086x1536.png 1086w, https:\/\/sites.ac-nancy-metz.fr\/histoiresdesarts-rombas\/wp-content\/uploads\/2026\/03\/Affiche-Helene-Roux-Lac-2.png 1414w\" sizes=\"auto, (max-width: 724px) 100vw, 724px\" \/><\/figure>\n\n\n\n<figure class=\"wp-block-image size-large\"><img loading=\"lazy\" decoding=\"async\" width=\"724\" height=\"1024\" data-id=\"455\" src=\"https:\/\/sites.ac-nancy-metz.fr\/histoiresdesarts-rombas\/wp-content\/uploads\/2026\/03\/Affiche-Noah-Munch-724x1024.jpg\" alt=\"\" class=\"wp-image-455\" srcset=\"https:\/\/sites.ac-nancy-metz.fr\/histoiresdesarts-rombas\/wp-content\/uploads\/2026\/03\/Affiche-Noah-Munch-724x1024.jpg 724w, https:\/\/sites.ac-nancy-metz.fr\/histoiresdesarts-rombas\/wp-content\/uploads\/2026\/03\/Affiche-Noah-Munch-212x300.jpg 212w, https:\/\/sites.ac-nancy-metz.fr\/histoiresdesarts-rombas\/wp-content\/uploads\/2026\/03\/Affiche-Noah-Munch-768x1086.jpg 768w, https:\/\/sites.ac-nancy-metz.fr\/histoiresdesarts-rombas\/wp-content\/uploads\/2026\/03\/Affiche-Noah-Munch-1086x1536.jpg 1086w, https:\/\/sites.ac-nancy-metz.fr\/histoiresdesarts-rombas\/wp-content\/uploads\/2026\/03\/Affiche-Noah-Munch.jpg 1414w\" sizes=\"auto, (max-width: 724px) 100vw, 724px\" \/><\/figure>\n\n\n\n<figure class=\"wp-block-image size-large\"><img loading=\"lazy\" decoding=\"async\" width=\"724\" height=\"1024\" data-id=\"457\" src=\"https:\/\/sites.ac-nancy-metz.fr\/histoiresdesarts-rombas\/wp-content\/uploads\/2026\/03\/ares-724x1024.png\" alt=\"\" class=\"wp-image-457\" srcset=\"https:\/\/sites.ac-nancy-metz.fr\/histoiresdesarts-rombas\/wp-content\/uploads\/2026\/03\/ares-724x1024.png 724w, https:\/\/sites.ac-nancy-metz.fr\/histoiresdesarts-rombas\/wp-content\/uploads\/2026\/03\/ares-212x300.png 212w, https:\/\/sites.ac-nancy-metz.fr\/histoiresdesarts-rombas\/wp-content\/uploads\/2026\/03\/ares-768x1086.png 768w, https:\/\/sites.ac-nancy-metz.fr\/histoiresdesarts-rombas\/wp-content\/uploads\/2026\/03\/ares-1086x1536.png 1086w, https:\/\/sites.ac-nancy-metz.fr\/histoiresdesarts-rombas\/wp-content\/uploads\/2026\/03\/ares.png 1414w\" sizes=\"auto, (max-width: 724px) 100vw, 724px\" \/><\/figure>\n\n\n\n<figure class=\"wp-block-image size-large\"><img loading=\"lazy\" decoding=\"async\" width=\"724\" height=\"1024\" data-id=\"456\" src=\"https:\/\/sites.ac-nancy-metz.fr\/histoiresdesarts-rombas\/wp-content\/uploads\/2026\/03\/Cabinet-de-curiosite-poetique-724x1024.jpg\" alt=\"\" class=\"wp-image-456\" srcset=\"https:\/\/sites.ac-nancy-metz.fr\/histoiresdesarts-rombas\/wp-content\/uploads\/2026\/03\/Cabinet-de-curiosite-poetique-724x1024.jpg 724w, https:\/\/sites.ac-nancy-metz.fr\/histoiresdesarts-rombas\/wp-content\/uploads\/2026\/03\/Cabinet-de-curiosite-poetique-212x300.jpg 212w, https:\/\/sites.ac-nancy-metz.fr\/histoiresdesarts-rombas\/wp-content\/uploads\/2026\/03\/Cabinet-de-curiosite-poetique-768x1086.jpg 768w, https:\/\/sites.ac-nancy-metz.fr\/histoiresdesarts-rombas\/wp-content\/uploads\/2026\/03\/Cabinet-de-curiosite-poetique-1086x1536.jpg 1086w, https:\/\/sites.ac-nancy-metz.fr\/histoiresdesarts-rombas\/wp-content\/uploads\/2026\/03\/Cabinet-de-curiosite-poetique.jpg 1414w\" sizes=\"auto, (max-width: 724px) 100vw, 724px\" \/><\/figure>\n\n\n\n<figure class=\"wp-block-image size-large\"><img loading=\"lazy\" decoding=\"async\" width=\"724\" height=\"1024\" data-id=\"458\" src=\"https:\/\/sites.ac-nancy-metz.fr\/histoiresdesarts-rombas\/wp-content\/uploads\/2026\/03\/Copie-de-Green-White-Watercolor-Leaf-Page-Border-A3-Poster-724x1024.png\" alt=\"\" class=\"wp-image-458\" srcset=\"https:\/\/sites.ac-nancy-metz.fr\/histoiresdesarts-rombas\/wp-content\/uploads\/2026\/03\/Copie-de-Green-White-Watercolor-Leaf-Page-Border-A3-Poster-724x1024.png 724w, https:\/\/sites.ac-nancy-metz.fr\/histoiresdesarts-rombas\/wp-content\/uploads\/2026\/03\/Copie-de-Green-White-Watercolor-Leaf-Page-Border-A3-Poster-212x300.png 212w, https:\/\/sites.ac-nancy-metz.fr\/histoiresdesarts-rombas\/wp-content\/uploads\/2026\/03\/Copie-de-Green-White-Watercolor-Leaf-Page-Border-A3-Poster-768x1086.png 768w, https:\/\/sites.ac-nancy-metz.fr\/histoiresdesarts-rombas\/wp-content\/uploads\/2026\/03\/Copie-de-Green-White-Watercolor-Leaf-Page-Border-A3-Poster-1086x1536.png 1086w, https:\/\/sites.ac-nancy-metz.fr\/histoiresdesarts-rombas\/wp-content\/uploads\/2026\/03\/Copie-de-Green-White-Watercolor-Leaf-Page-Border-A3-Poster.png 1414w\" sizes=\"auto, (max-width: 724px) 100vw, 724px\" \/><\/figure>\n<\/figure>\n\n\n\n<p><\/p>\n","protected":false},"excerpt":{"rendered":"<p>La pr\u00e9sentation de l&rsquo;artiste H\u00e9l\u00e8ne ROUX Le livret d&rsquo;exposition Les podcasts de l&rsquo;expo : Elya &#8211; Tatiana &#8211; Nolan &#8211;<\/p>\n","protected":false},"author":1,"featured_media":0,"parent":0,"menu_order":0,"comment_status":"closed","ping_status":"closed","template":"","meta":{"footnotes":""},"class_list":["post-454","page","type-page","status-publish","hentry"],"_links":{"self":[{"href":"https:\/\/sites.ac-nancy-metz.fr\/histoiresdesarts-rombas\/wp-json\/wp\/v2\/pages\/454","targetHints":{"allow":["GET"]}}],"collection":[{"href":"https:\/\/sites.ac-nancy-metz.fr\/histoiresdesarts-rombas\/wp-json\/wp\/v2\/pages"}],"about":[{"href":"https:\/\/sites.ac-nancy-metz.fr\/histoiresdesarts-rombas\/wp-json\/wp\/v2\/types\/page"}],"author":[{"embeddable":true,"href":"https:\/\/sites.ac-nancy-metz.fr\/histoiresdesarts-rombas\/wp-json\/wp\/v2\/users\/1"}],"replies":[{"embeddable":true,"href":"https:\/\/sites.ac-nancy-metz.fr\/histoiresdesarts-rombas\/wp-json\/wp\/v2\/comments?post=454"}],"version-history":[{"count":8,"href":"https:\/\/sites.ac-nancy-metz.fr\/histoiresdesarts-rombas\/wp-json\/wp\/v2\/pages\/454\/revisions"}],"predecessor-version":[{"id":491,"href":"https:\/\/sites.ac-nancy-metz.fr\/histoiresdesarts-rombas\/wp-json\/wp\/v2\/pages\/454\/revisions\/491"}],"wp:attachment":[{"href":"https:\/\/sites.ac-nancy-metz.fr\/histoiresdesarts-rombas\/wp-json\/wp\/v2\/media?parent=454"}],"curies":[{"name":"wp","href":"https:\/\/api.w.org\/{rel}","templated":true}]}}