{"id":61,"date":"2024-08-27T11:08:03","date_gmt":"2024-08-27T09:08:03","guid":{"rendered":"https:\/\/sites.ac-nancy-metz.fr\/histoiresdesarts-rombas\/?page_id=61"},"modified":"2024-08-28T17:28:41","modified_gmt":"2024-08-28T15:28:41","slug":"1ere-option-facultative","status":"publish","type":"page","link":"https:\/\/sites.ac-nancy-metz.fr\/histoiresdesarts-rombas\/1ere-option-facultative\/","title":{"rendered":"Premi\u00e8re (Option facultative)"},"content":{"rendered":"\n<p>Cet enseignement optionnel permet aux \u00e9l\u00e8ves qui ont fait \u00ab\u00a0le plein\u00a0\u00bb des enseignements de sp\u00e9cialit\u00e9 de compl\u00e9ter par un enseignement optionnel permettant d&rsquo;enrichir leur culture g\u00e9n\u00e9rale devenant un atout pour certaines fili\u00e8res (art, culture, patrimoine, communication, num\u00e9rique) sur Parcoursup.<\/p>\n\n\n\n<p><\/p>\n\n\n\n<h4 class=\"wp-block-heading\"><strong>L&rsquo;objet d&rsquo;\u00e9tude retenu&nbsp;:&nbsp;L&rsquo;art du portrait en France, XIXe<sup>&nbsp;<\/sup>&#8211; XXIe<sup>&nbsp;<\/sup>si\u00e8cles<\/strong><\/h4>\n\n\n\n<figure class=\"wp-block-image aligncenter size-full\"><img loading=\"lazy\" decoding=\"async\" width=\"389\" height=\"472\" src=\"https:\/\/sites.ac-nancy-metz.fr\/histoiresdesarts-rombas\/wp-content\/uploads\/2024\/08\/Art-du-portrait.jpg\" alt=\"\" class=\"wp-image-64\" srcset=\"https:\/\/sites.ac-nancy-metz.fr\/histoiresdesarts-rombas\/wp-content\/uploads\/2024\/08\/Art-du-portrait.jpg 389w, https:\/\/sites.ac-nancy-metz.fr\/histoiresdesarts-rombas\/wp-content\/uploads\/2024\/08\/Art-du-portrait-247x300.jpg 247w\" sizes=\"auto, (max-width: 389px) 100vw, 389px\" \/><figcaption class=\"wp-element-caption\">La diseuse<em> de bonne aventure<\/em> (d\u00e9tail), Georges la Tour, 1638<\/figcaption><\/figure>\n\n\n\n<p>Une liste limit\u00e9e d&rsquo;\u0153uvres de r\u00e9f\u00e9rence est publi\u00e9e au<a href=\"https:\/\/www.education.gouv.fr\/bo\/20\/Hebdo21\/MENE2009175N.htm\" target=\"_blank\" rel=\"noreferrer noopener\">&nbsp;<abbr title=\"Bulletin officiel\">BO<\/abbr>&nbsp;n\u00b021 du 21 mai 2020<\/a>.&nbsp;La liste indicative d&rsquo;\u0153uvres de r\u00e9f\u00e9rence&nbsp;\u00e0 l&rsquo;appui du programme&nbsp;est&nbsp;:<\/p>\n\n\n\n<div class=\"wp-block-buttons is-vertical is-layout-flex wp-container-core-buttons-is-layout-fe9cc265 wp-block-buttons-is-layout-flex\">\n<div class=\"wp-block-button\"><a class=\"wp-block-button__link wp-element-button\">En savoir plus<\/a><\/div>\n<\/div>\n\n\n\n<details class=\"wp-block-details is-layout-flow wp-block-details-is-layout-flow\"><summary>Oeuvres plastiques et graphiques : quelques pistes<\/summary>\n<p><strong>\u0152uvres plastiques et graphiques<\/strong><\/p>\n\n\n\n<p>&#8211; Ben (Benjamin Vautier dit),&nbsp;<em>Ben le bon, Ben le m\u00e9chant<\/em>, 1995, s\u00e9rigraphie, 42 x 28,5 cm, coll. part.&nbsp;;<\/p>\n\n\n\n<p>&#8211; Blanche Jacques-\u00c9mile,&nbsp;<em>Jeanne Julie R\u00e9gnault, soci\u00e9taire de la Com\u00e9die-Fran\u00e7aise<\/em>, 1889, pastel sur toile, 157 x 76 cm. Mus\u00e9e national du ch\u00e2teau de Versailles&nbsp;;<\/p>\n\n\n\n<p>&#8211; Boldoni Giovanni,&nbsp;<em>Le comte Robert de Montesquiou<\/em>, 1897, huile sur toile, 116 x 82 cm. Mus\u00e9e d&rsquo;Orsay, Paris&nbsp;;<\/p>\n\n\n\n<p>&#8211; Carpeaux Jean-Baptiste,&nbsp;<em>Le prince imp\u00e9rial et son chien N\u00e9ro<\/em>, 1865, marbre, 140 x 65,4 x 61,5 cm. Mus\u00e9e d&rsquo;Orsay, Paris&nbsp;;<\/p>\n\n\n\n<p>&#8211; C\u00e9sar (C\u00e9sar Baldaccini, dit),&nbsp;<em>Victoire de Villetaneuse<\/em>, 1965, fer soud\u00e9, 223 x 90 x 100 cm. Nouveau mus\u00e9e national de Monaco&nbsp;;<\/p>\n\n\n\n<p>&#8211; Claudel Camille,&nbsp;<em>L&rsquo;implorante<\/em>, 1899, bronze, 28,6 x 34,6 x 21 cm. Mus\u00e9e Rodin, Paris&nbsp;;<\/p>\n\n\n\n<p>&#8211; Dantan Jean-Pierre,&nbsp;<em>Portrait-charge de Franz Liszt, dit \u00e0 la chevelure<\/em>, 1836, pl\u00e2tre, h 24 cm. Mus\u00e9e Carnavalet, Paris&nbsp;;<\/p>\n\n\n\n<p>&#8211; Dubuffet Jean,&nbsp;<em>Personnage hilare (portrait de Francis Ponge)<\/em>, 1947, huile et pl\u00e2tre sur carton, 60,5 x 45,5 cm. Stedelijk Museum, Amsterdam&nbsp;;<\/p>\n\n\n\n<p>&#8211; Foujita,&nbsp;<em>Autoportrait dans l&rsquo;atelier<\/em>, 1926, huile sur toile, 81 x 60,5 cm. Mus\u00e9e des beaux-arts de Lyon&nbsp;;<\/p>\n\n\n\n<p>&#8211; Freund Gis\u00e8le,&nbsp;<em>Andr\u00e9 Gide, Paris, 1938<\/em>, \u00e9preuve chromog\u00e8ne, 30,5 x 20,5 cm. Centre Pompidou &#8211; Mus\u00e9e national d&rsquo;art moderne, Paris&nbsp;;<\/p>\n\n\n\n<p>&#8211; Ingres Jean-Auguste Dominique,&nbsp;<em>Napol\u00e9on 1er sur le tr\u00f4ne imp\u00e9rial<\/em>, 1806, huile sur toile, 260 x 163 cm. Mus\u00e9e de l&rsquo;Arm\u00e9e&nbsp;;<\/p>\n\n\n\n<p>&#8211; Journiac Michel,&nbsp;<em>Hommage \u00e0 Freud<\/em>, 1972, impression noir et blanc sur papier, 34 x 23,5 cm. Courtesy galerie Patricia Dorfmann, Paris&nbsp;;<\/p>\n\n\n\n<p>&#8211; Krull Germaine,&nbsp;<em>Autoportrait \u00e0 l&rsquo;icarette<\/em>, v. 1925, tirage g\u00e9latino-argentique, 23,6 x 17,5 cm. Centre Pompidou-mus\u00e9e national d&rsquo;art moderne, Paris&nbsp;;<\/p>\n\n\n\n<p>&#8211; Lartigue Jacques-Henri,&nbsp;<em>Val\u00e9ry Giscard d&rsquo;Estaing<\/em>, 1974, photographie positive couleur, \u00a9La Documentation fran\u00e7aise. Biblioth\u00e8que nationale de France, Paris&nbsp;;<\/p>\n\n\n\n<p>&#8211; Matisse Henri,&nbsp;<em>Nu assis<\/em>, 1909, huile sur toile, 33,5 x 41 cm. Mus\u00e9e de Grenoble&nbsp;;<\/p>\n\n\n\n<p>&#8211; Opalka Roman,&nbsp;<em>1965\/1 \u00e0 l&rsquo;infini, d\u00e9tail 2075998<\/em>, 1965, photographie noir et blanc, 31 x 24 cm. Centre Pompidou &#8211; mus\u00e9e national d&rsquo;art moderne, Paris&nbsp;;<\/p>\n\n\n\n<p>&#8211; Pei-Ming Yan,&nbsp;<em>Fun\u00e9railles pape Jean-Paul II<\/em>, 2003, huile sur toile, 250 x 250 cm. Coll. part.&nbsp;;<\/p>\n\n\n\n<p>&#8211; Philipon Charles,&nbsp;<em>Les poires<\/em>, lithographie, parue dans La caricature n\u00b0 56, 24 novembre 1831&nbsp;;<\/p>\n\n\n\n<p>&#8211; Picasso Pablo,&nbsp;<em>Homme nu assis<\/em>, 1908-1909, huile sur toile, 96 x 76 cm. Lille M\u00e9tropole Mus\u00e9e d&rsquo;art moderne, d&rsquo;art contemporain et d&rsquo;art brut (LaM), Villeneuve d&rsquo;Ascq&nbsp;;<\/p>\n\n\n\n<p>&#8211; Rheims Bettina,&nbsp;<em>Sarah Constantin, D\u00e9livrez-nous du m\u00e2le<\/em>, 2017, photographie positive couleur, 145 x 108 cm. Courtesy galerie Xippas&nbsp;;<\/p>\n\n\n\n<p>&#8211; Signac Paul,&nbsp;<em>Opus 217<\/em>.&nbsp;<em>Sur l&rsquo;\u00e9mail d&rsquo;un fond rythmique de mesures et d&rsquo;angles, de tons et de teintes. Portrait de F\u00e9lix F\u00e9n\u00e9on<\/em>, 1890, huile sur toile, 73 x 92 cm. Museum of Modern Art, New York&nbsp;;<\/p>\n\n\n\n<p>&#8211; Veilhan Xavier,&nbsp;<em>Tony 2016<\/em>, aluminium et peinture polyur\u00e9thane, 175, 67 x 50 cm. Galerie Nara Roesler, coll. part.<\/p>\n\n\n\n<p><\/p>\n\n\n\n<h6 class=\"wp-block-heading\">\u0152uvres cin\u00e9matographiques et vid\u00e9ographiques<\/h6>\n\n\n\n<p>&#8211; Cavalier Alain,&nbsp;<em>Six Portraits XL<\/em>, 2017&nbsp;;<\/p>\n\n\n\n<p>&#8211;&nbsp;Clouzot Henri-Georges,&nbsp;<em>Le myst\u00e8re Picasso<\/em>, 1955&nbsp;;<\/p>\n\n\n\n<p>&#8211; Gance Abel,&nbsp;<em>Napol\u00e9on<\/em>, 1927&nbsp;;<\/p>\n\n\n\n<p>&#8211; Mnouchkine Ariane,&nbsp;<em>Moli\u00e8re<\/em>, 1978&nbsp;;<\/p>\n\n\n\n<p>&#8211; Ophuls Max,&nbsp;<em>Lola Montes<\/em>, 1955&nbsp;;<\/p>\n\n\n\n<p>&#8211; Pialat Maurice,&nbsp;<em>Van Gogh<\/em>, 1991&nbsp;;<\/p>\n\n\n\n<p>&#8211; Pollet Jean-Daniel et FARGIER Jean-Paul,&nbsp;<em>Jour apr\u00e8s jour<\/em>, 2006&nbsp;;<\/p>\n\n\n\n<p>&#8211; Tati Jacques,&nbsp;<em>Mon oncle<\/em>, 1958&nbsp;;<\/p>\n\n\n\n<p>&#8211; Varda Agn\u00e8s,&nbsp;<em>Les plages d&rsquo;Agn\u00e8s<\/em>, 2008.<\/p>\n\n\n\n<p><\/p>\n\n\n\n<h6 class=\"wp-block-heading\">\u0152uvres musicales<\/h6>\n\n\n\n<p>&#8211; Bizet Georges,&nbsp;<em>Carmen<\/em>, 1875&nbsp;;<\/p>\n\n\n\n<p>&#8211; Brel Jacques,&nbsp;<em>Les flamandes<\/em>, 1959&nbsp;;<\/p>\n\n\n\n<p>&#8211; Pr\u00e9vert Jacques, Kosma Joseph, interpr\u00e9t\u00e9 par Montand Yves,&nbsp;<em>Barbara<\/em>, 1946&nbsp;;<\/p>\n\n\n\n<p>&#8211; Ravel Maurice,&nbsp;<em>Daphnis et Chlo\u00e9<\/em>, 1912&nbsp;;<\/p>\n\n\n\n<p>&#8211; Saint-Saens Camille,&nbsp;<em>Le carnaval des animaux<\/em>, 1886.<\/p>\n\n\n\n<p><\/p>\n\n\n\n<h6 class=\"wp-block-heading\">\u0152uvres th\u00e9\u00e2trales, \u0153uvres chor\u00e9graphiques et performances<\/h6>\n\n\n\n<p>&#8211; Anouilh Jean,&nbsp;<em>Antigone<\/em>, 1944, notamment dans la mise en sc\u00e8ne de Nicolas Brian\u00e7on au th\u00e9\u00e2tre Marigny, 2003&nbsp;;<\/p>\n\n\n\n<p>&#8211; Beckett Samuel,&nbsp;<em>En attendant Godot<\/em>, 1952, notamment dans la mise en sc\u00e8ne de Luc Bondy au th\u00e9\u00e2tre de l&rsquo;Od\u00e9on, 1999&nbsp;;<\/p>\n\n\n\n<p>&#8211; Gallienne Guillaume,&nbsp;<em>Les gar\u00e7ons et Guillaume, \u00e0 table&nbsp;!<\/em>, 2008, notamment dans la mise en sc\u00e8ne de Guillaume Gallienne au th\u00e9\u00e2tre de l&rsquo;Ouest parisien, 2008&nbsp;;<\/p>\n\n\n\n<p>&#8211; Li Blanca,&nbsp;<em>Salom\u00e9<\/em>, 1995, cr\u00e9\u00e9 au Quartz de Brest en octobre 1995&nbsp;;<\/p>\n\n\n\n<p>&#8211; Musset Alfred de,&nbsp;<em>Lorenzaccio<\/em>, 1834, notamment dans la mise en sc\u00e8ne de Franco Zeffirelli \u00e0 la Com\u00e9die fran\u00e7aise, 1977.<\/p>\n\n\n\n<p><\/p>\n\n\n\n<h6 class=\"wp-block-heading\">Bande dessin\u00e9e<\/h6>\n\n\n\n<p>&#8211; Br\u00e9t\u00e9cher Claire,&nbsp;<em>Agrippine<\/em>, \u00e9d. Claire Br\u00e9t\u00e9cher, 1988.<\/p>\n\n\n\n<p><\/p>\n<\/details>\n\n\n\n<div class=\"wp-block-buttons is-layout-flex wp-block-buttons-is-layout-flex\"><\/div>\n","protected":false},"excerpt":{"rendered":"<p>Cet enseignement optionnel permet aux \u00e9l\u00e8ves qui ont fait \u00ab\u00a0le plein\u00a0\u00bb des enseignements de sp\u00e9cialit\u00e9 de compl\u00e9ter par un enseignement<\/p>\n","protected":false},"author":1,"featured_media":0,"parent":0,"menu_order":0,"comment_status":"closed","ping_status":"closed","template":"","meta":{"footnotes":""},"class_list":["post-61","page","type-page","status-publish","hentry"],"_links":{"self":[{"href":"https:\/\/sites.ac-nancy-metz.fr\/histoiresdesarts-rombas\/wp-json\/wp\/v2\/pages\/61","targetHints":{"allow":["GET"]}}],"collection":[{"href":"https:\/\/sites.ac-nancy-metz.fr\/histoiresdesarts-rombas\/wp-json\/wp\/v2\/pages"}],"about":[{"href":"https:\/\/sites.ac-nancy-metz.fr\/histoiresdesarts-rombas\/wp-json\/wp\/v2\/types\/page"}],"author":[{"embeddable":true,"href":"https:\/\/sites.ac-nancy-metz.fr\/histoiresdesarts-rombas\/wp-json\/wp\/v2\/users\/1"}],"replies":[{"embeddable":true,"href":"https:\/\/sites.ac-nancy-metz.fr\/histoiresdesarts-rombas\/wp-json\/wp\/v2\/comments?post=61"}],"version-history":[{"count":14,"href":"https:\/\/sites.ac-nancy-metz.fr\/histoiresdesarts-rombas\/wp-json\/wp\/v2\/pages\/61\/revisions"}],"predecessor-version":[{"id":150,"href":"https:\/\/sites.ac-nancy-metz.fr\/histoiresdesarts-rombas\/wp-json\/wp\/v2\/pages\/61\/revisions\/150"}],"wp:attachment":[{"href":"https:\/\/sites.ac-nancy-metz.fr\/histoiresdesarts-rombas\/wp-json\/wp\/v2\/media?parent=61"}],"curies":[{"name":"wp","href":"https:\/\/api.w.org\/{rel}","templated":true}]}}