{"id":93,"date":"2024-08-28T10:22:18","date_gmt":"2024-08-28T08:22:18","guid":{"rendered":"https:\/\/sites.ac-nancy-metz.fr\/histoiresdesarts-rombas\/?page_id=93"},"modified":"2024-08-28T10:38:03","modified_gmt":"2024-08-28T08:38:03","slug":"terminale-option-facultative","status":"publish","type":"page","link":"https:\/\/sites.ac-nancy-metz.fr\/histoiresdesarts-rombas\/terminale-option-facultative\/","title":{"rendered":"Terminale (Option facultative)"},"content":{"rendered":"\n<p>Durant l&rsquo;ann\u00e9e de Terminale, les projets d&rsquo;orientation se pr\u00e9cisent. Cet enseignement optionnel permet aux \u00e9l\u00e8ves qui ont d\u00e9j\u00e0 choisi les enseignements de sp\u00e9cialit\u00e9 de compl\u00e9ter par un enseignement optionnel afin d&rsquo;enrichir encore leur culture g\u00e9n\u00e9rale pouvant \u00eatre un atout dans certaines fili\u00e8res exigeantes type Pr\u00e9pa ou encore dans les formations en rapport avec l&rsquo;art, la culture, le patrimoine, la communication ou la cr\u00e9ation num\u00e9rique.<\/p>\n\n\n\n<div class=\"wp-block-media-text is-stacked-on-mobile\"><figure class=\"wp-block-media-text__media\"><img loading=\"lazy\" decoding=\"async\" width=\"986\" height=\"785\" src=\"https:\/\/sites.ac-nancy-metz.fr\/histoiresdesarts-rombas\/wp-content\/uploads\/2024\/08\/Louvre.jpg\" alt=\"\" class=\"wp-image-98 size-full\" srcset=\"https:\/\/sites.ac-nancy-metz.fr\/histoiresdesarts-rombas\/wp-content\/uploads\/2024\/08\/Louvre.jpg 986w, https:\/\/sites.ac-nancy-metz.fr\/histoiresdesarts-rombas\/wp-content\/uploads\/2024\/08\/Louvre-300x239.jpg 300w, https:\/\/sites.ac-nancy-metz.fr\/histoiresdesarts-rombas\/wp-content\/uploads\/2024\/08\/Louvre-768x611.jpg 768w\" sizes=\"auto, (max-width: 986px) 100vw, 986px\" \/><\/figure><div class=\"wp-block-media-text__content\">\n<p class=\"has-medium-font-size\"><strong>La question des mus\u00e9es<\/strong><\/p>\n\n\n\n<p><\/p>\n\n\n\n<p><\/p>\n\n\n\n<p><\/p>\n\n\n\n<p><\/p>\n\n\n\n<p><em>Projet d&rsquo;am\u00e9nagement de la Grande Galerie du Louvre vers 1789<\/em>, toile de Hubert ROBERT, 1796.<\/p>\n\n\n\n<p><\/p>\n<\/div><\/div>\n\n\n\n<p><\/p>\n\n\n\n<h3 class=\"wp-block-heading\" id=\"edugouv-summary-item-1\">Programme de la question limitative en vigueur depuis septembre 2023<\/h3>\n\n\n\n<p>Question transversale\u00a0: mus\u00e9e, mus\u00e9es<\/p>\n\n\n\n<p>\u00ab&nbsp;Le mus\u00e9e est une institution permanente sans but lucratif, au service de la soci\u00e9t\u00e9 et de son d\u00e9veloppement, ouverte au public, qui acquiert, conserve, \u00e9tudie, expose et transmet le patrimoine mat\u00e9riel et immat\u00e9riel de l\u2019humanit\u00e9 et de son environnement \u00e0 des fins d\u2019\u00e9tudes, d\u2019\u00e9ducation et de d\u00e9lectation.&nbsp;\u00bb<\/p>\n\n\n\n<p>Statuts du Conseil international des mus\u00e9es adopt\u00e9s lors de la 22<sup>e<\/sup>&nbsp;assembl\u00e9e g\u00e9n\u00e9rale \u00e0 Vienne, Autriche, 24&nbsp;ao\u00fbt&nbsp;2007.<\/p>\n\n\n\n<p>\u00ab&nbsp;On appelle \u00ab\u00a0mus\u00e9e\u00a0\u00bb, en Europe, une esp\u00e8ce de grand b\u00e2timent dans lequel on a r\u00e9uni des chefs-d\u2019\u0153uvre des arts et des sciences ou, simplement, les objets qui peuvent nous renseigner sur la vie, les m\u0153urs et les id\u00e9es des peuples.&nbsp;\u00bb<\/p>\n\n\n\n<p>Tcheng-Ki-tong,&nbsp;<em>Les Parisiens peints par un Chinois<\/em>, Paris, 1891, p.&nbsp;115.<\/p>\n","protected":false},"excerpt":{"rendered":"<p>Durant l&rsquo;ann\u00e9e de Terminale, les projets d&rsquo;orientation se pr\u00e9cisent. Cet enseignement optionnel permet aux \u00e9l\u00e8ves qui ont d\u00e9j\u00e0 choisi les<\/p>\n","protected":false},"author":1,"featured_media":0,"parent":0,"menu_order":0,"comment_status":"closed","ping_status":"closed","template":"","meta":{"footnotes":""},"class_list":["post-93","page","type-page","status-publish","hentry"],"_links":{"self":[{"href":"https:\/\/sites.ac-nancy-metz.fr\/histoiresdesarts-rombas\/wp-json\/wp\/v2\/pages\/93","targetHints":{"allow":["GET"]}}],"collection":[{"href":"https:\/\/sites.ac-nancy-metz.fr\/histoiresdesarts-rombas\/wp-json\/wp\/v2\/pages"}],"about":[{"href":"https:\/\/sites.ac-nancy-metz.fr\/histoiresdesarts-rombas\/wp-json\/wp\/v2\/types\/page"}],"author":[{"embeddable":true,"href":"https:\/\/sites.ac-nancy-metz.fr\/histoiresdesarts-rombas\/wp-json\/wp\/v2\/users\/1"}],"replies":[{"embeddable":true,"href":"https:\/\/sites.ac-nancy-metz.fr\/histoiresdesarts-rombas\/wp-json\/wp\/v2\/comments?post=93"}],"version-history":[{"count":2,"href":"https:\/\/sites.ac-nancy-metz.fr\/histoiresdesarts-rombas\/wp-json\/wp\/v2\/pages\/93\/revisions"}],"predecessor-version":[{"id":99,"href":"https:\/\/sites.ac-nancy-metz.fr\/histoiresdesarts-rombas\/wp-json\/wp\/v2\/pages\/93\/revisions\/99"}],"wp:attachment":[{"href":"https:\/\/sites.ac-nancy-metz.fr\/histoiresdesarts-rombas\/wp-json\/wp\/v2\/media?parent=93"}],"curies":[{"name":"wp","href":"https:\/\/api.w.org\/{rel}","templated":true}]}}