{"id":3608,"date":"2021-05-11T13:01:13","date_gmt":"2021-05-11T11:01:13","guid":{"rendered":"https:\/\/sites.ac-nancy-metz.fr\/jane\/?page_id=3608"},"modified":"2021-05-11T15:48:47","modified_gmt":"2021-05-11T13:48:47","slug":"home","status":"publish","type":"page","link":"https:\/\/sites.ac-nancy-metz.fr\/jane\/","title":{"rendered":"Journ\u00e9e acad\u00e9mique au Num\u00e9rique"},"content":{"rendered":"\n<div class=\"wp-block-cover has-white-background-color has-background-dim\"><div class=\"wp-block-cover__inner-container\">\n<h4 class=\"has-white-color has-vivid-cyan-blue-background-color has-text-color has-background\">Intelligence Artificielle et pratiques p\u00e9dagogiques : quel r\u00f4le dans l\u2019\u00e9cole de demain ?<\/h4>\n\n\n\n<h5><span style=\"color: #000000;\">Jeudi 20 mai 2021<\/span><\/h5>\n<p><span style=\"color: #000000;\">L\u2019intelligence artificielle ouvre la perspective d\u2019un enseignement augment\u00e9 car rendu adaptatif par la m\u00e9moire et la capacit\u00e9 de calcul des outils num\u00e9riques.<\/span><\/p>\n<p><span style=\"color: #000000;\">L\u2019acad\u00e9mie de Nancy-Metz, dans le cadre de ses partenariats avec l\u2019enseignement sup\u00e9rieur, soutenue par le Minist\u00e8re de l\u2019Education Nationale et de la Jeunesse, a lanc\u00e9 une dynamique d\u2019exp\u00e9rimentation dans le domaine de l\u2019intelligence artificielle avec de nombreux projets de recherche portant sur l\u2019exploitation des traces d\u2019apprentissage. C\u2019est un domaine dans lequel elle est pionni\u00e8re en France.<\/span><\/p>\n<p><span style=\"color: #000000;\">Le moment est venu de faire le point sur les r\u00e9alisations concr\u00e8tes permises par ces projets portant sur l\u2019IA et de voir comment elle contribue aux grandes priorit\u00e9s actuelles du syst\u00e8me \u00e9ducatif avec entre autres la ma\u00eetrise des savoirs fondamentaux : une \u00e9cole inclusive qui accueille tous les publics et \u0153uvrant \u00e0 la r\u00e9ussite de tous, qui \u00e9duque des citoyens capables d\u2019avoir un usage \u00e9thique du num\u00e9rique et qui met les outils num\u00e9riques au service de tous.<\/span><\/p>\n<p><span style=\"color: #000000;\">L\u2019objectif majeur de cette journ\u00e9e acad\u00e9mique du num\u00e9rique \u00e9ducatif \u00e0 distance est de poser les fondations d\u2019une collaboration p\u00e9renne entre les diff\u00e9rents acteurs de l\u2019enseignement sup\u00e9rieur et scolaire, des diff\u00e9rents territoires et des diff\u00e9rents degr\u00e9s d\u2019enseignement dans une logique de communaut\u00e9s. Aussi, vous aurez la possibilit\u00e9 de vous familiariser avec l\u2019IA en assistant \u00e0 des conf\u00e9rences sur ce sujet, mais aussi \u00e0 des pr\u00e9sentations de pratiques la mettant en \u0153uvre. Vous pourrez \u00e9galement \u00e9changer avec diff\u00e9rents interlocuteurs ou participer \u00e0 des ateliers collaboratifs.<\/span><\/p>\n<p><span style=\"color: #000000;\">Nous souhaitons que cette journ\u00e9e contribue \u00e0 vous rendre acteur du d\u00e9veloppement des usages p\u00e9dagogiques de l\u2019intelligence artificielle et vous permette d\u2019en diffuser les usages dans vos enseignements, vos \u00e9coles et vos \u00e9tablissements.<\/span><\/p>\n<p style=\"text-align: center;\"><a href=\"https:\/\/sites.ac-nancy-metz.fr\/jane\/programme-2021\/\" target=\"_blank\" rel=\"noopener noreferrer\">Voir le programme de la journ\u00e9e 20 mai 2021<\/a><\/p>\n<p><img loading=\"lazy\" class=\"alignnone size-medium wp-image-3344 aligncenter\" src=\"https:\/\/sites.ac-nancy-metz.fr\/jane\/wp-content\/uploads\/19_logoAC_NANCY-METZ-300x208.jpg\" alt=\"\" width=\"300\" height=\"208\" srcset=\"https:\/\/sites.ac-nancy-metz.fr\/jane\/wp-content\/uploads\/19_logoAC_NANCY-METZ-300x208.jpg 300w, https:\/\/sites.ac-nancy-metz.fr\/jane\/wp-content\/uploads\/19_logoAC_NANCY-METZ-768x533.jpg 768w, https:\/\/sites.ac-nancy-metz.fr\/jane\/wp-content\/uploads\/19_logoAC_NANCY-METZ-80x55.jpg 80w, https:\/\/sites.ac-nancy-metz.fr\/jane\/wp-content\/uploads\/19_logoAC_NANCY-METZ.jpg 930w\" sizes=\"(max-width: 300px) 100vw, 300px\" \/><\/p>\n<\/div><\/div>\n\n\n\n<div style=\"height:20px\" aria-hidden=\"true\" class=\"wp-block-spacer\"><\/div>\n\n\n\n<div class=\"wp-block-columns\">\n<div class=\"wp-block-column\" style=\"flex-basis:30%\">\n<h5 class=\"has-text-align-center has-white-color has-vivid-cyan-blue-background-color has-text-color has-background\">C&rsquo;\u00e9tait en 2019<\/h5>\n\n\n<\/div>\n\n\n\n<div class=\"wp-block-column\" style=\"flex-basis:35%\">\n<iframe width=\"280\" height=\"155\" sandbox=\"allow-same-origin allow-scripts allow-popups\" src=\"https:\/\/videos.ac-nancy-metz.fr\/videos\/embed\/7a2fb3ba-957d-46e2-b811-1f6884c81346\" frameborder=\"0\" allowfullscreen=\"\"><\/iframe>\n\n\n\n<p style=\"text-align: center;\">Salon du num\u00e9rique \u00e9ducatif<br><strong>Vendredi 15 mars<\/strong><\/p>\n<\/div>\n\n\n\n<div class=\"wp-block-column\" style=\"flex-basis:30%\">\n<iframe width=\"280\" height=\"155\" sandbox=\"allow-same-origin allow-scripts allow-popups\" src=\"https:\/\/videos.ac-nancy-metz.fr\/videos\/embed\/023f8470-8c74-4619-b37b-a2d754f41157\" frameborder=\"0\" allowfullscreen=\"\"><\/iframe>\n\n\n\n<p style=\"text-align: center;\">J&rsquo;apprends le num\u00e9rique aux familles<br><strong>Samedi 16 mars<\/strong><\/p>\n<\/div>\n<\/div>\n\n\n","protected":false},"excerpt":{"rendered":"<p>C&rsquo;\u00e9tait en 2019<\/p>\n","protected":false},"author":1,"featured_media":0,"parent":0,"menu_order":0,"comment_status":"closed","ping_status":"closed","template":"","meta":[],"uagb_featured_image_src":{"full":false,"thumbnail":false,"medium":false,"medium_large":false,"large":false,"1536x1536":false,"2048x2048":false},"uagb_author_info":{"display_name":"hleclerc","author_link":"https:\/\/sites.ac-nancy-metz.fr\/jane\/author\/hleclerc\/"},"uagb_comment_info":0,"uagb_excerpt":"C&rsquo;\u00e9tait en 2019","_links":{"self":[{"href":"https:\/\/sites.ac-nancy-metz.fr\/jane\/wp-json\/wp\/v2\/pages\/3608"}],"collection":[{"href":"https:\/\/sites.ac-nancy-metz.fr\/jane\/wp-json\/wp\/v2\/pages"}],"about":[{"href":"https:\/\/sites.ac-nancy-metz.fr\/jane\/wp-json\/wp\/v2\/types\/page"}],"author":[{"embeddable":true,"href":"https:\/\/sites.ac-nancy-metz.fr\/jane\/wp-json\/wp\/v2\/users\/1"}],"replies":[{"embeddable":true,"href":"https:\/\/sites.ac-nancy-metz.fr\/jane\/wp-json\/wp\/v2\/comments?post=3608"}],"version-history":[{"count":5,"href":"https:\/\/sites.ac-nancy-metz.fr\/jane\/wp-json\/wp\/v2\/pages\/3608\/revisions"}],"predecessor-version":[{"id":3616,"href":"https:\/\/sites.ac-nancy-metz.fr\/jane\/wp-json\/wp\/v2\/pages\/3608\/revisions\/3616"}],"wp:attachment":[{"href":"https:\/\/sites.ac-nancy-metz.fr\/jane\/wp-json\/wp\/v2\/media?parent=3608"}],"curies":[{"name":"wp","href":"https:\/\/api.w.org\/{rel}","templated":true}]}}