{"id":1877,"date":"2017-01-09T13:01:21","date_gmt":"2017-01-09T12:01:21","guid":{"rendered":"https:\/\/sites.ac-nancy-metz.fr\/lettres-hist-geo-lp\/?page_id=1877"},"modified":"2017-01-09T16:40:07","modified_gmt":"2017-01-09T15:40:07","slug":"projets-pluridisciplinaires","status":"publish","type":"page","link":"https:\/\/sites.ac-nancy-metz.fr\/lettres-hist-geo-lp\/projets-pluridisciplinaires\/","title":{"rendered":"Projets pluridisciplinaires"},"content":{"rendered":"<h1 style=\"text-align: justify;\"><img loading=\"lazy\" decoding=\"async\" class=\"alignnone size-full wp-image-1068\" src=\"https:\/\/sites.ac-nancy-metz.fr\/lettres-hist-geo-lp\/wp-content\/uploads\/fleche_aca-1.gif\" alt=\"fleche_aca\" width=\"50\" height=\"60\" \/>Exemples de projets<\/h1>\n<p align=\"justify\"><strong><div class=\"su-box su-box-style-soft\" id=\"\" style=\"border-color:#093d8b;border-radius:3px;max-width:none\"><div class=\"su-box-title\" style=\"background-color:#3c70be;color:#FFFFFF;border-top-left-radius:1px;border-top-right-radius:1px\">Projet interdisciplinaire <em>Chantefables - chantefleurs, chants de r\u00e9sistants<\/em><\/div><div class=\"su-box-content su-u-clearfix su-u-trim\" style=\"border-bottom-left-radius:1px;border-bottom-right-radius:1px\">\n<\/strong><\/p>\n<p align=\"justify\">Un projet \u00e0 l&rsquo;initiative de M. PARMENTELAT (Lettres et Histoire) en collaboration avec Mme MENET (Arts appliqu\u00e9s) et Mme BATOT (documentation) men\u00e9 en classe de Premi\u00e8re BAC PRO dans le cadre du Concours National de la R\u00e9sistance et de la D\u00e9portation : \u00a0\u00bb R\u00e9sister par l&rsquo;Art et la Litt\u00e9rature\u00a0\u00bb. Premier prix au niveau d\u00e9partemental dans la cat\u00e9gorie \u00ab\u00a0Lyc\u00e9e &#8211; travail collectif\u00a0\u00bb\u00a0 Ann\u00e9e 2015-16.<\/p>\n<hr \/>\n<p align=\"justify\"><div class='w3eden'><!-- WPDM Link Template: Default Template -->\n\n<div class=\"link-template-default card mb-2\">\n    <div class=\"card-body\">\n        <div class=\"media\">\n            <div class=\"mr-3 img-48\"><img decoding=\"async\" class=\"wpdm_icon\" alt=\"Ic\u00f4ne\"   src=\"https:\/\/sites.ac-nancy-metz.fr\/lettres-hist-geo-lp\/wp-content\/plugins\/download-manager\/assets\/file-type-icons\/pdf.png\" \/><\/div>\n            <div class=\"media-body\">\n                <h3 class=\"package-title\"><a href='https:\/\/sites.ac-nancy-metz.fr\/lettres-hist-geo-lp\/download\/manuscrit-pop-up\/'>Manuscrit \"pop-up\"<\/a><\/h3>\n                <div class=\"text-muted text-small\"><i class=\"fas fa-copy\"><\/i> 1 fichier\u00b7s <i class=\"fas fa-hdd ml-3\"><\/i> 23.48 MB<\/div>\n            <\/div>\n            <div class=\"ml-3\">\n                <a class='wpdm-download-link download-on-click btn btn-primary btn-sm' rel='nofollow' href='#' data-downloadurl=\"https:\/\/sites.ac-nancy-metz.fr\/lettres-hist-geo-lp\/download\/manuscrit-pop-up\/?wpdmdl=1878&refresh=69e54d7dc64581776635261\">T\u00e9l\u00e9charger<\/a>\n            <\/div>\n        <\/div>\n    <\/div>\n<\/div>\n\n<\/div>\n<p align=\"justify\"><\/div><\/div>\n<p style=\"text-align: right;\">\u00a0 [datedermaj]\n","protected":false},"excerpt":{"rendered":"<p>Exemples de projets \u00a0 [datedermaj]<\/p>\n","protected":false},"author":1,"featured_media":0,"parent":0,"menu_order":0,"comment_status":"closed","ping_status":"closed","template":"","meta":{"footnotes":""},"class_list":["post-1877","page","type-page","status-publish","hentry"],"_links":{"self":[{"href":"https:\/\/sites.ac-nancy-metz.fr\/lettres-hist-geo-lp\/wp-json\/wp\/v2\/pages\/1877","targetHints":{"allow":["GET"]}}],"collection":[{"href":"https:\/\/sites.ac-nancy-metz.fr\/lettres-hist-geo-lp\/wp-json\/wp\/v2\/pages"}],"about":[{"href":"https:\/\/sites.ac-nancy-metz.fr\/lettres-hist-geo-lp\/wp-json\/wp\/v2\/types\/page"}],"author":[{"embeddable":true,"href":"https:\/\/sites.ac-nancy-metz.fr\/lettres-hist-geo-lp\/wp-json\/wp\/v2\/users\/1"}],"replies":[{"embeddable":true,"href":"https:\/\/sites.ac-nancy-metz.fr\/lettres-hist-geo-lp\/wp-json\/wp\/v2\/comments?post=1877"}],"version-history":[{"count":3,"href":"https:\/\/sites.ac-nancy-metz.fr\/lettres-hist-geo-lp\/wp-json\/wp\/v2\/pages\/1877\/revisions"}],"predecessor-version":[{"id":1883,"href":"https:\/\/sites.ac-nancy-metz.fr\/lettres-hist-geo-lp\/wp-json\/wp\/v2\/pages\/1877\/revisions\/1883"}],"wp:attachment":[{"href":"https:\/\/sites.ac-nancy-metz.fr\/lettres-hist-geo-lp\/wp-json\/wp\/v2\/media?parent=1877"}],"curies":[{"name":"wp","href":"https:\/\/api.w.org\/{rel}","templated":true}]}}