{"id":2120,"date":"2018-01-15T16:25:55","date_gmt":"2018-01-15T15:25:55","guid":{"rendered":"https:\/\/sites.ac-nancy-metz.fr\/lettres-hist-geo-lp\/?page_id=2120"},"modified":"2018-01-15T16:27:56","modified_gmt":"2018-01-15T15:27:56","slug":"appropriation-sensible","status":"publish","type":"page","link":"https:\/\/sites.ac-nancy-metz.fr\/lettres-hist-geo-lp\/appropriation-sensible\/","title":{"rendered":"Pour une appropriation sensible des textes en\u00a03\u00e8me Pr\u00e9pa-Pro"},"content":{"rendered":"<h1><img loading=\"lazy\" decoding=\"async\" class=\"alignnone size-full wp-image-1068\" src=\"https:\/\/sites.ac-nancy-metz.fr\/lettres-hist-geo-lp\/wp-content\/uploads\/fleche_aca-1.gif\" alt=\"fleche_aca\" width=\"50\" height=\"60\" \/><img loading=\"lazy\" decoding=\"async\" class=\" wp-image-1131 alignright\" src=\"https:\/\/sites.ac-nancy-metz.fr\/lettres-hist-geo-lp\/wp-content\/uploads\/3emegd.gif\" alt=\"3emegd\" width=\"76\" height=\"103\" \/>Didactique<\/h1>\n<div class=\"su-box su-box-style-soft\" id=\"\" style=\"border-color:#093d8b;border-radius:3px;max-width:none\"><div class=\"su-box-title\" style=\"background-color:#3c70be;color:#FFFFFF;border-top-left-radius:1px;border-top-right-radius:1px\">Renouveler l'approche des textes - 15\/01\/2018<\/div><div class=\"su-box-content su-u-clearfix su-u-trim\" style=\"border-bottom-left-radius:1px;border-bottom-right-radius:1px\">\n<p>Apports didactiques sur la d\u00e9marche du sujet &#8211; lecteur,\u00a0et pr\u00e9sent\u00e9s aux regroupements acad\u00e9miques Lettres Novembre 2017- janvier 2018.<\/p>\n<hr \/>\n<p>Faire place au sujet lecteur d&rsquo;Anne VIBERT : <i>Quelles voies pour renouveler les approches de la lecture analytique? <\/i><div class='w3eden'><!-- WPDM Link Template: Default Template -->\n\n<div class=\"link-template-default card mb-2\">\n    <div class=\"card-body\">\n        <div class=\"media\">\n            <div class=\"mr-3 img-48\"><img decoding=\"async\" class=\"wpdm_icon\" alt=\"Ic\u00f4ne\"   src=\"https:\/\/sites.ac-nancy-metz.fr\/lettres-hist-geo-lp\/wp-content\/plugins\/download-manager\/assets\/file-type-icons\/pdf.png\" \/><\/div>\n            <div class=\"media-body\">\n                <h3 class=\"package-title\"><a href='https:\/\/sites.ac-nancy-metz.fr\/lettres-hist-geo-lp\/download\/faire-place-lecteur-danne-vibert\/'>Faire place au sujet lecteur d'Anne VIBERT<\/a><\/h3>\n                <div class=\"text-muted text-small\"><i class=\"fas fa-copy\"><\/i> 1 fichier\u00b7s <i class=\"fas fa-hdd ml-3\"><\/i> 406.49 KB<\/div>\n            <\/div>\n            <div class=\"ml-3\">\n                <a class='wpdm-download-link download-on-click btn btn-primary btn-sm' rel='nofollow' href='#' data-downloadurl=\"https:\/\/sites.ac-nancy-metz.fr\/lettres-hist-geo-lp\/download\/faire-place-lecteur-danne-vibert\/?wpdmdl=2094&refresh=69d2665be964f1775396443\">T\u00e9l\u00e9charger<\/a>\n            <\/div>\n        <\/div>\n    <\/div>\n<\/div>\n\n<\/div>\n<p>Document \u00e9labor\u00e9 par Armelle CHARREYRE, PFA, \u00e0 partir des travaux de Sylviane AHR et d&rsquo;Anne VIBERT<br \/>\n<div class='w3eden'><!-- WPDM Link Template: Default Template -->\n\n<div class=\"link-template-default card mb-2\">\n    <div class=\"card-body\">\n        <div class=\"media\">\n            <div class=\"mr-3 img-48\"><img decoding=\"async\" class=\"wpdm_icon\" alt=\"Ic\u00f4ne\"   src=\"https:\/\/sites.ac-nancy-metz.fr\/lettres-hist-geo-lp\/wp-content\/plugins\/download-manager\/assets\/file-type-icons\/pdf.png\" \/><\/div>\n            <div class=\"media-body\">\n                <h3 class=\"package-title\"><a href='https:\/\/sites.ac-nancy-metz.fr\/lettres-hist-geo-lp\/download\/demarche-sujet-lecteur-armelle-charreyre\/'>La d\u00e9marche du sujet-lecteur, par Armelle Charreyre<\/a><\/h3>\n                <div class=\"text-muted text-small\"><i class=\"fas fa-copy\"><\/i> 1 fichier\u00b7s <i class=\"fas fa-hdd ml-3\"><\/i> 2.21 MB<\/div>\n            <\/div>\n            <div class=\"ml-3\">\n                <a class='wpdm-download-link download-on-click btn btn-primary btn-sm' rel='nofollow' href='#' data-downloadurl=\"https:\/\/sites.ac-nancy-metz.fr\/lettres-hist-geo-lp\/download\/demarche-sujet-lecteur-armelle-charreyre\/?wpdmdl=2098&refresh=69d2665c009de1775396444\">T\u00e9l\u00e9charger<\/a>\n            <\/div>\n        <\/div>\n    <\/div>\n<\/div>\n\n<\/div>\n<p>Fiche &#8211; outil pour le professeur \u00e9labor\u00e9e par Armelle CHARREYRE, PFA.<br \/>\n<div class='w3eden'><!-- WPDM Link Template: Default Template -->\n\n<div class=\"link-template-default card mb-2\">\n    <div class=\"card-body\">\n        <div class=\"media\">\n            <div class=\"mr-3 img-48\"><img decoding=\"async\" class=\"wpdm_icon\" alt=\"Ic\u00f4ne\"   src=\"https:\/\/sites.ac-nancy-metz.fr\/lettres-hist-geo-lp\/wp-content\/plugins\/download-manager\/assets\/file-type-icons\/pdf.png\" \/><\/div>\n            <div class=\"media-body\">\n                <h3 class=\"package-title\"><a href='https:\/\/sites.ac-nancy-metz.fr\/lettres-hist-geo-lp\/download\/lecteur-fiche-outil-professeur-elaboree-armelle-charreyre\/'>Sujet-lecteur : fiche - outil pour le professeur \u00e9labor\u00e9e par Armelle CHARREYRE<\/a><\/h3>\n                <div class=\"text-muted text-small\"><i class=\"fas fa-copy\"><\/i> 1 fichier\u00b7s <i class=\"fas fa-hdd ml-3\"><\/i> 596.93 KB<\/div>\n            <\/div>\n            <div class=\"ml-3\">\n                <a class='wpdm-download-link download-on-click btn btn-primary btn-sm' rel='nofollow' href='#' data-downloadurl=\"https:\/\/sites.ac-nancy-metz.fr\/lettres-hist-geo-lp\/download\/lecteur-fiche-outil-professeur-elaboree-armelle-charreyre\/?wpdmdl=2101&refresh=69d2665c097021775396444\">T\u00e9l\u00e9charger<\/a>\n            <\/div>\n        <\/div>\n    <\/div>\n<\/div>\n\n<\/div>\n<\/div><\/div>\n<h1 style=\"text-align: justify;\"><img loading=\"lazy\" decoding=\"async\" class=\"alignnone size-full wp-image-1068\" src=\"https:\/\/sites.ac-nancy-metz.fr\/lettres-hist-geo-lp\/wp-content\/uploads\/fleche_aca-1.gif\" alt=\"fleche_aca\" width=\"50\" height=\"60\" \/>Propositions\u00a0p\u00e9dagogiques<\/h1>\n<div style=\"text-align: justify;\" align=\"justify\">\n<div class=\"su-box su-box-style-soft\" id=\"\" style=\"border-color:#093d8b;border-radius:3px;max-width:none\"><div class=\"su-box-title\" style=\"background-color:#3c70be;color:#FFFFFF;border-top-left-radius:1px;border-top-right-radius:1px\">Pour une appropriation sensible des textes - 15\/01\/2018<\/div><div class=\"su-box-content su-u-clearfix su-u-trim\" style=\"border-bottom-left-radius:1px;border-bottom-right-radius:1px\">\n<p>Propositions p\u00e9dagogiques,\u00a0pr\u00e9sent\u00e9es aux regroupements acad\u00e9miques Lettres Novembre 2017- janvier 2018.<\/p>\n<hr \/>\n<p>M\u00e9moires de la Guerre 14-18 : exp\u00e9rience de classe men\u00e9e en Troisi\u00e8me Pr\u00e9pa-pro au LP Boutet de Monvel par Armelle CHARREYRE.<\/p>\n<div class='w3eden'><!-- WPDM Link Template: Default Template -->\n\n<div class=\"link-template-default card mb-2\">\n    <div class=\"card-body\">\n        <div class=\"media\">\n            <div class=\"mr-3 img-48\"><img decoding=\"async\" class=\"wpdm_icon\" alt=\"Ic\u00f4ne\"   src=\"https:\/\/sites.ac-nancy-metz.fr\/lettres-hist-geo-lp\/wp-content\/plugins\/download-manager\/assets\/file-type-icons\/pdf.png\" \/><\/div>\n            <div class=\"media-body\">\n                <h3 class=\"package-title\"><a href='https:\/\/sites.ac-nancy-metz.fr\/lettres-hist-geo-lp\/download\/experience-lecteur-document-professeur\/'>Exp\u00e9rience sujet-lecteur - Document professeur<\/a><\/h3>\n                <div class=\"text-muted text-small\"><i class=\"fas fa-copy\"><\/i> 1 fichier\u00b7s <i class=\"fas fa-hdd ml-3\"><\/i> 1.03 MB<\/div>\n            <\/div>\n            <div class=\"ml-3\">\n                <a class='wpdm-download-link download-on-click btn btn-primary btn-sm' rel='nofollow' href='#' data-downloadurl=\"https:\/\/sites.ac-nancy-metz.fr\/lettres-hist-geo-lp\/download\/experience-lecteur-document-professeur\/?wpdmdl=2103&refresh=69d2665c126e81775396444\">T\u00e9l\u00e9charger<\/a>\n            <\/div>\n        <\/div>\n    <\/div>\n<\/div>\n\n<\/div>\n<div class='w3eden'><!-- WPDM Link Template: Default Template -->\n\n<div class=\"link-template-default card mb-2\">\n    <div class=\"card-body\">\n        <div class=\"media\">\n            <div class=\"mr-3 img-48\"><img decoding=\"async\" class=\"wpdm_icon\" alt=\"Ic\u00f4ne\"   src=\"https:\/\/sites.ac-nancy-metz.fr\/lettres-hist-geo-lp\/wp-content\/plugins\/download-manager\/assets\/file-type-icons\/pdf.png\" \/><\/div>\n            <div class=\"media-body\">\n                <h3 class=\"package-title\"><a href='https:\/\/sites.ac-nancy-metz.fr\/lettres-hist-geo-lp\/download\/situation-decriture-lecteur\/'>Situation d'\u00e9criture - sujet-lecteur<\/a><\/h3>\n                <div class=\"text-muted text-small\"><i class=\"fas fa-copy\"><\/i> 1 fichier\u00b7s <i class=\"fas fa-hdd ml-3\"><\/i> 738.73 KB<\/div>\n            <\/div>\n            <div class=\"ml-3\">\n                <a class='wpdm-download-link download-on-click btn btn-primary btn-sm' rel='nofollow' href='#' data-downloadurl=\"https:\/\/sites.ac-nancy-metz.fr\/lettres-hist-geo-lp\/download\/situation-decriture-lecteur\/?wpdmdl=2105&refresh=69d2665c1b5271775396444\">T\u00e9l\u00e9charger<\/a>\n            <\/div>\n        <\/div>\n    <\/div>\n<\/div>\n\n<\/div>\n<p><a href=\"https:\/\/sites.ac-nancy-metz.fr\/lettres-hist-geo-lp\/wp-content\/uploads\/01_Lettre_Poilu_exemple.mp4\">Exemple de r\u00e9alisation \u00ab\u00a0lettre aux poilus\u00a0\u00bb<\/a><\/p>\n<hr \/>\n<p>D\u00e9crire et \u00e9crire la Guerre 14-18 : exp\u00e9rience de classe men\u00e9e en Troisi\u00e8me Pr\u00e9pa-pro au LP du Toulois par Aur\u00e9lie MARTEL.<\/p>\n<div class='w3eden'><!-- WPDM Link Template: Default Template -->\n\n<div class=\"link-template-default card mb-2\">\n    <div class=\"card-body\">\n        <div class=\"media\">\n            <div class=\"mr-3 img-48\"><img decoding=\"async\" class=\"wpdm_icon\" alt=\"Ic\u00f4ne\"   src=\"https:\/\/sites.ac-nancy-metz.fr\/lettres-hist-geo-lp\/wp-content\/plugins\/download-manager\/assets\/file-type-icons\/pdf.png\" \/><\/div>\n            <div class=\"media-body\">\n                <h3 class=\"package-title\"><a href='https:\/\/sites.ac-nancy-metz.fr\/lettres-hist-geo-lp\/download\/decrire-ecrire-guerre-1914-1918-description-de-demarche\/'>D\u00e9crire et \u00e9crire la Guerre 1914-1918 : description de la d\u00e9marche<\/a><\/h3>\n                <div class=\"text-muted text-small\"><i class=\"fas fa-copy\"><\/i> 1 fichier\u00b7s <i class=\"fas fa-hdd ml-3\"><\/i> 876.22 KB<\/div>\n            <\/div>\n            <div class=\"ml-3\">\n                <a class='wpdm-download-link download-on-click btn btn-primary btn-sm' rel='nofollow' href='#' data-downloadurl=\"https:\/\/sites.ac-nancy-metz.fr\/lettres-hist-geo-lp\/download\/decrire-ecrire-guerre-1914-1918-description-de-demarche\/?wpdmdl=2107&refresh=69d2665c242461775396444\">T\u00e9l\u00e9charger<\/a>\n            <\/div>\n        <\/div>\n    <\/div>\n<\/div>\n\n<\/div>\n<div class='w3eden'><!-- WPDM Link Template: Default Template -->\n\n<div class=\"link-template-default card mb-2\">\n    <div class=\"card-body\">\n        <div class=\"media\">\n            <div class=\"mr-3 img-48\"><img decoding=\"async\" class=\"wpdm_icon\" alt=\"Ic\u00f4ne\"   src=\"https:\/\/sites.ac-nancy-metz.fr\/lettres-hist-geo-lp\/wp-content\/plugins\/download-manager\/assets\/file-type-icons\/pdf.png\" \/><\/div>\n            <div class=\"media-body\">\n                <h3 class=\"package-title\"><a href='https:\/\/sites.ac-nancy-metz.fr\/lettres-hist-geo-lp\/download\/decrire-ecrire-guerre-1914-1918-questionnaire-sensible\/'>D\u00e9crire et \u00e9crire la Guerre 1914-1918 : questionnaire sensible<\/a><\/h3>\n                <div class=\"text-muted text-small\"><i class=\"fas fa-copy\"><\/i> 1 fichier\u00b7s <i class=\"fas fa-hdd ml-3\"><\/i> 478.05 KB<\/div>\n            <\/div>\n            <div class=\"ml-3\">\n                <a class='wpdm-download-link download-on-click btn btn-primary btn-sm' rel='nofollow' href='#' data-downloadurl=\"https:\/\/sites.ac-nancy-metz.fr\/lettres-hist-geo-lp\/download\/decrire-ecrire-guerre-1914-1918-questionnaire-sensible\/?wpdmdl=2110&refresh=69d2665c2cf4e1775396444\">T\u00e9l\u00e9charger<\/a>\n            <\/div>\n        <\/div>\n    <\/div>\n<\/div>\n\n<\/div>\n<hr \/>\n<p>EPI : comment exprimer ses \u00e9motions \u00e0 travers diff\u00e9rents supports ? Exp\u00e9rience de classe men\u00e9e en Troisi\u00e8me Pr\u00e9pa-pro au LP JM Reiser par Estelle WEBER.<\/p>\n<div class='w3eden'><!-- WPDM Link Template: Default Template -->\n\n<div class=\"link-template-default card mb-2\">\n    <div class=\"card-body\">\n        <div class=\"media\">\n            <div class=\"mr-3 img-48\"><img decoding=\"async\" class=\"wpdm_icon\" alt=\"Ic\u00f4ne\"   src=\"https:\/\/sites.ac-nancy-metz.fr\/lettres-hist-geo-lp\/wp-content\/plugins\/download-manager\/assets\/file-type-icons\/pdf.png\" \/><\/div>\n            <div class=\"media-body\">\n                <h3 class=\"package-title\"><a href='https:\/\/sites.ac-nancy-metz.fr\/lettres-hist-geo-lp\/download\/epi-exprimer-sentiments-deroule-de-proposition\/'>EPI : exprimer ses sentiments - d\u00e9roul\u00e9 de la proposition<\/a><\/h3>\n                <div class=\"text-muted text-small\"><i class=\"fas fa-copy\"><\/i> 1 fichier\u00b7s <i class=\"fas fa-hdd ml-3\"><\/i> 150.06 KB<\/div>\n            <\/div>\n            <div class=\"ml-3\">\n                <a class='wpdm-download-link download-on-click btn btn-primary btn-sm' rel='nofollow' href='#' data-downloadurl=\"https:\/\/sites.ac-nancy-metz.fr\/lettres-hist-geo-lp\/download\/epi-exprimer-sentiments-deroule-de-proposition\/?wpdmdl=2112&refresh=69d2665c35d6c1775396444\">T\u00e9l\u00e9charger<\/a>\n            <\/div>\n        <\/div>\n    <\/div>\n<\/div>\n\n<\/div>\n<div class='w3eden'><!-- WPDM Link Template: Default Template -->\n\n<div class=\"link-template-default card mb-2\">\n    <div class=\"card-body\">\n        <div class=\"media\">\n            <div class=\"mr-3 img-48\"><img decoding=\"async\" class=\"wpdm_icon\" alt=\"Ic\u00f4ne\"   src=\"https:\/\/sites.ac-nancy-metz.fr\/lettres-hist-geo-lp\/wp-content\/plugins\/download-manager\/assets\/file-type-icons\/pdf.png\" \/><\/div>\n            <div class=\"media-body\">\n                <h3 class=\"package-title\"><a href='https:\/\/sites.ac-nancy-metz.fr\/lettres-hist-geo-lp\/download\/epi-exprimer-sentiments-document-eleve\/'>EPI : exprimer ses sentiments - document \u00e9l\u00e8ve<\/a><\/h3>\n                <div class=\"text-muted text-small\"><i class=\"fas fa-copy\"><\/i> 1 fichier\u00b7s <i class=\"fas fa-hdd ml-3\"><\/i> 83.26 KB<\/div>\n            <\/div>\n            <div class=\"ml-3\">\n                <a class='wpdm-download-link download-on-click btn btn-primary btn-sm' rel='nofollow' href='#' data-downloadurl=\"https:\/\/sites.ac-nancy-metz.fr\/lettres-hist-geo-lp\/download\/epi-exprimer-sentiments-document-eleve\/?wpdmdl=2114&refresh=69d2665c3eaab1775396444\">T\u00e9l\u00e9charger<\/a>\n            <\/div>\n        <\/div>\n    <\/div>\n<\/div>\n\n<\/div>\n<\/div><\/div>\n<\/div>\n<div style=\"text-align: right;\" align=\"justify\"><\/div>\n","protected":false},"excerpt":{"rendered":"<p>Didactique Propositions\u00a0p\u00e9dagogiques<\/p>\n","protected":false},"author":1,"featured_media":0,"parent":0,"menu_order":0,"comment_status":"closed","ping_status":"closed","template":"","meta":{"footnotes":""},"class_list":["post-2120","page","type-page","status-publish","hentry"],"_links":{"self":[{"href":"https:\/\/sites.ac-nancy-metz.fr\/lettres-hist-geo-lp\/wp-json\/wp\/v2\/pages\/2120","targetHints":{"allow":["GET"]}}],"collection":[{"href":"https:\/\/sites.ac-nancy-metz.fr\/lettres-hist-geo-lp\/wp-json\/wp\/v2\/pages"}],"about":[{"href":"https:\/\/sites.ac-nancy-metz.fr\/lettres-hist-geo-lp\/wp-json\/wp\/v2\/types\/page"}],"author":[{"embeddable":true,"href":"https:\/\/sites.ac-nancy-metz.fr\/lettres-hist-geo-lp\/wp-json\/wp\/v2\/users\/1"}],"replies":[{"embeddable":true,"href":"https:\/\/sites.ac-nancy-metz.fr\/lettres-hist-geo-lp\/wp-json\/wp\/v2\/comments?post=2120"}],"version-history":[{"count":4,"href":"https:\/\/sites.ac-nancy-metz.fr\/lettres-hist-geo-lp\/wp-json\/wp\/v2\/pages\/2120\/revisions"}],"predecessor-version":[{"id":2383,"href":"https:\/\/sites.ac-nancy-metz.fr\/lettres-hist-geo-lp\/wp-json\/wp\/v2\/pages\/2120\/revisions\/2383"}],"wp:attachment":[{"href":"https:\/\/sites.ac-nancy-metz.fr\/lettres-hist-geo-lp\/wp-json\/wp\/v2\/media?parent=2120"}],"curies":[{"name":"wp","href":"https:\/\/api.w.org\/{rel}","templated":true}]}}