{"id":2144,"date":"2018-01-24T22:39:37","date_gmt":"2018-01-24T21:39:37","guid":{"rendered":"https:\/\/sites.ac-nancy-metz.fr\/lettres-hist-geo-lp\/?page_id=2144"},"modified":"2018-01-24T22:39:37","modified_gmt":"2018-01-24T21:39:37","slug":"certification-intermediaire","status":"publish","type":"page","link":"https:\/\/sites.ac-nancy-metz.fr\/lettres-hist-geo-lp\/certification-intermediaire\/","title":{"rendered":"Certification interm\u00e9diaire"},"content":{"rendered":"<h2 style=\"text-align: justify;\"><div class=\"su-heading su-heading-style-default su-heading-align-center\" id=\"\" style=\"font-size:18px;margin-bottom:20px\"><div class=\"su-heading-inner\">BCP ADOSS\u00c9 \u00c0 UN CAP<\/div><\/div><\/h2>\n<h1 style=\"text-align: justify;\"><img loading=\"lazy\" decoding=\"async\" class=\"alignnone size-full wp-image-1068\" src=\"https:\/\/sites.ac-nancy-metz.fr\/lettres-hist-geo-lp\/wp-content\/uploads\/fleche_aca-1.gif\" alt=\"fleche_aca\" width=\"50\" height=\"60\" \/>\u00a0LETTRES<\/h1>\n<div class=\"page\" title=\"Page 2\">\n<div class=\"layoutArea\">\n<div class=\"column\">\n<div class=\"page\" title=\"Page 2\">\n<div class=\"layoutArea\">\n<div class=\"column\">\n<p>&nbsp;<\/p>\n<div class=\"su-box su-box-style-soft\" id=\"\" style=\"border-color:#093d8b;border-radius:3px;max-width:none\"><div class=\"su-box-title\" style=\"background-color:#3c70be;color:#FFFFFF;border-top-left-radius:1px;border-top-right-radius:1px\">Typologie des situations d'\u00e9criture<em> <\/em>- 24\/01\/2018<\/div><div class=\"su-box-content su-u-clearfix su-u-trim\" style=\"border-bottom-left-radius:1px;border-bottom-right-radius:1px\">\n<p>Fiche pr\u00e9sentant\u00a0la typologie des situations d&rsquo;\u00e9criture possibles dans le cadre du CCF pour les candidats dont le BCP est adoss\u00e9 \u00e0 un CAP.<\/p>\n<hr \/>\n<div class='w3eden'><!-- WPDM Link Template: Default Template -->\n\n<div class=\"link-template-default card mb-2\">\n    <div class=\"card-body\">\n        <div class=\"media\">\n            <div class=\"mr-3 img-48\"><img decoding=\"async\" class=\"wpdm_icon\" alt=\"Ic\u00f4ne\"   src=\"https:\/\/sites.ac-nancy-metz.fr\/lettres-hist-geo-lp\/wp-content\/plugins\/download-manager\/assets\/file-type-icons\/pdf.png\" \/><\/div>\n            <div class=\"media-body\">\n                <h3 class=\"package-title\"><a href='https:\/\/sites.ac-nancy-metz.fr\/lettres-hist-geo-lp\/download\/fiche-typologie-situations-decriture-possibles-cadre-ccf\/'>Fiche sur la typologie des situations d'\u00e9criture possibles dans le cadre du CCF<\/a><\/h3>\n                <div class=\"text-muted text-small\"><i class=\"fas fa-copy\"><\/i> 1 fichier\u00b7s <i class=\"fas fa-hdd ml-3\"><\/i> 106.52 KB<\/div>\n            <\/div>\n            <div class=\"ml-3\">\n                <a class='wpdm-download-link download-on-click btn btn-primary btn-sm' rel='nofollow' href='#' data-downloadurl=\"https:\/\/sites.ac-nancy-metz.fr\/lettres-hist-geo-lp\/download\/fiche-typologie-situations-decriture-possibles-cadre-ccf\/?wpdmdl=2136&refresh=69e6208982b9f1776689289\">T\u00e9l\u00e9charger<\/a>\n            <\/div>\n        <\/div>\n    <\/div>\n<\/div>\n\n<\/div>\n<\/div><\/div>\n<p><b><i>\u00a0<\/i><\/b><div class=\"su-box su-box-style-soft\" id=\"\" style=\"border-color:#093d8b;border-radius:3px;max-width:none\"><div class=\"su-box-title\" style=\"background-color:#3c70be;color:#FFFFFF;border-top-left-radius:1px;border-top-right-radius:1px\">Nouvelle fiche d'\u00e9valuation CCF<em> <\/em>- 24\/01\/2018<\/div><div class=\"su-box-content su-u-clearfix su-u-trim\" style=\"border-bottom-left-radius:1px;border-bottom-right-radius:1px\">\n<p>Destin\u00e9e aux\u00a0\u00e9l\u00e8ves de Premi\u00e8re pr\u00e9parant un BCP et passant un CAP au titre de la certification interm\u00e9diaire\u00a0 (FR et HG).<\/p>\n<hr \/>\n<div class='w3eden'><!-- WPDM Link Template: Default Template -->\n\n<div class=\"link-template-default card mb-2\">\n    <div class=\"card-body\">\n        <div class=\"media\">\n            <div class=\"mr-3 img-48\"><img decoding=\"async\" class=\"wpdm_icon\" alt=\"Ic\u00f4ne\"   src=\"https:\/\/sites.ac-nancy-metz.fr\/lettres-hist-geo-lp\/wp-content\/plugins\/download-manager\/assets\/file-type-icons\/pdf.png\" \/><\/div>\n            <div class=\"media-body\">\n                <h3 class=\"package-title\"><a href='https:\/\/sites.ac-nancy-metz.fr\/lettres-hist-geo-lp\/download\/nouvelle-fiche-devaluation-ccf-eleves-de-premiere\/'>Nouvelle fiche d'\u00e9valuation CCF pour les \u00e9l\u00e8ves de Premi\u00e8re<\/a><\/h3>\n                <div class=\"text-muted text-small\"><i class=\"fas fa-copy\"><\/i> 1 fichier\u00b7s <i class=\"fas fa-hdd ml-3\"><\/i> 141.76 KB<\/div>\n            <\/div>\n            <div class=\"ml-3\">\n                <a class='wpdm-download-link download-on-click btn btn-primary btn-sm' rel='nofollow' href='#' data-downloadurl=\"https:\/\/sites.ac-nancy-metz.fr\/lettres-hist-geo-lp\/download\/nouvelle-fiche-devaluation-ccf-eleves-de-premiere\/?wpdmdl=2138&refresh=69e620898e9361776689289\">T\u00e9l\u00e9charger<\/a>\n            <\/div>\n        <\/div>\n    <\/div>\n<\/div>\n\n<\/div><\/div><\/div>\n<\/div>\n<\/div>\n<\/div>\n<\/div>\n<\/div>\n<\/div>\n<h1><\/h1>\n<h1 style=\"text-align: justify;\"><img loading=\"lazy\" decoding=\"async\" class=\"alignnone size-full wp-image-1068\" src=\"https:\/\/sites.ac-nancy-metz.fr\/lettres-hist-geo-lp\/wp-content\/uploads\/fleche_aca-1.gif\" alt=\"fleche_aca\" width=\"50\" height=\"60\" \/>\u00a0HISTOIRE-G\u00c9OGRAPHIE \/ EMC<\/h1>\n<div class=\"page\" title=\"Page 2\">\n<div class=\"layoutArea\">\n<div class=\"column\">\n<div class=\"page\" title=\"Page 2\">\n<div class=\"layoutArea\">\n<div class=\"column\">\n<p><b><i>\u00a0<\/i><\/b><div class=\"su-box su-box-style-soft\" id=\"\" style=\"border-color:#093d8b;border-radius:3px;max-width:none\"><div class=\"su-box-title\" style=\"background-color:#3c70be;color:#FFFFFF;border-top-left-radius:1px;border-top-right-radius:1px\">Nouvelle fiche d'\u00e9valuation CCF<em> <\/em>- 24\/01\/2018<\/div><div class=\"su-box-content su-u-clearfix su-u-trim\" style=\"border-bottom-left-radius:1px;border-bottom-right-radius:1px\">\n<p>Destin\u00e9e aux\u00a0\u00e9l\u00e8ves de Premi\u00e8re pr\u00e9parant un BCP et passant un CAP au titre de la certification interm\u00e9diaire\u00a0 (FR et HG).<\/p>\n<hr \/>\n<div class='w3eden'><!-- WPDM Link Template: Default Template -->\n\n<div class=\"link-template-default card mb-2\">\n    <div class=\"card-body\">\n        <div class=\"media\">\n            <div class=\"mr-3 img-48\"><img decoding=\"async\" class=\"wpdm_icon\" alt=\"Ic\u00f4ne\"   src=\"https:\/\/sites.ac-nancy-metz.fr\/lettres-hist-geo-lp\/wp-content\/plugins\/download-manager\/assets\/file-type-icons\/pdf.png\" \/><\/div>\n            <div class=\"media-body\">\n                <h3 class=\"package-title\"><a href='https:\/\/sites.ac-nancy-metz.fr\/lettres-hist-geo-lp\/download\/nouvelle-fiche-devaluation-ccf-eleves-de-premiere\/'>Nouvelle fiche d'\u00e9valuation CCF pour les \u00e9l\u00e8ves de Premi\u00e8re<\/a><\/h3>\n                <div class=\"text-muted text-small\"><i class=\"fas fa-copy\"><\/i> 1 fichier\u00b7s <i class=\"fas fa-hdd ml-3\"><\/i> 141.76 KB<\/div>\n            <\/div>\n            <div class=\"ml-3\">\n                <a class='wpdm-download-link download-on-click btn btn-primary btn-sm' rel='nofollow' href='#' data-downloadurl=\"https:\/\/sites.ac-nancy-metz.fr\/lettres-hist-geo-lp\/download\/nouvelle-fiche-devaluation-ccf-eleves-de-premiere\/?wpdmdl=2138&refresh=69e62089973ee1776689289\">T\u00e9l\u00e9charger<\/a>\n            <\/div>\n        <\/div>\n    <\/div>\n<\/div>\n\n<\/div><\/div><\/div>\n<\/div>\n<\/div>\n<\/div>\n<\/div>\n<\/div>\n<\/div>\n<h1><\/h1>\n","protected":false},"excerpt":{"rendered":"<p>\u00a0LETTRES &nbsp; \u00a0 \u00a0HISTOIRE-G\u00c9OGRAPHIE \/ EMC \u00a0<\/p>\n","protected":false},"author":1,"featured_media":0,"parent":0,"menu_order":0,"comment_status":"closed","ping_status":"closed","template":"","meta":{"footnotes":""},"class_list":["post-2144","page","type-page","status-publish","hentry"],"_links":{"self":[{"href":"https:\/\/sites.ac-nancy-metz.fr\/lettres-hist-geo-lp\/wp-json\/wp\/v2\/pages\/2144","targetHints":{"allow":["GET"]}}],"collection":[{"href":"https:\/\/sites.ac-nancy-metz.fr\/lettres-hist-geo-lp\/wp-json\/wp\/v2\/pages"}],"about":[{"href":"https:\/\/sites.ac-nancy-metz.fr\/lettres-hist-geo-lp\/wp-json\/wp\/v2\/types\/page"}],"author":[{"embeddable":true,"href":"https:\/\/sites.ac-nancy-metz.fr\/lettres-hist-geo-lp\/wp-json\/wp\/v2\/users\/1"}],"replies":[{"embeddable":true,"href":"https:\/\/sites.ac-nancy-metz.fr\/lettres-hist-geo-lp\/wp-json\/wp\/v2\/comments?post=2144"}],"version-history":[{"count":3,"href":"https:\/\/sites.ac-nancy-metz.fr\/lettres-hist-geo-lp\/wp-json\/wp\/v2\/pages\/2144\/revisions"}],"predecessor-version":[{"id":2147,"href":"https:\/\/sites.ac-nancy-metz.fr\/lettres-hist-geo-lp\/wp-json\/wp\/v2\/pages\/2144\/revisions\/2147"}],"wp:attachment":[{"href":"https:\/\/sites.ac-nancy-metz.fr\/lettres-hist-geo-lp\/wp-json\/wp\/v2\/media?parent=2144"}],"curies":[{"name":"wp","href":"https:\/\/api.w.org\/{rel}","templated":true}]}}