{"id":859,"date":"2016-02-20T18:51:45","date_gmt":"2016-02-20T17:51:45","guid":{"rendered":"https:\/\/sites.ac-nancy-metz.fr\/lettres-hist-geo-lp\/?page_id=859"},"modified":"2016-07-06T15:27:10","modified_gmt":"2016-07-06T14:27:10","slug":"lettres","status":"publish","type":"page","link":"https:\/\/sites.ac-nancy-metz.fr\/lettres-hist-geo-lp\/lettres\/","title":{"rendered":"Lettres"},"content":{"rendered":"<h1><img loading=\"lazy\" decoding=\"async\" class=\"alignnone size-full wp-image-1045\" src=\"https:\/\/sites.ac-nancy-metz.fr\/lettres-hist-geo-lp\/wp-content\/uploads\/fleche_aca.gif\" alt=\"fleche_aca\" width=\"50\" height=\"60\" \/>Pr\u00e9sentation de la section \u00ab\u00a0lettres\u00a0\u00bb<img loading=\"lazy\" decoding=\"async\" class=\"size-full wp-image-1113 alignright\" src=\"https:\/\/sites.ac-nancy-metz.fr\/lettres-hist-geo-lp\/wp-content\/uploads\/logo-lettres.png\" alt=\"logo-lettres\" width=\"100\" height=\"100\" \/><\/h1>\n<p style=\"text-align: justify;\" align=\"justify\"><em>Le groupe de r\u00e9daction du site acad\u00e9mique est heureux de vous accueillir dans la <strong>section LETTRES.<\/strong><\/em><\/p>\n<p style=\"text-align: justify;\" align=\"justify\"><em>Les pages de ce site seront <strong>compl\u00e9t\u00e9es progressivement et r\u00e9guli\u00e8rement <\/strong>afin de proposer un contenu attrayant et des bases de travail pour la pr\u00e9paration de vos s\u00e9quences d&rsquo;enseignement ainsi que des pistes de r\u00e9flexion didactiques.<\/em><\/p>\n<p style=\"text-align: justify;\" align=\"justify\"><em>Les diff\u00e9rentes rubriques accessibles dans le <strong>menu de navigation<\/strong> vous permettront d&rsquo;acc\u00e9der aux informations suivantes :<\/em><\/p>\n<p>&nbsp;<\/p>\n<p><img loading=\"lazy\" decoding=\"async\" class=\"alignnone\" src=\"https:\/\/sites.ac-nancy-metz.fr\/lettres-hist-geo-lp\/pages\/inspection\/images\/puce.gif\" width=\"10\" height=\"9\" border=\"0\" \/><strong>\u00a0<\/strong><a href=\"https:\/\/sites.ac-nancy-metz.fr\/lettres-hist-geo-lp\/lettres\/troisieme-pp-lettres\/\">Troisi\u00e8me PP<\/a> : propositions pour le niveau troisi\u00e8me<\/p>\n<p><strong><img loading=\"lazy\" decoding=\"async\" class=\"alignnone\" src=\"https:\/\/sites.ac-nancy-metz.fr\/lettres-hist-geo-lp\/pages\/inspection\/images\/puce.gif\" width=\"10\" height=\"9\" border=\"0\" \/> <\/strong><a href=\"https:\/\/sites.ac-nancy-metz.fr\/lettres-hist-geo-lp\/lettres\/cap-lettres\/\">CAP <\/a>: propositions pour le niveau CAP<\/p>\n<p><img loading=\"lazy\" decoding=\"async\" class=\"alignnone\" src=\"https:\/\/sites.ac-nancy-metz.fr\/lettres-hist-geo-lp\/pages\/inspection\/images\/puce.gif\" width=\"10\" height=\"9\" border=\"0\" \/>\u00a0Bac Pro : propositions pour le niveau <a href=\"https:\/\/sites.ac-nancy-metz.fr\/lettres-hist-geo-lp\/lettres\/bac-pro-lettres\/seconde-lettres\/\">seconde<\/a>, <a href=\"https:\/\/sites.ac-nancy-metz.fr\/lettres-hist-geo-lp\/lettres\/bac-pro-lettres\/premiere-lettres\/\">premi\u00e8re<\/a> et <a href=\"https:\/\/sites.ac-nancy-metz.fr\/lettres-hist-geo-lp\/lettres\/bac-pro-lettres\/terminale-lettres\/\">terminale<\/a><\/p>\n<p><img loading=\"lazy\" decoding=\"async\" class=\"alignnone\" src=\"https:\/\/sites.ac-nancy-metz.fr\/lettres-hist-geo-lp\/pages\/inspection\/images\/puce.gif\" width=\"10\" height=\"9\" border=\"0\" \/>\u00a0Ressources compl\u00e9mentaires : dossiers sur <a href=\"https:\/\/sites.ac-nancy-metz.fr\/lettres-hist-geo-lp\/lettres\/enseignement-du-lexique-bac-pro-lettres\/\">\u00ab\u00a0l&rsquo;enseignement du lexique\u00a0\u00bb<\/a>, <a href=\"https:\/\/sites.ac-nancy-metz.fr\/lettres-hist-geo-lp\/lettres\/dispositifs-transversaux-lettres\/\">\u00ab\u00a0les dispositifs transversaux\u00a0\u00bb<\/a>, <a href=\"https:\/\/sites.ac-nancy-metz.fr\/lettres-hist-geo-lp\/lettres\/liaison-bts\/\">\u00ab\u00a0la liaison BTS\u00a0\u00bb<\/a>, <a href=\"https:\/\/sites.ac-nancy-metz.fr\/lettres-hist-geo-lp\/lettres\/maitrise-de-la-langue\/\">\u00ab\u00a0la\u00a0ma\u00eetrise de la langue\u00a0\u00bb<\/a>\u00a0et <a href=\"https:\/\/sites.ac-nancy-metz.fr\/lettres-hist-geo-lp\/lettres\/garder-traces-des-lectures\/\">\u00ab\u00a0garder traces des lectures\u00a0\u00bb<\/a><\/p>\n<p><img loading=\"lazy\" decoding=\"async\" class=\"alignnone\" src=\"https:\/\/sites.ac-nancy-metz.fr\/lettres-hist-geo-lp\/pages\/inspection\/images\/puce.gif\" width=\"10\" height=\"9\" border=\"0\" \/>\u00a0<a href=\"https:\/\/sites.ac-nancy-metz.fr\/lettres-hist-geo-lp\/lettres\/contacts-lettres\/\">Contacts\u00a0<\/a><\/p>\n<p>&nbsp;<\/p>\n<div>\n<div align=\"center\"><img decoding=\"async\" src=\"https:\/\/sites.ac-nancy-metz.fr\/lettres-hist-geo-lp\/images\/Petit_prince.jpg\" alt=\"Accueil Lettres\" \/><br \/>\nCr\u00e9dits : Andr\u00e9 Faber<\/div>\n<\/div>\n<p align=\"right\">\n","protected":false},"excerpt":{"rendered":"<p>Pr\u00e9sentation de la section \u00ab\u00a0lettres\u00a0\u00bb Le groupe de r\u00e9daction du site acad\u00e9mique est heureux de vous accueillir dans la section LETTRES. Les pages de ce site&#8230;<\/p>\n","protected":false},"author":1,"featured_media":0,"parent":0,"menu_order":0,"comment_status":"closed","ping_status":"closed","template":"","meta":{"footnotes":""},"class_list":["post-859","page","type-page","status-publish","hentry"],"_links":{"self":[{"href":"https:\/\/sites.ac-nancy-metz.fr\/lettres-hist-geo-lp\/wp-json\/wp\/v2\/pages\/859","targetHints":{"allow":["GET"]}}],"collection":[{"href":"https:\/\/sites.ac-nancy-metz.fr\/lettres-hist-geo-lp\/wp-json\/wp\/v2\/pages"}],"about":[{"href":"https:\/\/sites.ac-nancy-metz.fr\/lettres-hist-geo-lp\/wp-json\/wp\/v2\/types\/page"}],"author":[{"embeddable":true,"href":"https:\/\/sites.ac-nancy-metz.fr\/lettres-hist-geo-lp\/wp-json\/wp\/v2\/users\/1"}],"replies":[{"embeddable":true,"href":"https:\/\/sites.ac-nancy-metz.fr\/lettres-hist-geo-lp\/wp-json\/wp\/v2\/comments?post=859"}],"version-history":[{"count":5,"href":"https:\/\/sites.ac-nancy-metz.fr\/lettres-hist-geo-lp\/wp-json\/wp\/v2\/pages\/859\/revisions"}],"predecessor-version":[{"id":1112,"href":"https:\/\/sites.ac-nancy-metz.fr\/lettres-hist-geo-lp\/wp-json\/wp\/v2\/pages\/859\/revisions\/1112"}],"wp:attachment":[{"href":"https:\/\/sites.ac-nancy-metz.fr\/lettres-hist-geo-lp\/wp-json\/wp\/v2\/media?parent=859"}],"curies":[{"name":"wp","href":"https:\/\/api.w.org\/{rel}","templated":true}]}}