{"id":886,"date":"2016-06-15T12:45:03","date_gmt":"2016-06-15T11:45:03","guid":{"rendered":"https:\/\/sites.ac-nancy-metz.fr\/lettres-hist-geo-lp\/?page_id=886"},"modified":"2016-07-13T18:57:04","modified_gmt":"2016-07-13T17:57:04","slug":"dispositifs-transversaux-lettres","status":"publish","type":"page","link":"https:\/\/sites.ac-nancy-metz.fr\/lettres-hist-geo-lp\/lettres\/dispositifs-transversaux-lettres\/","title":{"rendered":"Dispositifs transversaux"},"content":{"rendered":"<h1 style=\"text-align: justify;\"><img loading=\"lazy\" decoding=\"async\" class=\"alignnone size-full wp-image-1068\" src=\"https:\/\/sites.ac-nancy-metz.fr\/lettres-hist-geo-lp\/wp-content\/uploads\/fleche_aca-1.gif\" alt=\"fleche_aca\" width=\"50\" height=\"60\" \/>Didactique<img loading=\"lazy\" decoding=\"async\" class=\"size-full wp-image-1229 alignright\" src=\"https:\/\/sites.ac-nancy-metz.fr\/lettres-hist-geo-lp\/wp-content\/uploads\/dispositifs.jpg\" alt=\"dispositifs\" width=\"100\" height=\"120\" \/><\/h1>\n<p>&nbsp;<\/p>\n<p align=\"justify\"><strong><div class=\"su-box su-box-style-soft\" id=\"\" style=\"border-color:#093d8b;border-radius:3px;max-width:none\"><div class=\"su-box-title\" style=\"background-color:#3c70be;color:#FFFFFF;border-top-left-radius:1px;border-top-right-radius:1px\">GUIDE ACAD\u00c9MIQUE D\u00c9DI\u00c9 AUX EGLS (Enseignements G\u00e9n\u00e9raux Li\u00e9s \u00e0 la Sp\u00e9cialit\u00e9) - 24\/02\/2016<\/div><div class=\"su-box-content su-u-clearfix su-u-trim\" style=\"border-bottom-left-radius:1px;border-bottom-right-radius:1px\">\n<\/strong><\/p>\n<p align=\"justify\">A l\u2019heure o\u00f9 les\u00a0priorit\u00e9s de la voie professionnelle sont r\u00e9affirm\u00e9es, ce guide\u00a0p\u00e9dagogique a pour vocation de mettre en lumi\u00e8re la participation de\u00a0l\u2019enseignement g\u00e9n\u00e9ral \u00e0 la professionnalisation des \u00e9l\u00e8ves. A l\u2019appui\u00a0des observations men\u00e9es au sein des classes, il vise \u00e0 accompagner les\u00a0\u00e9quipes sur le plan didactique, p\u00e9dagogique et organisationnel.<\/p>\n<hr \/>\n<p align=\"justify\"><div class='w3eden'><!-- WPDM Link Template: Default Template -->\n\n<div class=\"link-template-default card mb-2\">\n    <div class=\"card-body\">\n        <div class=\"media\">\n            <div class=\"mr-3 img-48\"><img decoding=\"async\" class=\"wpdm_icon\" alt=\"Ic\u00f4ne\"   src=\"https:\/\/sites.ac-nancy-metz.fr\/lettres-hist-geo-lp\/wp-content\/plugins\/download-manager\/assets\/file-type-icons\/pdf.png\" \/><\/div>\n            <div class=\"media-body\">\n                <h3 class=\"package-title\"><a href='https:\/\/sites.ac-nancy-metz.fr\/lettres-hist-geo-lp\/download\/dispositifs-transversaux-guide-academique-dedie-aux-egls\/'>Dispositifs transversaux : guide acad\u00e9mique d\u00e9di\u00e9 aux EGLS<\/a><\/h3>\n                <div class=\"text-muted text-small\"><i class=\"fas fa-copy\"><\/i> 1 fichier\u00b7s <i class=\"fas fa-hdd ml-3\"><\/i> 12.80 MB<\/div>\n            <\/div>\n            <div class=\"ml-3\">\n                <a class='wpdm-download-link download-on-click btn btn-primary btn-sm' rel='nofollow' href='#' data-downloadurl=\"https:\/\/sites.ac-nancy-metz.fr\/lettres-hist-geo-lp\/download\/dispositifs-transversaux-guide-academique-dedie-aux-egls\/?wpdmdl=1350&refresh=69e54d7db77ef1776635261\">T\u00e9l\u00e9charger<\/a>\n            <\/div>\n        <\/div>\n    <\/div>\n<\/div>\n\n<\/div>\n<p align=\"justify\"><\/div><\/div>\n<p align=\"justify\"><strong><div class=\"su-box su-box-style-soft\" id=\"\" style=\"border-color:#093d8b;border-radius:3px;max-width:none\"><div class=\"su-box-title\" style=\"background-color:#3c70be;color:#FFFFFF;border-top-left-radius:1px;border-top-right-radius:1px\">LES ATELIERS REDACTIONNELS EN BAC PRO GA - 20\/01\/2016<\/div><div class=\"su-box-content su-u-clearfix su-u-trim\" style=\"border-bottom-left-radius:1px;border-bottom-right-radius:1px\">\n<\/strong><\/p>\n<p align=\"justify\"><strong>Modalit\u00e9s et principes des ateliers\u00a0r\u00e9dactionnels assortis d&rsquo;exemples de situations professionnelles, Formations GA- Lettres 2013-14 et 2014-15,\u00a0Wanda LOPES-ETTORI et St\u00e9phanie FRANQUEVILLE.<\/strong><\/p>\n<hr \/>\n<p align=\"justify\"><div class='w3eden'><!-- WPDM Link Template: Default Template -->\n\n<div class=\"link-template-default card mb-2\">\n    <div class=\"card-body\">\n        <div class=\"media\">\n            <div class=\"mr-3 img-48\"><img decoding=\"async\" class=\"wpdm_icon\" alt=\"Ic\u00f4ne\"   src=\"https:\/\/sites.ac-nancy-metz.fr\/lettres-hist-geo-lp\/wp-content\/plugins\/download-manager\/assets\/file-type-icons\/pdf.png\" \/><\/div>\n            <div class=\"media-body\">\n                <h3 class=\"package-title\"><a href='https:\/\/sites.ac-nancy-metz.fr\/lettres-hist-geo-lp\/download\/ateliers-redactionnels-principes-et-modalites-fiche-outil\/'>Ateliers r\u00e9dactionnels : principes et modalit\u00e9s, fiche-outil<\/a><\/h3>\n                <div class=\"text-muted text-small\"><i class=\"fas fa-copy\"><\/i> 1 fichier\u00b7s <i class=\"fas fa-hdd ml-3\"><\/i> 475.13 KB<\/div>\n            <\/div>\n            <div class=\"ml-3\">\n                <a class='wpdm-download-link download-on-click btn btn-primary btn-sm' rel='nofollow' href='#' data-downloadurl=\"https:\/\/sites.ac-nancy-metz.fr\/lettres-hist-geo-lp\/download\/ateliers-redactionnels-principes-et-modalites-fiche-outil\/?wpdmdl=1352&refresh=69e54d7dc17fc1776635261\">T\u00e9l\u00e9charger<\/a>\n            <\/div>\n        <\/div>\n    <\/div>\n<\/div>\n\n<\/div>\n<p align=\"justify\"><div class='w3eden'><!-- WPDM Link Template: Default Template -->\n\n<div class=\"link-template-default card mb-2\">\n    <div class=\"card-body\">\n        <div class=\"media\">\n            <div class=\"mr-3 img-48\"><img decoding=\"async\" class=\"wpdm_icon\" alt=\"Ic\u00f4ne\"   src=\"https:\/\/sites.ac-nancy-metz.fr\/lettres-hist-geo-lp\/wp-content\/plugins\/download-manager\/assets\/file-type-icons\/pdf.png\" \/><\/div>\n            <div class=\"media-body\">\n                <h3 class=\"package-title\"><a href='https:\/\/sites.ac-nancy-metz.fr\/lettres-hist-geo-lp\/download\/ateliers-redactionnels-exemple-de-situation-professionnelle-lannonce\/'>Ateliers r\u00e9dactionnels : exemple de situation professionnelle, l\u2019annonce<\/a><\/h3>\n                <div class=\"text-muted text-small\"><i class=\"fas fa-copy\"><\/i> 1 fichier\u00b7s <i class=\"fas fa-hdd ml-3\"><\/i> 1.27 MB<\/div>\n            <\/div>\n            <div class=\"ml-3\">\n                <a class='wpdm-download-link download-on-click btn btn-primary btn-sm' rel='nofollow' href='#' data-downloadurl=\"https:\/\/sites.ac-nancy-metz.fr\/lettres-hist-geo-lp\/download\/ateliers-redactionnels-exemple-de-situation-professionnelle-lannonce\/?wpdmdl=1354&refresh=69e54d7dcac441776635261\">T\u00e9l\u00e9charger<\/a>\n            <\/div>\n        <\/div>\n    <\/div>\n<\/div>\n\n<\/div>\n<p align=\"justify\"><div class='w3eden'><!-- WPDM Link Template: Default Template -->\n\n<div class=\"link-template-default card mb-2\">\n    <div class=\"card-body\">\n        <div class=\"media\">\n            <div class=\"mr-3 img-48\"><img decoding=\"async\" class=\"wpdm_icon\" alt=\"Ic\u00f4ne\"   src=\"https:\/\/sites.ac-nancy-metz.fr\/lettres-hist-geo-lp\/wp-content\/plugins\/download-manager\/assets\/file-type-icons\/pdf.png\" \/><\/div>\n            <div class=\"media-body\">\n                <h3 class=\"package-title\"><a href='https:\/\/sites.ac-nancy-metz.fr\/lettres-hist-geo-lp\/download\/ateliers-redactionnels-exemple-de-situation-professionnelle-le-compte-rendu-de-reunion\/'>Ateliers r\u00e9dactionnels : exemple de situation professionnelle, le compte-rendu de r\u00e9union<\/a><\/h3>\n                <div class=\"text-muted text-small\"><i class=\"fas fa-copy\"><\/i> 1 fichier\u00b7s <i class=\"fas fa-hdd ml-3\"><\/i> 966.81 KB<\/div>\n            <\/div>\n            <div class=\"ml-3\">\n                <a class='wpdm-download-link download-on-click btn btn-primary btn-sm' rel='nofollow' href='#' data-downloadurl=\"https:\/\/sites.ac-nancy-metz.fr\/lettres-hist-geo-lp\/download\/ateliers-redactionnels-exemple-de-situation-professionnelle-le-compte-rendu-de-reunion\/?wpdmdl=1356&refresh=69e54d7dd43d41776635261\">T\u00e9l\u00e9charger<\/a>\n            <\/div>\n        <\/div>\n    <\/div>\n<\/div>\n\n<\/div>\n<p align=\"justify\"><div class='w3eden'><!-- WPDM Link Template: Default Template -->\n\n<div class=\"link-template-default card mb-2\">\n    <div class=\"card-body\">\n        <div class=\"media\">\n            <div class=\"mr-3 img-48\"><img decoding=\"async\" class=\"wpdm_icon\" alt=\"Ic\u00f4ne\"   src=\"https:\/\/sites.ac-nancy-metz.fr\/lettres-hist-geo-lp\/wp-content\/plugins\/download-manager\/assets\/file-type-icons\/pdf.png\" \/><\/div>\n            <div class=\"media-body\">\n                <h3 class=\"package-title\"><a href='https:\/\/sites.ac-nancy-metz.fr\/lettres-hist-geo-lp\/download\/ateliers-redactionnels-exemple-de-situation-professionnelle-le-discours\/'>Ateliers r\u00e9dactionnels : exemple de situation professionnelle, le discours<\/a><\/h3>\n                <div class=\"text-muted text-small\"><i class=\"fas fa-copy\"><\/i> 1 fichier\u00b7s <i class=\"fas fa-hdd ml-3\"><\/i> 97.89 KB<\/div>\n            <\/div>\n            <div class=\"ml-3\">\n                <a class='wpdm-download-link download-on-click btn btn-primary btn-sm' rel='nofollow' href='#' data-downloadurl=\"https:\/\/sites.ac-nancy-metz.fr\/lettres-hist-geo-lp\/download\/ateliers-redactionnels-exemple-de-situation-professionnelle-le-discours\/?wpdmdl=1358&refresh=69e54d7ddd9571776635261\">T\u00e9l\u00e9charger<\/a>\n            <\/div>\n        <\/div>\n    <\/div>\n<\/div>\n\n<\/div>\n<p align=\"justify\"><div class='w3eden'><!-- WPDM Link Template: Default Template -->\n\n<div class=\"link-template-default card mb-2\">\n    <div class=\"card-body\">\n        <div class=\"media\">\n            <div class=\"mr-3 img-48\"><img decoding=\"async\" class=\"wpdm_icon\" alt=\"Ic\u00f4ne\"   src=\"https:\/\/sites.ac-nancy-metz.fr\/lettres-hist-geo-lp\/wp-content\/plugins\/download-manager\/assets\/file-type-icons\/pdf.png\" \/><\/div>\n            <div class=\"media-body\">\n                <h3 class=\"package-title\"><a href='https:\/\/sites.ac-nancy-metz.fr\/lettres-hist-geo-lp\/download\/ateliers-redactionnels-exemple-de-situation-professionnelle-variantes-autour-du-courrier-de-sollicitation\/'>Ateliers r\u00e9dactionnels : exemple de situation professionnelle, variantes autour du courrier de sollicitation<\/a><\/h3>\n                <div class=\"text-muted text-small\"><i class=\"fas fa-copy\"><\/i> 1 fichier\u00b7s <i class=\"fas fa-hdd ml-3\"><\/i> 589.48 KB<\/div>\n            <\/div>\n            <div class=\"ml-3\">\n                <a class='wpdm-download-link download-on-click btn btn-primary btn-sm' rel='nofollow' href='#' data-downloadurl=\"https:\/\/sites.ac-nancy-metz.fr\/lettres-hist-geo-lp\/download\/ateliers-redactionnels-exemple-de-situation-professionnelle-variantes-autour-du-courrier-de-sollicitation\/?wpdmdl=1360&refresh=69e54d7de7d491776635261\">T\u00e9l\u00e9charger<\/a>\n            <\/div>\n        <\/div>\n    <\/div>\n<\/div>\n\n<\/div>\n<p align=\"justify\"><\/div><\/div>\n<p><strong><div class=\"su-box su-box-style-soft\" id=\"\" style=\"border-color:#093d8b;border-radius:3px;max-width:none\"><div class=\"su-box-title\" style=\"background-color:#3c70be;color:#FFFFFF;border-top-left-radius:1px;border-top-right-radius:1px\">ATELIERS R\u00c9DACTIONNELS en BAC PRO GA : LETTRES, <\/strong><strong>\u00c9CONOMIE-GESTION - 08\/02\/2014<\/div><div class=\"su-box-content su-u-clearfix su-u-trim\" style=\"border-bottom-left-radius:1px;border-bottom-right-radius:1px\"><\/strong><\/p>\n<p>Diaporama &#8211; support de la formation \u00e0 distance du 13 d\u00e9cembre 2013\u00a0anim\u00e9e par <strong>Mme Simon, IEN d&rsquo;\u00e9conomie-gestion <\/strong>et <strong>Mme\u00a0Picaud\u00e9, IEN de Lettres Histoire G\u00e9ographie <\/strong>visant\u00a0\u00e0 pr\u00e9senter le dispositif des \u00ab\u00a0ateliers r\u00e9dactionnels\u00a0\u00bb dans le cadre de\u00a0la mise en place du bac pro Gestion-Administration.<\/p>\n<hr \/>\n<p><a href=\"http:\/\/www.education.gouv.fr\/bo\/2002\/special10\/som.htmBulletin%20O\" target=\"_blank\"><div class='w3eden'><!-- WPDM Link Template: Default Template -->\n\n<div class=\"link-template-default card mb-2\">\n    <div class=\"card-body\">\n        <div class=\"media\">\n            <div class=\"mr-3 img-48\"><img decoding=\"async\" class=\"wpdm_icon\" alt=\"Ic\u00f4ne\"   src=\"https:\/\/sites.ac-nancy-metz.fr\/lettres-hist-geo-lp\/wp-content\/plugins\/download-manager\/assets\/file-type-icons\/pdf.png\" \/><\/div>\n            <div class=\"media-body\">\n                <h3 class=\"package-title\"><a href='https:\/\/sites.ac-nancy-metz.fr\/lettres-hist-geo-lp\/download\/ateliers-redactionnels-diaporama-support-de-la-formation-a-distance\/'>Ateliers r\u00e9dactionnels : diaporama support de la formation \u00e0 distance<\/a><\/h3>\n                <div class=\"text-muted text-small\"><i class=\"fas fa-copy\"><\/i> 1 fichier\u00b7s <i class=\"fas fa-hdd ml-3\"><\/i> 1.97 MB<\/div>\n            <\/div>\n            <div class=\"ml-3\">\n                <a class='wpdm-download-link download-on-click btn btn-primary btn-sm' rel='nofollow' href='#' data-downloadurl=\"https:\/\/sites.ac-nancy-metz.fr\/lettres-hist-geo-lp\/download\/ateliers-redactionnels-diaporama-support-de-la-formation-a-distance\/?wpdmdl=1362&refresh=69e54d7df12f21776635261\">T\u00e9l\u00e9charger<\/a>\n            <\/div>\n        <\/div>\n    <\/div>\n<\/div>\n\n<\/div>\n<\/a><br \/>\n<img loading=\"lazy\" decoding=\"async\" class=\"alignnone  wp-image-1053\" src=\"https:\/\/sites.ac-nancy-metz.fr\/lettres-hist-geo-lp\/wp-content\/uploads\/Unknown.jpeg\" alt=\"Unknown\" width=\"23\" height=\"22\" \/><a href=\"http:\/\/formationdespersonnels.ac-nancy-metz.fr\/spip\/index.php\" target=\"_blank\">Enregistrement public de la formation :<\/a>\u00a0(onglet\u00a0\u00ab\u00a0classes virtuelles\u00a0\u00bb puis \u00ab\u00a0centra\u00a0\u00bb puis \u00ab\u00a0enregistrements publics\u00a0\u00bb)<\/p>\n<\/div><\/div>\n<p style=\"text-align: right;\">\u00a0 [datedermaj]\n","protected":false},"excerpt":{"rendered":"<p>Didactique &nbsp; \u00a0 [datedermaj]<\/p>\n","protected":false},"author":1,"featured_media":0,"parent":859,"menu_order":0,"comment_status":"closed","ping_status":"closed","template":"","meta":{"footnotes":""},"class_list":["post-886","page","type-page","status-publish","hentry"],"_links":{"self":[{"href":"https:\/\/sites.ac-nancy-metz.fr\/lettres-hist-geo-lp\/wp-json\/wp\/v2\/pages\/886","targetHints":{"allow":["GET"]}}],"collection":[{"href":"https:\/\/sites.ac-nancy-metz.fr\/lettres-hist-geo-lp\/wp-json\/wp\/v2\/pages"}],"about":[{"href":"https:\/\/sites.ac-nancy-metz.fr\/lettres-hist-geo-lp\/wp-json\/wp\/v2\/types\/page"}],"author":[{"embeddable":true,"href":"https:\/\/sites.ac-nancy-metz.fr\/lettres-hist-geo-lp\/wp-json\/wp\/v2\/users\/1"}],"replies":[{"embeddable":true,"href":"https:\/\/sites.ac-nancy-metz.fr\/lettres-hist-geo-lp\/wp-json\/wp\/v2\/comments?post=886"}],"version-history":[{"count":7,"href":"https:\/\/sites.ac-nancy-metz.fr\/lettres-hist-geo-lp\/wp-json\/wp\/v2\/pages\/886\/revisions"}],"predecessor-version":[{"id":1364,"href":"https:\/\/sites.ac-nancy-metz.fr\/lettres-hist-geo-lp\/wp-json\/wp\/v2\/pages\/886\/revisions\/1364"}],"up":[{"embeddable":true,"href":"https:\/\/sites.ac-nancy-metz.fr\/lettres-hist-geo-lp\/wp-json\/wp\/v2\/pages\/859"}],"wp:attachment":[{"href":"https:\/\/sites.ac-nancy-metz.fr\/lettres-hist-geo-lp\/wp-json\/wp\/v2\/media?parent=886"}],"curies":[{"name":"wp","href":"https:\/\/api.w.org\/{rel}","templated":true}]}}