{"id":910,"date":"2016-06-15T12:55:41","date_gmt":"2016-06-15T11:55:41","guid":{"rendered":"https:\/\/sites.ac-nancy-metz.fr\/lettres-hist-geo-lp\/?page_id=910"},"modified":"2016-07-14T14:52:22","modified_gmt":"2016-07-14T13:52:22","slug":"histoire-geographie","status":"publish","type":"page","link":"https:\/\/sites.ac-nancy-metz.fr\/lettres-hist-geo-lp\/histoire-geographie\/","title":{"rendered":"Histoire-G\u00e9ographie"},"content":{"rendered":"<h1><img loading=\"lazy\" decoding=\"async\" class=\"alignnone size-full wp-image-1045\" src=\"https:\/\/sites.ac-nancy-metz.fr\/lettres-hist-geo-lp\/wp-content\/uploads\/fleche_aca.gif\" alt=\"fleche_aca\" width=\"50\" height=\"60\" \/>Pr\u00e9sentation de la section \u00ab\u00a0histoire et g\u00e9ographie\u00a0\u00bb<img loading=\"lazy\" decoding=\"async\" class=\"size-full wp-image-1116 alignright\" src=\"https:\/\/sites.ac-nancy-metz.fr\/lettres-hist-geo-lp\/wp-content\/uploads\/logohg.png\" alt=\"logohg\" width=\"100\" height=\"100\" \/><\/h1>\n<p style=\"text-align: justify;\"><em>Le groupe de r\u00e9daction du site acad\u00e9mique est heureux de vous accueillir dans la <strong>section HISTOIRE ET GEOGRAPHIE, EDUCATION CIVIQUE.<\/strong><\/em><\/p>\n<p style=\"text-align: justify;\"><em>Les pages de ce site seront <strong>compl\u00e9t\u00e9es progressivement et r\u00e9guli\u00e8rement <\/strong>afin de proposer un contenu attrayant et des bases de travail pour la pr\u00e9paration de vos s\u00e9quences d&rsquo;enseignement ainsi que des pistes de r\u00e9flexion didactiques.<\/em><\/p>\n<p style=\"text-align: justify;\"><em>Les diff\u00e9rentes rubriques accessibles dans le <strong>menu de navigation<\/strong> vous permettront d&rsquo;acc\u00e8der aux informations suivantes :<\/em><\/p>\n<p>&nbsp;<\/p>\n<p><img loading=\"lazy\" decoding=\"async\" class=\"alignnone\" src=\"https:\/\/sites.ac-nancy-metz.fr\/lettres-hist-geo-lp\/pages\/inspection\/images\/puce.gif\" width=\"10\" height=\"9\" border=\"0\" \/><strong>\u00a0<\/strong><a href=\"https:\/\/sites.ac-nancy-metz.fr\/lettres-hist-geo-lp\/histoire-geographie\/actualites-histoire-geographie\/\">Actualit\u00e9s\u00a0<\/a>:\u00a0les actualit\u00e9s de la section et les messages de l&rsquo;Inspection sp\u00e9cifique \u00e0 la discipline<\/p>\n<p><img loading=\"lazy\" decoding=\"async\" class=\"alignnone\" src=\"https:\/\/sites.ac-nancy-metz.fr\/lettres-hist-geo-lp\/pages\/inspection\/images\/puce.gif\" width=\"10\" height=\"9\" border=\"0\" \/><strong>\u00a0<\/strong><a href=\"https:\/\/sites.ac-nancy-metz.fr\/lettres-hist-geo-lp\/histoire-geographie\/troisieme-pp-histoire-geographie\/\">Troisi\u00e8me PP <\/a>\u00a0: propositions pour le niveau troisi\u00e8me<\/p>\n<p><strong><img loading=\"lazy\" decoding=\"async\" class=\"alignnone\" src=\"https:\/\/sites.ac-nancy-metz.fr\/lettres-hist-geo-lp\/pages\/inspection\/images\/puce.gif\" width=\"10\" height=\"9\" border=\"0\" \/>\u00a0<\/strong><a href=\"https:\/\/sites.ac-nancy-metz.fr\/lettres-hist-geo-lp\/histoire-geographie\/cap-histoire-geographie\/\">CAP\u00a0<\/a>: propositions pour le niveau CAP<\/p>\n<p><img loading=\"lazy\" decoding=\"async\" class=\"alignnone\" src=\"https:\/\/sites.ac-nancy-metz.fr\/lettres-hist-geo-lp\/pages\/inspection\/images\/puce.gif\" width=\"10\" height=\"9\" border=\"0\" \/>\u00a0Bac Pro : propositions pour le niveau\u00a0<a href=\"https:\/\/sites.ac-nancy-metz.fr\/lettres-hist-geo-lp\/histoire-geographie\/seconde-histoire-geographie\/\">seconde<\/a>,\u00a0<a href=\"https:\/\/sites.ac-nancy-metz.fr\/lettres-hist-geo-lp\/histoire-geographie\/premiere-histoire-geographie\/\">premi\u00e8re<\/a>\u00a0et\u00a0<a href=\"https:\/\/sites.ac-nancy-metz.fr\/lettres-hist-geo-lp\/histoire-geographie\/terminale-histoire-geographie\/\">terminale<\/a><\/p>\n<p><img loading=\"lazy\" decoding=\"async\" class=\"alignnone\" src=\"https:\/\/sites.ac-nancy-metz.fr\/lettres-hist-geo-lp\/pages\/inspection\/images\/puce.gif\" width=\"10\" height=\"9\" border=\"0\" \/>\u00a0Ressources compl\u00e9mentaires : dossier sur\u00a0<a href=\"https:\/\/sites.ac-nancy-metz.fr\/lettres-hist-geo-lp\/histoire-geographie\/idd-histoire-geographie\/\">\u00ab\u00a0l&rsquo;EDD\u00a0\u00bb<\/a><\/p>\n<p><img loading=\"lazy\" decoding=\"async\" class=\"alignnone\" src=\"https:\/\/sites.ac-nancy-metz.fr\/lettres-hist-geo-lp\/pages\/inspection\/images\/puce.gif\" width=\"10\" height=\"9\" border=\"0\" \/>\u00a0<a href=\"https:\/\/sites.ac-nancy-metz.fr\/lettres-hist-geo-lp\/histoire-geographie\/contacts-histoire-geographie\/\">Contacts\u00a0<\/a><\/p>\n<div>\n<div align=\"center\"><div id=\"su_slider_69e54d69d74f4\" class=\"su-slider su-slider-centered su-slider-pages-no su-slider-responsive-yes\" style=\"width:100%\" data-autoplay=\"3000\" data-speed=\"600\" data-mousewheel=\"true\"><div class=\"su-slider-slides\"><div class=\"su-slider-slide\"><a href=\"https:\/\/sites.ac-nancy-metz.fr\/lettres-hist-geo-lp\/wp-content\/uploads\/Infographie-HGEMC-TBP.RVB_.jpg\"  target=\"_blank\" title=\"Impression\"><img decoding=\"async\" src=\"https:\/\/sites.ac-nancy-metz.fr\/lettres-hist-geo-lp\/wp-content\/uploads\/Infographie-HGEMC-TBP.RVB_.jpg\" alt=\"Impression\" \/><\/a><\/div><div class=\"su-slider-slide\"><a href=\"https:\/\/sites.ac-nancy-metz.fr\/lettres-hist-geo-lp\/wp-content\/uploads\/Infographie-HGEMC-1BP.RVB_.jpg\"  target=\"_blank\" title=\"Impression\"><img decoding=\"async\" src=\"https:\/\/sites.ac-nancy-metz.fr\/lettres-hist-geo-lp\/wp-content\/uploads\/Infographie-HGEMC-1BP.RVB_.jpg\" alt=\"Impression\" \/><\/a><\/div><div class=\"su-slider-slide\"><a href=\"https:\/\/sites.ac-nancy-metz.fr\/lettres-hist-geo-lp\/wp-content\/uploads\/Infographie-HGEMC-2BP.RVB_.jpg\"  target=\"_blank\" title=\"Panneau 2BP HG.6.2\"><img decoding=\"async\" src=\"https:\/\/sites.ac-nancy-metz.fr\/lettres-hist-geo-lp\/wp-content\/uploads\/Infographie-HGEMC-2BP.RVB_.jpg\" alt=\"Panneau 2BP HG.6.2\" \/><\/a><\/div><\/div><div class=\"su-slider-nav\"><div class=\"su-slider-direction\"><span class=\"su-slider-prev\"><\/span><span class=\"su-slider-next\"><\/span><\/div><div class=\"su-slider-pagination\"><\/div><\/div><\/div><\/div>\n<div align=\"center\"><em>Infographies r\u00e9alis\u00e9es par Damien GIUSTINIANI<\/em><\/div>\n<div align=\"center\"><\/div>\n<\/div>\n","protected":false},"excerpt":{"rendered":"<p>Pr\u00e9sentation de la section \u00ab\u00a0histoire et g\u00e9ographie\u00a0\u00bb Le groupe de r\u00e9daction du site acad\u00e9mique est heureux de vous accueillir dans la section HISTOIRE ET GEOGRAPHIE, EDUCATION&#8230;<\/p>\n","protected":false},"author":1,"featured_media":0,"parent":0,"menu_order":0,"comment_status":"closed","ping_status":"closed","template":"","meta":{"footnotes":""},"class_list":["post-910","page","type-page","status-publish","hentry"],"_links":{"self":[{"href":"https:\/\/sites.ac-nancy-metz.fr\/lettres-hist-geo-lp\/wp-json\/wp\/v2\/pages\/910","targetHints":{"allow":["GET"]}}],"collection":[{"href":"https:\/\/sites.ac-nancy-metz.fr\/lettres-hist-geo-lp\/wp-json\/wp\/v2\/pages"}],"about":[{"href":"https:\/\/sites.ac-nancy-metz.fr\/lettres-hist-geo-lp\/wp-json\/wp\/v2\/types\/page"}],"author":[{"embeddable":true,"href":"https:\/\/sites.ac-nancy-metz.fr\/lettres-hist-geo-lp\/wp-json\/wp\/v2\/users\/1"}],"replies":[{"embeddable":true,"href":"https:\/\/sites.ac-nancy-metz.fr\/lettres-hist-geo-lp\/wp-json\/wp\/v2\/comments?post=910"}],"version-history":[{"count":5,"href":"https:\/\/sites.ac-nancy-metz.fr\/lettres-hist-geo-lp\/wp-json\/wp\/v2\/pages\/910\/revisions"}],"predecessor-version":[{"id":1515,"href":"https:\/\/sites.ac-nancy-metz.fr\/lettres-hist-geo-lp\/wp-json\/wp\/v2\/pages\/910\/revisions\/1515"}],"wp:attachment":[{"href":"https:\/\/sites.ac-nancy-metz.fr\/lettres-hist-geo-lp\/wp-json\/wp\/v2\/media?parent=910"}],"curies":[{"name":"wp","href":"https:\/\/api.w.org\/{rel}","templated":true}]}}