{"id":914,"date":"2016-06-15T12:59:29","date_gmt":"2016-06-15T11:59:29","guid":{"rendered":"https:\/\/sites.ac-nancy-metz.fr\/lettres-hist-geo-lp\/?page_id=914"},"modified":"2021-09-02T07:24:47","modified_gmt":"2021-09-02T06:24:47","slug":"troisieme-pp-histoire-geographie","status":"publish","type":"page","link":"https:\/\/sites.ac-nancy-metz.fr\/lettres-hist-geo-lp\/histoire-geographie\/troisieme-pp-histoire-geographie\/","title":{"rendered":"Troisi\u00e8me pr\u00e9pa-m\u00e9tiers"},"content":{"rendered":"<h1><img loading=\"lazy\" decoding=\"async\" class=\" wp-image-1131 alignright\" src=\"https:\/\/sites.ac-nancy-metz.fr\/lettres-hist-geo-lp\/wp-content\/uploads\/3emegd.gif\" alt=\"3emegd\" width=\"76\" height=\"103\" \/><\/h1>\n<h1><img loading=\"lazy\" decoding=\"async\" class=\"alignnone size-full wp-image-1068\" src=\"https:\/\/sites.ac-nancy-metz.fr\/lettres-hist-geo-lp\/wp-content\/uploads\/fleche_aca-1.gif\" alt=\"fleche_aca\" width=\"50\" height=\"60\" \/>Propositions<\/h1>\n<div class=\"su-box su-box-style-soft\" id=\"\" style=\"border-color:#093d8b;border-radius:3px;max-width:none\"><div class=\"su-box-title\" style=\"background-color:#3c70be;color:#FFFFFF;border-top-left-radius:1px;border-top-right-radius:1px\">La sensibilit\u00e9 : soi et les autres<\/div><div class=\"su-box-content su-u-clearfix su-u-trim\" style=\"border-bottom-left-radius:1px;border-bottom-right-radius:1px\">\n<p style=\"text-align: justify;\"><b>Fr\u00e9d\u00e9ric Doremus<\/b>\u00a0nous propose une s\u00e9quence\u00a0intitul\u00e9e <strong>\u00ab\u00a0citoyennet\u00e9 fran\u00e7aise, citoyennet\u00e9 europ\u00e9enne : principes, valeurs, symboles\u00a0\u00bb.<\/strong><\/p>\n<p style=\"text-align: justify;\">\u00c0 partir des repr\u00e9sentations des \u00e9l\u00e8ves, la probl\u00e9matique est pos\u00e9e : <strong>c&rsquo;est quoi \u00eatre fran\u00e7ais ?<\/strong> Une classe invers\u00e9e est alors propos\u00e9e, dans le cadre de la premi\u00e8re s\u00e9ance intitul\u00e9e <strong>\u00ab\u00a0\u00eatre Fran\u00e7ais, c&rsquo;est \u00eatre de nationalit\u00e9 fran\u00e7aise\u00a0\u00bb<\/strong>. Puis un d\u00e9bat argument\u00e9 est organis\u00e9.<\/p>\n<p style=\"text-align: justify;\">L&rsquo;un des objectifs de cette s\u00e9quence est de <strong>faire r\u00e9agir les \u00e9l\u00e8ves sur un sujet d\u2019actualit\u00e9<\/strong>, mais aussi de <strong>d\u00e9crypter une information o\u00f9 interviennent les \u00e9motions<\/strong> pour finalement <strong>s\u2019interroger sur les valeurs de la R\u00e9publique<\/strong> (libert\u00e9 d\u2019expression, Fraternit\u00e9, solidarit\u00e9, droit d\u2019asile&#8230;).<\/p>\n<hr \/>\n<p style=\"text-align: justify;\"><div class='w3eden'><!-- WPDM Link Template: Default Template -->\n\n<div class=\"link-template-default card mb-2\">\n    <div class=\"card-body\">\n        <div class=\"media\">\n            <div class=\"mr-3 img-48\"><img decoding=\"async\" class=\"wpdm_icon\" alt=\"Ic\u00f4ne\"   src=\"https:\/\/sites.ac-nancy-metz.fr\/lettres-hist-geo-lp\/wp-content\/plugins\/download-manager\/assets\/file-type-icons\/ppt.png\" \/><\/div>\n            <div class=\"media-body\">\n                <h3 class=\"package-title\"><a href='https:\/\/sites.ac-nancy-metz.fr\/lettres-hist-geo-lp\/download\/emc-en-troisieme-prepa-metiers-la-sensibilite-soi-et-les-autres\/'>EMC en troisi\u00e8me pr\u00e9pa-m\u00e9tiers - La sensibilit\u00e9 : soi et les autres<\/a><\/h3>\n                <div class=\"text-muted text-small\"><i class=\"fas fa-copy\"><\/i> 1 fichier\u00b7s <i class=\"fas fa-hdd ml-3\"><\/i> 4.67 MB<\/div>\n            <\/div>\n            <div class=\"ml-3\">\n                <a class='wpdm-download-link download-on-click btn btn-primary btn-sm' rel='nofollow' href='#' data-downloadurl=\"https:\/\/sites.ac-nancy-metz.fr\/lettres-hist-geo-lp\/download\/emc-en-troisieme-prepa-metiers-la-sensibilite-soi-et-les-autres\/?wpdmdl=2793&refresh=69e54d7dc052d1776635261\">T\u00e9l\u00e9charger<\/a>\n            <\/div>\n        <\/div>\n    <\/div>\n<\/div>\n\n<\/div> <\/div><\/div>\n<p>&nbsp;<\/p>\n<div class=\"su-box su-box-style-soft\" id=\"\" style=\"border-color:#093d8b;border-radius:3px;max-width:none\"><div class=\"su-box-title\" style=\"background-color:#3c70be;color:#FFFFFF;border-top-left-radius:1px;border-top-right-radius:1px\">Traiter son programme en menant en \u0153uvre un projet en classe de troisi\u00e8me<\/div><div class=\"su-box-content su-u-clearfix su-u-trim\" style=\"border-bottom-left-radius:1px;border-bottom-right-radius:1px\">\n<p>La classe de 3\u00e8me est charg\u00e9e d\u2019organiser une exposition virtuelle sur le th\u00e8me de la Premi\u00e8re guerre mondiale \u00e0 travers les cartes postales.\u00a0Trois enseignants sont intervenus dans la conception de l\u2019exposition \u00ab\u00a0Recto-Verso\u00a0\u00bb\u00a0: F. Danloy en Histoire-G\u00e9ographie-EMC, A. Martel en Lettres et M. Remazeilles dans le cadre de l\u2019accompagnement personnalis\u00e9.<\/p>\n<p>&lt;p style=\u00a0\u00bbtext-align: justify;\u00a0\u00bb&gt;Parall\u00e8lement \u00e0 la mise en \u0153uvre de l\u2019EPI, Fabrice Danloy a pr\u00e9sent\u00e9 lors des journ\u00e9es de formation la premi\u00e8re s\u00e9quence d\u2019histoire men\u00e9e avec ses \u00e9l\u00e8ves de &lt;strong&gt;3&lt;sup&gt;\u00e8me&lt;\/sup&gt; Pr\u00e9pa-Pro : \u00ab\u00a0Civils et militaires dans la Premi\u00e8re Guerre mondiale\u00a0\u00bb.<\/p>\n<hr \/>\n<div class='w3eden'><!-- WPDM Link Template: Default Template -->\n\n<div class=\"link-template-default card mb-2\">\n    <div class=\"card-body\">\n        <div class=\"media\">\n            <div class=\"mr-3 img-48\"><img decoding=\"async\" class=\"wpdm_icon\" alt=\"Ic\u00f4ne\"   src=\"https:\/\/sites.ac-nancy-metz.fr\/lettres-hist-geo-lp\/wp-content\/plugins\/download-manager\/assets\/file-type-icons\/pptx.png\" \/><\/div>\n            <div class=\"media-body\">\n                <h3 class=\"package-title\"><a href='https:\/\/sites.ac-nancy-metz.fr\/lettres-hist-geo-lp\/download\/3pp-art-pouvoir-et-individu\/'>3PP : art, pouvoir et individu<\/a><\/h3>\n                <div class=\"text-muted text-small\"><i class=\"fas fa-copy\"><\/i> 1 fichier\u00b7s <i class=\"fas fa-hdd ml-3\"><\/i> 10.94 MB<\/div>\n            <\/div>\n            <div class=\"ml-3\">\n                <a class='wpdm-download-link download-on-click btn btn-primary btn-sm' rel='nofollow' href='#' data-downloadurl=\"https:\/\/sites.ac-nancy-metz.fr\/lettres-hist-geo-lp\/download\/3pp-art-pouvoir-et-individu\/?wpdmdl=1735&refresh=69e54d7dcb1601776635261\">T\u00e9l\u00e9charger<\/a>\n            <\/div>\n        <\/div>\n    <\/div>\n<\/div>\n\n<\/div>\n<div class='w3eden'><!-- WPDM Link Template: Default Template -->\n\n<div class=\"link-template-default card mb-2\">\n    <div class=\"card-body\">\n        <div class=\"media\">\n            <div class=\"mr-3 img-48\"><img decoding=\"async\" class=\"wpdm_icon\" alt=\"Ic\u00f4ne\"   src=\"https:\/\/sites.ac-nancy-metz.fr\/lettres-hist-geo-lp\/wp-content\/plugins\/download-manager\/assets\/file-type-icons\/ppt.png\" \/><\/div>\n            <div class=\"media-body\">\n                <h3 class=\"package-title\"><a href='https:\/\/sites.ac-nancy-metz.fr\/lettres-hist-geo-lp\/download\/3pp-histoire-civils-militaires\/'>3PP Histoire : civils et militaires dans la Premi\u00e8re Guerre mondiale<\/a><\/h3>\n                <div class=\"text-muted text-small\"><i class=\"fas fa-copy\"><\/i> 1 fichier\u00b7s <i class=\"fas fa-hdd ml-3\"><\/i> 53.02 MB<\/div>\n            <\/div>\n            <div class=\"ml-3\">\n                <a class='wpdm-download-link download-on-click btn btn-primary btn-sm' rel='nofollow' href='#' data-downloadurl=\"https:\/\/sites.ac-nancy-metz.fr\/lettres-hist-geo-lp\/download\/3pp-histoire-civils-militaires\/?wpdmdl=1731&refresh=69e54d7dd4abe1776635261\">T\u00e9l\u00e9charger<\/a>\n            <\/div>\n        <\/div>\n    <\/div>\n<\/div>\n\n<\/div>\n<\/div><\/div>\n<hr \/>\n<hr \/>\n<h1><img loading=\"lazy\" decoding=\"async\" class=\"alignnone size-full wp-image-1068\" src=\"https:\/\/sites.ac-nancy-metz.fr\/lettres-hist-geo-lp\/wp-content\/uploads\/fleche_aca-1.gif\" alt=\"fleche_aca\" width=\"50\" height=\"60\" \/>Sujets d&rsquo;examens<\/h1>\n<div class=\"su-box su-box-style-soft\" id=\"\" style=\"border-color:#093d8b;border-radius:3px;max-width:none\"><div class=\"su-box-title\" style=\"background-color:#3c70be;color:#FFFFFF;border-top-left-radius:1px;border-top-right-radius:1px\">Session juin 2021 - 09\/2021<\/div><div class=\"su-box-content su-u-clearfix su-u-trim\" style=\"border-bottom-left-radius:1px;border-bottom-right-radius:1px\">\nLe sujet du Dipl\u00f4me National du Brevet et son corrig\u00e9.<\/p>\n<hr \/>\n<div class='w3eden'><!-- WPDM Link Template: Default Template -->\n\n<div class=\"link-template-default card mb-2\">\n    <div class=\"card-body\">\n        <div class=\"media\">\n            <div class=\"mr-3 img-48\"><img decoding=\"async\" class=\"wpdm_icon\" alt=\"Ic\u00f4ne\"   src=\"https:\/\/sites.ac-nancy-metz.fr\/lettres-hist-geo-lp\/wp-content\/plugins\/download-manager\/assets\/file-type-icons\/pdf.svg\" \/><\/div>\n            <div class=\"media-body\">\n                <h3 class=\"package-title\"><a href='https:\/\/sites.ac-nancy-metz.fr\/lettres-hist-geo-lp\/download\/sujet-dnb-juin-2021\/'>Sujet DNB juin 2021<\/a><\/h3>\n                <div class=\"text-muted text-small\"><i class=\"fas fa-copy\"><\/i> 1 fichier\u00b7s <i class=\"fas fa-hdd ml-3\"><\/i> 652.53 KB<\/div>\n            <\/div>\n            <div class=\"ml-3\">\n                <a class='wpdm-download-link download-on-click btn btn-primary btn-sm' rel='nofollow' href='#' data-downloadurl=\"https:\/\/sites.ac-nancy-metz.fr\/lettres-hist-geo-lp\/download\/sujet-dnb-juin-2021\/?wpdmdl=2759&refresh=69e54d7ddde571776635261\">T\u00e9l\u00e9charger<\/a>\n            <\/div>\n        <\/div>\n    <\/div>\n<\/div>\n\n<\/div>\n<div class='w3eden'><!-- WPDM Link Template: Default Template -->\n\n<div class=\"link-template-default card mb-2\">\n    <div class=\"card-body\">\n        <div class=\"media\">\n            <div class=\"mr-3 img-48\"><img decoding=\"async\" class=\"wpdm_icon\" alt=\"Ic\u00f4ne\"   src=\"https:\/\/sites.ac-nancy-metz.fr\/lettres-hist-geo-lp\/wp-content\/plugins\/download-manager\/assets\/file-type-icons\/pdf.png\" \/><\/div>\n            <div class=\"media-body\">\n                <h3 class=\"package-title\"><a href='https:\/\/sites.ac-nancy-metz.fr\/lettres-hist-geo-lp\/download\/corrige-dnb-2021\/'>Corrig\u00e9 DNB 2021<\/a><\/h3>\n                <div class=\"text-muted text-small\"><i class=\"fas fa-copy\"><\/i> 1 fichier\u00b7s <i class=\"fas fa-hdd ml-3\"><\/i> 412.78 KB<\/div>\n            <\/div>\n            <div class=\"ml-3\">\n                <a class='wpdm-download-link download-on-click btn btn-primary btn-sm' rel='nofollow' href='#' data-downloadurl=\"https:\/\/sites.ac-nancy-metz.fr\/lettres-hist-geo-lp\/download\/corrige-dnb-2021\/?wpdmdl=2760&refresh=69e54d7de70f11776635261\">T\u00e9l\u00e9charger<\/a>\n            <\/div>\n        <\/div>\n    <\/div>\n<\/div>\n\n<\/div>\n<\/div><\/div>\n<div class=\"su-box su-box-style-soft\" id=\"\" style=\"border-color:#093d8b;border-radius:3px;max-width:none\"><div class=\"su-box-title\" style=\"background-color:#3c70be;color:#FFFFFF;border-top-left-radius:1px;border-top-right-radius:1px\">Session septembre 2020 - 09\/2021<\/div><div class=\"su-box-content su-u-clearfix su-u-trim\" style=\"border-bottom-left-radius:1px;border-bottom-right-radius:1px\">\nLe sujet du Dipl\u00f4me National du Brevet et son corrig\u00e9.<\/p>\n<hr \/>\n<div class='w3eden'><!-- WPDM Link Template: Default Template -->\n\n<div class=\"link-template-default card mb-2\">\n    <div class=\"card-body\">\n        <div class=\"media\">\n            <div class=\"mr-3 img-48\"><img decoding=\"async\" class=\"wpdm_icon\" alt=\"Ic\u00f4ne\"   src=\"https:\/\/sites.ac-nancy-metz.fr\/lettres-hist-geo-lp\/wp-content\/plugins\/download-manager\/assets\/file-type-icons\/pdf.png\" \/><\/div>\n            <div class=\"media-body\">\n                <h3 class=\"package-title\"><a href='https:\/\/sites.ac-nancy-metz.fr\/lettres-hist-geo-lp\/download\/sujet-dnb-septembre-2019\/'>Sujet DNB septembre 2020<\/a><\/h3>\n                <div class=\"text-muted text-small\"><i class=\"fas fa-copy\"><\/i> 1 fichier\u00b7s <i class=\"fas fa-hdd ml-3\"><\/i> 556.55 KB<\/div>\n            <\/div>\n            <div class=\"ml-3\">\n                <a class='wpdm-download-link download-on-click btn btn-primary btn-sm' rel='nofollow' href='#' data-downloadurl=\"https:\/\/sites.ac-nancy-metz.fr\/lettres-hist-geo-lp\/download\/sujet-dnb-septembre-2019\/?wpdmdl=2762&refresh=69e54d7df062a1776635261\">T\u00e9l\u00e9charger<\/a>\n            <\/div>\n        <\/div>\n    <\/div>\n<\/div>\n\n<\/div>\n<div class='w3eden'><!-- WPDM Link Template: Default Template -->\n\n<div class=\"link-template-default card mb-2\">\n    <div class=\"card-body\">\n        <div class=\"media\">\n            <div class=\"mr-3 img-48\"><img decoding=\"async\" class=\"wpdm_icon\" alt=\"Ic\u00f4ne\"   src=\"https:\/\/sites.ac-nancy-metz.fr\/lettres-hist-geo-lp\/wp-content\/plugins\/download-manager\/assets\/file-type-icons\/pdf.png\" \/><\/div>\n            <div class=\"media-body\">\n                <h3 class=\"package-title\"><a href='https:\/\/sites.ac-nancy-metz.fr\/lettres-hist-geo-lp\/download\/corrige-dnb-septembre-2019\/'>Corrig\u00e9 DNB septembre 2020<\/a><\/h3>\n                <div class=\"text-muted text-small\"><i class=\"fas fa-copy\"><\/i> 1 fichier\u00b7s <i class=\"fas fa-hdd ml-3\"><\/i> 254.55 KB<\/div>\n            <\/div>\n            <div class=\"ml-3\">\n                <a class='wpdm-download-link download-on-click btn btn-primary btn-sm' rel='nofollow' href='#' data-downloadurl=\"https:\/\/sites.ac-nancy-metz.fr\/lettres-hist-geo-lp\/download\/corrige-dnb-septembre-2019\/?wpdmdl=2764&refresh=69e54d7e059541776635262\">T\u00e9l\u00e9charger<\/a>\n            <\/div>\n        <\/div>\n    <\/div>\n<\/div>\n\n<\/div>\n<\/div><\/div>\n<div class=\"su-box su-box-style-soft\" id=\"\" style=\"border-color:#093d8b;border-radius:3px;max-width:none\"><div class=\"su-box-title\" style=\"background-color:#3c70be;color:#FFFFFF;border-top-left-radius:1px;border-top-right-radius:1px\">Session septembre 2019 - 09\/2021<\/div><div class=\"su-box-content su-u-clearfix su-u-trim\" style=\"border-bottom-left-radius:1px;border-bottom-right-radius:1px\">\nLe sujet du Dipl\u00f4me National du Brevet et son corrig\u00e9.<\/p>\n<hr \/>\n<div class='w3eden'><!-- WPDM Link Template: Default Template -->\n\n<div class=\"link-template-default card mb-2\">\n    <div class=\"card-body\">\n        <div class=\"media\">\n            <div class=\"mr-3 img-48\"><img decoding=\"async\" class=\"wpdm_icon\" alt=\"Ic\u00f4ne\"   src=\"https:\/\/sites.ac-nancy-metz.fr\/lettres-hist-geo-lp\/wp-content\/plugins\/download-manager\/assets\/file-type-icons\/pdf.png\" \/><\/div>\n            <div class=\"media-body\">\n                <h3 class=\"package-title\"><a href='https:\/\/sites.ac-nancy-metz.fr\/lettres-hist-geo-lp\/download\/sujet-dnb-septembre-2019-2\/'>Sujet DNB septembre 2019<\/a><\/h3>\n                <div class=\"text-muted text-small\"><i class=\"fas fa-copy\"><\/i> 1 fichier\u00b7s <i class=\"fas fa-hdd ml-3\"><\/i> 270.92 KB<\/div>\n            <\/div>\n            <div class=\"ml-3\">\n                <a class='wpdm-download-link download-on-click btn btn-primary btn-sm' rel='nofollow' href='#' data-downloadurl=\"https:\/\/sites.ac-nancy-metz.fr\/lettres-hist-geo-lp\/download\/sujet-dnb-septembre-2019-2\/?wpdmdl=2766&refresh=69e54d7e0ecef1776635262\">T\u00e9l\u00e9charger<\/a>\n            <\/div>\n        <\/div>\n    <\/div>\n<\/div>\n\n<\/div>\n<div class='w3eden'><!-- WPDM Link Template: Default Template -->\n\n<div class=\"link-template-default card mb-2\">\n    <div class=\"card-body\">\n        <div class=\"media\">\n            <div class=\"mr-3 img-48\"><img decoding=\"async\" class=\"wpdm_icon\" alt=\"Ic\u00f4ne\"   src=\"https:\/\/sites.ac-nancy-metz.fr\/lettres-hist-geo-lp\/wp-content\/plugins\/download-manager\/assets\/file-type-icons\/pdf.png\" \/><\/div>\n            <div class=\"media-body\">\n                <h3 class=\"package-title\"><a href='https:\/\/sites.ac-nancy-metz.fr\/lettres-hist-geo-lp\/download\/corrige-dnb-septembre-2019-2\/'>Corrig\u00e9 DNB septembre 2019<\/a><\/h3>\n                <div class=\"text-muted text-small\"><i class=\"fas fa-copy\"><\/i> 1 fichier\u00b7s <i class=\"fas fa-hdd ml-3\"><\/i> 438.35 KB<\/div>\n            <\/div>\n            <div class=\"ml-3\">\n                <a class='wpdm-download-link download-on-click btn btn-primary btn-sm' rel='nofollow' href='#' data-downloadurl=\"https:\/\/sites.ac-nancy-metz.fr\/lettres-hist-geo-lp\/download\/corrige-dnb-septembre-2019-2\/?wpdmdl=2768&refresh=69e54d7e182ca1776635262\">T\u00e9l\u00e9charger<\/a>\n            <\/div>\n        <\/div>\n    <\/div>\n<\/div>\n\n<\/div>\n<\/div><\/div>\n<div class=\"su-box su-box-style-soft\" id=\"\" style=\"border-color:#093d8b;border-radius:3px;max-width:none\"><div class=\"su-box-title\" style=\"background-color:#3c70be;color:#FFFFFF;border-top-left-radius:1px;border-top-right-radius:1px\">Session juin 2019 - 09\/2021<\/div><div class=\"su-box-content su-u-clearfix su-u-trim\" style=\"border-bottom-left-radius:1px;border-bottom-right-radius:1px\">\nLe sujet du Dipl\u00f4me National du Brevet et son corrig\u00e9.<\/p>\n<hr \/>\n<div class='w3eden'><!-- WPDM Link Template: Default Template -->\n\n<div class=\"link-template-default card mb-2\">\n    <div class=\"card-body\">\n        <div class=\"media\">\n            <div class=\"mr-3 img-48\"><img decoding=\"async\" class=\"wpdm_icon\" alt=\"Ic\u00f4ne\"   src=\"https:\/\/sites.ac-nancy-metz.fr\/lettres-hist-geo-lp\/wp-content\/plugins\/download-manager\/assets\/file-type-icons\/pdf.png\" \/><\/div>\n            <div class=\"media-body\">\n                <h3 class=\"package-title\"><a href='https:\/\/sites.ac-nancy-metz.fr\/lettres-hist-geo-lp\/download\/corrige-dnb-session-juin-2019\/'>Corrig\u00e9 DNB session juin 2019<\/a><\/h3>\n                <div class=\"text-muted text-small\"><i class=\"fas fa-copy\"><\/i> 1 fichier\u00b7s <i class=\"fas fa-hdd ml-3\"><\/i> 510.82 KB<\/div>\n            <\/div>\n            <div class=\"ml-3\">\n                <a class='wpdm-download-link download-on-click btn btn-primary btn-sm' rel='nofollow' href='#' data-downloadurl=\"https:\/\/sites.ac-nancy-metz.fr\/lettres-hist-geo-lp\/download\/corrige-dnb-session-juin-2019\/?wpdmdl=2772&refresh=69e54d7e21d3b1776635262\">T\u00e9l\u00e9charger<\/a>\n            <\/div>\n        <\/div>\n    <\/div>\n<\/div>\n\n<\/div>\n<div class='w3eden'><!-- WPDM Link Template: Default Template -->\n\n<div class=\"link-template-default card mb-2\">\n    <div class=\"card-body\">\n        <div class=\"media\">\n            <div class=\"mr-3 img-48\"><img decoding=\"async\" class=\"wpdm_icon\" alt=\"Ic\u00f4ne\"   src=\"https:\/\/sites.ac-nancy-metz.fr\/lettres-hist-geo-lp\/wp-content\/plugins\/download-manager\/assets\/file-type-icons\/pdf.png\" \/><\/div>\n            <div class=\"media-body\">\n                <h3 class=\"package-title\"><a href='https:\/\/sites.ac-nancy-metz.fr\/lettres-hist-geo-lp\/download\/sujet-dnb-session-juin-2019\/'>Sujet DNB session juin 2019<\/a><\/h3>\n                <div class=\"text-muted text-small\"><i class=\"fas fa-copy\"><\/i> 1 fichier\u00b7s <i class=\"fas fa-hdd ml-3\"><\/i> 737.25 KB<\/div>\n            <\/div>\n            <div class=\"ml-3\">\n                <a class='wpdm-download-link download-on-click btn btn-primary btn-sm' rel='nofollow' href='#' data-downloadurl=\"https:\/\/sites.ac-nancy-metz.fr\/lettres-hist-geo-lp\/download\/sujet-dnb-session-juin-2019\/?wpdmdl=2770&refresh=69e54d7e2cb9b1776635262\">T\u00e9l\u00e9charger<\/a>\n            <\/div>\n        <\/div>\n    <\/div>\n<\/div>\n\n<\/div>\n<\/div><\/div>\n<div class=\"su-box su-box-style-soft\" id=\"\" style=\"border-color:#093d8b;border-radius:3px;max-width:none\"><div class=\"su-box-title\" style=\"background-color:#3c70be;color:#FFFFFF;border-top-left-radius:1px;border-top-right-radius:1px\">Session septembre 2018 - 09\/2021<\/div><div class=\"su-box-content su-u-clearfix su-u-trim\" style=\"border-bottom-left-radius:1px;border-bottom-right-radius:1px\">\nLe sujet du Dipl\u00f4me National du Brevet et son corrig\u00e9.<\/p>\n<hr \/>\n<div class='w3eden'><!-- WPDM Link Template: Default Template -->\n\n<div class=\"link-template-default card mb-2\">\n    <div class=\"card-body\">\n        <div class=\"media\">\n            <div class=\"mr-3 img-48\"><img decoding=\"async\" class=\"wpdm_icon\" alt=\"Ic\u00f4ne\"   src=\"https:\/\/sites.ac-nancy-metz.fr\/lettres-hist-geo-lp\/wp-content\/plugins\/download-manager\/assets\/file-type-icons\/pdf.png\" \/><\/div>\n            <div class=\"media-body\">\n                <h3 class=\"package-title\"><a href='https:\/\/sites.ac-nancy-metz.fr\/lettres-hist-geo-lp\/download\/corrige-dnb-session-juin-2018\/'>Corrig\u00e9 DNB session septembre 2018<\/a><\/h3>\n                <div class=\"text-muted text-small\"><i class=\"fas fa-copy\"><\/i> 1 fichier\u00b7s <i class=\"fas fa-hdd ml-3\"><\/i> 419.42 KB<\/div>\n            <\/div>\n            <div class=\"ml-3\">\n                <a class='wpdm-download-link download-on-click btn btn-primary btn-sm' rel='nofollow' href='#' data-downloadurl=\"https:\/\/sites.ac-nancy-metz.fr\/lettres-hist-geo-lp\/download\/corrige-dnb-session-juin-2018\/?wpdmdl=2776&refresh=69e54d7e3894a1776635262\">T\u00e9l\u00e9charger<\/a>\n            <\/div>\n        <\/div>\n    <\/div>\n<\/div>\n\n<\/div>\n<div class='w3eden'><!-- WPDM Link Template: Default Template -->\n\n<div class=\"link-template-default card mb-2\">\n    <div class=\"card-body\">\n        <div class=\"media\">\n            <div class=\"mr-3 img-48\"><img decoding=\"async\" class=\"wpdm_icon\" alt=\"Ic\u00f4ne\"   src=\"https:\/\/sites.ac-nancy-metz.fr\/lettres-hist-geo-lp\/wp-content\/plugins\/download-manager\/assets\/file-type-icons\/pdf.png\" \/><\/div>\n            <div class=\"media-body\">\n                <h3 class=\"package-title\"><a href='https:\/\/sites.ac-nancy-metz.fr\/lettres-hist-geo-lp\/download\/sujet-dnb-session-juin-2018\/'>Sujet DNB session septembre 2018<\/a><\/h3>\n                <div class=\"text-muted text-small\"><i class=\"fas fa-copy\"><\/i> 1 fichier\u00b7s <i class=\"fas fa-hdd ml-3\"><\/i> 730.27 KB<\/div>\n            <\/div>\n            <div class=\"ml-3\">\n                <a class='wpdm-download-link download-on-click btn btn-primary btn-sm' rel='nofollow' href='#' data-downloadurl=\"https:\/\/sites.ac-nancy-metz.fr\/lettres-hist-geo-lp\/download\/sujet-dnb-session-juin-2018\/?wpdmdl=2774&refresh=69e54d7e43ab81776635262\">T\u00e9l\u00e9charger<\/a>\n            <\/div>\n        <\/div>\n    <\/div>\n<\/div>\n\n<\/div>\n<\/div><\/div>\n<div class=\"su-box su-box-style-soft\" id=\"\" style=\"border-color:#093d8b;border-radius:3px;max-width:none\"><div class=\"su-box-title\" style=\"background-color:#3c70be;color:#FFFFFF;border-top-left-radius:1px;border-top-right-radius:1px\">Session juin 2018 - 09\/2021<\/div><div class=\"su-box-content su-u-clearfix su-u-trim\" style=\"border-bottom-left-radius:1px;border-bottom-right-radius:1px\">\nLe sujet du Dipl\u00f4me National du Brevet et son corrig\u00e9.<\/p>\n<hr \/>\n<div class='w3eden'><!-- WPDM Link Template: Default Template -->\n\n<div class=\"link-template-default card mb-2\">\n    <div class=\"card-body\">\n        <div class=\"media\">\n            <div class=\"mr-3 img-48\"><img decoding=\"async\" class=\"wpdm_icon\" alt=\"Ic\u00f4ne\"   src=\"https:\/\/sites.ac-nancy-metz.fr\/lettres-hist-geo-lp\/wp-content\/plugins\/download-manager\/assets\/file-type-icons\/pdf.png\" \/><\/div>\n            <div class=\"media-body\">\n                <h3 class=\"package-title\"><a href='https:\/\/sites.ac-nancy-metz.fr\/lettres-hist-geo-lp\/download\/corrige-dnb-session-juin-2018-2\/'>Corrig\u00e9 DNB session juin 2018<\/a><\/h3>\n                <div class=\"text-muted text-small\"><i class=\"fas fa-copy\"><\/i> 1 fichier\u00b7s <i class=\"fas fa-hdd ml-3\"><\/i> 415.45 KB<\/div>\n            <\/div>\n            <div class=\"ml-3\">\n                <a class='wpdm-download-link download-on-click btn btn-primary btn-sm' rel='nofollow' href='#' data-downloadurl=\"https:\/\/sites.ac-nancy-metz.fr\/lettres-hist-geo-lp\/download\/corrige-dnb-session-juin-2018-2\/?wpdmdl=2781&refresh=69e54d7e527941776635262\">T\u00e9l\u00e9charger<\/a>\n            <\/div>\n        <\/div>\n    <\/div>\n<\/div>\n\n<\/div>\n<div class='w3eden'><!-- WPDM Link Template: Default Template -->\n\n<div class=\"link-template-default card mb-2\">\n    <div class=\"card-body\">\n        <div class=\"media\">\n            <div class=\"mr-3 img-48\"><img decoding=\"async\" class=\"wpdm_icon\" alt=\"Ic\u00f4ne\"   src=\"https:\/\/sites.ac-nancy-metz.fr\/lettres-hist-geo-lp\/wp-content\/plugins\/download-manager\/assets\/file-type-icons\/pdf.png\" \/><\/div>\n            <div class=\"media-body\">\n                <h3 class=\"package-title\"><a href='https:\/\/sites.ac-nancy-metz.fr\/lettres-hist-geo-lp\/download\/sujet-dnb-session-juin-2018-2\/'>Sujet DNB session juin 2018<\/a><\/h3>\n                <div class=\"text-muted text-small\"><i class=\"fas fa-copy\"><\/i> 1 fichier\u00b7s <i class=\"fas fa-hdd ml-3\"><\/i> 746.45 KB<\/div>\n            <\/div>\n            <div class=\"ml-3\">\n                <a class='wpdm-download-link download-on-click btn btn-primary btn-sm' rel='nofollow' href='#' data-downloadurl=\"https:\/\/sites.ac-nancy-metz.fr\/lettres-hist-geo-lp\/download\/sujet-dnb-session-juin-2018-2\/?wpdmdl=2779&refresh=69e54d7e5d7331776635262\">T\u00e9l\u00e9charger<\/a>\n            <\/div>\n        <\/div>\n    <\/div>\n<\/div>\n\n<\/div>\n<\/div><\/div>\n","protected":false},"excerpt":{"rendered":"<p>Propositions &nbsp; Sujets d&rsquo;examens<\/p>\n","protected":false},"author":1,"featured_media":0,"parent":910,"menu_order":0,"comment_status":"closed","ping_status":"closed","template":"","meta":{"footnotes":""},"class_list":["post-914","page","type-page","status-publish","hentry"],"_links":{"self":[{"href":"https:\/\/sites.ac-nancy-metz.fr\/lettres-hist-geo-lp\/wp-json\/wp\/v2\/pages\/914","targetHints":{"allow":["GET"]}}],"collection":[{"href":"https:\/\/sites.ac-nancy-metz.fr\/lettres-hist-geo-lp\/wp-json\/wp\/v2\/pages"}],"about":[{"href":"https:\/\/sites.ac-nancy-metz.fr\/lettres-hist-geo-lp\/wp-json\/wp\/v2\/types\/page"}],"author":[{"embeddable":true,"href":"https:\/\/sites.ac-nancy-metz.fr\/lettres-hist-geo-lp\/wp-json\/wp\/v2\/users\/1"}],"replies":[{"embeddable":true,"href":"https:\/\/sites.ac-nancy-metz.fr\/lettres-hist-geo-lp\/wp-json\/wp\/v2\/comments?post=914"}],"version-history":[{"count":28,"href":"https:\/\/sites.ac-nancy-metz.fr\/lettres-hist-geo-lp\/wp-json\/wp\/v2\/pages\/914\/revisions"}],"predecessor-version":[{"id":2796,"href":"https:\/\/sites.ac-nancy-metz.fr\/lettres-hist-geo-lp\/wp-json\/wp\/v2\/pages\/914\/revisions\/2796"}],"up":[{"embeddable":true,"href":"https:\/\/sites.ac-nancy-metz.fr\/lettres-hist-geo-lp\/wp-json\/wp\/v2\/pages\/910"}],"wp:attachment":[{"href":"https:\/\/sites.ac-nancy-metz.fr\/lettres-hist-geo-lp\/wp-json\/wp\/v2\/media?parent=914"}],"curies":[{"name":"wp","href":"https:\/\/api.w.org\/{rel}","templated":true}]}}