{"id":922,"date":"2016-06-15T13:01:20","date_gmt":"2016-06-15T12:01:20","guid":{"rendered":"https:\/\/sites.ac-nancy-metz.fr\/lettres-hist-geo-lp\/?page_id=922"},"modified":"2020-04-02T14:27:45","modified_gmt":"2020-04-02T13:27:45","slug":"seconde-histoire-geographie","status":"publish","type":"page","link":"https:\/\/sites.ac-nancy-metz.fr\/lettres-hist-geo-lp\/histoire-geographie\/seconde-histoire-geographie\/","title":{"rendered":"Seconde"},"content":{"rendered":"<h1 style=\"text-align: justify;\"><img loading=\"lazy\" decoding=\"async\" class=\"size-full wp-image-1245 alignright\" src=\"https:\/\/sites.ac-nancy-metz.fr\/lettres-hist-geo-lp\/wp-content\/uploads\/hg2bp3.gif\" alt=\"hg2bp3\" width=\"100\" height=\"120\" \/><\/h1>\n<h1 style=\"text-align: justify;\"><img loading=\"lazy\" decoding=\"async\" class=\"alignnone size-full wp-image-1068\" src=\"https:\/\/sites.ac-nancy-metz.fr\/lettres-hist-geo-lp\/wp-content\/uploads\/fleche_aca-1.gif\" alt=\"fleche_aca\" width=\"50\" height=\"60\" \/>Mise en oeuvre des nouveaux programmes<\/h1>\n<p>&nbsp;<\/p>\n<p>&nbsp;<\/p>\n<div class=\"su-heading su-heading-style-default su-heading-align-center\" id=\"\" style=\"font-size:18px;margin-bottom:20px\"><div class=\"su-heading-inner\">APPROCHE G\u00c9N\u00c9RALE<\/div><\/div>\n<p><strong><div class=\"su-box su-box-style-soft\" id=\"\" style=\"border-color:#093d8b;border-radius:3px;max-width:none\"><div class=\"su-box-title\" style=\"background-color:#3c70be;color:#FFFFFF;border-top-left-radius:1px;border-top-right-radius:1px\">HISTOIRE-G\u00c9OGRAPHIE ET EMC : LES PROGRAMMES<\/div><div class=\"su-box-content su-u-clearfix su-u-trim\" style=\"border-bottom-left-radius:1px;border-bottom-right-radius:1px\"><\/strong><\/p>\n<p>Applicables \u00e0 la rentr\u00e9e 2019 &#8211; 2020, les programmes de seconde baccalaur\u00e9at professionnel ont \u00e9t\u00e9 publi\u00e9s au\u00a0<a href=\"https:\/\/www.education.gouv.fr\/pid285\/bulletin_officiel.html?pid_bo=38697\">BO sp\u00e9cial n\u00b05 du 11 avril 2019.<\/a><\/p>\n<p>Pour pr\u00e9senter plus en d\u00e9tail ces nouveaux programmes mais aussi le contexte plus large de la Transformation de la Voie Professionnelle, nous vous proposons \u00e9galement le diaporama pr\u00e9sent\u00e9 par M. Pique Patrick, IEN.<\/p>\n<hr \/>\n<p><a href=\"https:\/\/cache.media.education.gouv.fr\/file\/SP5-MEN-11-4-2019\/12\/1\/spe625_annexe_1105121.pdf\" target=\"_blank\" rel=\"noopener noreferrer\">Histoire et g\u00e9ographie en seconde bac pro<\/a><\/p>\n<p><a href=\"https:\/\/cache.media.education.gouv.fr\/file\/SP5-MEN-11-4-2019\/86\/7\/spe619_annexe_1104867.pdf\" target=\"_blank\" rel=\"noopener noreferrer\">EMC en seconde bac pro<\/a><\/p>\n<div class='w3eden'><!-- WPDM Link Template: Default Template -->\n\n<div class=\"link-template-default card mb-2\">\n    <div class=\"card-body\">\n        <div class=\"media\">\n            <div class=\"mr-3 img-48\"><img decoding=\"async\" class=\"wpdm_icon\" alt=\"Ic\u00f4ne\"   src=\"https:\/\/sites.ac-nancy-metz.fr\/lettres-hist-geo-lp\/wp-content\/plugins\/download-manager\/assets\/file-type-icons\/pdf.png\" \/><\/div>\n            <div class=\"media-body\">\n                <h3 class=\"package-title\"><a href='https:\/\/sites.ac-nancy-metz.fr\/lettres-hist-geo-lp\/download\/presentation-des-nouveaux-programmes-de-seconde-professionnelle\/'>Pr\u00e9sentation des nouveaux programmes de seconde professionnelle par M. Pique, IEN.<\/a><\/h3>\n                <div class=\"text-muted text-small\"><i class=\"fas fa-copy\"><\/i> 1 fichier\u00b7s <i class=\"fas fa-hdd ml-3\"><\/i> 786.02 KB<\/div>\n            <\/div>\n            <div class=\"ml-3\">\n                <a class='wpdm-download-link download-on-click btn btn-primary btn-sm' rel='nofollow' href='#' data-downloadurl=\"https:\/\/sites.ac-nancy-metz.fr\/lettres-hist-geo-lp\/download\/presentation-des-nouveaux-programmes-de-seconde-professionnelle\/?wpdmdl=2376&refresh=69e54d7de50231776635261\">T\u00e9l\u00e9charger<\/a>\n            <\/div>\n        <\/div>\n    <\/div>\n<\/div>\n\n<\/div>\n<\/div><\/div>\n<p><strong><div class=\"su-box su-box-style-soft\" id=\"\" style=\"border-color:#093d8b;border-radius:3px;max-width:none\"><div class=\"su-box-title\" style=\"background-color:#3c70be;color:#FFFFFF;border-top-left-radius:1px;border-top-right-radius:1px\">PROPOSITION DE PROGRESSION ANNUELLE<\/div><div class=\"su-box-content su-u-clearfix su-u-trim\" style=\"border-bottom-left-radius:1px;border-bottom-right-radius:1px\"><\/strong><\/p>\n<p>Sous la forme d&rsquo;un sketchnote (note r\u00e9alis\u00e9e \u00e0 l\u2019aide d\u2019un dessin), nous vous proposons une r\u00e9flexion globale sur la mise en oeuvre des programmes en seconde par l&rsquo;entr\u00e9e d&rsquo;une progression annuelle.<\/p>\n<p>La probl\u00e9matique retenue est <strong>\u00ab\u00a0la ou les mondialisations ?\u00a0\u00bb<\/strong><\/p>\n<p>&nbsp;<\/p>\n<p><img loading=\"lazy\" decoding=\"async\" class=\" wp-image-2360 aligncenter\" src=\"https:\/\/sites.ac-nancy-metz.fr\/lettres-hist-geo-lp\/wp-content\/uploads\/progression-2-1024x691.jpg\" alt=\"\" width=\"304\" height=\"205\" srcset=\"https:\/\/sites.ac-nancy-metz.fr\/lettres-hist-geo-lp\/wp-content\/uploads\/progression-2-1024x691.jpg 1024w, https:\/\/sites.ac-nancy-metz.fr\/lettres-hist-geo-lp\/wp-content\/uploads\/progression-2-300x202.jpg 300w, https:\/\/sites.ac-nancy-metz.fr\/lettres-hist-geo-lp\/wp-content\/uploads\/progression-2-768x518.jpg 768w, https:\/\/sites.ac-nancy-metz.fr\/lettres-hist-geo-lp\/wp-content\/uploads\/progression-2.jpg 1812w\" sizes=\"auto, (max-width: 304px) 100vw, 304px\" \/><\/p>\n<hr \/>\n<p style=\"text-align: justify;\"><div class='w3eden'><!-- WPDM Link Template: Default Template -->\n\n<div class=\"link-template-default card mb-2\">\n    <div class=\"card-body\">\n        <div class=\"media\">\n            <div class=\"mr-3 img-48\"><img decoding=\"async\" class=\"wpdm_icon\" alt=\"Ic\u00f4ne\"   src=\"https:\/\/sites.ac-nancy-metz.fr\/lettres-hist-geo-lp\/wp-content\/plugins\/download-manager\/assets\/file-type-icons\/pdf.png\" \/><\/div>\n            <div class=\"media-body\">\n                <h3 class=\"package-title\"><a href='https:\/\/sites.ac-nancy-metz.fr\/lettres-hist-geo-lp\/download\/proposition-de-progression-annuelle-en-seconde-sketchnote\/'>Proposition de progression annuelle en seconde - sketchnote<\/a><\/h3>\n                <div class=\"text-muted text-small\"><i class=\"fas fa-copy\"><\/i> 1 fichier\u00b7s <i class=\"fas fa-hdd ml-3\"><\/i> 2.67 MB<\/div>\n            <\/div>\n            <div class=\"ml-3\">\n                <a class='wpdm-download-link download-on-click btn btn-primary btn-sm' rel='nofollow' href='#' data-downloadurl=\"https:\/\/sites.ac-nancy-metz.fr\/lettres-hist-geo-lp\/download\/proposition-de-progression-annuelle-en-seconde-sketchnote\/?wpdmdl=2358&refresh=69e54d7df058a1776635261\">T\u00e9l\u00e9charger<\/a>\n            <\/div>\n        <\/div>\n    <\/div>\n<\/div>\n\n<\/div>\n<\/div><\/div>\n<div class=\"su-heading su-heading-style-default su-heading-align-center\" id=\"\" style=\"font-size:18px;margin-bottom:20px\"><div class=\"su-heading-inner\">HISTOIRE<\/div><\/div>\n<p><strong><div class=\"su-box su-box-style-soft\" id=\"\" style=\"border-color:#093d8b;border-radius:3px;max-width:none\"><div class=\"su-box-title\" style=\"background-color:#3c70be;color:#FFFFFF;border-top-left-radius:1px;border-top-right-radius:1px\">HISTOIRE - TH\u00c8ME 1 : l'expansion du monde connu<\/div><div class=\"su-box-content su-u-clearfix su-u-trim\" style=\"border-bottom-left-radius:1px;border-bottom-right-radius:1px\"><\/strong><\/p>\n<p>Support pr\u00e9sent\u00e9 lors des journ\u00e9es de formation d\u00e9di\u00e9es aux nouveaux programmes de seconde. Proposition de Marjorie Tonnelier, France Weinmann et Claire Lepape-Bulourde.<\/p>\n<p><img loading=\"lazy\" decoding=\"async\" class=\" wp-image-2538 aligncenter\" src=\"https:\/\/sites.ac-nancy-metz.fr\/lettres-hist-geo-lp\/wp-content\/uploads\/th1_hist-1024x577.png\" alt=\"\" width=\"358\" height=\"202\" srcset=\"https:\/\/sites.ac-nancy-metz.fr\/lettres-hist-geo-lp\/wp-content\/uploads\/th1_hist-1024x577.png 1024w, https:\/\/sites.ac-nancy-metz.fr\/lettres-hist-geo-lp\/wp-content\/uploads\/th1_hist-300x169.png 300w, https:\/\/sites.ac-nancy-metz.fr\/lettres-hist-geo-lp\/wp-content\/uploads\/th1_hist-768x433.png 768w, https:\/\/sites.ac-nancy-metz.fr\/lettres-hist-geo-lp\/wp-content\/uploads\/th1_hist.png 1098w\" sizes=\"auto, (max-width: 358px) 100vw, 358px\" \/><\/p>\n<hr \/>\n<div class='w3eden'><!-- WPDM Link Template: Default Template -->\n\n<div class=\"link-template-default card mb-2\">\n    <div class=\"card-body\">\n        <div class=\"media\">\n            <div class=\"mr-3 img-48\"><img decoding=\"async\" class=\"wpdm_icon\" alt=\"Ic\u00f4ne\"   src=\"https:\/\/sites.ac-nancy-metz.fr\/lettres-hist-geo-lp\/wp-content\/plugins\/download-manager\/assets\/file-type-icons\/pdf.png\" \/><\/div>\n            <div class=\"media-body\">\n                <h3 class=\"package-title\"><a href='https:\/\/sites.ac-nancy-metz.fr\/lettres-hist-geo-lp\/download\/proposition-histoire-seconde-theme-1-lexpansion-du-monde-connu\/'>Proposition histoire seconde, th\u00e8me 1 : l'expansion du monde connu<\/a><\/h3>\n                <div class=\"text-muted text-small\"><i class=\"fas fa-copy\"><\/i> 1 fichier\u00b7s <i class=\"fas fa-hdd ml-3\"><\/i> 22,7 Mo<\/div>\n            <\/div>\n            <div class=\"ml-3\">\n                <a class='wpdm-download-link download-on-click btn btn-primary btn-sm' rel='nofollow' href='#' data-downloadurl=\"https:\/\/sites.ac-nancy-metz.fr\/lettres-hist-geo-lp\/download\/proposition-histoire-seconde-theme-1-lexpansion-du-monde-connu\/?wpdmdl=2539&refresh=69e54d7e062001776635262\">T\u00e9l\u00e9charger<\/a>\n            <\/div>\n        <\/div>\n    <\/div>\n<\/div>\n\n<\/div>\n<\/div><\/div>\n<p><strong><div class=\"su-box su-box-style-soft\" id=\"\" style=\"border-color:#093d8b;border-radius:3px;max-width:none\"><div class=\"su-box-title\" style=\"background-color:#3c70be;color:#FFFFFF;border-top-left-radius:1px;border-top-right-radius:1px\">HISTOIRE - TH\u00c8ME 2 : l'Am\u00e9rique et l'Europe en r\u00e9volution (1760 - 1804)<\/div><div class=\"su-box-content su-u-clearfix su-u-trim\" style=\"border-bottom-left-radius:1px;border-bottom-right-radius:1px\"><\/strong><\/p>\n<p>Support pr\u00e9sent\u00e9 lors des journ\u00e9es de formation d\u00e9di\u00e9es aux nouveaux programmes de seconde. Proposition de St\u00e9phanie Franqueville et Herv\u00e9 Parmentelat.<\/p>\n<p><img loading=\"lazy\" decoding=\"async\" class=\" wp-image-2545 aligncenter\" src=\"https:\/\/sites.ac-nancy-metz.fr\/lettres-hist-geo-lp\/wp-content\/uploads\/Capture-d\u2019\u00e9cran-2020-04-01-\u00e0-15.48.27-1024x576.png\" alt=\"\" width=\"334\" height=\"188\" srcset=\"https:\/\/sites.ac-nancy-metz.fr\/lettres-hist-geo-lp\/wp-content\/uploads\/Capture-d\u2019\u00e9cran-2020-04-01-\u00e0-15.48.27-1024x576.png 1024w, https:\/\/sites.ac-nancy-metz.fr\/lettres-hist-geo-lp\/wp-content\/uploads\/Capture-d\u2019\u00e9cran-2020-04-01-\u00e0-15.48.27-300x169.png 300w, https:\/\/sites.ac-nancy-metz.fr\/lettres-hist-geo-lp\/wp-content\/uploads\/Capture-d\u2019\u00e9cran-2020-04-01-\u00e0-15.48.27-768x432.png 768w, https:\/\/sites.ac-nancy-metz.fr\/lettres-hist-geo-lp\/wp-content\/uploads\/Capture-d\u2019\u00e9cran-2020-04-01-\u00e0-15.48.27.png 1100w\" sizes=\"auto, (max-width: 334px) 100vw, 334px\" \/><\/p>\n<p>&nbsp;<\/p>\n<hr \/>\n<div class='w3eden'><!-- WPDM Link Template: Default Template -->\n\n<div class=\"link-template-default card mb-2\">\n    <div class=\"card-body\">\n        <div class=\"media\">\n            <div class=\"mr-3 img-48\"><img decoding=\"async\" class=\"wpdm_icon\" alt=\"Ic\u00f4ne\"   src=\"https:\/\/sites.ac-nancy-metz.fr\/lettres-hist-geo-lp\/wp-content\/plugins\/download-manager\/assets\/file-type-icons\/pdf.png\" \/><\/div>\n            <div class=\"media-body\">\n                <h3 class=\"package-title\"><a href='https:\/\/sites.ac-nancy-metz.fr\/lettres-hist-geo-lp\/download\/histoire-theme-2-lamerique-et-leurope-en-revolution-1760-1804\/'>HISTOIRE - TH\u00c8ME 2 : l'Am\u00e9rique et\u00a0l'Europe en r\u00e9volution (1760 - 1804)<\/a><\/h3>\n                <div class=\"text-muted text-small\"><i class=\"fas fa-copy\"><\/i> 1 fichier\u00b7s <i class=\"fas fa-hdd ml-3\"><\/i> 2,75 Mo<\/div>\n            <\/div>\n            <div class=\"ml-3\">\n                <a class='wpdm-download-link download-on-click btn btn-primary btn-sm' rel='nofollow' href='#' data-downloadurl=\"https:\/\/sites.ac-nancy-metz.fr\/lettres-hist-geo-lp\/download\/histoire-theme-2-lamerique-et-leurope-en-revolution-1760-1804\/?wpdmdl=2546&refresh=69e54d7e0fbe31776635262\">T\u00e9l\u00e9charger<\/a>\n            <\/div>\n        <\/div>\n    <\/div>\n<\/div>\n\n<\/div>\n<\/div><\/div>\n<p><strong><div class=\"su-box su-box-style-soft\" id=\"\" style=\"border-color:#093d8b;border-radius:3px;max-width:none\"><div class=\"su-box-title\" style=\"background-color:#3c70be;color:#FFFFFF;border-top-left-radius:1px;border-top-right-radius:1px\">HISTOIRE : SUPPORT DES JOURN\u00c9ES D'INFORMATION DE MAI 2019<\/div><div class=\"su-box-content su-u-clearfix su-u-trim\" style=\"border-bottom-left-radius:1px;border-bottom-right-radius:1px\"><\/strong><\/p>\n<p>Ce document d\u00e9di\u00e9 \u00e0 l&rsquo;histoire propose l&rsquo;\u00e9tude des orientations et des articulations du programme avant d&rsquo;aborder les contours du sujet, ainsi qu&rsquo;une s\u00e9lection de ressources bibliographiques.<\/p>\n<p>Enfin, un focus est fait sur la mise en oeuvre p\u00e9dagogique du <strong>th\u00e8me n\u00b02 \u00a0: l&rsquo;Am\u00e9rique et l&rsquo;Europe en r\u00e9volution (1760 &#8211; 1804).<\/strong><\/p>\n<p><img loading=\"lazy\" decoding=\"async\" class=\" wp-image-2355 aligncenter\" src=\"https:\/\/sites.ac-nancy-metz.fr\/lettres-hist-geo-lp\/wp-content\/uploads\/histoire-1024x574.jpg\" alt=\"\" width=\"282\" height=\"158\" srcset=\"https:\/\/sites.ac-nancy-metz.fr\/lettres-hist-geo-lp\/wp-content\/uploads\/histoire-1024x574.jpg 1024w, https:\/\/sites.ac-nancy-metz.fr\/lettres-hist-geo-lp\/wp-content\/uploads\/histoire-300x168.jpg 300w, https:\/\/sites.ac-nancy-metz.fr\/lettres-hist-geo-lp\/wp-content\/uploads\/histoire-768x431.jpg 768w, https:\/\/sites.ac-nancy-metz.fr\/lettres-hist-geo-lp\/wp-content\/uploads\/histoire-800x445.jpg 800w, https:\/\/sites.ac-nancy-metz.fr\/lettres-hist-geo-lp\/wp-content\/uploads\/histoire.jpg 1566w\" sizes=\"auto, (max-width: 282px) 100vw, 282px\" \/><\/p>\n<hr \/>\n<div class='w3eden'><!-- WPDM Link Template: Default Template -->\n\n<div class=\"link-template-default card mb-2\">\n    <div class=\"card-body\">\n        <div class=\"media\">\n            <div class=\"mr-3 img-48\"><img decoding=\"async\" class=\"wpdm_icon\" alt=\"Ic\u00f4ne\"   src=\"https:\/\/sites.ac-nancy-metz.fr\/lettres-hist-geo-lp\/wp-content\/plugins\/download-manager\/assets\/file-type-icons\/pdf.png\" \/><\/div>\n            <div class=\"media-body\">\n                <h3 class=\"package-title\"><a href='https:\/\/sites.ac-nancy-metz.fr\/lettres-hist-geo-lp\/download\/presentation-des-nouveaux-programmes-dhistoire-mai-2019\/'>Pr\u00e9sentation des nouveaux programmes d'histoire, mai 2019<\/a><\/h3>\n                <div class=\"text-muted text-small\"><i class=\"fas fa-copy\"><\/i> 1 fichier\u00b7s <i class=\"fas fa-hdd ml-3\"><\/i> 3.74 MB<\/div>\n            <\/div>\n            <div class=\"ml-3\">\n                <a class='wpdm-download-link download-on-click btn btn-primary btn-sm' rel='nofollow' href='#' data-downloadurl=\"https:\/\/sites.ac-nancy-metz.fr\/lettres-hist-geo-lp\/download\/presentation-des-nouveaux-programmes-dhistoire-mai-2019\/?wpdmdl=2347&refresh=69e54d7e1950a1776635262\">T\u00e9l\u00e9charger<\/a>\n            <\/div>\n        <\/div>\n    <\/div>\n<\/div>\n\n<\/div>\n<\/div><\/div>\n<p align=\"justify\"><div class=\"su-heading su-heading-style-default su-heading-align-center\" id=\"\" style=\"font-size:18px;margin-bottom:20px\"><div class=\"su-heading-inner\">GEOGRAPHIE<\/div><\/div>\n<p><strong><div class=\"su-box su-box-style-soft\" id=\"\" style=\"border-color:#093d8b;border-radius:3px;max-width:none\"><div class=\"su-box-title\" style=\"background-color:#3c70be;color:#FFFFFF;border-top-left-radius:1px;border-top-right-radius:1px\">G\u00c9OGRAPHIE - TH\u00c8ME 1 : des r\u00e9seaux de production et d'\u00e9changes mondialis\u00e9s<\/div><div class=\"su-box-content su-u-clearfix su-u-trim\" style=\"border-bottom-left-radius:1px;border-bottom-right-radius:1px\"><\/strong><\/p>\n<p>Support pr\u00e9sent\u00e9 lors des journ\u00e9es de formation d\u00e9di\u00e9es aux nouveaux programmes de seconde. Proposition de Herv\u00e9 Parmentelat.<\/p>\n<p><img loading=\"lazy\" decoding=\"async\" class=\" wp-image-2558 aligncenter\" src=\"https:\/\/sites.ac-nancy-metz.fr\/lettres-hist-geo-lp\/wp-content\/uploads\/Capture-d\u2019\u00e9cran-2020-04-02-\u00e0-15.13.04-1024x574.png\" alt=\"\" width=\"311\" height=\"174\" srcset=\"https:\/\/sites.ac-nancy-metz.fr\/lettres-hist-geo-lp\/wp-content\/uploads\/Capture-d\u2019\u00e9cran-2020-04-02-\u00e0-15.13.04-1024x574.png 1024w, https:\/\/sites.ac-nancy-metz.fr\/lettres-hist-geo-lp\/wp-content\/uploads\/Capture-d\u2019\u00e9cran-2020-04-02-\u00e0-15.13.04-300x168.png 300w, https:\/\/sites.ac-nancy-metz.fr\/lettres-hist-geo-lp\/wp-content\/uploads\/Capture-d\u2019\u00e9cran-2020-04-02-\u00e0-15.13.04-768x431.png 768w, https:\/\/sites.ac-nancy-metz.fr\/lettres-hist-geo-lp\/wp-content\/uploads\/Capture-d\u2019\u00e9cran-2020-04-02-\u00e0-15.13.04-800x445.png 800w, https:\/\/sites.ac-nancy-metz.fr\/lettres-hist-geo-lp\/wp-content\/uploads\/Capture-d\u2019\u00e9cran-2020-04-02-\u00e0-15.13.04.png 1558w\" sizes=\"auto, (max-width: 311px) 100vw, 311px\" \/><\/p>\n<p>&nbsp;<\/p>\n<hr \/>\n<div class='w3eden'><!-- WPDM Link Template: Default Template -->\n\n<div class=\"link-template-default card mb-2\">\n    <div class=\"card-body\">\n        <div class=\"media\">\n            <div class=\"mr-3 img-48\"><img decoding=\"async\" class=\"wpdm_icon\" alt=\"Ic\u00f4ne\"   src=\"https:\/\/sites.ac-nancy-metz.fr\/lettres-hist-geo-lp\/wp-content\/plugins\/download-manager\/assets\/file-type-icons\/pdf.png\" \/><\/div>\n            <div class=\"media-body\">\n                <h3 class=\"package-title\"><a href='https:\/\/sites.ac-nancy-metz.fr\/lettres-hist-geo-lp\/download\/proposition-geographie-seconde-theme-1-des-reseaux-de-production-et-dechanges-mondialises\/'>Proposition g\u00e9ographie seconde th\u00e8me 1 : des r\u00e9seaux de production et d'\u00e9changes mondialis\u00e9s<\/a><\/h3>\n                <div class=\"text-muted text-small\"><i class=\"fas fa-copy\"><\/i> 1 fichier\u00b7s <i class=\"fas fa-hdd ml-3\"><\/i> 1,7 Mo<\/div>\n            <\/div>\n            <div class=\"ml-3\">\n                <a class='wpdm-download-link download-on-click btn btn-primary btn-sm' rel='nofollow' href='#' data-downloadurl=\"https:\/\/sites.ac-nancy-metz.fr\/lettres-hist-geo-lp\/download\/proposition-geographie-seconde-theme-1-des-reseaux-de-production-et-dechanges-mondialises\/?wpdmdl=2553&refresh=69e54d7e22b481776635262\">T\u00e9l\u00e9charger<\/a>\n            <\/div>\n        <\/div>\n    <\/div>\n<\/div>\n\n<\/div>\n<\/div><\/div>\n<p><strong><div class=\"su-box su-box-style-soft\" id=\"\" style=\"border-color:#093d8b;border-radius:3px;max-width:none\"><div class=\"su-box-title\" style=\"background-color:#3c70be;color:#FFFFFF;border-top-left-radius:1px;border-top-right-radius:1px\">G\u00c9OGRAPHIE : SUPPORT DES JOURN\u00c9ES D'INFORMATION DE MAI 2019<\/div><div class=\"su-box-content su-u-clearfix su-u-trim\" style=\"border-bottom-left-radius:1px;border-bottom-right-radius:1px\"><\/strong><\/p>\n<p>Les nouveaux programmes de g\u00e9ographie sont tout d&rsquo;abord pr\u00e9sent\u00e9s de fa\u00e7on globale puis une proposition de mise en oeuvre du th\u00e8me 2, <strong>\u00ab\u00a0une circulation croissante mais diverse des personnes \u00e0 l&rsquo;\u00e9chelle mondiale\u00a0\u00bb<\/strong> est effectu\u00e9e.<\/p>\n<p>Des r\u00e9f\u00e9rences bibliographiques et 6 s\u00e9ances sont ensuite\u00a0propos\u00e9es, faisant appel \u00e0 diff\u00e9rents outils et modalit\u00e9s p\u00e9dagogiques.<\/p>\n<p><img loading=\"lazy\" decoding=\"async\" class=\" wp-image-2356 aligncenter\" src=\"https:\/\/sites.ac-nancy-metz.fr\/lettres-hist-geo-lp\/wp-content\/uploads\/geographie-1024x571.jpg\" alt=\"\" width=\"287\" height=\"160\" srcset=\"https:\/\/sites.ac-nancy-metz.fr\/lettres-hist-geo-lp\/wp-content\/uploads\/geographie-1024x571.jpg 1024w, https:\/\/sites.ac-nancy-metz.fr\/lettres-hist-geo-lp\/wp-content\/uploads\/geographie-300x167.jpg 300w, https:\/\/sites.ac-nancy-metz.fr\/lettres-hist-geo-lp\/wp-content\/uploads\/geographie-768x428.jpg 768w, https:\/\/sites.ac-nancy-metz.fr\/lettres-hist-geo-lp\/wp-content\/uploads\/geographie-800x445.jpg 800w, https:\/\/sites.ac-nancy-metz.fr\/lettres-hist-geo-lp\/wp-content\/uploads\/geographie.jpg 1438w\" sizes=\"auto, (max-width: 287px) 100vw, 287px\" \/><\/p>\n<hr \/>\n<p style=\"text-align: justify;\"><div class='w3eden'><!-- WPDM Link Template: Default Template -->\n\n<div class=\"link-template-default card mb-2\">\n    <div class=\"card-body\">\n        <div class=\"media\">\n            <div class=\"mr-3 img-48\"><img decoding=\"async\" class=\"wpdm_icon\" alt=\"Ic\u00f4ne\"   src=\"https:\/\/sites.ac-nancy-metz.fr\/lettres-hist-geo-lp\/wp-content\/plugins\/download-manager\/assets\/file-type-icons\/pdf.png\" \/><\/div>\n            <div class=\"media-body\">\n                <h3 class=\"package-title\"><a href='https:\/\/sites.ac-nancy-metz.fr\/lettres-hist-geo-lp\/download\/presentation-des-nouveaux-programmes-de-geographie-mai-2019\/'>Pr\u00e9sentation des nouveaux programmes de g\u00e9ographie, mai 2019<\/a><\/h3>\n                <div class=\"text-muted text-small\"><i class=\"fas fa-copy\"><\/i> 1 fichier\u00b7s <i class=\"fas fa-hdd ml-3\"><\/i> 1.65 MB<\/div>\n            <\/div>\n            <div class=\"ml-3\">\n                <a class='wpdm-download-link download-on-click btn btn-primary btn-sm' rel='nofollow' href='#' data-downloadurl=\"https:\/\/sites.ac-nancy-metz.fr\/lettres-hist-geo-lp\/download\/presentation-des-nouveaux-programmes-de-geographie-mai-2019\/?wpdmdl=2350&refresh=69e54d7e2d20f1776635262\">T\u00e9l\u00e9charger<\/a>\n            <\/div>\n        <\/div>\n    <\/div>\n<\/div>\n\n<\/div>\n<p style=\"text-align: justify;\"><\/div><\/div>\n<p align=\"justify\"><div class=\"su-heading su-heading-style-default su-heading-align-center\" id=\"\" style=\"font-size:18px;margin-bottom:20px\"><div class=\"su-heading-inner\">EMC<\/div><\/div>\n<p><strong><div class=\"su-box su-box-style-soft\" id=\"\" style=\"border-color:#093d8b;border-radius:3px;max-width:none\"><div class=\"su-box-title\" style=\"background-color:#3c70be;color:#FFFFFF;border-top-left-radius:1px;border-top-right-radius:1px\">EMC : SUPPORT DES JOURN\u00c9ES D'INFORMATION DE MAI 2019<\/div><div class=\"su-box-content su-u-clearfix su-u-trim\" style=\"border-bottom-left-radius:1px;border-bottom-right-radius:1px\"><\/strong><\/p>\n<p>Contrairement aux autres supports, celui-ci \u00e9voque \u00e9galement le programme de CAP.<\/p>\n<p>Diff\u00e9rentes ressources bibliographiques sont ensuite pr\u00e9sent\u00e9es.<\/p>\n<p>Enfin, une progression compl\u00e8te est propos\u00e9e, autour du <strong>th\u00e8me 1 : la libert\u00e9, nos libert\u00e9s, ma libert\u00e9.<\/strong><\/p>\n<p>&nbsp;<\/p>\n<p><img loading=\"lazy\" decoding=\"async\" class=\"wp-image-2357 aligncenter\" src=\"https:\/\/sites.ac-nancy-metz.fr\/lettres-hist-geo-lp\/wp-content\/uploads\/emc-1024x575.jpg\" alt=\"\" width=\"287\" height=\"161\" srcset=\"https:\/\/sites.ac-nancy-metz.fr\/lettres-hist-geo-lp\/wp-content\/uploads\/emc-1024x575.jpg 1024w, https:\/\/sites.ac-nancy-metz.fr\/lettres-hist-geo-lp\/wp-content\/uploads\/emc-300x168.jpg 300w, https:\/\/sites.ac-nancy-metz.fr\/lettres-hist-geo-lp\/wp-content\/uploads\/emc-768x431.jpg 768w, https:\/\/sites.ac-nancy-metz.fr\/lettres-hist-geo-lp\/wp-content\/uploads\/emc-800x445.jpg 800w, https:\/\/sites.ac-nancy-metz.fr\/lettres-hist-geo-lp\/wp-content\/uploads\/emc.jpg 1428w\" sizes=\"auto, (max-width: 287px) 100vw, 287px\" \/><\/p>\n<hr \/>\n<p style=\"text-align: justify;\"><div class='w3eden'><!-- WPDM Link Template: Default Template -->\n\n<div class=\"link-template-default card mb-2\">\n    <div class=\"card-body\">\n        <div class=\"media\">\n            <div class=\"mr-3 img-48\"><img decoding=\"async\" class=\"wpdm_icon\" alt=\"Ic\u00f4ne\"   src=\"https:\/\/sites.ac-nancy-metz.fr\/lettres-hist-geo-lp\/wp-content\/plugins\/download-manager\/assets\/file-type-icons\/pdf.png\" \/><\/div>\n            <div class=\"media-body\">\n                <h3 class=\"package-title\"><a href='https:\/\/sites.ac-nancy-metz.fr\/lettres-hist-geo-lp\/download\/presentation-des-nouveaux-programmes-demc-mai-2019\/'>Pr\u00e9sentation des nouveaux programmes d\u2019EMC, mai 2019<\/a><\/h3>\n                <div class=\"text-muted text-small\"><i class=\"fas fa-copy\"><\/i> 1 fichier\u00b7s <i class=\"fas fa-hdd ml-3\"><\/i> 525.96 KB<\/div>\n            <\/div>\n            <div class=\"ml-3\">\n                <a class='wpdm-download-link download-on-click btn btn-primary btn-sm' rel='nofollow' href='#' data-downloadurl=\"https:\/\/sites.ac-nancy-metz.fr\/lettres-hist-geo-lp\/download\/presentation-des-nouveaux-programmes-demc-mai-2019\/?wpdmdl=2352&refresh=69e54d7e387131776635262\">T\u00e9l\u00e9charger<\/a>\n            <\/div>\n        <\/div>\n    <\/div>\n<\/div>\n\n<\/div>\n<p style=\"text-align: justify;\"><\/div><\/div>\n<p style=\"text-align: justify;\">\n","protected":false},"excerpt":{"rendered":"<p>Mise en oeuvre des nouveaux programmes &nbsp; &nbsp;<\/p>\n","protected":false},"author":1,"featured_media":0,"parent":910,"menu_order":0,"comment_status":"closed","ping_status":"closed","template":"","meta":{"footnotes":""},"class_list":["post-922","page","type-page","status-publish","hentry"],"_links":{"self":[{"href":"https:\/\/sites.ac-nancy-metz.fr\/lettres-hist-geo-lp\/wp-json\/wp\/v2\/pages\/922","targetHints":{"allow":["GET"]}}],"collection":[{"href":"https:\/\/sites.ac-nancy-metz.fr\/lettres-hist-geo-lp\/wp-json\/wp\/v2\/pages"}],"about":[{"href":"https:\/\/sites.ac-nancy-metz.fr\/lettres-hist-geo-lp\/wp-json\/wp\/v2\/types\/page"}],"author":[{"embeddable":true,"href":"https:\/\/sites.ac-nancy-metz.fr\/lettres-hist-geo-lp\/wp-json\/wp\/v2\/users\/1"}],"replies":[{"embeddable":true,"href":"https:\/\/sites.ac-nancy-metz.fr\/lettres-hist-geo-lp\/wp-json\/wp\/v2\/comments?post=922"}],"version-history":[{"count":25,"href":"https:\/\/sites.ac-nancy-metz.fr\/lettres-hist-geo-lp\/wp-json\/wp\/v2\/pages\/922\/revisions"}],"predecessor-version":[{"id":2559,"href":"https:\/\/sites.ac-nancy-metz.fr\/lettres-hist-geo-lp\/wp-json\/wp\/v2\/pages\/922\/revisions\/2559"}],"up":[{"embeddable":true,"href":"https:\/\/sites.ac-nancy-metz.fr\/lettres-hist-geo-lp\/wp-json\/wp\/v2\/pages\/910"}],"wp:attachment":[{"href":"https:\/\/sites.ac-nancy-metz.fr\/lettres-hist-geo-lp\/wp-json\/wp\/v2\/media?parent=922"}],"curies":[{"name":"wp","href":"https:\/\/api.w.org\/{rel}","templated":true}]}}