{"id":967,"date":"2016-06-15T16:23:06","date_gmt":"2016-06-15T15:23:06","guid":{"rendered":"https:\/\/sites.ac-nancy-metz.fr\/lettres-hist-geo-lp\/?page_id=967"},"modified":"2021-09-07T05:40:30","modified_gmt":"2021-09-07T04:40:30","slug":"textes-generaux","status":"publish","type":"page","link":"https:\/\/sites.ac-nancy-metz.fr\/lettres-hist-geo-lp\/textes-officiels\/textes-generaux\/","title":{"rendered":"Textes g\u00e9n\u00e9raux"},"content":{"rendered":"<div class=\"su-box su-box-style-soft\" id=\"\" style=\"border-color:#093d8b;border-radius:3px;max-width:none\"><div class=\"su-box-title\" style=\"background-color:#3c70be;color:#FFFFFF;border-top-left-radius:1px;border-top-right-radius:1px\">R\u00e9f\u00e9rentiel des comp\u00e9tences professionnelles des m\u00e9tiers du professorat et de l'\u00e9ducation<\/div><div class=\"su-box-content su-u-clearfix su-u-trim\" style=\"border-bottom-left-radius:1px;border-bottom-right-radius:1px\">\n<p style=\"text-align: justify;\">La liste des comp\u00e9tences que les <strong>professeurs, professeurs documentalistes et conseillers principaux d&rsquo;\u00e9ducation<\/strong> doivent ma\u00eetriser pour l&rsquo;exercice de leur m\u00e9tier est publi\u00e9e au <a href=\"https:\/\/www.education.gouv.fr\/bo\/13\/Hebdo30\/MENE1315928A.htm?cid_bo=73066\" target=\"_blank\" rel=\"noopener\">Bulletin officiel du 25 juillet 2013<\/a>.<\/p>\n<hr \/>\n<p style=\"text-align: justify;\"><a href=\"https:\/\/www.education.gouv.fr\/le-referentiel-de-competences-des-metiers-du-professorat-et-de-l-education-5753\" target=\"_blank\" rel=\"noopener\"><img loading=\"lazy\" decoding=\"async\" class=\"alignnone size-full wp-image-1098\" src=\"https:\/\/sites.ac-nancy-metz.fr\/lettres-hist-geo-lp\/wp-content\/uploads\/puce-1.gif\" alt=\"\" width=\"15\" height=\"14\" \/>\u00a0https:\/\/www.education.gouv.fr\/le-referentiel-de-competences-des-metiers-du-professorat-et-de-l-education-5753<\/a><\/div><\/div>\n<hr \/>\n<div class=\"su-box su-box-style-soft\" id=\"\" style=\"border-color:#093d8b;border-radius:3px;max-width:none\"><div class=\"su-box-title\" style=\"background-color:#3c70be;color:#FFFFFF;border-top-left-radius:1px;border-top-right-radius:1px\">Socle commun de connaissances et de comp\u00e9tences et de culture <\/div><div class=\"su-box-content su-u-clearfix su-u-trim\" style=\"border-bottom-left-radius:1px;border-bottom-right-radius:1px\">\n<div class=\"page\" title=\"Page 1\">\n<div class=\"layoutArea\">\n<div class=\"column\">\n<p style=\"text-align: justify;\">La scolarit\u00e9 obligatoire doit<strong> garantir \u00e0 chaque \u00e9l\u00e8ve les moyens n\u00e9cessaires \u00e0 l\u2019acquisition d\u2019un socle commun<\/strong> de connaissances, de comp\u00e9tences et de culture, <strong>auquel contribue l\u2019ensemble des enseignements dispens\u00e9s.<\/strong><\/p>\n<\/div>\n<\/div>\n<\/div>\n<hr \/>\n<p style=\"text-align: justify;\"><a href=\"https:\/\/www.education.gouv.fr\/le-referentiel-de-competences-des-metiers-du-professorat-et-de-l-education-5753\" target=\"_blank\" rel=\"noopener\"><img loading=\"lazy\" decoding=\"async\" class=\"alignnone size-full wp-image-1098\" src=\"https:\/\/sites.ac-nancy-metz.fr\/lettres-hist-geo-lp\/wp-content\/uploads\/puce-1.gif\" alt=\"\" width=\"15\" height=\"14\" \/><\/a><a href=\"https:\/\/www.education.gouv.fr\/le-socle-commun-de-connaissances-de-competences-et-de-culture-12512\" target=\"_blank\" rel=\"noopener\"> https:\/\/www.education.gouv.fr\/le-socle-commun-de-connaissances-de-competences-et-de-culture-12512<\/a>\u00a0<\/div><\/div>\n<hr \/>\n<p style=\"text-align: right;\">\n","protected":false},"excerpt":{"rendered":"","protected":false},"author":1,"featured_media":0,"parent":969,"menu_order":0,"comment_status":"closed","ping_status":"closed","template":"","meta":{"footnotes":""},"class_list":["post-967","page","type-page","status-publish","hentry"],"_links":{"self":[{"href":"https:\/\/sites.ac-nancy-metz.fr\/lettres-hist-geo-lp\/wp-json\/wp\/v2\/pages\/967","targetHints":{"allow":["GET"]}}],"collection":[{"href":"https:\/\/sites.ac-nancy-metz.fr\/lettres-hist-geo-lp\/wp-json\/wp\/v2\/pages"}],"about":[{"href":"https:\/\/sites.ac-nancy-metz.fr\/lettres-hist-geo-lp\/wp-json\/wp\/v2\/types\/page"}],"author":[{"embeddable":true,"href":"https:\/\/sites.ac-nancy-metz.fr\/lettres-hist-geo-lp\/wp-json\/wp\/v2\/users\/1"}],"replies":[{"embeddable":true,"href":"https:\/\/sites.ac-nancy-metz.fr\/lettres-hist-geo-lp\/wp-json\/wp\/v2\/comments?post=967"}],"version-history":[{"count":17,"href":"https:\/\/sites.ac-nancy-metz.fr\/lettres-hist-geo-lp\/wp-json\/wp\/v2\/pages\/967\/revisions"}],"predecessor-version":[{"id":2887,"href":"https:\/\/sites.ac-nancy-metz.fr\/lettres-hist-geo-lp\/wp-json\/wp\/v2\/pages\/967\/revisions\/2887"}],"up":[{"embeddable":true,"href":"https:\/\/sites.ac-nancy-metz.fr\/lettres-hist-geo-lp\/wp-json\/wp\/v2\/pages\/969"}],"wp:attachment":[{"href":"https:\/\/sites.ac-nancy-metz.fr\/lettres-hist-geo-lp\/wp-json\/wp\/v2\/media?parent=967"}],"curies":[{"name":"wp","href":"https:\/\/api.w.org\/{rel}","templated":true}]}}