{"id":983,"date":"2016-06-15T16:54:52","date_gmt":"2016-06-15T15:54:52","guid":{"rendered":"https:\/\/sites.ac-nancy-metz.fr\/lettres-hist-geo-lp\/?page_id=983"},"modified":"2022-02-05T13:26:33","modified_gmt":"2022-02-05T12:26:33","slug":"examens","status":"publish","type":"page","link":"https:\/\/sites.ac-nancy-metz.fr\/lettres-hist-geo-lp\/textes-officiels\/examens\/","title":{"rendered":"Examens"},"content":{"rendered":"<h1><img loading=\"lazy\" decoding=\"async\" class=\"alignnone size-full wp-image-1068\" src=\"https:\/\/sites.ac-nancy-metz.fr\/lettres-hist-geo-lp\/wp-content\/uploads\/fleche_aca-1.gif\" alt=\"fleche_aca\" width=\"50\" height=\"60\" \/>Le\u00a0DNB (Dipl\u00f4me National du Brevet)<\/h1>\n<div class=\"su-box su-box-style-soft\" id=\"\" style=\"border-color:#093d8b;border-radius:3px;max-width:none\"><div class=\"su-box-title\" style=\"background-color:#3c70be;color:#FFFFFF;border-top-left-radius:1px;border-top-right-radius:1px\">Le guide d'Eduscol<\/div><div class=\"su-box-content su-u-clearfix su-u-trim\" style=\"border-bottom-left-radius:1px;border-bottom-right-radius:1px\">\n<p>Le socle commun de connaissances, de comp\u00e9tences et de culture identifie les connaissances et comp\u00e9tences qui doivent \u00eatre acquises \u00e0 l&rsquo;issue de la scolarit\u00e9 obligatoire. Il s&rsquo;articule autour de cinq domaines donnant une vision d&rsquo;ensemble des objectifs des programmes de l&rsquo;\u00e9cole \u00e9l\u00e9mentaire et du coll\u00e8ge qui d\u00e9clinent et pr\u00e9cisent ce nouveau socle. Sa ma\u00eetrise s&rsquo;acquiert progressivement pendant les trois cycles de l&rsquo;\u00e9cole \u00e9l\u00e9mentaire et du coll\u00e8ge.<\/p>\n<hr \/>\n<p style=\"text-align: justify;\"><a href=\"https:\/\/eduscol.education.fr\/139\/le-socle-commun-de-connaissances-de-competences-et-de-culture\" target=\"_blank\" rel=\"noopener\"><img loading=\"lazy\" decoding=\"async\" class=\"alignnone size-full wp-image-1098\" src=\"https:\/\/sites.ac-nancy-metz.fr\/lettres-hist-geo-lp\/wp-content\/uploads\/puce-1.gif\" alt=\"\" width=\"15\" height=\"14\" \/>https:\/\/eduscol.education.fr\/139\/le-socle-commun-de-connaissances-de-competences-et-de-culture<\/a><\/div><\/div>\n<div class=\"su-box su-box-style-soft\" id=\"\" style=\"border-color:#093d8b;border-radius:3px;max-width:none\"><div class=\"su-box-title\" style=\"background-color:#3c70be;color:#FFFFFF;border-top-left-radius:1px;border-top-right-radius:1px\">Le Dipl\u00f4me National du Brevet (DNB)<\/div><div class=\"su-box-content su-u-clearfix su-u-trim\" style=\"border-bottom-left-radius:1px;border-bottom-right-radius:1px\">\n<p style=\"text-align: justify;\">Le dipl\u00f4me national du brevet \u00e9value les connaissances et les comp\u00e9tences acquises \u00e0 la fin du coll\u00e8ge. Il est \u00e9quilibr\u00e9 entre \u00e9valuation du socle (contr\u00f4le continu) et \u00e9preuves finales.\u00a0Chaque discipline \u00e9valu\u00e9e fait l&rsquo;objet d&rsquo;une \u00e9preuve distincte, sauf en sciences (deux disciplines), et d&rsquo;une \u00e9preuve orale pour les candidats scolaires.<\/p>\n<hr \/>\n<p style=\"text-align: justify;\"><a href=\"https:\/\/www.education.gouv.fr\/le-diplome-national-du-brevet-10613\" target=\"_blank\" rel=\"noopener\"><img loading=\"lazy\" decoding=\"async\" class=\"alignnone size-full wp-image-1098\" src=\"https:\/\/sites.ac-nancy-metz.fr\/lettres-hist-geo-lp\/wp-content\/uploads\/puce-1.gif\" alt=\"\" width=\"15\" height=\"14\" \/>https:\/\/www.education.gouv.fr\/le-diplome-national-du-brevet-10613<\/a><\/div><\/div>\n<div class=\"su-box su-box-style-soft\" id=\"\" style=\"border-color:#093d8b;border-radius:3px;max-width:none\"><div class=\"su-box-title\" style=\"background-color:#3c70be;color:#FFFFFF;border-top-left-radius:1px;border-top-right-radius:1px\">Le livret scolaire<\/div><div class=\"su-box-content su-u-clearfix su-u-trim\" style=\"border-bottom-left-radius:1px;border-bottom-right-radius:1px\">\n<p style=\"text-align: justify;\">Les livrets scolaires de l&rsquo;\u00e9cole \u00e9l\u00e9mentaire et du coll\u00e8ge \u00e9voluent \u00e0 compter de la rentr\u00e9e scolaire 2016 pour ne plus former qu&rsquo;un livret scolaire commun pour la scolarit\u00e9 obligatoire. Les \u00e9l\u00e9ments constitutifs du livret sont num\u00e9ris\u00e9s dans une application informatique nationale d\u00e9nomm\u00e9e \u00ab\u00a0livret scolaire unique du CP \u00e0 la troisi\u00e8me\u00a0\u00bb.<\/p>\n<hr \/>\n<p style=\"text-align: justify;\"><a href=\"https:\/\/eduscol.education.fr\/142\/le-livret-scolaire\" target=\"_blank\" rel=\"noopener\"><img loading=\"lazy\" decoding=\"async\" class=\"alignnone size-full wp-image-1098\" src=\"https:\/\/sites.ac-nancy-metz.fr\/lettres-hist-geo-lp\/wp-content\/uploads\/puce-1.gif\" alt=\"\" width=\"15\" height=\"14\" \/>https:\/\/eduscol.education.fr\/142\/le-livret-scolaire<\/a><\/div><\/div>\n<h1><img loading=\"lazy\" decoding=\"async\" class=\"alignnone size-full wp-image-1068\" src=\"https:\/\/sites.ac-nancy-metz.fr\/lettres-hist-geo-lp\/wp-content\/uploads\/fleche_aca-1.gif\" alt=\"fleche_aca\" width=\"50\" height=\"60\" \/>Le\u00a0CAP (Certificat d&rsquo;Aptitude Professionnelle)<\/h1>\n<div class=\"su-box su-box-style-soft\" id=\"\" style=\"border-color:#093d8b;border-radius:3px;max-width:none\"><div class=\"su-box-title\" style=\"background-color:#3c70be;color:#FFFFFF;border-top-left-radius:1px;border-top-right-radius:1px\">Le Certificat d'Aptitude Professionnelle - guide Eduscol<\/div><div class=\"su-box-content su-u-clearfix su-u-trim\" style=\"border-bottom-left-radius:1px;border-bottom-right-radius:1px\">\n<p>Le certificat d&rsquo;aptitude professionnelle est un dipl\u00f4me national qui atteste d&rsquo;un premier niveau de qualification professionnelle. Il a pour objectif une entr\u00e9e directe dans la vie professionnelle mais rend possible \u00e9galement la poursuite d&rsquo;\u00e9tudes. Il permet en particulier l&rsquo;acc\u00e8s direct en classe de premi\u00e8re professionnelle dans une sp\u00e9cialit\u00e9 de baccalaur\u00e9at professionnel relevant du m\u00eame secteur.<\/p>\n<hr \/>\n<p style=\"text-align: justify;\"><a href=\"http:\/\/www.education.gouv.fr\/pid20873\/special-n-2-du-19-fevrier-2009.html\" target=\"_blank\" rel=\"noopener\"><img loading=\"lazy\" decoding=\"async\" class=\"alignnone size-full wp-image-1098\" src=\"https:\/\/sites.ac-nancy-metz.fr\/lettres-hist-geo-lp\/wp-content\/uploads\/puce-1.gif\" alt=\"\" width=\"15\" height=\"14\" \/>https:\/\/eduscol.education.fr\/1923\/le-certificat-d-aptitude-professionnelle-cap<\/a><\/div><\/div>\n<h1><img loading=\"lazy\" decoding=\"async\" class=\"alignnone size-full wp-image-1068\" src=\"https:\/\/sites.ac-nancy-metz.fr\/lettres-hist-geo-lp\/wp-content\/uploads\/fleche_aca-1.gif\" alt=\"fleche_aca\" width=\"50\" height=\"60\" \/>Le\u00a0BEP (Brevet d&rsquo;\u00c9tudes Professionnelles)<\/h1>\n<div class=\"su-box su-box-style-soft\" id=\"\" style=\"border-color:#093d8b;border-radius:3px;max-width:none\"><div class=\"su-box-title\" style=\"background-color:#3c70be;color:#FFFFFF;border-top-left-radius:1px;border-top-right-radius:1px\">Le Brevet d'Etudes Professionnelles<\/div><div class=\"su-box-content su-u-clearfix su-u-trim\" style=\"border-bottom-left-radius:1px;border-bottom-right-radius:1px\">\n<p>Le brevet d&rsquo;\u00e9tudes professionnelles (BEP) est une \u00e9tape dans le cursus du baccalaur\u00e9at professionnel en trois ans. L&rsquo;obtention de ce dipl\u00f4me interm\u00e9diaire est int\u00e9gr\u00e9e au parcours mais n&rsquo;est pas obligatoire. Elle permet aux \u00e9l\u00e8ves de savoir quelles comp\u00e9tences professionnelles ils ont d\u00e9j\u00e0 acquises.<\/p>\n<hr \/>\n<p style=\"text-align: justify;\"><a href=\"https:\/\/www.education.gouv.fr\/le-brevet-d-etudes-professionnelles-bep-7631\" target=\"_blank\" rel=\"noopener\"><img loading=\"lazy\" decoding=\"async\" class=\"alignnone size-full wp-image-1098\" src=\"https:\/\/sites.ac-nancy-metz.fr\/lettres-hist-geo-lp\/wp-content\/uploads\/puce-1.gif\" alt=\"\" width=\"15\" height=\"14\" \/>https:\/\/www.education.gouv.fr\/le-brevet-d-etudes-professionnelles-bep-7631<\/a><\/div><\/div>\n<h1><img loading=\"lazy\" decoding=\"async\" class=\"alignnone size-full wp-image-1068\" src=\"https:\/\/sites.ac-nancy-metz.fr\/lettres-hist-geo-lp\/wp-content\/uploads\/fleche_aca-1.gif\" alt=\"fleche_aca\" width=\"50\" height=\"60\" \/>Le Bac\u00a0Pro (Baccalaur\u00e9at Professionnel)<\/h1>\n<div class=\"su-box su-box-style-soft\" id=\"\" style=\"border-color:#093d8b;border-radius:3px;max-width:none\"><div class=\"su-box-title\" style=\"background-color:#3c70be;color:#FFFFFF;border-top-left-radius:1px;border-top-right-radius:1px\">\u00c9preuve de contr\u00f4le \u00e0 compter de la session 2022<\/div><div class=\"su-box-content su-u-clearfix su-u-trim\" style=\"border-bottom-left-radius:1px;border-bottom-right-radius:1px\">\n<div class=\"page\" title=\"Page 1\">\n<div class=\"layoutArea\">\n<div class=\"column\">\n<p>Les conditions d&rsquo;acc\u00e8s \u00e0 l&rsquo;\u00e9preuve de contr\u00f4le, les modalit\u00e9s d&rsquo;\u00e9valuation et d&rsquo;admission \u00e0 l&rsquo;issue de l&rsquo;\u00e9preuve de contr\u00f4le sont remplac\u00e9es, \u00e0 compter de la session 2022, par les dispositions pr\u00e9ues dans le d\u00e9cret et l&rsquo;arr\u00eat\u00e9 du 25 novembre 2021 pr\u00e9cit\u00e9s. La pr\u00e9sente note de service annule la note de service n\u00b0 2010-049 du 1er avril 2010.<\/p>\n<\/div>\n<\/div>\n<\/div>\n<hr \/>\n<p style=\"text-align: justify;\"><a href=\"https:\/\/www.education.gouv.fr\/baccalaureat-general-technologique-et-professionnel-modalites-de-passage-des-examens-en-2021-323144\" target=\"_blank\" rel=\"noopener\"><img loading=\"lazy\" decoding=\"async\" class=\"alignnone size-full wp-image-1098\" src=\"https:\/\/sites.ac-nancy-metz.fr\/lettres-hist-geo-lp\/wp-content\/uploads\/puce-1.gif\" alt=\"\" width=\"15\" height=\"14\" \/>https:\/\/www.education.gouv.fr\/bo\/22\/Hebdo4\/MENE2139306N.htm<\/a><\/div><\/div>\n<hr \/>\n<div class=\"su-box su-box-style-soft\" id=\"\" style=\"border-color:#093d8b;border-radius:3px;max-width:none\"><div class=\"su-box-title\" style=\"background-color:#3c70be;color:#FFFFFF;border-top-left-radius:1px;border-top-right-radius:1px\">Le baccalaur\u00e9at professionnel<\/div><div class=\"su-box-content su-u-clearfix su-u-trim\" style=\"border-bottom-left-radius:1px;border-bottom-right-radius:1px\">\n<p>Le baccalaur\u00e9at professionnel se pr\u00e9pare en trois ans apr\u00e8s la troisi\u00e8me et rassemble pr\u00e8s de 100 sp\u00e9cialit\u00e9s. Les \u00e9l\u00e8ves peuvent y suivre des enseignements g\u00e9n\u00e9raux et professionnels, \u00e0 travers des travaux pratiques.<\/p>\n<hr \/>\n<p><a href=\"https:\/\/www.education.gouv.fr\/le-baccalaureat-professionnel-9956\" target=\"_blank\" rel=\"noopener\"><img loading=\"lazy\" decoding=\"async\" class=\"alignnone size-full wp-image-1098\" src=\"https:\/\/sites.ac-nancy-metz.fr\/lettres-hist-geo-lp\/wp-content\/uploads\/puce-1.gif\" alt=\"\" width=\"15\" height=\"14\" \/>https:\/\/www.education.gouv.fr\/le-baccalaureat-professionnel-9956<\/a> <\/div><\/div>\n","protected":false},"excerpt":{"rendered":"<p>Le\u00a0DNB (Dipl\u00f4me National du Brevet) Le\u00a0CAP (Certificat d&rsquo;Aptitude Professionnelle) Le\u00a0BEP (Brevet d&rsquo;\u00c9tudes Professionnelles) Le Bac\u00a0Pro (Baccalaur\u00e9at Professionnel)<\/p>\n","protected":false},"author":1,"featured_media":0,"parent":969,"menu_order":0,"comment_status":"closed","ping_status":"closed","template":"","meta":{"footnotes":""},"class_list":["post-983","page","type-page","status-publish","hentry"],"_links":{"self":[{"href":"https:\/\/sites.ac-nancy-metz.fr\/lettres-hist-geo-lp\/wp-json\/wp\/v2\/pages\/983","targetHints":{"allow":["GET"]}}],"collection":[{"href":"https:\/\/sites.ac-nancy-metz.fr\/lettres-hist-geo-lp\/wp-json\/wp\/v2\/pages"}],"about":[{"href":"https:\/\/sites.ac-nancy-metz.fr\/lettres-hist-geo-lp\/wp-json\/wp\/v2\/types\/page"}],"author":[{"embeddable":true,"href":"https:\/\/sites.ac-nancy-metz.fr\/lettres-hist-geo-lp\/wp-json\/wp\/v2\/users\/1"}],"replies":[{"embeddable":true,"href":"https:\/\/sites.ac-nancy-metz.fr\/lettres-hist-geo-lp\/wp-json\/wp\/v2\/comments?post=983"}],"version-history":[{"count":14,"href":"https:\/\/sites.ac-nancy-metz.fr\/lettres-hist-geo-lp\/wp-json\/wp\/v2\/pages\/983\/revisions"}],"predecessor-version":[{"id":2957,"href":"https:\/\/sites.ac-nancy-metz.fr\/lettres-hist-geo-lp\/wp-json\/wp\/v2\/pages\/983\/revisions\/2957"}],"up":[{"embeddable":true,"href":"https:\/\/sites.ac-nancy-metz.fr\/lettres-hist-geo-lp\/wp-json\/wp\/v2\/pages\/969"}],"wp:attachment":[{"href":"https:\/\/sites.ac-nancy-metz.fr\/lettres-hist-geo-lp\/wp-json\/wp\/v2\/media?parent=983"}],"curies":[{"name":"wp","href":"https:\/\/api.w.org\/{rel}","templated":true}]}}