{"id":993,"date":"2016-06-15T17:12:27","date_gmt":"2016-06-15T16:12:27","guid":{"rendered":"https:\/\/sites.ac-nancy-metz.fr\/lettres-hist-geo-lp\/?page_id=993"},"modified":"2024-06-26T22:33:36","modified_gmt":"2024-06-26T21:33:36","slug":"bac-pro-textes-officiels","status":"publish","type":"page","link":"https:\/\/sites.ac-nancy-metz.fr\/lettres-hist-geo-lp\/textes-officiels\/bac-pro-textes-officiels\/","title":{"rendered":"Bac Pro"},"content":{"rendered":"<div class=\"su-box su-box-style-soft\" id=\"\" style=\"border-color:#093d8b;border-radius:3px;max-width:none\"><div class=\"su-box-title\" style=\"background-color:#3c70be;color:#FFFFFF;border-top-left-radius:1px;border-top-right-radius:1px\">Programmes et ressources en Histoire-g\u00e9ographie<\/div><div class=\"su-box-content su-u-clearfix su-u-trim\" style=\"border-bottom-left-radius:1px;border-bottom-right-radius:1px\">\n<p style=\"text-align: justify;\">Les programmes d&rsquo;histoire-g\u00e9ographie pour les classes pr\u00e9parant au certificat d&rsquo;aptitude professionnelle (CAP) et au baccalaur\u00e9at professionnel sont pr\u00e9sent\u00e9s en lien avec des ressources pour accompagner leur mise en \u0153uvre.<\/p>\n<hr \/>\n<p><a href=\"http:\/\/www.education.gouv.fr\/cid23836\/mene0829953a.html\" target=\"_blank\" rel=\"noopener noreferrer\"><img loading=\"lazy\" decoding=\"async\" class=\"alignnone wp-image-1053\" src=\"https:\/\/sites.ac-nancy-metz.fr\/lettres-hist-geo-lp\/wp-content\/uploads\/Unknown.jpeg\" alt=\"Unknown\" width=\"24\" height=\"23\" \/>https:\/\/eduscol.education.fr\/1790\/programmes-et-ressources-en-histoire-geographie-voie-professionnelle <\/a><\/div><\/div>\n<hr \/>\n<div class=\"su-box su-box-style-soft\" id=\"\" style=\"border-color:#093d8b;border-radius:3px;max-width:none\"><div class=\"su-box-title\" style=\"background-color:#3c70be;color:#FFFFFF;border-top-left-radius:1px;border-top-right-radius:1px\">Programmes et ressources en fran\u00e7ais<\/div><div class=\"su-box-content su-u-clearfix su-u-trim\" style=\"border-bottom-left-radius:1px;border-bottom-right-radius:1px\">\n<p style=\"text-align: justify;\">Les programmes de fran\u00e7ais pour les classes pr\u00e9parant au certificat d&rsquo;aptitude professionnelle (CAP) et au baccalaur\u00e9at professionnel sont pr\u00e9sent\u00e9s en lien avec des ressources pour accompagner leur mise en \u0153uvre.<\/p>\n<hr \/>\n<p><a href=\"http:\/\/www.education.gouv.fr\/cid23836\/mene0829953a.html\" target=\"_blank\" rel=\"noopener noreferrer\"><img loading=\"lazy\" decoding=\"async\" class=\"alignnone wp-image-1053\" src=\"https:\/\/sites.ac-nancy-metz.fr\/lettres-hist-geo-lp\/wp-content\/uploads\/Unknown.jpeg\" alt=\"Unknown\" width=\"24\" height=\"23\" \/><\/a><a href=\"https:\/\/eduscol.education.fr\/1767\/programmes-et-ressources-en-francais-voie-professionnelle\" target=\"_blank\" rel=\"noopener\">https:\/\/eduscol.education.fr\/1767\/programmes-et-ressources-en-francais-voie-professionnelle<\/a> <\/div><\/div>\n<hr \/>\n<div class=\"su-box su-box-style-soft\" id=\"\" style=\"border-color:#093d8b;border-radius:3px;max-width:none\"><div class=\"su-box-title\" style=\"background-color:#3c70be;color:#FFFFFF;border-top-left-radius:1px;border-top-right-radius:1px\">Programmes et ressources en EMC<\/div><div class=\"su-box-content su-u-clearfix su-u-trim\" style=\"border-bottom-left-radius:1px;border-bottom-right-radius:1px\">\n<p style=\"text-align: justify;\">Les nouveaux programmes d&rsquo;EMC entrent en application \u00e0 la rentr\u00e9e de l&rsquo;ann\u00e9e scolaire 2024-2025 pour la classe de seconde bac pro\u00a0 et la premi\u00e8re ann\u00e9e de CAP, \u00e0 la rentr\u00e9e de l\u2019ann\u00e9e scolaire 2025-2026\u00a0 pour la classe de premi\u00e8re bac pro et la deuxi\u00e8me ann\u00e9e CAP et \u00e0 la rentr\u00e9e de l\u2019ann\u00e9e scolaire 2026-2027 pour la classe de terminale bac pro.<\/p>\n<hr \/>\n<p><a href=\"https:\/\/eduscol.education.fr\/1761\/programmes-et-ressources-en-enseignement-moral-et-civique-voie-professionnelle\" target=\"_blank\" rel=\"noopener noreferrer\"><img loading=\"lazy\" decoding=\"async\" class=\"alignnone wp-image-1053\" src=\"https:\/\/sites.ac-nancy-metz.fr\/lettres-hist-geo-lp\/wp-content\/uploads\/Unknown.jpeg\" alt=\"Unknown\" width=\"24\" height=\"23\" \/><\/a>h<a href=\"https:\/\/eduscol.education.fr\/1761\/programmes-et-ressources-en-enseignement-moral-et-civique-voie-professionnelle\">ttps:\/\/eduscol.education.fr\/1761\/programmes-et-ressources-en-enseignement-moral-et-civique-voie-professionnelle<\/a><\/div><\/div>\n<hr \/>\n<p style=\"text-align: right;\">\u00a0[datedermaj]\n","protected":false},"excerpt":{"rendered":"<p>\u00a0[datedermaj]<\/p>\n","protected":false},"author":1,"featured_media":0,"parent":969,"menu_order":0,"comment_status":"closed","ping_status":"closed","template":"","meta":{"footnotes":""},"class_list":["post-993","page","type-page","status-publish","hentry"],"_links":{"self":[{"href":"https:\/\/sites.ac-nancy-metz.fr\/lettres-hist-geo-lp\/wp-json\/wp\/v2\/pages\/993","targetHints":{"allow":["GET"]}}],"collection":[{"href":"https:\/\/sites.ac-nancy-metz.fr\/lettres-hist-geo-lp\/wp-json\/wp\/v2\/pages"}],"about":[{"href":"https:\/\/sites.ac-nancy-metz.fr\/lettres-hist-geo-lp\/wp-json\/wp\/v2\/types\/page"}],"author":[{"embeddable":true,"href":"https:\/\/sites.ac-nancy-metz.fr\/lettres-hist-geo-lp\/wp-json\/wp\/v2\/users\/1"}],"replies":[{"embeddable":true,"href":"https:\/\/sites.ac-nancy-metz.fr\/lettres-hist-geo-lp\/wp-json\/wp\/v2\/comments?post=993"}],"version-history":[{"count":11,"href":"https:\/\/sites.ac-nancy-metz.fr\/lettres-hist-geo-lp\/wp-json\/wp\/v2\/pages\/993\/revisions"}],"predecessor-version":[{"id":3131,"href":"https:\/\/sites.ac-nancy-metz.fr\/lettres-hist-geo-lp\/wp-json\/wp\/v2\/pages\/993\/revisions\/3131"}],"up":[{"embeddable":true,"href":"https:\/\/sites.ac-nancy-metz.fr\/lettres-hist-geo-lp\/wp-json\/wp\/v2\/pages\/969"}],"wp:attachment":[{"href":"https:\/\/sites.ac-nancy-metz.fr\/lettres-hist-geo-lp\/wp-json\/wp\/v2\/media?parent=993"}],"curies":[{"name":"wp","href":"https:\/\/api.w.org\/{rel}","templated":true}]}}