{"id":102,"date":"2018-12-17T21:57:56","date_gmt":"2018-12-17T20:57:56","guid":{"rendered":"http:\/\/www4.ac-nancy-metz.fr\/lettres\/new\/?page_id=102"},"modified":"2025-11-27T11:41:32","modified_gmt":"2025-11-27T10:41:32","slug":"accueil","status":"publish","type":"page","link":"https:\/\/sites.ac-nancy-metz.fr\/lettres\/","title":{"rendered":"Accueil"},"content":{"rendered":"\n<div class=\"wp-block-columns has-3-columns shadow is-layout-flex wp-container-core-columns-is-layout-9d6595d7 wp-block-columns-is-layout-flex\">\n<div class=\"wp-block-column is-layout-flow wp-block-column-is-layout-flow\"><\/div>\n\n\n\n<div class=\"wp-block-column is-layout-flow wp-block-column-is-layout-flow\">\n<p><\/p>\n<\/div>\n\n\n\n<div class=\"wp-block-column is-layout-flow wp-block-column-is-layout-flow\"><\/div>\n<\/div>\n\n\n\n<p><\/p>\n\n\n\n<div class=\"wp-block-columns has-3-columns shadow is-layout-flex wp-container-core-columns-is-layout-9d6595d7 wp-block-columns-is-layout-flex\">\n<div class=\"wp-block-column is-layout-flow wp-block-column-is-layout-flow\">\n<figure class=\"wp-block-image size-large blue-block\"><a href=\"https:\/\/sites.ac-nancy-metz.fr\/lettres\/wp-content\/uploads\/2025\/09\/Lettre-de-rentree-2025-Lettres-.pdf\"><img loading=\"lazy\" decoding=\"async\" width=\"729\" height=\"1024\" src=\"https:\/\/sites.ac-nancy-metz.fr\/lettres\/wp-content\/uploads\/2025\/09\/Lettre-de-rentree-2025-729x1024.jpg\" alt=\"\" class=\"wp-image-10321\" srcset=\"https:\/\/sites.ac-nancy-metz.fr\/lettres\/wp-content\/uploads\/2025\/09\/Lettre-de-rentree-2025-729x1024.jpg 729w, https:\/\/sites.ac-nancy-metz.fr\/lettres\/wp-content\/uploads\/2025\/09\/Lettre-de-rentree-2025-214x300.jpg 214w, https:\/\/sites.ac-nancy-metz.fr\/lettres\/wp-content\/uploads\/2025\/09\/Lettre-de-rentree-2025-768x1078.jpg 768w, https:\/\/sites.ac-nancy-metz.fr\/lettres\/wp-content\/uploads\/2025\/09\/Lettre-de-rentree-2025-1094x1536.jpg 1094w, https:\/\/sites.ac-nancy-metz.fr\/lettres\/wp-content\/uploads\/2025\/09\/Lettre-de-rentree-2025.jpg 1330w\" sizes=\"auto, (max-width: 729px) 100vw, 729px\" \/><\/a><figcaption class=\"wp-element-caption\"><a href=\"https:\/\/sites.ac-nancy-metz.fr\/lettres\/wp-content\/uploads\/2025\/09\/Lettre-de-rentree-2025-Lettres-.pdf\">Lettre de rentr\u00e9e 2025<\/a><\/figcaption><\/figure>\n\n\n\n<p><\/p>\n\n\n\n<p><\/p>\n<\/div>\n\n\n\n<div class=\"wp-block-column is-layout-flow wp-block-column-is-layout-flow\">\n<figure class=\"wp-block-image size-full is-resized blue-block\"><a href=\"https:\/\/sites.ac-nancy-metz.fr\/lettres\/wp-content\/uploads\/2025\/09\/BULLETIN-DES-LETTRES-2.pdf\"><img loading=\"lazy\" decoding=\"async\" width=\"1335\" height=\"1840\" src=\"https:\/\/sites.ac-nancy-metz.fr\/lettres\/wp-content\/uploads\/2025\/09\/Bulletin-des-lettres-2-couverture.jpg\" alt=\"\" class=\"wp-image-10373\" style=\"width:234px;height:auto\" srcset=\"https:\/\/sites.ac-nancy-metz.fr\/lettres\/wp-content\/uploads\/2025\/09\/Bulletin-des-lettres-2-couverture.jpg 1335w, https:\/\/sites.ac-nancy-metz.fr\/lettres\/wp-content\/uploads\/2025\/09\/Bulletin-des-lettres-2-couverture-218x300.jpg 218w, https:\/\/sites.ac-nancy-metz.fr\/lettres\/wp-content\/uploads\/2025\/09\/Bulletin-des-lettres-2-couverture-743x1024.jpg 743w, https:\/\/sites.ac-nancy-metz.fr\/lettres\/wp-content\/uploads\/2025\/09\/Bulletin-des-lettres-2-couverture-768x1059.jpg 768w, https:\/\/sites.ac-nancy-metz.fr\/lettres\/wp-content\/uploads\/2025\/09\/Bulletin-des-lettres-2-couverture-1114x1536.jpg 1114w\" sizes=\"auto, (max-width: 1335px) 100vw, 1335px\" \/><\/a><figcaption class=\"wp-element-caption\"><a href=\"https:\/\/sites.ac-nancy-metz.fr\/lettres\/wp-content\/uploads\/2025\/09\/BULLETIN-DES-LETTRES-2.pdf\">Bulletin des Lettres n\u00b02 &#8211; Septembre 2025<br><\/a>Espace de r\u00e9flexion, de partage et d\u2019inspiration pour enrichir<br>r\u00e9guli\u00e8rement notre enseignement du fran\u00e7ais au coll\u00e8ge et au lyc\u00e9e.<\/figcaption><\/figure>\n<\/div>\n\n\n\n<div class=\"wp-block-column is-layout-flow wp-block-column-is-layout-flow\">\n<figure class=\"wp-block-image size-full blue-block\"><a href=\"https:\/\/sites.ac-nancy-metz.fr\/lettres\/projets-traam-maitrise-de-la-langue\/\"><img loading=\"lazy\" decoding=\"async\" width=\"583\" height=\"659\" src=\"https:\/\/sites.ac-nancy-metz.fr\/lettres\/wp-content\/uploads\/2025\/11\/lettres-et-numerique2.png\" alt=\"\" class=\"wp-image-10429\" srcset=\"https:\/\/sites.ac-nancy-metz.fr\/lettres\/wp-content\/uploads\/2025\/11\/lettres-et-numerique2.png 583w, https:\/\/sites.ac-nancy-metz.fr\/lettres\/wp-content\/uploads\/2025\/11\/lettres-et-numerique2-265x300.png 265w\" sizes=\"auto, (max-width: 583px) 100vw, 583px\" \/><\/a><figcaption class=\"wp-element-caption\"><a href=\"https:\/\/sites.ac-nancy-metz.fr\/lettres\/projets-traam-maitrise-de-la-langue\/\">Lettres et Num\u00e9rique<\/a><\/figcaption><\/figure>\n<\/div>\n<\/div>\n\n\n\n<div class=\"wp-block-columns has-3-columns shadow is-layout-flex wp-container-core-columns-is-layout-9d6595d7 wp-block-columns-is-layout-flex\">\n<div class=\"wp-block-column is-layout-flow wp-block-column-is-layout-flow\">\n<figure class=\"wp-block-image size-full is-resized blue-block\"><a href=\"https:\/\/eduscol.education.fr\/1341\/un-livre-pour-les-vacances\"><img loading=\"lazy\" decoding=\"async\" width=\"576\" height=\"1024\" src=\"https:\/\/sites.ac-nancy-metz.fr\/lettres\/wp-content\/uploads\/2023\/09\/image-1.png\" alt=\"\" class=\"wp-image-6954\" style=\"width:106px;height:auto\" srcset=\"https:\/\/sites.ac-nancy-metz.fr\/lettres\/wp-content\/uploads\/2023\/09\/image-1.png 576w, https:\/\/sites.ac-nancy-metz.fr\/lettres\/wp-content\/uploads\/2023\/09\/image-1-169x300.png 169w\" sizes=\"auto, (max-width: 576px) 100vw, 576px\" \/><\/a><figcaption class=\"wp-element-caption\"><strong>Un livre pour les vacances<\/strong>. Cette op\u00e9ration nationale permet \u00e0 tous les \u00e9coliers de CM2 de quitter l&rsquo;\u00e9cole primaire avec un livre \u00e0 lire pendant l&rsquo;\u00e9t\u00e9. Les \u00e9l\u00e8ves peuvent partager le plaisir de lire avec leur famille, leurs camarades et leurs professeurs.<\/figcaption><\/figure>\n\n\n\n<p><\/p>\n\n\n\n<p><\/p>\n<\/div>\n\n\n\n<div class=\"wp-block-column is-layout-flow wp-block-column-is-layout-flow\">\n<figure class=\"wp-block-image size-large blue-block\"><a href=\"https:\/\/sites.ac-nancy-metz.fr\/lettres\/wp-content\/uploads\/2025\/02\/JLCA_2025_programme-3.pdf\"><img loading=\"lazy\" decoding=\"async\" width=\"722\" height=\"1024\" src=\"https:\/\/sites.ac-nancy-metz.fr\/lettres\/wp-content\/uploads\/2025\/02\/JLCA-page-722x1024.jpg\" alt=\"\" class=\"wp-image-8377\" srcset=\"https:\/\/sites.ac-nancy-metz.fr\/lettres\/wp-content\/uploads\/2025\/02\/JLCA-page-722x1024.jpg 722w, https:\/\/sites.ac-nancy-metz.fr\/lettres\/wp-content\/uploads\/2025\/02\/JLCA-page-212x300.jpg 212w, https:\/\/sites.ac-nancy-metz.fr\/lettres\/wp-content\/uploads\/2025\/02\/JLCA-page-768x1089.jpg 768w, https:\/\/sites.ac-nancy-metz.fr\/lettres\/wp-content\/uploads\/2025\/02\/JLCA-page.jpg 909w\" sizes=\"auto, (max-width: 722px) 100vw, 722px\" \/><\/a><\/figure>\n<\/div>\n\n\n\n<div class=\"wp-block-column is-layout-flow wp-block-column-is-layout-flow\">\n<figure class=\"wp-block-image size-full blue-block\"><a href=\"https:\/\/sites.ac-nancy-metz.fr\/lettres\/?page_id=369\"><img loading=\"lazy\" decoding=\"async\" width=\"500\" height=\"500\" src=\"https:\/\/sites.ac-nancy-metz.fr\/lettres\/wp-content\/uploads\/2019\/02\/logo-poeme-fab-lab-poetique-1.png\" alt=\"\" class=\"wp-image-235\" srcset=\"https:\/\/sites.ac-nancy-metz.fr\/lettres\/wp-content\/uploads\/2019\/02\/logo-poeme-fab-lab-poetique-1.png 500w, https:\/\/sites.ac-nancy-metz.fr\/lettres\/wp-content\/uploads\/2019\/02\/logo-poeme-fab-lab-poetique-1-300x300.png 300w, https:\/\/sites.ac-nancy-metz.fr\/lettres\/wp-content\/uploads\/2019\/02\/logo-poeme-fab-lab-poetique-1-150x150.png 150w\" sizes=\"auto, (max-width: 500px) 100vw, 500px\" \/><\/a><figcaption class=\"wp-element-caption\"><strong>Po\u00e9sie<\/strong>. Comment vivre et faire vivre la po\u00e9sie aujourd&rsquo;hui ?<\/figcaption><\/figure>\n<\/div>\n<\/div>\n\n\n\n<div class=\"wp-block-columns has-3-columns shadow is-layout-flex wp-container-core-columns-is-layout-9d6595d7 wp-block-columns-is-layout-flex\">\n<div class=\"wp-block-column is-layout-flow wp-block-column-is-layout-flow\">\n<figure class=\"wp-block-image size-large blue-block\"><a href=\"https:\/\/sites.ac-nancy-metz.fr\/lettres\/?page_id=1343\"><img loading=\"lazy\" decoding=\"async\" width=\"1024\" height=\"1024\" src=\"https:\/\/sites.ac-nancy-metz.fr\/lettres\/wp-content\/uploads\/2021\/12\/Literacie-1024x1024.jpg\" alt=\"\" class=\"wp-image-4889\" srcset=\"https:\/\/sites.ac-nancy-metz.fr\/lettres\/wp-content\/uploads\/2021\/12\/Literacie-1024x1024.jpg 1024w, https:\/\/sites.ac-nancy-metz.fr\/lettres\/wp-content\/uploads\/2021\/12\/Literacie-300x300.jpg 300w, https:\/\/sites.ac-nancy-metz.fr\/lettres\/wp-content\/uploads\/2021\/12\/Literacie-150x150.jpg 150w, https:\/\/sites.ac-nancy-metz.fr\/lettres\/wp-content\/uploads\/2021\/12\/Literacie-768x767.jpg 768w, https:\/\/sites.ac-nancy-metz.fr\/lettres\/wp-content\/uploads\/2021\/12\/Literacie.jpg 1424w\" sizes=\"auto, (max-width: 1024px) 100vw, 1024px\" \/><\/a><figcaption class=\"wp-element-caption\"><strong>Lit\u00e9racie<\/strong>. Ce groupe de travail a pour vocation de mettre en \u0153uvre des activit\u00e9s p\u00e9dagogiques pens\u00e9es pour le d\u00e9veloppement des comp\u00e9tences des \u00e9l\u00e8ves dans le domaine de la lit\u00e9racie.<\/figcaption><\/figure>\n<\/div>\n\n\n\n<div class=\"wp-block-column is-layout-flow wp-block-column-is-layout-flow\">\n<figure class=\"wp-block-image size-large blue-block\"><a href=\"https:\/\/sites.ac-nancy-metz.fr\/lettres\/?page_id=2348\"><img loading=\"lazy\" decoding=\"async\" width=\"1024\" height=\"797\" src=\"https:\/\/sites.ac-nancy-metz.fr\/lettres\/wp-content\/uploads\/2021\/12\/evaluation-1024x797.jpg\" alt=\"\" class=\"wp-image-4893\" srcset=\"https:\/\/sites.ac-nancy-metz.fr\/lettres\/wp-content\/uploads\/2021\/12\/evaluation-1024x797.jpg 1024w, https:\/\/sites.ac-nancy-metz.fr\/lettres\/wp-content\/uploads\/2021\/12\/evaluation-300x233.jpg 300w, https:\/\/sites.ac-nancy-metz.fr\/lettres\/wp-content\/uploads\/2021\/12\/evaluation-768x598.jpg 768w, https:\/\/sites.ac-nancy-metz.fr\/lettres\/wp-content\/uploads\/2021\/12\/evaluation-1536x1195.jpg 1536w, https:\/\/sites.ac-nancy-metz.fr\/lettres\/wp-content\/uploads\/2021\/12\/evaluation.jpg 1766w\" sizes=\"auto, (max-width: 1024px) 100vw, 1024px\" \/><\/a><figcaption class=\"wp-element-caption\"><strong>\u00c9valuation et diff\u00e9renciation<\/strong>. L\u2019objectif de ce groupe de travail et de production est d\u2019exp\u00e9rimenter des \u00e9valuations par comp\u00e9tences pour chaque niveau et dans les quatre domaines de la lecture, de l\u2019\u00e9criture, de la langue et de l\u2019oral.<\/figcaption><\/figure>\n<\/div>\n\n\n\n<div class=\"wp-block-column is-layout-flow wp-block-column-is-layout-flow\"><div class=\"wp-block-image blue-block\">\n<figure class=\"aligncenter size-full is-resized\"><a href=\"https:\/\/sites.ac-nancy-metz.fr\/lettres\/?page_id=4292\"><img loading=\"lazy\" decoding=\"async\" width=\"793\" height=\"1025\" src=\"https:\/\/sites.ac-nancy-metz.fr\/lettres\/wp-content\/uploads\/2023\/06\/charte.jpg\" alt=\"\" class=\"wp-image-6374\" style=\"width:186px;height:240px\" srcset=\"https:\/\/sites.ac-nancy-metz.fr\/lettres\/wp-content\/uploads\/2023\/06\/charte.jpg 793w, https:\/\/sites.ac-nancy-metz.fr\/lettres\/wp-content\/uploads\/2023\/06\/charte-232x300.jpg 232w, https:\/\/sites.ac-nancy-metz.fr\/lettres\/wp-content\/uploads\/2023\/06\/charte-768x993.jpg 768w\" sizes=\"auto, (max-width: 793px) 100vw, 793px\" \/><\/a><figcaption class=\"wp-element-caption\"><strong>La\u00efcit\u00e9 et \u00e9cole de la r\u00e9publique<\/strong>. Ensemble de ressources pour les professeurs et leurs \u00e9l\u00e8ves, mais aussi pour les parents et, plus largement, tous les acteurs de l\u2019institution scolaire.<\/figcaption><\/figure>\n<\/div><\/div>\n<\/div>\n\n\n\n<p><\/p>\n\n\n\n<div style=\"height:20px\" aria-hidden=\"true\" class=\"wp-block-spacer\"><\/div>\n\n\n\n<p>&nbsp; &nbsp; &nbsp; &nbsp; &nbsp; &nbsp; &nbsp; &nbsp; &nbsp;<\/p>\n","protected":false},"excerpt":{"rendered":"<p>&nbsp; &nbsp; &nbsp; &nbsp; &nbsp; &nbsp; &nbsp; &nbsp; &nbsp;<\/p>\n","protected":false},"author":1,"featured_media":0,"parent":0,"menu_order":0,"comment_status":"closed","ping_status":"closed","template":"","meta":{"footnotes":""},"class_list":["post-102","page","type-page","status-publish","czr-hentry"],"_links":{"self":[{"href":"https:\/\/sites.ac-nancy-metz.fr\/lettres\/wp-json\/wp\/v2\/pages\/102","targetHints":{"allow":["GET"]}}],"collection":[{"href":"https:\/\/sites.ac-nancy-metz.fr\/lettres\/wp-json\/wp\/v2\/pages"}],"about":[{"href":"https:\/\/sites.ac-nancy-metz.fr\/lettres\/wp-json\/wp\/v2\/types\/page"}],"author":[{"embeddable":true,"href":"https:\/\/sites.ac-nancy-metz.fr\/lettres\/wp-json\/wp\/v2\/users\/1"}],"replies":[{"embeddable":true,"href":"https:\/\/sites.ac-nancy-metz.fr\/lettres\/wp-json\/wp\/v2\/comments?post=102"}],"version-history":[{"count":65,"href":"https:\/\/sites.ac-nancy-metz.fr\/lettres\/wp-json\/wp\/v2\/pages\/102\/revisions"}],"predecessor-version":[{"id":10430,"href":"https:\/\/sites.ac-nancy-metz.fr\/lettres\/wp-json\/wp\/v2\/pages\/102\/revisions\/10430"}],"wp:attachment":[{"href":"https:\/\/sites.ac-nancy-metz.fr\/lettres\/wp-json\/wp\/v2\/media?parent=102"}],"curies":[{"name":"wp","href":"https:\/\/api.w.org\/{rel}","templated":true}]}}