{"id":1088,"date":"2019-07-23T17:39:38","date_gmt":"2019-07-23T15:39:38","guid":{"rendered":"http:\/\/www4.ac-nancy-metz.fr\/lettres\/new\/?page_id=1088"},"modified":"2019-07-23T17:39:38","modified_gmt":"2019-07-23T15:39:38","slug":"parcours","status":"publish","type":"page","link":"https:\/\/sites.ac-nancy-metz.fr\/lettres\/college\/parcours\/","title":{"rendered":"Parcours"},"content":{"rendered":"\n<h3 class=\"wp-block-heading\">\u2014 Principe<br><\/h3>\n\n\n\n<p><em>Le parcours \u00e9ducatif d\u00e9signe un ensemble de contenus coh\u00e9rents et progressifs d&rsquo;enseignements, non exclusivement disciplinaires, et de pratiques \u00e9ducatives, scolaires et extra-scolaires, autour d&rsquo;un m\u00eame th\u00e8me. En tant que tel, il contribue \u00e0 l&rsquo;interdisciplinarit\u00e9, donne du sens et de la diversit\u00e9 aux apprentissages scolaires et \u00e9tablit des liens entre l&rsquo;univers de l&rsquo;\u00e9cole et le monde.<\/em><\/p>\n\n\n\n<h3 class=\"wp-block-heading\">\u2014 R\u00e9sum\u00e9 en 7 points<br><\/h3>\n\n\n\n<p>\u2460 Un parcours, c\u2019est un ensemble d\u2019activit\u00e9s que chaque \u00e9l\u00e8ve m\u00e8ne tout au long de sa scolarit\u00e9.<\/p>\n\n\n\n<p>\u2461 Il existe quatre parcours : le parcours Citoyen, le parcours Avenir, le parcours d\u2019\u00c9ducation artistique et culturelle et le parcours Sant\u00e9.<\/p>\n\n\n\n<p>\u2462 Au coll\u00e8ge, toutes les disciplines participent aux diff\u00e9rents parcours.<\/p>\n\n\n\n<p>\u2463&nbsp;&nbsp;Les exp\u00e9riences extra-scolaires des \u00e9l\u00e8ves font aussi partie des parcours.<\/p>\n\n\n\n<p>\u2464 Les parcours apportent des connaissances et des comp\u00e9tences.<\/p>\n\n\n\n<p>\u2465\u00a0 Dans les parcours, on apprend, on pratique, on s\u2019investit et on s&rsquo;engage.<\/p>\n\n\n\n<p>\u2466 Il est possible de rencontrer des personnes ext\u00e9rieures au coll\u00e8ge, et notamment des professionnels.<\/p>\n\n\n\n<h3 class=\"wp-block-heading\">\u2014 Des approches<br><\/h3>\n\n\n\n<h4 class=\"wp-block-heading\">Un exemple de parcours Citoyen<br><\/h4>\n\n\n\n<figure class=\"wp-block-image\"><img loading=\"lazy\" decoding=\"async\" width=\"1754\" height=\"1239\" src=\"https:\/\/sites.ac-nancy-metz.fr\/lettres\/wp-content\/uploads\/2019\/07\/Parcours-Citoyen-College_J_Callot_Neuves-Maisons.jpg\" alt=\"\" class=\"wp-image-1185\" srcset=\"https:\/\/sites.ac-nancy-metz.fr\/lettres\/wp-content\/uploads\/2019\/07\/Parcours-Citoyen-College_J_Callot_Neuves-Maisons.jpg 1754w, https:\/\/sites.ac-nancy-metz.fr\/lettres\/wp-content\/uploads\/2019\/07\/Parcours-Citoyen-College_J_Callot_Neuves-Maisons-300x212.jpg 300w, https:\/\/sites.ac-nancy-metz.fr\/lettres\/wp-content\/uploads\/2019\/07\/Parcours-Citoyen-College_J_Callot_Neuves-Maisons-1024x723.jpg 1024w, https:\/\/sites.ac-nancy-metz.fr\/lettres\/wp-content\/uploads\/2019\/07\/Parcours-Citoyen-College_J_Callot_Neuves-Maisons-768x543.jpg 768w, https:\/\/sites.ac-nancy-metz.fr\/lettres\/wp-content\/uploads\/2019\/07\/Parcours-Citoyen-College_J_Callot_Neuves-Maisons-1536x1085.jpg 1536w\" sizes=\"auto, (max-width: 1754px) 100vw, 1754px\" \/><\/figure>\n\n\n\n<h3 class=\"wp-block-heading\">\u2014 Pistes didactiques et p\u00e9dagogiques<br><\/h3>\n\n\n\n<ul class=\"wp-block-list\"><li>Pour le <a href=\"https:\/\/eduscol.education.fr\/cid74945\/le-parcours-d-education-artistique-et-culturelle.html\">PEAC<\/a><\/li><\/ul>\n\n\n\n<p><br><\/p>\n","protected":false},"excerpt":{"rendered":"<p>\u2014 Principe Le parcours \u00e9ducatif d\u00e9signe un ensemble de contenus coh\u00e9rents et progressifs d&rsquo;enseignements, non exclusivement disciplinaires, et de pratiques \u00e9ducatives, scolaires et extra-scolaires, autour d&rsquo;un m\u00eame th\u00e8me. En tant que tel, il contribue \u00e0 l&rsquo;interdisciplinarit\u00e9, donne du sens et de la diversit\u00e9 aux apprentissages scolaires et \u00e9tablit des liens entre l&rsquo;univers de l&rsquo;\u00e9cole et [&hellip;]<\/p>\n","protected":false},"author":1,"featured_media":2542,"parent":9,"menu_order":0,"comment_status":"closed","ping_status":"closed","template":"","meta":{"footnotes":""},"class_list":["post-1088","page","type-page","status-publish","has-post-thumbnail","czr-hentry"],"_links":{"self":[{"href":"https:\/\/sites.ac-nancy-metz.fr\/lettres\/wp-json\/wp\/v2\/pages\/1088","targetHints":{"allow":["GET"]}}],"collection":[{"href":"https:\/\/sites.ac-nancy-metz.fr\/lettres\/wp-json\/wp\/v2\/pages"}],"about":[{"href":"https:\/\/sites.ac-nancy-metz.fr\/lettres\/wp-json\/wp\/v2\/types\/page"}],"author":[{"embeddable":true,"href":"https:\/\/sites.ac-nancy-metz.fr\/lettres\/wp-json\/wp\/v2\/users\/1"}],"replies":[{"embeddable":true,"href":"https:\/\/sites.ac-nancy-metz.fr\/lettres\/wp-json\/wp\/v2\/comments?post=1088"}],"version-history":[{"count":0,"href":"https:\/\/sites.ac-nancy-metz.fr\/lettres\/wp-json\/wp\/v2\/pages\/1088\/revisions"}],"up":[{"embeddable":true,"href":"https:\/\/sites.ac-nancy-metz.fr\/lettres\/wp-json\/wp\/v2\/pages\/9"}],"wp:featuredmedia":[{"embeddable":true,"href":"https:\/\/sites.ac-nancy-metz.fr\/lettres\/wp-json\/wp\/v2\/media\/2542"}],"wp:attachment":[{"href":"https:\/\/sites.ac-nancy-metz.fr\/lettres\/wp-json\/wp\/v2\/media?parent=1088"}],"curies":[{"name":"wp","href":"https:\/\/api.w.org\/{rel}","templated":true}]}}