{"id":1090,"date":"2019-07-23T17:40:20","date_gmt":"2019-07-23T15:40:20","guid":{"rendered":"http:\/\/www4.ac-nancy-metz.fr\/lettres\/new\/?page_id=1090"},"modified":"2024-01-17T12:04:31","modified_gmt":"2024-01-17T11:04:31","slug":"college-langue","status":"publish","type":"page","link":"https:\/\/sites.ac-nancy-metz.fr\/lettres\/langue\/college-langue\/","title":{"rendered":"\u00c9tude de la langue au coll\u00e8ge"},"content":{"rendered":"\n<hr class=\"wp-block-separator has-css-opacity\"\/>\n\n\n\n<h3 class=\"wp-block-heading\">\u2014 Attendus et rep\u00e8res<\/h3>\n\n\n\n<p><strong>Zoom sur<\/strong> : <\/p>\n\n\n\n<ul class=\"wp-block-list\">\n<li>Ce que sait faire l\u2019\u00e9l\u00e8ve.<\/li>\n\n\n\n<li>Des exemples de r\u00e9ussite.<\/li>\n<\/ul>\n\n\n\n<h4 class=\"wp-block-heading\">1. En 6\u00b0<\/h4>\n\n\n\n<ul class=\"wp-block-list\">\n<li>Ma\u00eetriser les relations entre l\u2019oral et l&rsquo;\u00e9crit.<\/li>\n\n\n\n<li>Identifier les constituants d\u2019une phrase simple et se rep\u00e9rer dans la phrase complexe.<\/li>\n\n\n\n<li>Acqu\u00e9rir l\u2019orthographe grammaticale.<\/li>\n\n\n\n<li>Enrichir le lexique.<\/li>\n\n\n\n<li>Acqu\u00e9rir l\u2019orthographe lexicale.<\/li>\n<\/ul>\n\n\n\n<div class=\"wp-block-file\"><a id=\"wp-block-file--media-ecb7b32f-3607-4968-a605-4d8479a09300\" href=\"https:\/\/sites.ac-nancy-metz.fr\/lettres\/wp-content\/uploads\/2019\/07\/langue-6\u00b0.pdf\">Pour la langue en 6\u00b0<\/a><\/div>\n\n\n\n<h4 class=\"wp-block-heading\">2. En 5\u00b0 &#8211; 4\u00b0 &#8211; 3\u00b0<br><\/h4>\n\n\n\n<ul class=\"wp-block-list\">\n<li>Conna\u00eetre les diff\u00e9rences entre l&rsquo;oral et l&rsquo;\u00e9crit.<\/li>\n\n\n\n<li>Analyser le fonctionnement de la phrase simple et de la phrase complexe.<\/li>\n\n\n\n<li>Consolider l\u2019orthographe lexicale et grammaticale.<\/li>\n\n\n\n<li>Enrichir et structurer le lexique.<\/li>\n\n\n\n<li>Construire les notions permettant l\u2019analyse et l\u2019\u00e9laboration des textes et des discours.<\/li>\n<\/ul>\n\n\n\n<div class=\"wp-block-file\"><a id=\"wp-block-file--media-8349d83e-8471-4adf-9bf2-ff4d8d1854de\" href=\"https:\/\/sites.ac-nancy-metz.fr\/lettres\/wp-content\/uploads\/2019\/07\/langue-5\u00b0.pdf\">Pour la langue en 5\u00b0<\/a><\/div>\n\n\n\n<div class=\"wp-block-file\"><a id=\"wp-block-file--media-95b725c0-8191-481a-bff7-d97efd58a2d5\" href=\"https:\/\/sites.ac-nancy-metz.fr\/lettres\/wp-content\/uploads\/2019\/07\/langue-4\u00b0.pdf\">Pour la langue en 4\u00b0<\/a><\/div>\n\n\n\n<div class=\"wp-block-file\"><a id=\"wp-block-file--media-53cc15b7-51a1-4664-b36f-18de3e87a33f\" href=\"https:\/\/sites.ac-nancy-metz.fr\/lettres\/wp-content\/uploads\/2019\/07\/langue-3\u00b0.pdf\">Pour la langue en 3\u00b0<\/a><\/div>\n\n\n\n<hr class=\"wp-block-separator has-css-opacity\"\/>\n\n\n\n<h3 class=\"wp-block-heading\">\u2014 Exemples p\u00e9dagogiques<br><\/h3>\n\n\n\n<div class=\"wp-block-file\"><a id=\"wp-block-file--media-ff22b5bd-0484-4f0d-944f-d386f438480a\" href=\"https:\/\/sites.ac-nancy-metz.fr\/lettres\/wp-content\/uploads\/2019\/12\/PP-lien_langue_et_ecriture_recit_d_aventures_weber-1.pdf\">Document sur \u2014 Le lien langue et \u00e9criture\u2014 R\u00e9cit d&rsquo;aventures par Armelle Weber<\/a><\/div>\n\n\n\n<div class=\"wp-block-file\"><a id=\"wp-block-file--media-c078ee71-9eaf-4177-b6c0-f18e8f2d1909\" href=\"https:\/\/sites.ac-nancy-metz.fr\/lettres\/wp-content\/uploads\/2019\/12\/notice_recit_aventures_weber.pdf\">+ Notice \u2014 R\u00e9cit d&rsquo;aventures par Armelle Weber<\/a><\/div>\n\n\n\n<div class=\"wp-block-file\"><a id=\"wp-block-file--media-1f7ad554-5970-46a4-847b-5f582056f5e8\" href=\"https:\/\/sites.ac-nancy-metz.fr\/lettres\/wp-content\/uploads\/2019\/12\/PP-recits_de_voyage_oubre.pdf\">Document sur \u2014 Le lien langue et \u00e9criture \u2014 R\u00e9cit de voyage par Catherine Oubre<\/a><\/div>\n\n\n\n<div class=\"wp-block-file\"><a id=\"wp-block-file--media-4d5b67c0-b859-47ce-be87-da5aafca3244\" href=\"https:\/\/sites.ac-nancy-metz.fr\/lettres\/wp-content\/uploads\/2019\/12\/notice_recits_de_voyage_oubre.pdf\">+ Notice \u2014 R\u00e9cits de voyage par Catherine Oubre<\/a><\/div>\n\n\n\n<hr class=\"wp-block-separator has-css-opacity\"\/>\n\n\n\n<h3 class=\"wp-block-heading\">\u2014 Dictionnaires<br><\/h3>\n\n\n\n<ul class=\"wp-block-list\">\n<li><a href=\"https:\/\/www.cnrtl.fr\/\">Centre National de Ressources Textuelles &amp; Lexicales<\/a><\/li>\n\n\n\n<li><a href=\"http:\/\/atilf.atilf.fr\/\">Tr\u00e9sor de la Langue Fran\u00e7aise informatis\u00e9<\/a><\/li>\n\n\n\n<li><a href=\"https:\/\/www.dictionnaire-academie.fr\/\">Dictionnaire de l&rsquo;acad\u00e9mie fran\u00e7aise<\/a><\/li>\n<\/ul>\n","protected":false},"excerpt":{"rendered":"<p>\u2014 Attendus et rep\u00e8res Zoom sur : 1. En 6\u00b0 2. En 5\u00b0 &#8211; 4\u00b0 &#8211; 3\u00b0 \u2014 Exemples p\u00e9dagogiques \u2014 Dictionnaires<\/p>\n","protected":false},"author":1,"featured_media":2542,"parent":378,"menu_order":0,"comment_status":"closed","ping_status":"closed","template":"","meta":{"footnotes":""},"class_list":["post-1090","page","type-page","status-publish","has-post-thumbnail","czr-hentry"],"_links":{"self":[{"href":"https:\/\/sites.ac-nancy-metz.fr\/lettres\/wp-json\/wp\/v2\/pages\/1090","targetHints":{"allow":["GET"]}}],"collection":[{"href":"https:\/\/sites.ac-nancy-metz.fr\/lettres\/wp-json\/wp\/v2\/pages"}],"about":[{"href":"https:\/\/sites.ac-nancy-metz.fr\/lettres\/wp-json\/wp\/v2\/types\/page"}],"author":[{"embeddable":true,"href":"https:\/\/sites.ac-nancy-metz.fr\/lettres\/wp-json\/wp\/v2\/users\/1"}],"replies":[{"embeddable":true,"href":"https:\/\/sites.ac-nancy-metz.fr\/lettres\/wp-json\/wp\/v2\/comments?post=1090"}],"version-history":[{"count":2,"href":"https:\/\/sites.ac-nancy-metz.fr\/lettres\/wp-json\/wp\/v2\/pages\/1090\/revisions"}],"predecessor-version":[{"id":7393,"href":"https:\/\/sites.ac-nancy-metz.fr\/lettres\/wp-json\/wp\/v2\/pages\/1090\/revisions\/7393"}],"up":[{"embeddable":true,"href":"https:\/\/sites.ac-nancy-metz.fr\/lettres\/wp-json\/wp\/v2\/pages\/378"}],"wp:featuredmedia":[{"embeddable":true,"href":"https:\/\/sites.ac-nancy-metz.fr\/lettres\/wp-json\/wp\/v2\/media\/2542"}],"wp:attachment":[{"href":"https:\/\/sites.ac-nancy-metz.fr\/lettres\/wp-json\/wp\/v2\/media?parent=1090"}],"curies":[{"name":"wp","href":"https:\/\/api.w.org\/{rel}","templated":true}]}}