{"id":188,"date":"2019-01-01T18:27:10","date_gmt":"2019-01-01T17:27:10","guid":{"rendered":"http:\/\/www4.ac-nancy-metz.fr\/lettres\/new\/?page_id=188"},"modified":"2025-07-16T12:05:54","modified_gmt":"2025-07-16T10:05:54","slug":"formation","status":"publish","type":"page","link":"https:\/\/sites.ac-nancy-metz.fr\/lettres\/formation\/","title":{"rendered":"Formation"},"content":{"rendered":"\n<h3 class=\"wp-block-heading\"><strong>\u2014 Documents institutionnels<\/strong><\/h3>\n\n\n\n<p><strong><em>1- Le Bulletin Officiel<\/em><\/strong><\/p>\n\n\n\n<p><strong>&#8211; Cycle 2 : <\/strong><em>B.O.<\/em> &#8211; Cycle des apprentissages fondamentaux <a href=\"http:\/\/cache.media.education.gouv.fr\/file\/30\/62\/2\/ensel169_annexe1_985622.pdf\">Bulletin officiel n\u00b0 30 du 26-7-2018 <\/a>           <br><strong>&#8211; Cycle 3 : <\/strong><em>B.O.<\/em> &#8211; Cycle de consolidation <a href=\"http:\/\/cache.media.education.gouv.fr\/file\/30\/05\/0\/ensel169_annexe2V2_986050.pdf\">Bulletin officiel n\u00b0 30 du 26-7-2018 <\/a>           <br><strong>&#8211; Cycle 4 : <\/strong><em>B.O.<\/em> &#8211; Cycle des approfondissements <a href=\"http:\/\/cache.media.education.gouv.fr\/file\/30\/62\/8\/ensel169_annexe3_985628.pdf\">Bulletin officiel n\u00b0 30 du 26-7-2018<\/a><\/p>\n\n\n\n<p><strong><em>2- Le cahier de textes num\u00e9rique<\/em><\/strong><\/p>\n\n\n\n<p><strong>Quels attendus ? <\/strong><em>Voici la d\u00e9finition, les \u00e9l\u00e9ments \u00e0 pr\u00e9ciser et le contenu \u00e0 y placer :<\/em> ce document est \u00e0 consulter ; il se trouve en lien <a href=\"https:\/\/sites.ac-nancy-metz.fr\/lettres\/inspection\/cahier-de-texte-num\/\">ICI<\/a>.<\/p>\n\n\n\n<h3 class=\"wp-block-heading\"><strong>\u2014 Formation pour les contractuels<\/strong><\/h3>\n\n\n\n<ul class=\"wp-block-list\">\n<li><a href=\"https:\/\/sites.ac-nancy-metz.fr\/lettres\/wp-content\/uploads\/2025\/07\/guide-du-contractuel-2023-22096.pdf\">Le guide du contractuel 2022<\/a><\/li>\n\n\n\n<li><a href=\"https:\/\/www.ac-nancy-metz.fr\/je-suis-contractuel-cten-124243\">Je suis contractuel<\/a><\/li>\n<\/ul>\n\n\n\n<h4 class=\"wp-block-heading\">Document acad\u00e9mique<\/h4>\n\n\n\n<div class=\"wp-block-file\"><a href=\"https:\/\/sites.ac-nancy-metz.fr\/lettres\/wp-content\/uploads\/2019\/07\/document-ressources-pour-les-contractuels-aca-nancy-metz.pdf\">VADE-MECUM de l&rsquo;Acad\u00e9mie Nancy-Metz &#8211; \u00e0 consulter<\/a><\/div>\n\n\n\n<h3 class=\"wp-block-heading\"><strong>\u2014 Formation initiale<\/strong><\/h3>\n\n\n\n<h4 class=\"wp-block-heading\">Documents acad\u00e9miques<\/h4>\n\n\n\n<div class=\"wp-block-file\"><a href=\"https:\/\/sites.ac-nancy-metz.fr\/lettres\/wp-content\/uploads\/2019\/07\/Releve_activites_stagiaire__tuteur_etabt-Annexe-1.pdf\">1) Le relev\u00e9 d&rsquo;activit\u00e9s entre stagiaires et tuteurs en \u00e9tablissement<\/a><\/div>\n\n\n\n<p>Ce document partag\u00e9 rend compte du suivi du stagiaire par le tuteur-\u00e9tablissement au regard du r\u00e9f\u00e9rentiel de comp\u00e9tences. Renseign\u00e9 conjointement, il permet au stagiaire et au tuteur d&rsquo;attester du parcours de formation en \u00e9tablissement, des comp\u00e9tences acquises et des progr\u00e8s effectu\u00e9s. <strong>Une copie sera donn\u00e9e par le fonctionnaire stagiaire au professeur ou CPE charg\u00e9 de la visite et \u00e0 l&rsquo;inspecteur au moment de l&rsquo;inspection.<\/strong><\/p>\n\n\n\n<div class=\"wp-block-file\"><a href=\"https:\/\/sites.ac-nancy-metz.fr\/lettres\/wp-content\/uploads\/2019\/07\/Fiche_positionnement_stagiaires.pdf\">2) Fiche de positionnement pour les stagiaires<\/a><\/div>\n\n\n\n<h3 class=\"wp-block-heading\">\u2014 <strong>Formation continue<\/strong><br><\/h3>\n\n\n\n<p><br><\/p>\n","protected":false},"excerpt":{"rendered":"<p>\u2014 Documents institutionnels 1- Le Bulletin Officiel &#8211; Cycle 2 : B.O. &#8211; Cycle des apprentissages fondamentaux Bulletin officiel n\u00b0 30 du 26-7-2018 &#8211; Cycle 3 : B.O. &#8211; Cycle de consolidation Bulletin officiel n\u00b0 30 du 26-7-2018 &#8211; Cycle 4 : B.O. &#8211; Cycle des approfondissements Bulletin officiel n\u00b0 30 du 26-7-2018 2- Le [&hellip;]<\/p>\n","protected":false},"author":1,"featured_media":2549,"parent":0,"menu_order":0,"comment_status":"closed","ping_status":"closed","template":"","meta":{"footnotes":""},"class_list":["post-188","page","type-page","status-publish","has-post-thumbnail","czr-hentry"],"_links":{"self":[{"href":"https:\/\/sites.ac-nancy-metz.fr\/lettres\/wp-json\/wp\/v2\/pages\/188","targetHints":{"allow":["GET"]}}],"collection":[{"href":"https:\/\/sites.ac-nancy-metz.fr\/lettres\/wp-json\/wp\/v2\/pages"}],"about":[{"href":"https:\/\/sites.ac-nancy-metz.fr\/lettres\/wp-json\/wp\/v2\/types\/page"}],"author":[{"embeddable":true,"href":"https:\/\/sites.ac-nancy-metz.fr\/lettres\/wp-json\/wp\/v2\/users\/1"}],"replies":[{"embeddable":true,"href":"https:\/\/sites.ac-nancy-metz.fr\/lettres\/wp-json\/wp\/v2\/comments?post=188"}],"version-history":[{"count":4,"href":"https:\/\/sites.ac-nancy-metz.fr\/lettres\/wp-json\/wp\/v2\/pages\/188\/revisions"}],"predecessor-version":[{"id":10291,"href":"https:\/\/sites.ac-nancy-metz.fr\/lettres\/wp-json\/wp\/v2\/pages\/188\/revisions\/10291"}],"wp:featuredmedia":[{"embeddable":true,"href":"https:\/\/sites.ac-nancy-metz.fr\/lettres\/wp-json\/wp\/v2\/media\/2549"}],"wp:attachment":[{"href":"https:\/\/sites.ac-nancy-metz.fr\/lettres\/wp-json\/wp\/v2\/media?parent=188"}],"curies":[{"name":"wp","href":"https:\/\/api.w.org\/{rel}","templated":true}]}}