{"id":30,"date":"2019-07-19T11:05:15","date_gmt":"2019-07-19T09:05:15","guid":{"rendered":"http:\/\/www4.ac-nancy-metz.fr\/lettres\/new\/?page_id=30"},"modified":"2025-09-16T14:02:05","modified_gmt":"2025-09-16T12:02:05","slug":"equipe-lettres","status":"publish","type":"page","link":"https:\/\/sites.ac-nancy-metz.fr\/lettres\/inspection\/equipe-lettres\/","title":{"rendered":"Les charg\u00e9s de mission et formateurs aupr\u00e8s des IA-IPR de Lettres"},"content":{"rendered":"\n<p class=\"has-text-align-left\"><strong>PROFESSEURE CORRESPONDANTE FORMATION CONTINUE<\/strong><\/p>\n\n\n\n<ul class=\"wp-block-list\">\n<li>M\u00e9lanie KEIFLIN-FIALEYRE, coll\u00e8ge de l\u2019Euron \u2013 BAYON : Melanie.Fialeyre@ac-nancy-metz.fr<\/li>\n<\/ul>\n\n\n\n<p><strong>PROFESSEURES FORMATRICES ET PROFESSEURS FORMATEURS<br><\/strong><\/p>\n\n\n\n<p><strong>Coll\u00e8ge <\/strong>:<\/p>\n\n\n\n<ul class=\"wp-block-list\">\n<li>Audrey ALBERT, coll\u00e8ge Alexandre Dreux \u2013 FOLSCHVILLER : Audrey.Albert@ac-nancy-metz.fr<\/li>\n\n\n\n<li>Marie-Rose BERTUCCI, coll\u00e8ge Ren\u00e9 Cassin \u2013 GUENANGE : Marie-Rose.Bertucci@ac-nancy-metz.fr<\/li>\n\n\n\n<li>Bettina BOLLE-NICOLAS, coll\u00e8ge Georges Cl\u00e9menceau \u2013 EPINAL: Bettina-Josette.Bolle@ac-nancy-metz.fr<\/li>\n\n\n\n<li>Sabrina DENIS, coll\u00e8ge Pierre et Marie Curie \u2013 BOULIGNY : Sabrina.Maire@ac-nancy-metz.fr<\/li>\n\n\n\n<li>Sylvie DOUCHAIN-RICHARD, coll\u00e8ge La Haie Griselle \u2013 G\u00c9RARDMER : sylvie.douchain@ac-nancy-metz.fr<\/li>\n\n\n\n<li>Sophie GAUDEL, coll\u00e8ge de la Haute Meurthe \u2013 FRAIZE : Sophie.Gaudel@ac-nancy-metz.fr<\/li>\n\n\n\n<li>Nadine GUICHARD : coll\u00e8ge Louis Armand \u2013 GOLBEY : Nadine-Armelle.Guichard@ac-nancy-metz.fr<\/li>\n\n\n\n<li>Jean-Louis HUMBLET, coll\u00e8ge Alfred Kastler, STENAY : Jean-Louis.Humblet@ac-nancy-metz.fr<\/li>\n\n\n\n<li>Olivier HOTTON, coll\u00e8ge de l\u2019Euron \u2013 BAYON : olivier.hotton@ac-nancy-metz.fr<\/li>\n\n\n\n<li>Sofia LARBI, coll\u00e8ge Jules Ferry &#8211; WOIPPY: Sofia.El-Arbi@ac-nancy-metz.fr<\/li>\n\n\n\n<li>Jos\u00e9 PEREIRA, coll\u00e8ge Les Gaudinettes, MARANGE-SILVANGE : Jose.Pereira@ac-nancy-metz.fr<\/li>\n\n\n\n<li>Mathilde PERRIN : coll\u00e8ge Camille Claudel \u2013 XERTIGNY : Mathilde-Marie.Perrin@ac-nancy-metz.fr<\/li>\n\n\n\n<li>Jenny PIORICO, coll\u00e8ge Jules Ferry \u2013 WOIPPY : Jenny.Piorico@ac-nancy-metz.fr<\/li>\n\n\n\n<li>Sandrine ROQUE, coll\u00e8ge Pierre et Marie Curie \u2013 BOULIGNY : Sandrine.Roque@ac-nancy-metz.fr<\/li>\n\n\n\n<li>Karine ROSATI : coll\u00e8ge Albert Camus \u2013 JARVILLE LA MALGRANGE : Karine.Rosati@ac-nancy-metz.fr<\/li>\n\n\n\n<li>Armelle WEBER, coll\u00e8ge La Carri\u00e8re \u2013 SAINT-AVOLD : Armelle.Weber@ac-nancy-metz.fr<\/li>\n\n\n\n<li>Sophie ZAWADZKI, coll\u00e8ge Jean Rostand \u2013 METZ : Sophie.Zawadzki@ac-nancy-metz.fr<\/li>\n<\/ul>\n\n\n\n<p><br><strong>Lyc\u00e9e :<\/strong><\/p>\n\n\n\n<ul class=\"wp-block-list\">\n<li>Salom\u00e9 BAUD-KORNBRUST : lyc\u00e9e Georges de la Tour, METZ : Anne-Salome.Kornbrust@ac-nancy-metz.fr<\/li>\n\n\n\n<li>Samantha BERNARDONI : LPO Julie Daubi\u00e9, ROMBAS : Samantha.Bernardoni@ac-nancy-metz.fr<\/li>\n\n\n\n<li>G\u00e9raldine FORMERY, lyc\u00e9e Poncelet, SAINT-AVOLD : Geraldine.Formery@ac-nancy-metz.fr<\/li>\n\n\n\n<li>Jean-Louis HUMBLET, coll\u00e8ge Alfred Kastler, STENAY : Jean-Louis.Humblet@ac-nancy-metz.fr<\/li>\n\n\n\n<li>Alexandra JOLY, lyc\u00e9e Georges de la Tour, METZ : Alexandra.Choley@ac-nancy-metz.fr<\/li>\n\n\n\n<li>Marie-Dominique LAPORTE, LGT Robert Schuman \u2013 METZ : Marie-Dominique.Laporte@ac-nancy-metz.fr<\/li>\n\n\n\n<li>Florence MARCHAND, LGT Louis Majorelle \u2013 TOUL : Florence.Marchand@ac-nancy-metz.fr<\/li>\n\n\n\n<li>Laurence NOBILI PATY, LGT Jacques Callot, VANDOEUVRE-LES-NANCY : Laurence.Nobili-Paty@ac-nancy-metz.fr<\/li>\n\n\n\n<li>Bernadette PAPIN : LGT Fabert \u2013 METZ : Bernadette.Papin@ac-nancy-metz.fr<\/li>\n\n\n\n<li>C\u00e9line MARTIN, LGT Jean Moulin \u2013 FORBACH : Celine.Martin4@ac-nancy-metz.fr<\/li>\n\n\n\n<li>Danielle ZITELLA, LGT Loritz \u2013 NANCY : Danielle.Zitella-Ley@ac-nancy-metz.fr<\/li>\n<\/ul>\n\n\n\n<p><strong>CAPES interne :<\/strong><\/p>\n\n\n\n<ul class=\"wp-block-list\">\n<li>Laurence BECKERS, LGT Jeanne d\u2019Arc \u2013 NANCY : Laurence.Beckers@ac-nancy-metz.fr<\/li>\n\n\n\n<li>Marie-Rose BERTUCCI, coll\u00e8ge Ren\u00e9 Cassin \u2013 GUENANGE : Marie-Rose.Bertucci@ac-nancy-metz.fr<\/li>\n\n\n\n<li>Jean-Bernard L\u2019HOMME, LGT Georges de la Tour \u2013 METZ : Jean-Bernard.L-Homme@alanzeroti<\/li>\n<\/ul>\n\n\n\n<p><strong>Agr\u00e9gations internes :<\/strong><\/p>\n\n\n\n<ul class=\"wp-block-list\">\n<li>Caroline PAUL-NARRACCI, coll\u00e8ge Nelson Mandela \u2013 VERNY : Caroline.Narracci@ac-nancy-metz.fr<\/li>\n\n\n\n<li>Nad\u00e8ge WOLFF , LGT Georges de la Tour \u2013 METZ : Nadege.Wolff@ac-nancy-metz.fr<\/li>\n\n\n\n<li>Marie-Laurence GUILBAUD (Analyse du film), LGT de la Communication \u2013 METZ : Marie-Laurence.Guilbaud@ac-nancy-metz.fr<\/li>\n<\/ul>\n\n\n\n<p><br><strong>Professeures formatrices acad\u00e9miques (INSP\u00c9) :<\/strong><\/p>\n\n\n\n<ul class=\"wp-block-list\">\n<li>S\u00e9verine AUER, coll\u00e8ge Les Hauts de Bl\u00e9mont \u2013 METZ : Severine.Auer@ac-nancy-metz.fr<\/li>\n\n\n\n<li>Sandrine ROQUE, coll\u00e8ge Pierre et Marie Curie \u2013 BOULIGNY : Sandrine.Roque@ac-nancy-metz.fr<\/li>\n\n\n\n<li>C\u00e9line MARTIN, LGT Jean Moulin \u2013 FORBACH : Celine.Martin4@ac-nancy-metz.fr<\/li>\n\n\n\n<li>Sandrine MIZZI-REOLON, Lyc\u00e9e Robert Schuman, METZ : Sandrine.Mizzi-Reolon@ac-nancy-metz.fr<\/li>\n\n\n\n<li>Armelle WEBER, coll\u00e8ge La Carri\u00e8re \u2013 SAINT-AVOLD : Armelle.Weber@ac-nancy-metz.fr<\/li>\n\n\n\n<li>Danielle ZITELLA, LGT Loritz \u2013 NANCY : Danielle.Zitella-Ley@ac-nancy-metz.fr<\/li>\n<\/ul>\n\n\n\n<p><strong>PROFESSEUR(E)S CHARGE(E)S DE MISSION<\/strong><\/p>\n\n\n\n<p><br><strong>Charg\u00e9s de mission d\u2019inspection :<\/strong><\/p>\n\n\n\n<ul class=\"wp-block-list\">\n<li>Marie-Rose BERTUCCI, coll\u00e8ge Ren\u00e9 Cassin \u2013 GUENANGE : Marie-Rose.Bertucci@ac-nancy-metz.fr<\/li>\n\n\n\n<li>C\u00e9line MARTIN, LGT Jean Moulin \u2013 FORBACH : Celine.Martin4@ac-nancy-metz.fr<\/li>\n\n\n\n<li>Bernadette PAPIN : LGT Fabert \u2013 METZ : Bernadette.Papin@ac-nancy-metz.fr<\/li>\n\n\n\n<li>Mathilde PERRIN : coll\u00e8ge Camille Claudel \u2013 XERTIGNY : Mathilde-Marie.Perrin@ac-nancy-metz.fr<\/li>\n\n\n\n<li>Jenny PIORICO Coll\u00e8ge Jules Ferry \u00e0 WOIPPY : Jenny.Piorico@alanzeroti<\/li>\n\n\n\n<li>Karine ROSATI : coll\u00e8ge Albert Camus \u2013 JARVILLE LA MALGRANGE : Karine.Rosati@ac-nancy-metz.fr<\/li>\n\n\n\n<li>Armelle WEBER, coll\u00e8ge La Carri\u00e8re \u2013 SAINT-AVOLD : Armelle.Weber@ac-nancy-metz.fr<\/li>\n\n\n\n<li>Sophie ZAWADZKI, coll\u00e8ge Jean Rostand \u2013 METZ : Sophie.Zawadzki@ac-nancy-metz.fr<\/li>\n\n\n\n<li>D\u00e9borah CHAUMONT, coll\u00e8ge Jean Moulin &#8211; UCKANGE: Deborah.Chaumont@ac-nancy-metz.fr<\/li>\n\n\n\n<li>Sandrine ROQUE, coll\u00e8ge La Source \u2013 AMNEVILLE : Sandrine.Roque@ac-nancy-metz.fr<\/li>\n<\/ul>\n\n\n\n<p><strong>Charg\u00e9(e)s de mission en Lettres \u00e0 la DRANE, site de Nancy-Metz :<\/strong><\/p>\n\n\n\n<ul class=\"wp-block-list\">\n<li>Sylvie DOUCHAIN-RICHARD, interlocutrice acad\u00e9mique au num\u00e9rique \u00e9ducatif, coll\u00e8ge La Haie Griselle \u2013 GERARDMER : Sylvie.Douchain@ac-nancy-metz.fr<\/li>\n\n\n\n<li>Adriano LANZEROTI, permanent DRANE \u2013 LPO Condorcet \u2013 SCHOENECK : Adriano.Lanzeroti@ac-nancy-metz.fr<\/li>\n\n\n\n<li>Emilie SCHWARTZ-MARTIN, Coll\u00e8ge G. Cl\u00e9menceau EPINAL : Emilie-Eliane.Schwartz@ac-nancy-metz.fr<\/li>\n<\/ul>\n\n\n\n<p><strong>Charg\u00e9(e)s de mission pour la gestion des sites :<\/strong><\/p>\n\n\n\n<ul class=\"wp-block-list\">\n<li>Sophie GAUDEL, coll\u00e8ge de la Haute Meurthe \u2013 FRAIZE : Sophie.Gaudel@ac-nancy-metz.fr<\/li>\n\n\n\n<li>Adriano LANZEROTI, LPO Condorcet \u2013 SCHOENECK : Adriano.Lanzeroti@ac-nancy-metz.fr<\/li>\n\n\n\n<li>Jos\u00e9 PEREIRA- Clg Les Gaudinettes \u2013 MARANGE SILVANGE : Jos\u00e9.pereira@ac-nancy-metz.fr<\/li>\n<\/ul>\n","protected":false},"excerpt":{"rendered":"<p>PROFESSEURE CORRESPONDANTE FORMATION CONTINUE PROFESSEURES FORMATRICES ET PROFESSEURS FORMATEURS Coll\u00e8ge : Lyc\u00e9e : CAPES interne : Agr\u00e9gations internes : Professeures formatrices acad\u00e9miques (INSP\u00c9) : PROFESSEUR(E)S CHARGE(E)S DE MISSION Charg\u00e9s de mission d\u2019inspection : Charg\u00e9(e)s de mission en Lettres \u00e0 la DRANE, site de Nancy-Metz : Charg\u00e9(e)s de mission pour la gestion des sites :<\/p>\n","protected":false},"author":1,"featured_media":2549,"parent":982,"menu_order":0,"comment_status":"closed","ping_status":"closed","template":"","meta":{"footnotes":""},"class_list":["post-30","page","type-page","status-publish","has-post-thumbnail","czr-hentry"],"_links":{"self":[{"href":"https:\/\/sites.ac-nancy-metz.fr\/lettres\/wp-json\/wp\/v2\/pages\/30","targetHints":{"allow":["GET"]}}],"collection":[{"href":"https:\/\/sites.ac-nancy-metz.fr\/lettres\/wp-json\/wp\/v2\/pages"}],"about":[{"href":"https:\/\/sites.ac-nancy-metz.fr\/lettres\/wp-json\/wp\/v2\/types\/page"}],"author":[{"embeddable":true,"href":"https:\/\/sites.ac-nancy-metz.fr\/lettres\/wp-json\/wp\/v2\/users\/1"}],"replies":[{"embeddable":true,"href":"https:\/\/sites.ac-nancy-metz.fr\/lettres\/wp-json\/wp\/v2\/comments?post=30"}],"version-history":[{"count":33,"href":"https:\/\/sites.ac-nancy-metz.fr\/lettres\/wp-json\/wp\/v2\/pages\/30\/revisions"}],"predecessor-version":[{"id":10367,"href":"https:\/\/sites.ac-nancy-metz.fr\/lettres\/wp-json\/wp\/v2\/pages\/30\/revisions\/10367"}],"up":[{"embeddable":true,"href":"https:\/\/sites.ac-nancy-metz.fr\/lettres\/wp-json\/wp\/v2\/pages\/982"}],"wp:featuredmedia":[{"embeddable":true,"href":"https:\/\/sites.ac-nancy-metz.fr\/lettres\/wp-json\/wp\/v2\/media\/2549"}],"wp:attachment":[{"href":"https:\/\/sites.ac-nancy-metz.fr\/lettres\/wp-json\/wp\/v2\/media?parent=30"}],"curies":[{"name":"wp","href":"https:\/\/api.w.org\/{rel}","templated":true}]}}