{"id":356,"date":"2019-06-12T22:06:01","date_gmt":"2019-06-12T20:06:01","guid":{"rendered":"http:\/\/www4.ac-nancy-metz.fr\/lettres\/new\/?page_id=356"},"modified":"2025-05-14T08:13:02","modified_gmt":"2025-05-14T06:13:02","slug":"http-www4-ac-nancy-metz-fr-lettres-new-loral-au-college","status":"publish","type":"page","link":"https:\/\/sites.ac-nancy-metz.fr\/lettres\/http-www4-ac-nancy-metz-fr-lettres-new-loral-au-college\/","title":{"rendered":"Dire"},"content":{"rendered":"\n<h2 class=\"wp-block-heading blue-block\">Pistes didactiques et p\u00e9dagogiques<br><\/h2>\n\n\n\n<ul class=\"wp-block-list\">\n<li><a href=\"https:\/\/sites.ac-nancy-metz.fr\/lettres\/wp-content\/uploads\/2019\/07\/Enseignement-explicite.pdf\">L&rsquo;enseignement explicite et l&rsquo;oral en classe, une pratique efficace<\/a><\/li>\n<\/ul>\n\n\n\n<div style=\"height:26px\" aria-hidden=\"true\" class=\"wp-block-spacer\"><\/div>\n\n\n\n<h2 class=\"wp-block-heading has-text-align-left blue-block\">&nbsp;Dire au coll\u00e8ge<br><\/h2>\n\n\n\n<h4 class=\"wp-block-heading\">Exemples propos\u00e9s par des formateurs acad\u00e9miques :<\/h4>\n\n\n\n<p><\/p>\n\n\n\n<div class=\"wp-block-file\"><a href=\"https:\/\/sites.ac-nancy-metz.fr\/lettres\/wp-content\/uploads\/2019\/12\/PP-enseignement_oral_college_bellucci.pdf\">Enseigner l&rsquo;oral au coll\u00e8ge par Isabelle Bellucci \u2014 Les pratiques les plus courantes<br><\/a><\/div>\n\n\n\n<div class=\"wp-block-file\"><a href=\"https:\/\/sites.ac-nancy-metz.fr\/lettres\/wp-content\/uploads\/2019\/12\/PP-enseignement_oral_college_bodig.pdf\">Enseigner l&rsquo;oral au coll\u00e8ge par St\u00e9phanie Bodig \u2014 \t\t\t\t\tSituations classiques et activit\u00e9s orales<br><\/a><\/div>\n\n\n\n<div class=\"wp-block-file\"><a href=\"https:\/\/sites.ac-nancy-metz.fr\/lettres\/wp-content\/uploads\/2019\/12\/PP-enseignement_oral_college_voirin.pdf\">Enseigner l&rsquo;oral au coll\u00e8ge par \u00c9velyne Voirin \u2014 Attendus et comp\u00e9tences<br><\/a><\/div>\n\n\n\n<div class=\"wp-block-file\"><a href=\"https:\/\/sites.ac-nancy-metz.fr\/lettres\/wp-content\/uploads\/2019\/12\/PP-numerique_oral_booktube_pereira.pdf\">Le num\u00e9rique au service de l&rsquo;oral &#8211; R\u00e9aliser un \u00ab\u00a0BOOKTUBE\u00a0\u00bb avec sa classe par Jos\u00e9 Pereira<\/a><\/div>\n\n\n\n<div style=\"height:26px\" aria-hidden=\"true\" class=\"wp-block-spacer\"><\/div>\n\n\n\n<h2 class=\"wp-block-heading has-text-align-left blue-block\">Dire au lyc\u00e9e<br><\/h2>\n\n\n\n<ul class=\"wp-block-list\">\n<li><a href=\"https:\/\/sites.ac-nancy-metz.fr\/lettres\/wp-content\/uploads\/2020\/02\/Langue-exprimer-une-opinion.pdf\">Exprimer et nuancer une opinion. Des outils pour s&rsquo;exprimer.\u00a0<\/a><\/li>\n<\/ul>\n\n\n\n<ul class=\"wp-block-list\">\n<li><strong>Grand oral<\/strong> : gr\u00e2ce \u00e0 la r\u00e9gion Grand Est, tous nos lyc\u00e9es b\u00e9n\u00e9ficient d&rsquo;un acc\u00e8s \u00e0 <em>Universalis Edu<\/em>. Une <a href=\"https:\/\/www.encyclopaedia-universalis.fr\/non-classe\/vers-le-grand-oral-faut-il-supprimer-les-prisons\/\">activit\u00e9 en lien avec la pr\u00e9paration du grand oral<\/a> a \u00e9t\u00e9 publi\u00e9e sur leur site.<\/li>\n<\/ul>\n\n\n","protected":false},"excerpt":{"rendered":"<p>Pistes didactiques et p\u00e9dagogiques &nbsp;Dire au coll\u00e8ge Exemples propos\u00e9s par des formateurs acad\u00e9miques : Dire au lyc\u00e9e<\/p>\n","protected":false},"author":1,"featured_media":1138,"parent":0,"menu_order":0,"comment_status":"closed","ping_status":"closed","template":"","meta":{"footnotes":""},"class_list":["post-356","page","type-page","status-publish","has-post-thumbnail","czr-hentry"],"_links":{"self":[{"href":"https:\/\/sites.ac-nancy-metz.fr\/lettres\/wp-json\/wp\/v2\/pages\/356","targetHints":{"allow":["GET"]}}],"collection":[{"href":"https:\/\/sites.ac-nancy-metz.fr\/lettres\/wp-json\/wp\/v2\/pages"}],"about":[{"href":"https:\/\/sites.ac-nancy-metz.fr\/lettres\/wp-json\/wp\/v2\/types\/page"}],"author":[{"embeddable":true,"href":"https:\/\/sites.ac-nancy-metz.fr\/lettres\/wp-json\/wp\/v2\/users\/1"}],"replies":[{"embeddable":true,"href":"https:\/\/sites.ac-nancy-metz.fr\/lettres\/wp-json\/wp\/v2\/comments?post=356"}],"version-history":[{"count":1,"href":"https:\/\/sites.ac-nancy-metz.fr\/lettres\/wp-json\/wp\/v2\/pages\/356\/revisions"}],"predecessor-version":[{"id":8790,"href":"https:\/\/sites.ac-nancy-metz.fr\/lettres\/wp-json\/wp\/v2\/pages\/356\/revisions\/8790"}],"wp:featuredmedia":[{"embeddable":true,"href":"https:\/\/sites.ac-nancy-metz.fr\/lettres\/wp-json\/wp\/v2\/media\/1138"}],"wp:attachment":[{"href":"https:\/\/sites.ac-nancy-metz.fr\/lettres\/wp-json\/wp\/v2\/media?parent=356"}],"curies":[{"name":"wp","href":"https:\/\/api.w.org\/{rel}","templated":true}]}}