{"id":4743,"date":"2021-07-01T19:31:12","date_gmt":"2021-07-01T17:31:12","guid":{"rendered":"http:\/\/www4.ac-nancy-metz.fr\/lettres\/new\/?page_id=4743"},"modified":"2025-09-18T09:11:29","modified_gmt":"2025-09-18T07:11:29","slug":"session-de-rattrapage-21-2","status":"publish","type":"page","link":"https:\/\/sites.ac-nancy-metz.fr\/lettres\/session-de-rattrapage-21-2\/","title":{"rendered":"Session de rattrapage"},"content":{"rendered":"\n<h6 class=\"wp-block-heading\"><\/h6>\n\n\n\n<h6 class=\"wp-block-heading blue-block\">Documents pour l&rsquo;oral de rattrapage de CGE en BTS<\/h6>\n\n\n\n<p><\/p>\n\n\n\n<ul class=\"wp-block-list\">\n<li><a href=\"https:\/\/sites.ac-nancy-metz.fr\/lettres\/wp-content\/uploads\/2023\/06\/Arrete-du-3-juin-2022-portant-definition-des-epreuves-de-controle-du-brevet-de-technicien-superieur.pdf\">Arr\u00eat\u00e9 du 3 juin 2022 portant d\u00e9finition des \u00e9preuves de contr\u00f4le du brevet de technicien sup\u00e9rieur<\/a><\/li>\n\n\n\n<li><a href=\"https:\/\/sites.ac-nancy-metz.fr\/lettres\/wp-content\/uploads\/2023\/06\/Grille-devaluation-nationale-22.pdf\">Grille nationale d&rsquo;\u00e9valuation<\/a><\/li>\n\n\n\n<li><a href=\"https:\/\/sites.ac-nancy-metz.fr\/lettres\/exemples-de-sujets\/\"><strong>Exemples de sujets pour la session 2025<\/strong><\/a><\/li>\n<\/ul>\n","protected":false},"excerpt":{"rendered":"<p>Documents pour l&rsquo;oral de rattrapage de CGE en BTS<\/p>\n","protected":false},"author":1,"featured_media":8554,"parent":0,"menu_order":0,"comment_status":"closed","ping_status":"closed","template":"","meta":{"footnotes":""},"class_list":["post-4743","page","type-page","status-publish","has-post-thumbnail","czr-hentry"],"_links":{"self":[{"href":"https:\/\/sites.ac-nancy-metz.fr\/lettres\/wp-json\/wp\/v2\/pages\/4743","targetHints":{"allow":["GET"]}}],"collection":[{"href":"https:\/\/sites.ac-nancy-metz.fr\/lettres\/wp-json\/wp\/v2\/pages"}],"about":[{"href":"https:\/\/sites.ac-nancy-metz.fr\/lettres\/wp-json\/wp\/v2\/types\/page"}],"author":[{"embeddable":true,"href":"https:\/\/sites.ac-nancy-metz.fr\/lettres\/wp-json\/wp\/v2\/users\/1"}],"replies":[{"embeddable":true,"href":"https:\/\/sites.ac-nancy-metz.fr\/lettres\/wp-json\/wp\/v2\/comments?post=4743"}],"version-history":[{"count":29,"href":"https:\/\/sites.ac-nancy-metz.fr\/lettres\/wp-json\/wp\/v2\/pages\/4743\/revisions"}],"predecessor-version":[{"id":10382,"href":"https:\/\/sites.ac-nancy-metz.fr\/lettres\/wp-json\/wp\/v2\/pages\/4743\/revisions\/10382"}],"wp:featuredmedia":[{"embeddable":true,"href":"https:\/\/sites.ac-nancy-metz.fr\/lettres\/wp-json\/wp\/v2\/media\/8554"}],"wp:attachment":[{"href":"https:\/\/sites.ac-nancy-metz.fr\/lettres\/wp-json\/wp\/v2\/media?parent=4743"}],"curies":[{"name":"wp","href":"https:\/\/api.w.org\/{rel}","templated":true}]}}