{"id":521,"date":"2019-07-12T12:07:16","date_gmt":"2019-07-12T10:07:16","guid":{"rendered":"http:\/\/www4.ac-nancy-metz.fr\/lettres\/new\/?page_id=521"},"modified":"2025-09-15T17:01:35","modified_gmt":"2025-09-15T15:01:35","slug":"humanites-litterature-et-philosophie","status":"publish","type":"page","link":"https:\/\/sites.ac-nancy-metz.fr\/lettres\/humanites-litterature-et-philosophie\/","title":{"rendered":"Humanit\u00e9s, litt\u00e9rature et philosophie"},"content":{"rendered":"\n<p><br><\/p>\n\n\n\n<h2 class=\"wp-block-heading has-text-align-center blue-block\">Textes officiels, enseignement de sp\u00e9cialit\u00e9<\/h2>\n\n\n\n<ul class=\"wp-block-list\">\n<li><a href=\"https:\/\/www.education.gouv.fr\/bo\/19\/Special1\/MENE1901578A.htm\">Lien vers le bulletin officiel sp\u00e9cial n\u00b01 du 22 janvier 2019<\/a><\/li>\n\n\n\n<li><a href=\"https:\/\/cache.media.eduscol.education.fr\/file\/Consultations2018-2019\/07\/2\/PPL18_Humanites-litterature-philosophie_SPE_1eGen_1025072.pdf\">Programme d&rsquo;humanit\u00e9s, litt\u00e9rature et philosophie de premi\u00e8re g\u00e9n\u00e9rale&nbsp;(.pdf)<\/a><\/li>\n\n\n\n<li><a href=\"https:\/\/www.education.gouv.fr\/bo\/20\/Special2\/MENE2001793N.htm\">Pr\u00e9sentation des \u00e9preuves de terminale (session 2021)<\/a><\/li>\n<\/ul>\n\n\n\n<h2 class=\"wp-block-heading has-text-align-center blue-block\">Ressources<\/h2>\n\n\n\n<ul class=\"wp-block-list\">\n<li><a href=\"https:\/\/sites.ac-nancy-metz.fr\/lettres\/wp-content\/uploads\/2025\/09\/25-HLPJ1ME3C_v1.pdf\">Sujet du baccalaur\u00e9at g\u00e9n\u00e9ral, \u00e9preuve de sp\u00e9cialit\u00e9, Humanit\u00e9s, Litt\u00e9rature et Philosophie, session 2025<\/a><\/li>\n\n\n\n<li><a href=\"https:\/\/sites.ac-nancy-metz.fr\/lettres\/wp-content\/uploads\/2025\/09\/25-HLPJ1ME3_v1.pdf\">Sujet du baccalaur\u00e9at g\u00e9n\u00e9ral, \u00e9preuve de sp\u00e9cialit\u00e9, Humanit\u00e9s, Litt\u00e9rature et Philosophie, session septembre 2025<\/a><\/li>\n\n\n\n<li><a href=\"https:\/\/sites.ac-nancy-metz.fr\/lettres\/wp-content\/uploads\/2025\/09\/G1SHLEH02671-bataille-Mod_v2.pdf\">\u00c9valuation de premi\u00e8re g\u00e9n\u00e9rale, Humanit\u00e9s, Litt\u00e9rature et Philosophie, \u00ab\u00a0Les repr\u00e9sentations du monde\u00a0\u00bb<\/a><\/li>\n<\/ul>\n\n\n\n<p><\/p>\n\n\n\n<p><\/p>\n\n\n\n<ul class=\"wp-block-list\">\n<li><a href=\"https:\/\/eduscol.education.fr\/1987\/sujets-zero-et-specimens-pour-le-baccalaureat-2021\">Sujets z\u00e9ro pour le baccalaur\u00e9at 2021 (Eduscol)<\/a><\/li>\n\n\n\n<li><a href=\"https:\/\/eduscol.education.fr\/cid144169\/hlp-bac-2021.html\">Ressources en humanit\u00e9s, litt\u00e9rature et philosophie (Eduscol)<\/a><\/li>\n\n\n\n<li><a href=\"https:\/\/cache.media.eduscol.education.fr\/file\/HLP\/74\/1\/RA19_Lycee_G_1-T-HLP_Oral-enseignement-HLP_1219741.pdf\">L&rsquo;oral dans l&rsquo;enseignement de sp\u00e9cialit\u00e9 \u00ab\u00a0Humanit\u00e9s, Litt\u00e9rature et Philosophie\u00a0\u00bb (Eduscol)<\/a><\/li>\n\n\n\n<li><a href=\"https:\/\/cache.media.eduscol.education.fr\/file\/HLP\/74\/6\/RA19_Lycee_G_1-T-HLP_Litterature-apprentissage-oral-etude-textes_1219746.pdf\">L&rsquo;apprentissage de l&rsquo;oral au service de l&rsquo;\u00e9tude des textes (Eduscol)<\/a><\/li>\n\n\n\n<li><a href=\"https:\/\/sites.ac-nancy-metz.fr\/lettres\/wp-content\/uploads\/2020\/09\/Echelle-descriptive-devaluation-HLP.pdf\">Proposition de grille d&rsquo;\u00e9valuation pour les exercices d&rsquo;HLP<\/a><\/li>\n\n\n\n<li><a href=\"https:\/\/eduscol.education.fr\/2688\/bac-2021-guide-de-l-evaluation\">Guide de l&rsquo;\u00e9valuation dans le cadre du contr\u00f4le continu (\u00c9duscol)<\/a><\/li>\n<\/ul>\n\n\n\n<h2 class=\"wp-block-heading has-text-align-center blue-block\"><strong>Ressources pour la pr\u00e9paration du Grand oral<\/strong><\/h2>\n\n\n\n<ul class=\"wp-block-list\">\n<li><a href=\"https:\/\/sites.ac-nancy-metz.fr\/lettres\/wp-content\/uploads\/2021\/01\/Grand_oral_HLP.pdf\">\u00c9duscol, le Grand oral en Humanit\u00e9s, litt\u00e9rature et philosophie<\/a><\/li>\n\n\n\n<li><a href=\"https:\/\/pedagogie.ac-nancy-metz.fr\/grand-oral\/\">Page de ressources pour le Grand Oral<\/a><\/li>\n\n\n\n<li><a href=\"https:\/\/sites.ac-nancy-metz.fr\/lettres\/wp-content\/uploads\/2021\/03\/grand-oral_ressources-academiques.pdf\">Sites acad\u00e9miques pr\u00e9sentant des ressources pour le grand oral<\/a><\/li>\n<\/ul>\n\n\n\n<h2 class=\"wp-block-heading has-text-align-center blue-block\">Des exemples de mise en oeuvre<\/h2>\n\n\n\n<ul class=\"wp-block-list\">\n<li><a href=\"https:\/\/sites.ac-nancy-metz.fr\/lettres\/wp-content\/uploads\/2023\/06\/PREMIERE_JOURNEE_DE_FORMATION_METZ.pdf\">Premi\u00e8re journ\u00e9e de formation \u00e0 Metz<\/a><\/li>\n\n\n\n<li><a href=\"https:\/\/sites.ac-nancy-metz.fr\/lettres\/wp-content\/uploads\/2023\/06\/PRESENTATION_DE_LA_PREMIERE_JOURNEE_DE_FORMATION_NANCY.pdf\">Premi\u00e8re journ\u00e9e de formation \u00e0 Nancy<\/a><\/li>\n\n\n\n<li><a href=\"https:\/\/sites.ac-nancy-metz.fr\/lettres\/wp-content\/uploads\/2023\/06\/EXEMPLE_DE_PROGRESSION_LES_POUVOIRS_DE_LA_PAROLE.pdf\">Exemple de progression : le pouvoir de la parole<\/a><\/li>\n\n\n\n<li><a href=\"https:\/\/sites.ac-nancy-metz.fr\/lettres\/wp-content\/uploads\/2023\/06\/EXEMPLE_DE_PROGRESSION_LES_REPRESENTATIONS_DU_MONDE.pdf\">Exemple de progression : les repr\u00e9sentations du monde<\/a><\/li>\n<\/ul>\n\n\n\n<h3 class=\"wp-block-heading blue-block\"><strong>Anne-Sophie R\u00e9my : un parcours dans \u00ab\u00a0Persuasion\u00a0\u00bb de Jane Austen<\/strong><\/h3>\n\n\n\n<p><strong>En vertu des dispositions de l\u2019article L-112-3 du code de la propri\u00e9t\u00e9 intellectuelle, les documents pr\u00e9sent\u00e9s ici sont la propri\u00e9t\u00e9 de leurs auteurs et b\u00e9n\u00e9ficient d&rsquo;une protection. Ils sont pr\u00e9sent\u00e9s pour \u00eatre utilis\u00e9s \u00e0 des fins p\u00e9dagogiques et ne peuvent en aucun cas faire l&rsquo;objet d&rsquo;un commerce .<\/strong><\/p>\n\n\n\n<ul class=\"wp-block-list\">\n<li><a href=\"https:\/\/sites.ac-nancy-metz.fr\/lettres\/wp-content\/uploads\/2020\/08\/01-Jane-Austen-ou-linvention-de-soi-PLAN-du-parcours-dans-loeuvre-.pdf\">Jane Austen ou l&rsquo;invention de soi &#8211; PLAN du parcours dans l&rsquo;oeuvre.<\/a><\/li>\n\n\n\n<li><a href=\"https:\/\/sites.ac-nancy-metz.fr\/lettres\/wp-content\/uploads\/2020\/08\/02-Jane-Austen-ou-linvention-de-soi-Parcours-dans-loeuvre.pdf\">Jane Austen ou l&rsquo;invention de soi &#8211; Parcours dans l&rsquo;oeuvre<\/a><\/li>\n\n\n\n<li><a href=\"https:\/\/sites.ac-nancy-metz.fr\/lettres\/wp-content\/uploads\/2020\/08\/03-Jane-Austen-TEXTES-Parcours-dans-loeuvre.pdf\">Jane Austen TEXTES &#8211; Parcours dans l&rsquo;oeuvre<\/a><\/li>\n<\/ul>\n\n\n\n<ul class=\"wp-block-list\">\n<li><a href=\"https:\/\/sites.ac-nancy-metz.fr\/lettres\/wp-content\/uploads\/2020\/08\/04-Jane-Austen-ou-linvention-de-soi-PLAN-FOCUS-1-.pdf\">Jane Austen ou l&rsquo;invention de soi &#8211; PLAN FOCUS 1<\/a><\/li>\n\n\n\n<li><a href=\"https:\/\/sites.ac-nancy-metz.fr\/lettres\/wp-content\/uploads\/2020\/08\/05-Jane-Austen-ou-linvention-de-soi-FOCUS-1.pdf\">Jane Austen ou l&rsquo;invention de soi &#8211; FOCUS 1<\/a><\/li>\n\n\n\n<li><a href=\"https:\/\/sites.ac-nancy-metz.fr\/lettres\/wp-content\/uploads\/2020\/08\/06-TEXTES-FOCUS-1.pdf\">TEXTES FOCUS 1<\/a><\/li>\n<\/ul>\n\n\n\n<ul class=\"wp-block-list\">\n<li><a href=\"https:\/\/sites.ac-nancy-metz.fr\/lettres\/wp-content\/uploads\/2020\/08\/07-Jane-Austen-ou-linvention-de-soi-PLAN-FOCUS-2.pdf\">Jane Austen ou l&rsquo;invention de soi &#8211; PLAN FOCUS 2<\/a><\/li>\n\n\n\n<li><a href=\"https:\/\/sites.ac-nancy-metz.fr\/lettres\/wp-content\/uploads\/2020\/08\/08-Jane-Austen-ou-linvention-de-soi-FOCUS-2.pdf\">Jane Austen ou l&rsquo;invention de soi &#8211; FOCUS 2<\/a><\/li>\n\n\n\n<li><a href=\"https:\/\/sites.ac-nancy-metz.fr\/lettres\/wp-content\/uploads\/2020\/08\/09-TEXTES-FOCUS-2.pdf\">TEXTES FOCUS 2<\/a><\/li>\n<\/ul>\n\n\n\n<ul class=\"wp-block-list\">\n<li><a href=\"https:\/\/sites.ac-nancy-metz.fr\/lettres\/wp-content\/uploads\/2020\/08\/10-Jane-Austen-ou-linvention-de-soi-PLAN-FOCUS-3.pdf\">Jane Austen ou l&rsquo;invention de soi &#8211; PLAN FOCUS 3<\/a><\/li>\n\n\n\n<li><a href=\"https:\/\/sites.ac-nancy-metz.fr\/lettres\/wp-content\/uploads\/2020\/08\/11-Jane-Austen-ou-linvention-de-soi-FOCUS-3.pdf\">Jane Austen ou l&rsquo;invention de soi &#8211; FOCUS 3<\/a><\/li>\n\n\n\n<li><a href=\"https:\/\/sites.ac-nancy-metz.fr\/lettres\/wp-content\/uploads\/2020\/08\/12-TEXTES-FOCUS-3.pdf\">TEXTES FOCUS 3<\/a><\/li>\n<\/ul>\n\n\n\n<ul class=\"wp-block-list\">\n<li><a href=\"https:\/\/sites.ac-nancy-metz.fr\/lettres\/wp-content\/uploads\/2020\/08\/13-Jane-Austen-ou-linvention-de-soi-PLAN-Extension-philosophique.pdf\">Jane Austen ou l&rsquo;invention de soi &#8211; PLAN Extension philosophique<\/a><\/li>\n\n\n\n<li><a href=\"https:\/\/sites.ac-nancy-metz.fr\/lettres\/wp-content\/uploads\/2020\/08\/14-Jane-Austen-ou-linvention-de-soi-Extension-philosophique.pdf\">Jane Austen ou l&rsquo;invention de soi &#8211; Extension philosophique<\/a><\/li>\n\n\n\n<li><a href=\"https:\/\/sites.ac-nancy-metz.fr\/lettres\/wp-content\/uploads\/2020\/08\/15-TEXTES-extension-philosophique.pdf\">TEXTES extension philosophique<\/a><\/li>\n<\/ul>\n\n\n\n<h3 class=\"wp-block-heading blue-block\"><strong>Mich\u00e8le Haouy et C\u00e9line Durain : une progression commune sur la recherche de soi<\/strong><\/h3>\n\n\n\n<p><strong>En vertu des dispositions de l\u2019article L-112-3 du code de la propri\u00e9t\u00e9 intellectuelle, les documents pr\u00e9sent\u00e9s ici sont la propri\u00e9t\u00e9 de leurs auteurs et b\u00e9n\u00e9ficient d&rsquo;une protection. Ils sont pr\u00e9sent\u00e9s pour \u00eatre utilis\u00e9s \u00e0 des fins p\u00e9dagogiques et ne peuvent en aucun cas faire l&rsquo;objet d&rsquo;un commerce .<\/strong><\/p>\n\n\n\n<ul class=\"wp-block-list\">\n<li><a href=\"https:\/\/sites.ac-nancy-metz.fr\/lettres\/wp-content\/uploads\/2020\/08\/01-HLP-sem-3-Progression-commune-litterature-philosophie_MHaouy-CDurain.pdf\">HLP-sem 3-Progression commune litt\u00e9rature-philosophie_M. Haouy-C. Durain<\/a><\/li>\n\n\n\n<li><a href=\"https:\/\/sites.ac-nancy-metz.fr\/lettres\/wp-content\/uploads\/2020\/08\/02-HLP-sem-3-Exploitation-en-echo-litte-philo_tableau-ping-pong_MHaouy-CDurain.pdf\">HLP-sem 3-Exploitation en \u00e9cho litt\u00e9rature-philosophie, tableau ping-pong_M. Haouy-C. Durain<\/a><\/li>\n\n\n\n<li><a href=\"https:\/\/sites.ac-nancy-metz.fr\/lettres\/wp-content\/uploads\/2020\/08\/03-HLP-sem3-litterature_trame-de-parcours_MHaouy.pdf\">HLP-sem 3- litt\u00e9rature_trame de parcours_M. Haouy<\/a><\/li>\n\n\n\n<li><a href=\"https:\/\/sites.ac-nancy-metz.fr\/lettres\/wp-content\/uploads\/2020\/08\/04-HLP-sem3-philosophie_trame-de-parcours_CDurain.docx.pdf\">HLP-sem 3-philosophie_trame de parcours_C. Durain<\/a><\/li>\n<\/ul>\n\n\n\n<ul class=\"wp-block-list\">\n<li><a href=\"https:\/\/sites.ac-nancy-metz.fr\/lettres\/wp-content\/uploads\/2020\/08\/HLP-sem3-Litterature_dossier-chateaubriand_MHaouy.pdf\">HLP-sem3-Litt\u00e9rature_dossier chateaubriand_M. Haouy<\/a><\/li>\n\n\n\n<li><a href=\"https:\/\/sites.ac-nancy-metz.fr\/lettres\/wp-content\/uploads\/2020\/08\/HLP-sem3-Litterature_dossier-Lamartine_MHaouy.pdf\">HLP-sem3-Litt\u00e9rature_dossier Lamartine_M. Haouy<\/a><\/li>\n\n\n\n<li><a href=\"https:\/\/sites.ac-nancy-metz.fr\/lettres\/wp-content\/uploads\/2020\/08\/HLP-sem3-Litterature_dossier-Proust_MHaouy.pdf\">HLP-sem3-Litt\u00e9rature_dossier Proust_M. Haouy<\/a><\/li>\n\n\n\n<li><a href=\"https:\/\/sites.ac-nancy-metz.fr\/lettres\/wp-content\/uploads\/2020\/08\/HLP-sem3-Litterature_Textes-Annexes-de-la-progression_MHaouy.pdf\">HLP-sem3-Litt\u00e9rature_Textes-Annexes de la progression_M. Haouy<\/a><\/li>\n<\/ul>\n\n\n\n<h3 class=\"wp-block-heading blue-block\"><strong>Samantha Bernardoni et Carine Mercier : progression commune sur la recherche de soi<\/strong><br><\/h3>\n\n\n\n<p><strong>En vertu des dispositions de l\u2019article L-112-3 du code de la propri\u00e9t\u00e9 intellectuelle, les documents pr\u00e9sent\u00e9s ici sont la propri\u00e9t\u00e9 de leurs auteurs et b\u00e9n\u00e9ficient d&rsquo;une protection. Ils sont pr\u00e9sent\u00e9s pour \u00eatre utilis\u00e9s \u00e0 des fins p\u00e9dagogiques et ne peuvent en aucun cas faire l&rsquo;objet d&rsquo;un commerce.<\/strong><\/p>\n\n\n\n<ul class=\"wp-block-list\">\n<li><a href=\"https:\/\/sites.ac-nancy-metz.fr\/lettres\/wp-content\/uploads\/2020\/08\/00-S.-Bernardoni-C.-Mercier-La-recherche-de-soi-progression-commune-definitive.pdf\">S. Bernardoni, C. Mercier, la recherche de soi, progression commune<\/a><\/li>\n\n\n\n<li><a href=\"https:\/\/sites.ac-nancy-metz.fr\/lettres\/wp-content\/uploads\/2020\/08\/98-CORPUS-Litterature-La-recherche-de-soi-S.-Bernardoni.pdf\">CORPUS Litt\u00e9rature, la recherche de soi, S. Bernardoni<\/a><\/li>\n\n\n\n<li><a href=\"https:\/\/sites.ac-nancy-metz.fr\/lettres\/wp-content\/uploads\/2020\/08\/99-CORPUS-philo-la-recherche-de-soi-C.-Mercier.pdf\">CORPUS Philosophie, la recherche de soi, C. Mercier<\/a><\/li>\n<\/ul>\n\n\n\n<ul class=\"wp-block-list\">\n<li><a href=\"https:\/\/sites.ac-nancy-metz.fr\/lettres\/wp-content\/uploads\/2020\/08\/FOCUS-Litterature-01-Introduction-a-la-thematique-de-la-recherche-de-soi-S.-Bernardoni.pdf\">FOCUS Litt\u00e9rature 01 Introduction \u00e0 la th\u00e9matique de la recherche de soi, S. Bernardoni<\/a><\/li>\n\n\n\n<li><a href=\"https:\/\/sites.ac-nancy-metz.fr\/lettres\/wp-content\/uploads\/2020\/08\/FOCUS-Litterature-02-Le-role-de-leducation-pour-les-femmes-S.-Bernardoni.pdf\">FOCUS Litt\u00e9rature 02 Le r\u00f4le de l&rsquo;\u00e9ducation pour les femmes, S. Bernardoni<\/a><\/li>\n\n\n\n<li><a href=\"https:\/\/sites.ac-nancy-metz.fr\/lettres\/wp-content\/uploads\/2020\/08\/FOCUS-Litterature-03-Document-eleves-Introduction^J-S.-Bernardoni.pdf\">FOCUS Litt\u00e9rature 03 Document \u00e9l\u00e8ves Introduction S. Bernardoni<\/a><\/li>\n\n\n\n<li><a href=\"https:\/\/sites.ac-nancy-metz.fr\/lettres\/wp-content\/uploads\/2020\/08\/FOCUS-Litterature-04-Document-eleves-Education-femmes-au-XVIIIeme-siecle-1.pdf\">FOCUS Litt\u00e9rature 04 Document \u00e9l\u00e8ves Education femmes au XVIII\u00e8me si\u00e8cle<\/a><\/li>\n\n\n\n<li><a href=\"https:\/\/sites.ac-nancy-metz.fr\/lettres\/wp-content\/uploads\/2020\/08\/FOCUS-Litterature-05-Documents-eleves-Instruction-typee-ou-genree^J-S.-Bernardoni.pdf\">FOCUS Litt\u00e9rature 05 Documents \u00e9l\u00e8ves Instruction typ\u00e9e ou genr\u00e9e, S. Bernardoni<\/a><\/li>\n\n\n\n<li><a href=\"https:\/\/sites.ac-nancy-metz.fr\/lettres\/wp-content\/uploads\/2020\/08\/FOCUS-Litterature-06-Documents-eleves-Education-et-emancipation-personnelle^J-S.-Bernardoni.pdf\">FOCUS Litt\u00e9rature 06 Documents \u00e9l\u00e8ves Education et \u00e9mancipation personnelle, S. Bernardoni<\/a><\/li>\n\n\n\n<li><a href=\"https:\/\/sites.ac-nancy-metz.fr\/lettres\/wp-content\/uploads\/2020\/08\/FOCUS-Litterature-07-Documents-eleves-Instruction-liberatrice^J-S.-Bernardoni.pdf\">FOCUS Litt\u00e9rature 07 Documents \u00e9l\u00e8ves Instruction lib\u00e9ratrice, S. Bernardoni<\/a><\/li>\n\n\n\n<li><a href=\"https:\/\/sites.ac-nancy-metz.fr\/lettres\/wp-content\/uploads\/2020\/08\/FOCUS-Litterature-08-Colette-les-souvenirs-constitutifs-du-Moi-S.-Bernardoni.pdf\">FOCUS Litt\u00e9rature 08 Colette, les souvenirs constitutifs du Moi, S. Bernardoni<\/a><\/li>\n\n\n\n<li><a href=\"https:\/\/sites.ac-nancy-metz.fr\/lettres\/wp-content\/uploads\/2020\/08\/FOCUS-Litterature-09-Colette^J-sujets-de-presentations-orales^J-S.-Bernardoni.pdf\">FOCUS Litt\u00e9rature 09 Colette sujets de pr\u00e9sentations orales, S. Bernardoni<\/a><\/li>\n<\/ul>\n\n\n\n<h3 class=\"wp-block-heading blue-block\"><strong>Marie Albiero et Nicolas Class : parcours sur la qu\u00eate de soi et la d\u00e9possession de soi<\/strong><br><\/h3>\n\n\n\n<p><strong>En vertu des dispositions de l\u2019article L-112-3 du code de la propri\u00e9t\u00e9 intellectuelle, les documents pr\u00e9sent\u00e9s ici sont la propri\u00e9t\u00e9 de leurs auteurs et b\u00e9n\u00e9ficient d&rsquo;une protection. Ils sont pr\u00e9sent\u00e9s pour \u00eatre utilis\u00e9s \u00e0 des fins p\u00e9dagogiques et ne peuvent en aucun cas faire l&rsquo;objet d&rsquo;un commerce.<\/strong><\/p>\n\n\n\n<ul class=\"wp-block-list\">\n<li><a href=\"https:\/\/sites.ac-nancy-metz.fr\/lettres\/wp-content\/uploads\/2020\/08\/Focus-depossession-de-soi.pdf\">Focus d\u00e9possession de soi<\/a><\/li>\n\n\n\n<li><a href=\"https:\/\/sites.ac-nancy-metz.fr\/lettres\/wp-content\/uploads\/2020\/08\/Proposition-parcours-hlp-la-recherche-de-soi.pdf\">Proposition parcours hlp la recherche de soi<\/a><\/li>\n\n\n\n<li><a href=\"https:\/\/sites.ac-nancy-metz.fr\/lettres\/wp-content\/uploads\/2020\/08\/Proposition-textes.pdf\">Proposition de textes<\/a><\/li>\n<\/ul>\n\n\n\n<p><\/p>\n","protected":false},"excerpt":{"rendered":"<p>Textes officiels, enseignement de sp\u00e9cialit\u00e9 Ressources Ressources pour la pr\u00e9paration du Grand oral Des exemples de mise en oeuvre Anne-Sophie R\u00e9my : un parcours dans \u00ab\u00a0Persuasion\u00a0\u00bb de Jane Austen En vertu des dispositions de l\u2019article L-112-3 du code de la propri\u00e9t\u00e9 intellectuelle, les documents pr\u00e9sent\u00e9s ici sont la propri\u00e9t\u00e9 de leurs auteurs et b\u00e9n\u00e9ficient d&rsquo;une [&hellip;]<\/p>\n","protected":false},"author":1,"featured_media":4919,"parent":0,"menu_order":0,"comment_status":"closed","ping_status":"closed","template":"","meta":{"footnotes":""},"class_list":["post-521","page","type-page","status-publish","has-post-thumbnail","czr-hentry"],"_links":{"self":[{"href":"https:\/\/sites.ac-nancy-metz.fr\/lettres\/wp-json\/wp\/v2\/pages\/521","targetHints":{"allow":["GET"]}}],"collection":[{"href":"https:\/\/sites.ac-nancy-metz.fr\/lettres\/wp-json\/wp\/v2\/pages"}],"about":[{"href":"https:\/\/sites.ac-nancy-metz.fr\/lettres\/wp-json\/wp\/v2\/types\/page"}],"author":[{"embeddable":true,"href":"https:\/\/sites.ac-nancy-metz.fr\/lettres\/wp-json\/wp\/v2\/users\/1"}],"replies":[{"embeddable":true,"href":"https:\/\/sites.ac-nancy-metz.fr\/lettres\/wp-json\/wp\/v2\/comments?post=521"}],"version-history":[{"count":5,"href":"https:\/\/sites.ac-nancy-metz.fr\/lettres\/wp-json\/wp\/v2\/pages\/521\/revisions"}],"predecessor-version":[{"id":10350,"href":"https:\/\/sites.ac-nancy-metz.fr\/lettres\/wp-json\/wp\/v2\/pages\/521\/revisions\/10350"}],"wp:featuredmedia":[{"embeddable":true,"href":"https:\/\/sites.ac-nancy-metz.fr\/lettres\/wp-json\/wp\/v2\/media\/4919"}],"wp:attachment":[{"href":"https:\/\/sites.ac-nancy-metz.fr\/lettres\/wp-json\/wp\/v2\/media?parent=521"}],"curies":[{"name":"wp","href":"https:\/\/api.w.org\/{rel}","templated":true}]}}