{"id":5327,"date":"2022-07-01T22:14:33","date_gmt":"2022-07-01T20:14:33","guid":{"rendered":"http:\/\/www4.ac-nancy-metz.fr\/lettres\/new\/?page_id=5327"},"modified":"2025-09-09T14:02:21","modified_gmt":"2025-09-09T12:02:21","slug":"d-n-b","status":"publish","type":"page","link":"https:\/\/sites.ac-nancy-metz.fr\/lettres\/d-n-b\/","title":{"rendered":"D.N.B."},"content":{"rendered":"\n<h3 class=\"wp-block-heading\">D.N.B. Juin 2025<\/h3>\n\n\n\n<ul class=\"wp-block-list\">\n<li><a href=\"https:\/\/www.youtube.com\/watch?v=eag28exIsNI\">R\u00e9union d&rsquo;entente acad\u00e9mique pour la correction de l&rsquo;\u00e9preuve de fran\u00e7ais du DNB, s\u00e9rie g\u00e9n\u00e9rale<\/a><\/li>\n\n\n\n<li><a href=\"https:\/\/sites.ac-nancy-metz.fr\/lettres\/wp-content\/uploads\/2025\/06\/25GENFRME1C_v1-0.pdf\">Dipl\u00f4me national du brevet &#8211; Session 2025 &#8211; S\u00e9rie g\u00e9n\u00e9rale &#8211; Fran\u00e7ais &#8211; \u00c9l\u00e9ments de correction<\/a><\/li>\n\n\n\n<li><a href=\"https:\/\/sites.ac-nancy-metz.fr\/lettres\/wp-content\/uploads\/2025\/06\/25GENFRRME1_v1-0.pdf\">Dipl\u00f4me national du brevet &#8211; Session 2025 &#8211; Fran\u00e7ais &#8211; R\u00e9daction, s\u00e9rie g\u00e9n\u00e9rale (25GENFRRME1)<\/a><\/li>\n\n\n\n<li><a href=\"https:\/\/sites.ac-nancy-metz.fr\/lettres\/wp-content\/uploads\/2025\/06\/25GENFRDME1_v1-0.pdf\">Dipl\u00f4me national du brevet &#8211; Session 2025 &#8211; Fran\u00e7ais &#8211; Dict\u00e9e, s\u00e9rie g\u00e9n\u00e9rale (25GENFRDME1)<\/a><\/li>\n\n\n\n<li><a href=\"https:\/\/sites.ac-nancy-metz.fr\/lettres\/wp-content\/uploads\/2025\/06\/25GENFRDAME1_v1-0.pdf\">Dipl\u00f4me national du brevet &#8211; Session 2025 &#8211; Fran\u00e7ais &#8211; Dict\u00e9e am\u00e9nag\u00e9e, s\u00e9rie g\u00e9n\u00e9rale<\/a><\/li>\n\n\n\n<li><a href=\"https:\/\/sites.ac-nancy-metz.fr\/lettres\/wp-content\/uploads\/2025\/06\/25GENFRQGCME1_v1-0.pdf\">Dipl\u00f4me national du brevet &#8211; Session 2025 &#8211; Fran\u00e7ais &#8211; Grammaire et comp\u00e9tences linguistiques &#8211; Compr\u00e9hension et comp\u00e9tences d&rsquo;interpr\u00e9tation, s\u00e9rie g\u00e9n\u00e9rale (25GENFRQGCME1)<\/a><\/li>\n<\/ul>\n\n\n\n<h3 class=\"wp-block-heading\">D.N.B. Septembre 2025<\/h3>\n\n\n\n<ul class=\"wp-block-list\">\n<li><a href=\"https:\/\/sites.ac-nancy-metz.fr\/lettres\/wp-content\/uploads\/2025\/09\/Redaction-09.25.pdf\">Dipl\u00f4me national du brevet &#8211; Session 2025 &#8211; Fran\u00e7ais &#8211; R\u00e9daction, s\u00e9rie g\u00e9n\u00e9rale (25GENFRRME3)<\/a><\/li>\n\n\n\n<li><a href=\"https:\/\/sites.ac-nancy-metz.fr\/lettres\/wp-content\/uploads\/2025\/09\/dictee-09.25.pdf\">Dipl\u00f4me national du brevet &#8211; Session 2025 &#8211; Fran\u00e7ais &#8211; Dict\u00e9e, s\u00e9rie g\u00e9n\u00e9rale (25GENFRDME3)<\/a><\/li>\n\n\n\n<li><a href=\"https:\/\/sites.ac-nancy-metz.fr\/lettres\/wp-content\/uploads\/2025\/09\/comprehension-gramm-09.25.pdf\">Dipl\u00f4me national du brevet &#8211; Session 2025 &#8211; Fran\u00e7ais &#8211; Grammaire et comp\u00e9tences linguistiques &#8211; Compr\u00e9hension et comp\u00e9tences d&rsquo;interpr\u00e9tation, s\u00e9rie g\u00e9n\u00e9rale (25GENFRQGCME3)<\/a><\/li>\n<\/ul>\n\n\n\n<p><\/p>\n\n\n\n<hr class=\"wp-block-separator has-alpha-channel-opacity\"\/>\n\n\n<div id=\"pl-5327\" class=\"panel-layout\">\n<div id=\"pg-5327-0\" class=\"panel-grid panel-no-style\" data-style=\"{&quot;background_image_attachment&quot;:false,&quot;background_display&quot;:&quot;tile&quot;,&quot;cell_alignment&quot;:&quot;flex-start&quot;}\" data-ratio=\"1\" data-ratio-direction=\"right\">\n<h3 data-weight=\"1\">D.N.B. Juin 2024<\/h3>\n<ul>\n<li><a href=\"https:\/\/sites.ac-nancy-metz.fr\/lettres\/wp-content\/uploads\/2024\/07\/Sujet-serie-generale.pdf\">Dipl\u00f4me national du brevet 2024 &#8211; Fran\u00e7ais &#8211; Grammaire et comp\u00e9tences linguistiques &#8211; Compr\u00e9hension et comp\u00e9tences d&rsquo;interpr\u00e9tation, s\u00e9rie g\u00e9n\u00e9rale<\/a><\/li>\n<li><a href=\"https:\/\/sites.ac-nancy-metz.fr\/lettres\/wp-content\/uploads\/2024\/07\/Dictee.pdf\">Dipl\u00f4me national du brevet 2024 &#8211; Fran\u00e7ais &#8211; Dict\u00e9e, s\u00e9rie g\u00e9n\u00e9rale<\/a><\/li>\n<li><a href=\"https:\/\/sites.ac-nancy-metz.fr\/lettres\/wp-content\/uploads\/2024\/07\/Dictee-amenagee.pdf\">Dipl\u00f4me national du brevet 2024 &#8211; Fran\u00e7ais &#8211; Dict\u00e9e am\u00e9nag\u00e9e, s\u00e9rie g\u00e9n\u00e9rale<\/a><\/li>\n<li><a href=\"https:\/\/sites.ac-nancy-metz.fr\/lettres\/wp-content\/uploads\/2024\/07\/Redaction-serie-generale.pdf\">Dipl\u00f4me national du brevet 2024 &#8211; Fran\u00e7ais &#8211; R\u00e9daction, s\u00e9rie g\u00e9n\u00e9rale<\/a><\/li>\n<li><a href=\"https:\/\/sites.ac-nancy-metz.fr\/lettres\/wp-content\/uploads\/2024\/07\/Corrige-national.pdf\">Dipl\u00f4me national du brevet 2024 &#8211; Fran\u00e7ais &#8211; \u00c9l\u00e9ments de correction<\/a><\/li>\n<\/ul>\n<ul>\n<li><a href=\"https:\/\/sites.ac-nancy-metz.fr\/lettres\/wp-content\/uploads\/2024\/07\/dipl-me-national-du-brevet-2024-fran-ais-r-daction-195887.pdf\">Dipl\u00f4me national du brevet 2024 &#8211; Fran\u00e7ais &#8211; R\u00e9daction, s\u00e9rie professionnelle<\/a><\/li>\n<li><a href=\"https:\/\/sites.ac-nancy-metz.fr\/lettres\/wp-content\/uploads\/2024\/07\/dipl-me-national-du-brevet-2024-fran-ais-grammaire-et-comp-tences-linguistiques-compr-hension-et-comp-tences-d-interpr-tation-195886.pdf\">Dipl\u00f4me national du brevet 2024 &#8211; Fran\u00e7ais &#8211; Grammaire et comp\u00e9tences linguistiques &#8211; Compr\u00e9hension et comp\u00e9tences d&rsquo;interpr\u00e9tation, s\u00e9rie professionnelle<\/a><\/li>\n<li><a href=\"https:\/\/sites.ac-nancy-metz.fr\/lettres\/wp-content\/uploads\/2024\/07\/dipl-me-national-du-brevet-2024-fran-ais-dict-e-195885.pdf\">Dipl\u00f4me national du brevet 2024 &#8211; Fran\u00e7ais &#8211; Dict\u00e9e, s\u00e9rie professionnelle<\/a><\/li>\n<\/ul>\n<h3 id=\"pgc-5327-0-0\" class=\"panel-grid-cell panel-grid-cell-empty\" data-weight=\"1\">D.N.B. Juin 2023<\/h3>\n<ul>\n<li>Grammaire et comp\u00e9tences linguistiques. Compr\u00e9hension et comp\u00e9tences d&rsquo;interpr\u00e9tation.\n<ul>\n<li><a href=\"https:\/\/sites.ac-nancy-metz.fr\/lettres\/wp-content\/uploads\/2023\/07\/Texte-et-Questions.pdf\">Sujet, s\u00e9rie g\u00e9n\u00e9rale<\/a>\n<ul>\n<li><a href=\"https:\/\/sites.ac-nancy-metz.fr\/lettres\/wp-content\/uploads\/2023\/07\/Corrige-national-DNB-juin-23.pdf\">Corrig\u00e9 national<\/a><\/li>\n<li><a href=\"https:\/\/sites.ac-nancy-metz.fr\/lettres\/wp-content\/uploads\/2023\/07\/Corrige-academique-synthetique.pdf\">Corrig\u00e9 acad\u00e9mique synth\u00e9tique<\/a><\/li>\n<\/ul>\n<\/li>\n<li><a href=\"https:\/\/sites.ac-nancy-metz.fr\/lettres\/wp-content\/uploads\/2023\/07\/Redaction.pdf\">R\u00e9daction, s\u00e9rie g\u00e9n\u00e9rale<\/a>\n<ul>\n<li><a href=\"https:\/\/sites.ac-nancy-metz.fr\/lettres\/wp-content\/uploads\/2023\/07\/Sujet-imagination-echelles-descriptives.pdf\">Sujet d&rsquo;imagination, \u00e9chelles descriptives<\/a><\/li>\n<li><a href=\"https:\/\/sites.ac-nancy-metz.fr\/lettres\/wp-content\/uploads\/2023\/07\/Sujet-de-reflexion-echelles-descriptives.pdf\">Sujet de r\u00e9flexion, \u00e9chelles descriptives<\/a><\/li>\n<\/ul>\n<\/li>\n<li><a href=\"https:\/\/sites.ac-nancy-metz.fr\/lettres\/wp-content\/uploads\/2023\/07\/Dictee.pdf\">Dict\u00e9e, s\u00e9rie g\u00e9n\u00e9rale<\/a><\/li>\n<li><a href=\"https:\/\/sites.ac-nancy-metz.fr\/lettres\/wp-content\/uploads\/2023\/07\/Dictee-amenagee-juin-23.pdf\">Dict\u00e9e am\u00e9nag\u00e9e, s\u00e9rie g\u00e9n\u00e9rale<\/a><\/li>\n<\/ul>\n<\/li>\n<\/ul>\n<\/div>\n<div id=\"pg-5327-1\" class=\"panel-grid panel-no-style\" data-style=\"{&quot;row_css&quot;:&quot;.blue-block&quot;,&quot;background_image_attachment&quot;:false,&quot;background_display&quot;:&quot;tile&quot;,&quot;cell_alignment&quot;:&quot;flex-start&quot;}\" data-ratio=\"1\" data-ratio-direction=\"right\">\n<div id=\"pgc-5327-1-0\" class=\"panel-grid-cell\" data-weight=\"1\">\n<div id=\"panel-5327-1-0-0\" class=\"so-panel widget widget_sow-editor panel-first-child panel-last-child\" data-index=\"0\" data-style=\"{&quot;class&quot;:&quot;blue-block&quot;,&quot;background_image_attachment&quot;:false,&quot;background_display&quot;:&quot;tile&quot;}\">\n<div class=\"blue-block panel-widget-style panel-widget-style-for-5327-1-0-0\">\n<div class=\"so-widget-sow-editor so-widget-sow-editor-base\">\n<h3>\u00a0<\/h3>\n<h3 class=\"widget-title\">D.N.B. Juin 2022<\/h3>\n<div class=\"siteorigin-widget-tinymce textwidget\">\n<ul>\n<li>Grammaire et comp\u00e9tences linguistiques. Compr\u00e9hension et comp\u00e9tences d&rsquo;interpr\u00e9tation.\n<ul>\n<li><a href=\"https:\/\/sites.ac-nancy-metz.fr\/lettres\/wp-content\/uploads\/2022\/07\/22GENFRQGCME1_BAT2022-1.pdf\"> Sujet, s\u00e9rie g\u00e9n\u00e9rale<\/a><\/li>\n<li><a href=\"https:\/\/sites.ac-nancy-metz.fr\/lettres\/wp-content\/uploads\/2022\/07\/22GENFRME1C_BAT2022-Corrige.pdf\">\u00c9l\u00e9ments de correction<\/a><\/li>\n<li><a href=\"https:\/\/sites.ac-nancy-metz.fr\/lettres\/wp-content\/uploads\/2022\/07\/Brevet-2022-correction-Parties-1-et-2.docx\">Bar\u00e8me des parties 1 et 2<\/a><\/li>\n<\/ul>\n<\/li>\n<li><a href=\"https:\/\/sites.ac-nancy-metz.fr\/lettres\/wp-content\/uploads\/2022\/07\/22GENFRDME1_BAT2022.pdf\">Dict\u00e9e<\/a><\/li>\n<li><a href=\"https:\/\/sites.ac-nancy-metz.fr\/lettres\/wp-content\/uploads\/2022\/07\/22GENFRDAME1_BAT2022.pdf\">Dict\u00e9e am\u00e9nag\u00e9e<\/a><\/li>\n<li><a href=\"https:\/\/sites.ac-nancy-metz.fr\/lettres\/wp-content\/uploads\/2022\/07\/Bareme-evolutif-narratif-2022.docx\">Bar\u00e8me \u00e9volutif &#8211; Sujet d&rsquo;imagination<\/a><\/li>\n<li><a href=\"https:\/\/sites.ac-nancy-metz.fr\/lettres\/wp-content\/uploads\/2022\/07\/Bareme-evolutif-argu-2022.docx\">Bar\u00e8me \u00e9volutif &#8211; Sujet de r\u00e9flexion<\/a><\/li>\n<\/ul>\n<\/div>\n<\/div>\n<\/div>\n<\/div>\n<\/div>\n<\/div>\n<div id=\"pg-5327-2\" class=\"panel-grid panel-no-style\" data-style=\"{&quot;background_image_attachment&quot;:false,&quot;background_display&quot;:&quot;tile&quot;,&quot;cell_alignment&quot;:&quot;flex-start&quot;}\" data-ratio=\"1\" data-ratio-direction=\"right\">\n<div id=\"pgc-5327-2-0\" class=\"panel-grid-cell panel-grid-cell-empty\" data-weight=\"1\">\u00a0<\/div>\n<\/div>\n<div id=\"pg-5327-3\" class=\"panel-grid panel-no-style\" data-style=\"{&quot;background_image_attachment&quot;:false,&quot;background_display&quot;:&quot;tile&quot;,&quot;cell_alignment&quot;:&quot;flex-start&quot;}\" data-ratio=\"1\" data-ratio-direction=\"right\">\n<div id=\"pgc-5327-3-0\" class=\"panel-grid-cell\" data-weight=\"1\">\n<div id=\"panel-5327-3-0-0\" class=\"so-panel widget widget_sow-editor panel-first-child panel-last-child\" data-index=\"1\" data-style=\"{&quot;class&quot;:&quot;blue-block&quot;,&quot;background_image_attachment&quot;:false,&quot;background_display&quot;:&quot;tile&quot;}\">\n<div class=\"blue-block panel-widget-style panel-widget-style-for-5327-3-0-0\">\n<div class=\"so-widget-sow-editor so-widget-sow-editor-base\">\n<h3 class=\"widget-title\">D.N.B. Juin 2019<\/h3>\n<div class=\"siteorigin-widget-tinymce textwidget\">\n<h2><img decoding=\"async\" class=\"aligncenter\" src=\"https:\/\/sites.ac-nancy-metz.fr\/lettres\/wp-content\/uploads\/2019\/07\/la-voiture-fondue-1944-1.jpeg\" \/><\/h2>\n<h2>Les sujets<\/h2>\n<div class=\"wp-block-file\"><a href=\"https:\/\/sites.ac-nancy-metz.fr\/lettres\/wp-content\/uploads\/2019\/07\/Texte_Questions_Juin-2019-1.pdf\">Texte_Questions_Juin-2019<\/a><\/div>\n<div class=\"wp-block-file\"><a href=\"https:\/\/sites.ac-nancy-metz.fr\/lettres\/wp-content\/uploads\/2019\/07\/Dictee_Juin-2019.pdf\">Dictee_Juin-2019<\/a><\/div>\n<div class=\"wp-block-file\"><a href=\"https:\/\/sites.ac-nancy-metz.fr\/lettres\/wp-content\/uploads\/2019\/07\/Dictee_amenagee_Juin-2019.pdf\">Dictee_amenagee_Juin-2019<\/a><\/div>\n<div class=\"wp-block-file\"><a href=\"https:\/\/sites.ac-nancy-metz.fr\/lettres\/wp-content\/uploads\/2019\/07\/Redactions_Juin-2019.pdf\">Redactions_Juin-2019<\/a><\/div>\n<h2>Les corrig\u00e9s acad\u00e9miques<\/h2>\n<div class=\"wp-block-image\">\n<figure class=\"aligncenter\"><a href=\"https:\/\/sites.ac-nancy-metz.fr\/lettres\/wp-content\/uploads\/2019\/07\/Brevet-correction-synthetique-Juin-2019.jpg\" data-lb-type=\"grouped-post\"><img loading=\"lazy\" decoding=\"async\" width=\"1754\" height=\"1240\" class=\"wp-image-930\" src=\"https:\/\/sites.ac-nancy-metz.fr\/lettres\/wp-content\/uploads\/2019\/07\/Brevet-correction-synthetique-Juin-2019.jpg\" sizes=\"auto, (max-width: 1754px) 100vw, 1754px\" srcset=\"https:\/\/sites.ac-nancy-metz.fr\/lettres\/wp-content\/uploads\/2019\/07\/Brevet-correction-synthetique-Juin-2019.jpg 1754w, https:\/\/sites.ac-nancy-metz.fr\/lettres\/wp-content\/uploads\/2019\/07\/Brevet-correction-synthetique-Juin-2019-300x212.jpg 300w, https:\/\/sites.ac-nancy-metz.fr\/lettres\/wp-content\/uploads\/2019\/07\/Brevet-correction-synthetique-Juin-2019-768x543.jpg 768w, https:\/\/sites.ac-nancy-metz.fr\/lettres\/wp-content\/uploads\/2019\/07\/Brevet-correction-synthetique-Juin-2019-1024x724.jpg 1024w\" alt=\"\" \/><\/a><\/figure>\n<\/div>\n<div class=\"wp-block-file\"><a href=\"https:\/\/sites.ac-nancy-metz.fr\/lettres\/wp-content\/uploads\/2019\/07\/DNB-Juin-2019-Corrige-academique-complet.pdf\">Corrig\u00e9 acad\u00e9mique complet<\/a><\/div>\n<div class=\"wp-block-file\"><a href=\"https:\/\/sites.ac-nancy-metz.fr\/lettres\/wp-content\/uploads\/2019\/07\/Bareme-evolutif-narratif.pdf\">R\u00e9daction \u2013 Bar\u00e8me \u00e9volutif narratif<\/a><\/div>\n<div class=\"wp-block-file\"><a href=\"https:\/\/sites.ac-nancy-metz.fr\/lettres\/wp-content\/uploads\/2019\/07\/Bareme-evolutif-argu.pdf\">R\u00e9daction \u2013 Bar\u00e8me \u00e9volutif argumentatif<\/a><\/div>\n<\/div>\n<\/div>\n<\/div>\n<\/div>\n<\/div>\n<\/div>\n<div id=\"pg-5327-4\" class=\"panel-grid panel-no-style\" data-style=\"{&quot;background_image_attachment&quot;:false,&quot;background_display&quot;:&quot;tile&quot;,&quot;cell_alignment&quot;:&quot;flex-start&quot;}\" data-ratio=\"1\" data-ratio-direction=\"right\">\n<div id=\"pgc-5327-4-0\" class=\"panel-grid-cell panel-grid-cell-empty\" data-weight=\"1\">\u00a0<\/div>\n<\/div>\n<div id=\"pg-5327-5\" class=\"panel-grid panel-no-style\" data-style=\"{&quot;background_image_attachment&quot;:false,&quot;background_display&quot;:&quot;tile&quot;,&quot;cell_alignment&quot;:&quot;flex-start&quot;}\" data-ratio=\"1\" data-ratio-direction=\"right\">\n<div id=\"pgc-5327-5-0\" class=\"panel-grid-cell\" data-weight=\"1\">\n<div id=\"panel-5327-5-0-0\" class=\"so-panel widget widget_sow-editor panel-first-child panel-last-child\" data-index=\"2\" data-style=\"{&quot;class&quot;:&quot;blue-block&quot;,&quot;background_image_attachment&quot;:false,&quot;background_display&quot;:&quot;tile&quot;}\">\n<div class=\"blue-block panel-widget-style panel-widget-style-for-5327-5-0-0\">\n<div class=\"so-widget-sow-editor so-widget-sow-editor-base\">\n<h3 class=\"widget-title\">D.N.B. Juin 2018<\/h3>\n<div class=\"siteorigin-widget-tinymce textwidget\">\n<ul>\n<li><a href=\"https:\/\/sites.ac-nancy-metz.fr\/lettres\/wp-content\/uploads\/2023\/06\/DNB_general_Grammaire-et-Comprehension-Juin_2018.pdf\">DNB \u2013 S\u00e9rie g\u00e9n\u00e9rale \u2013 Grammaire et compr\u00e9hension \u2013 Juin 2018<\/a><\/li>\n<li><a href=\"https:\/\/sites.ac-nancy-metz.fr\/lettres\/wp-content\/uploads\/2023\/06\/DNB_general_Redaction-Juin_2018.pdf\">DNB \u2013 S\u00e9rie g\u00e9n\u00e9rale \u2013 Dict\u00e9e \u2013 Juin 2018<\/a><\/li>\n<li><a href=\"https:\/\/sites.ac-nancy-metz.fr\/lettres\/wp-content\/uploads\/2023\/06\/DNB_general_Dictee-amenagee_Juin_2018.pdf\">DNB \u2013 S\u00e9rie g\u00e9n\u00e9rale \u2013 Dict\u00e9e am\u00e9nag\u00e9e \u2013 Juin 2018<\/a><\/li>\n<li><a href=\"https:\/\/sites.ac-nancy-metz.fr\/lettres\/wp-content\/uploads\/2023\/06\/DNB_general_Redaction-Juin_2018.pdf\">DNB \u2013 S\u00e9rie g\u00e9n\u00e9rale \u2013 R\u00e9daction \u2013 Juin 2018<\/a><\/li>\n<\/ul>\n<\/div>\n<\/div>\n<\/div>\n<\/div>\n<\/div>\n<\/div>\n<\/div>","protected":false},"excerpt":{"rendered":"<p>D.N.B. Juin 2025 D.N.B. Septembre 2025 D.N.B. Juin 2024 Dipl\u00f4me national du brevet 2024 &#8211; Fran\u00e7ais &#8211; Grammaire et comp\u00e9tences linguistiques &#8211; Compr\u00e9hension et comp\u00e9tences d&rsquo;interpr\u00e9tation, s\u00e9rie g\u00e9n\u00e9rale Dipl\u00f4me national du brevet 2024 &#8211; Fran\u00e7ais &#8211; Dict\u00e9e, s\u00e9rie g\u00e9n\u00e9rale Dipl\u00f4me national du brevet 2024 &#8211; Fran\u00e7ais &#8211; Dict\u00e9e am\u00e9nag\u00e9e, s\u00e9rie g\u00e9n\u00e9rale Dipl\u00f4me national du brevet [&hellip;]<\/p>\n","protected":false},"author":1,"featured_media":5330,"parent":0,"menu_order":0,"comment_status":"closed","ping_status":"closed","template":"","meta":{"footnotes":""},"class_list":["post-5327","page","type-page","status-publish","has-post-thumbnail","czr-hentry"],"_links":{"self":[{"href":"https:\/\/sites.ac-nancy-metz.fr\/lettres\/wp-json\/wp\/v2\/pages\/5327","targetHints":{"allow":["GET"]}}],"collection":[{"href":"https:\/\/sites.ac-nancy-metz.fr\/lettres\/wp-json\/wp\/v2\/pages"}],"about":[{"href":"https:\/\/sites.ac-nancy-metz.fr\/lettres\/wp-json\/wp\/v2\/types\/page"}],"author":[{"embeddable":true,"href":"https:\/\/sites.ac-nancy-metz.fr\/lettres\/wp-json\/wp\/v2\/users\/1"}],"replies":[{"embeddable":true,"href":"https:\/\/sites.ac-nancy-metz.fr\/lettres\/wp-json\/wp\/v2\/comments?post=5327"}],"version-history":[{"count":34,"href":"https:\/\/sites.ac-nancy-metz.fr\/lettres\/wp-json\/wp\/v2\/pages\/5327\/revisions"}],"predecessor-version":[{"id":10318,"href":"https:\/\/sites.ac-nancy-metz.fr\/lettres\/wp-json\/wp\/v2\/pages\/5327\/revisions\/10318"}],"wp:featuredmedia":[{"embeddable":true,"href":"https:\/\/sites.ac-nancy-metz.fr\/lettres\/wp-json\/wp\/v2\/media\/5330"}],"wp:attachment":[{"href":"https:\/\/sites.ac-nancy-metz.fr\/lettres\/wp-json\/wp\/v2\/media?parent=5327"}],"curies":[{"name":"wp","href":"https:\/\/api.w.org\/{rel}","templated":true}]}}