{"id":5635,"date":"2022-11-16T14:56:23","date_gmt":"2022-11-16T13:56:23","guid":{"rendered":"http:\/\/www4.ac-nancy-metz.fr\/lettres\/new\/?page_id=5635"},"modified":"2026-03-02T07:54:39","modified_gmt":"2026-03-02T06:54:39","slug":"cotext","status":"publish","type":"page","link":"https:\/\/sites.ac-nancy-metz.fr\/lettres\/cotext\/","title":{"rendered":"CoText"},"content":{"rendered":"\n<p>Le concours CoText a pour vocation de d\u00e9velopper chez les \u00e9l\u00e8ves le go\u00fbt de la lecture \u00e0 voix haute et l&rsquo;expression orale. En travaillant en \u00e9quipe pour pr\u00e9parer des lectures chorales de textes litt\u00e9raires, les participants auront l&rsquo;occasion de renforcer leurs comp\u00e9tences de communication, de collaboration et de mise en voix. Ce concours est une opportunit\u00e9 unique pour les \u00e9l\u00e8ves de 3e \u00e0 la terminale de l&rsquo;acad\u00e9mie de Nancy-Metz de d\u00e9couvrir le plaisir de transmettre le sens et l\u2019\u00e9motion d\u2019un texte par l\u2019oralit\u00e9, tout en s\u2019engageant collectivement dans un projet cr\u00e9atif.<\/p>\n\n\n\n<h2 class=\"wp-block-heading\">Inscription au concours de lecture 2025-2026 : <\/h2>\n\n\n\n<h6 class=\"wp-block-heading\"><strong>Date limite d&rsquo;inscription le 13 f\u00e9vrier 2026<\/strong><\/h6>\n\n\n\n\n\n\n<ul class=\"wp-block-list\">\n<li><a href=\"https:\/\/sites.ac-nancy-metz.fr\/lettres\/wp-content\/uploads\/2026\/01\/Reglement-du-concours-de-lecture-CoText-2025-2026.pdf\">R\u00e8glement<\/a><\/li>\n\n\n\n<li><a href=\"https:\/\/sites.ac-nancy-metz.fr\/lettres\/wp-content\/uploads\/2026\/01\/Autorisation-captation-image-mineur_concours-de-lecture-CoText-6.doc\">Formulaire d&rsquo;autorisation de captation<\/a><\/li>\n\n\n\n<li><a href=\"https:\/\/sites.ac-nancy-metz.fr\/lettres\/concours-de-lecture-cotext\/\">R\u00e9\u00e9couter les lectures de l&rsquo;\u00e9dition 2024-2025<\/a><\/li>\n<\/ul>\n\n\n\n<hr class=\"wp-block-separator has-text-color has-cyan-bluish-gray-color has-alpha-channel-opacity has-cyan-bluish-gray-background-color has-background\"\/>\n\n\n\n<h2 class=\"wp-block-heading\">R\u00e9ussir les \u00e9preuves de fran\u00e7ais du brevet des coll\u00e8ges !<\/h2>\n\n\n\n<p class=\"has-very-dark-gray-color has-pale-cyan-blue-background-color has-text-color has-background\">CoText est une ressource num\u00e9rique gratuite de pr\u00e9paration aux \u00e9preuves de fran\u00e7ais du brevet des coll\u00e8ges. Elle se compose d&rsquo;une biblioth\u00e8que de textes appareill\u00e9s par des professeurs de Lettres de l&rsquo;acad\u00e9mie de Nancy-Metz qui permet de favoriser la compr\u00e9hension et l&rsquo;interpr\u00e9tation des textes litt\u00e9raires pour les \u00e9l\u00e8ves de coll\u00e8ge.<\/p>\n\n\n\n<h3 class=\"wp-block-heading has-text-align-center blue-block\">Premiers pas sur CoText<\/h3>\n\n\n\n<div class=\"wp-block-columns has-2-columns shadow-block is-layout-flex wp-container-core-columns-is-layout-9d6595d7 wp-block-columns-is-layout-flex\">\n<div class=\"wp-block-column is-layout-flow wp-block-column-is-layout-flow\">\n<iframe loading=\"lazy\" src=\"https:\/\/podeduc.apps.education.fr\/video\/11711-video-1-acceder-a-cotext-et-se-connectermp4\/487d01676a773001e0d385067b665218370cd9396229fc352a7dab87d5cd993b\/?is_iframe=true\" width=\"640\" height=\"360\" style=\"padding: 0; margin: 0; border:0\" allowfullscreen=\"\"><\/iframe>\n\n\n\n<h4 class=\"wp-block-heading has-text-align-center\">Acc\u00e9der au site et se connecter (00:01:04)<\/h4>\n<\/div>\n\n\n\n<div class=\"wp-block-column is-layout-flow wp-block-column-is-layout-flow\">\n<iframe loading=\"lazy\" src=\"https:\/\/podeduc.apps.education.fr\/video\/11712-video-2-acceder-aux-textes-de-cotextmp4\/c3372f167b8a7ebc90a8651a33386fc5c973f5d332d0348024538db0c9bdce8d\/?is_iframe=true\" width=\"640\" height=\"360\" style=\"padding: 0; margin: 0; border:0\" allowfullscreen=\"\"><\/iframe>\n\n\n\n<h4 class=\"wp-block-heading has-text-align-center\">Acc\u00e9der aux textes (00:01:26)<\/h4>\n<\/div>\n<\/div>\n\n\n\n<div class=\"wp-block-columns has-2-columns shadow-block is-layout-flex wp-container-core-columns-is-layout-9d6595d7 wp-block-columns-is-layout-flex\">\n<div class=\"wp-block-column is-layout-flow wp-block-column-is-layout-flow\">\n<iframe loading=\"lazy\" src=\"https:\/\/podeduc.apps.education.fr\/video\/11713-video-3-les-fonctionnalites-liees-a-laffichage-des-textesmp4\/1a5bc53a70f4337b1549eafeb30806e0db6dfaa97d64d03e3cb9a28399ed02c8\/?is_iframe=true\" width=\"640\" height=\"360\" style=\"padding: 0; margin: 0; border:0\" allowfullscreen=\"\"><\/iframe>\n\n\n\n<h4 class=\"wp-block-heading has-text-align-center\">Les fonctionnalit\u00e9s li\u00e9es \u00e0 l&rsquo;affichage des textes (00:01:19)<\/h4>\n<\/div>\n\n\n\n<div class=\"wp-block-column is-layout-flow wp-block-column-is-layout-flow\">\n<iframe loading=\"lazy\" src=\"https:\/\/podeduc.apps.education.fr\/video\/11714-video-4-presentation-de-lappareillage-dun-textemp4\/41115cc4368a8cd8afabfc63513e1e06ed828ad8375d82ec8417086fc1fc6faf\/?is_iframe=true\" width=\"640\" height=\"360\" style=\"padding: 0; margin: 0; border:0\" allowfullscreen=\"\"><\/iframe>\n\n\n\n<h4 class=\"wp-block-heading has-text-align-center\">Pr\u00e9sentation de l&rsquo;appareillage d&rsquo;un texte (00:02:22)<\/h4>\n<\/div>\n<\/div>\n\n\n\n<div class=\"wp-block-columns has-2-columns shadow-block is-layout-flex wp-container-core-columns-is-layout-9d6595d7 wp-block-columns-is-layout-flex\">\n<div class=\"wp-block-column is-layout-flow wp-block-column-is-layout-flow\">\n<iframe loading=\"lazy\" src=\"https:\/\/podeduc.apps.education.fr\/video\/11715-video-5-cotext-lappareillage-en-languemp4\/0acf175eb1a2129be9805805af60b6005d95e5eea73dc677f3ff4ccdc4542506\/?is_iframe=true\" width=\"640\" height=\"360\" style=\"padding: 0; margin: 0; border:0\" allowfullscreen=\"\"><\/iframe>\n\n\n\n<h4 class=\"wp-block-heading has-text-align-center\">L&rsquo;appareillage en langue (00:01:16)<\/h4>\n<\/div>\n\n\n\n<div class=\"wp-block-column is-layout-flow wp-block-column-is-layout-flow\">\n\n\n<h4 class=\"wp-block-heading has-text-align-center\"><\/h4>\n<\/div>\n<\/div>\n\n\n\n<hr class=\"wp-block-separator has-text-color has-white-color has-alpha-channel-opacity has-white-background-color has-background\"\/>\n\n\n\n<h3 class=\"wp-block-heading has-text-align-center blue-block\"><a href=\"https:\/\/cotext.atilf.fr\/\">Acc\u00e9der \u00e0 CoText<\/a><\/h3>\n\n\n\n<div class=\"wp-block-columns has-3-columns is-layout-flex wp-container-core-columns-is-layout-9d6595d7 wp-block-columns-is-layout-flex\">\n<div class=\"wp-block-column is-layout-flow wp-block-column-is-layout-flow\">\n<figure class=\"wp-block-image shadow-block\"><a href=\"https:\/\/sites.ac-nancy-metz.fr\/lettres\/wp-content\/uploads\/2022\/12\/Flyer-CoText.pdf\"><img loading=\"lazy\" decoding=\"async\" width=\"722\" height=\"1024\" src=\"https:\/\/sites.ac-nancy-metz.fr\/lettres\/wp-content\/uploads\/2022\/12\/flyer-cotext-722x1024.jpg\" alt=\"\" class=\"wp-image-5802\" srcset=\"https:\/\/sites.ac-nancy-metz.fr\/lettres\/wp-content\/uploads\/2022\/12\/flyer-cotext-722x1024.jpg 722w, https:\/\/sites.ac-nancy-metz.fr\/lettres\/wp-content\/uploads\/2022\/12\/flyer-cotext-211x300.jpg 211w, https:\/\/sites.ac-nancy-metz.fr\/lettres\/wp-content\/uploads\/2022\/12\/flyer-cotext-768x1090.jpg 768w, https:\/\/sites.ac-nancy-metz.fr\/lettres\/wp-content\/uploads\/2022\/12\/flyer-cotext.jpg 966w\" sizes=\"auto, (max-width: 722px) 100vw, 722px\" \/><\/a><figcaption class=\"wp-element-caption\"><strong><a href=\"https:\/\/sites.ac-nancy-metz.fr\/lettres\/wp-content\/uploads\/2022\/12\/Flyer-CoText.pdf\">T\u00e9l\u00e9charger le flyer CoText<\/a><\/strong><\/figcaption><\/figure>\n<\/div>\n\n\n\n<div class=\"wp-block-column is-layout-flow wp-block-column-is-layout-flow\">\n<figure class=\"wp-block-image shadow-block\"><a href=\"https:\/\/cotext.atilf.fr\/\"><img loading=\"lazy\" decoding=\"async\" width=\"1024\" height=\"519\" src=\"https:\/\/sites.ac-nancy-metz.fr\/lettres\/wp-content\/uploads\/2022\/12\/Capture3-1024x519-2.jpg\" alt=\"\" class=\"wp-image-5829\" srcset=\"https:\/\/sites.ac-nancy-metz.fr\/lettres\/wp-content\/uploads\/2022\/12\/Capture3-1024x519-2.jpg 1024w, https:\/\/sites.ac-nancy-metz.fr\/lettres\/wp-content\/uploads\/2022\/12\/Capture3-1024x519-2-300x152.jpg 300w, https:\/\/sites.ac-nancy-metz.fr\/lettres\/wp-content\/uploads\/2022\/12\/Capture3-1024x519-2-768x389.jpg 768w\" sizes=\"auto, (max-width: 1024px) 100vw, 1024px\" \/><\/a><figcaption class=\"wp-element-caption\"><a href=\"https:\/\/cotext.atilf.fr\/\"><strong>Acc\u00e9der \u00e0 CoText<\/strong><\/a><\/figcaption><\/figure>\n\n\n<div class=\"wp-block-image shadow-block\">\n<figure class=\"aligncenter\"><a href=\"https:\/\/cotext.atilf.fr\/\"><img loading=\"lazy\" decoding=\"async\" width=\"150\" height=\"150\" src=\"https:\/\/sites.ac-nancy-metz.fr\/lettres\/wp-content\/uploads\/2022\/12\/qrcode_cotext.atilf_.fr_-150x150.png\" alt=\"\" class=\"wp-image-5846\" srcset=\"https:\/\/sites.ac-nancy-metz.fr\/lettres\/wp-content\/uploads\/2022\/12\/qrcode_cotext.atilf_.fr_-150x150.png 150w, https:\/\/sites.ac-nancy-metz.fr\/lettres\/wp-content\/uploads\/2022\/12\/qrcode_cotext.atilf_.fr_-300x300.png 300w, https:\/\/sites.ac-nancy-metz.fr\/lettres\/wp-content\/uploads\/2022\/12\/qrcode_cotext.atilf_.fr_.png 450w\" sizes=\"auto, (max-width: 150px) 100vw, 150px\" \/><\/a><\/figure>\n<\/div><\/div>\n\n\n\n<div class=\"wp-block-column is-layout-flow wp-block-column-is-layout-flow\">\n<figure class=\"wp-block-image shadow-block\"><a href=\"https:\/\/dane.ac-nancy-metz.fr\/\"><img loading=\"lazy\" decoding=\"async\" width=\"1024\" height=\"334\" src=\"https:\/\/sites.ac-nancy-metz.fr\/lettres\/wp-content\/uploads\/2022\/12\/logos-DRANE-et-region-aca-1-1024x334.png\" alt=\"\" class=\"wp-image-5853\" srcset=\"https:\/\/sites.ac-nancy-metz.fr\/lettres\/wp-content\/uploads\/2022\/12\/logos-DRANE-et-region-aca-1-1024x334.png 1024w, https:\/\/sites.ac-nancy-metz.fr\/lettres\/wp-content\/uploads\/2022\/12\/logos-DRANE-et-region-aca-1-300x98.png 300w, https:\/\/sites.ac-nancy-metz.fr\/lettres\/wp-content\/uploads\/2022\/12\/logos-DRANE-et-region-aca-1-768x251.png 768w, https:\/\/sites.ac-nancy-metz.fr\/lettres\/wp-content\/uploads\/2022\/12\/logos-DRANE-et-region-aca-1-1536x502.png 1536w, https:\/\/sites.ac-nancy-metz.fr\/lettres\/wp-content\/uploads\/2022\/12\/logos-DRANE-et-region-aca-1-2048x669.png 2048w\" sizes=\"auto, (max-width: 1024px) 100vw, 1024px\" \/><\/a><\/figure>\n\n\n\n<hr class=\"wp-block-separator has-css-opacity\"\/>\n\n\n\n<figure class=\"wp-block-image shadow-block\"><a href=\"https:\/\/www.atilf.fr\/\"><img loading=\"lazy\" decoding=\"async\" width=\"300\" height=\"129\" src=\"https:\/\/sites.ac-nancy-metz.fr\/lettres\/wp-content\/uploads\/2022\/12\/Logo_ATILF_Logos-CNRS-UL_2020-300x129.jpg\" alt=\"\" class=\"wp-image-5854\" srcset=\"https:\/\/sites.ac-nancy-metz.fr\/lettres\/wp-content\/uploads\/2022\/12\/Logo_ATILF_Logos-CNRS-UL_2020-300x129.jpg 300w, https:\/\/sites.ac-nancy-metz.fr\/lettres\/wp-content\/uploads\/2022\/12\/Logo_ATILF_Logos-CNRS-UL_2020-1024x440.jpg 1024w, https:\/\/sites.ac-nancy-metz.fr\/lettres\/wp-content\/uploads\/2022\/12\/Logo_ATILF_Logos-CNRS-UL_2020-768x330.jpg 768w, https:\/\/sites.ac-nancy-metz.fr\/lettres\/wp-content\/uploads\/2022\/12\/Logo_ATILF_Logos-CNRS-UL_2020-1536x660.jpg 1536w, https:\/\/sites.ac-nancy-metz.fr\/lettres\/wp-content\/uploads\/2022\/12\/Logo_ATILF_Logos-CNRS-UL_2020-2048x880.jpg 2048w\" sizes=\"auto, (max-width: 300px) 100vw, 300px\" \/><\/a><\/figure>\n<\/div>\n<\/div>\n\n\n\n<hr class=\"wp-block-separator has-text-color has-white-color has-alpha-channel-opacity has-white-background-color has-background\"\/>\n\n\n\n<h3 class=\"wp-block-heading has-text-align-center blue-block\">Exemples de sc\u00e9narios p\u00e9dagogiques<\/h3>\n\n\n\n<ul class=\"wp-block-list\">\n<li><a href=\"https:\/\/sites.ac-nancy-metz.fr\/lettres\/wp-content\/uploads\/2024\/09\/atelier-cotext-decouverte-autobio-3e-version-finale07122022_cd5wz6gb3d.pdf\">Familiariser les \u00e9l\u00e8ves \u00e0 CoText<\/a><\/li>\n\n\n\n<li><a href=\"https:\/\/sites.ac-nancy-metz.fr\/lettres\/wp-content\/uploads\/2024\/09\/experimentation-cotext-veil-2_n5ilpio0tiq.pdf\">R\u00e9vision sur les notions autobiographiques<\/a><\/li>\n\n\n\n<li><a href=\"https:\/\/sites.ac-nancy-metz.fr\/lettres\/wp-content\/uploads\/2024\/09\/scenario-cotext-autonomie-de-leleve-travail-personnel_9ljcefqszb.pdf\">Travail de l&rsquo;\u00e9l\u00e8ve en autonomie, Marcel Pagnol, <em>Souvenirs d\u2019enfance<\/em>, in <em>Le Temps des secrets<\/em><\/a><\/li>\n\n\n\n<li><a href=\"https:\/\/sites.ac-nancy-metz.fr\/lettres\/wp-content\/uploads\/2024\/09\/scenariopedadifferencieecotext_yeq2y9tm1f.pdf\">P\u00e9dagogie diff\u00e9renci\u00e9e, Eluard, <em>7 Po\u00e8mes d\u2019amour en guerre<\/em> , Po\u00e8me n\u00b0 VII, Au nom du front parfait profond, 1943<\/a><\/li>\n\n\n\n<li><a href=\"https:\/\/view.genially.com\/633fd2e62aba480012a572b8\/presentation-cotext-scenario-en-classe-complete\">P\u00e9dagogie diff\u00e9renci\u00e9e en classe compl\u00e8te : r\u00e9pondre \u00e0 une question de type brevet par un paragraphe complet<\/a><\/li>\n<\/ul>\n\n\n\n<hr class=\"wp-block-separator has-text-color has-white-color has-alpha-channel-opacity has-white-background-color has-background\"\/>\n\n\n\n<h3 class=\"wp-block-heading has-text-align-center blue-block\">En savoir plus sur CoText<\/h3>\n\n\n\n<div class=\"wp-block-columns has-2-columns shadow-block is-layout-flex wp-container-core-columns-is-layout-9d6595d7 wp-block-columns-is-layout-flex\">\n<div class=\"wp-block-column is-layout-flow wp-block-column-is-layout-flow\">\n<h4 class=\"wp-block-heading\">Cotext c&rsquo;est&#8230;<\/h4>\n\n\n\n<ul class=\"wp-block-list\">\n<li>Un financement Europ\u00e9en \u00e0 travers le projet PLANETE (FEDER)<\/li>\n\n\n\n<li>Une biblioth\u00e8que \u00e9volutive de pr\u00e8s de 50 textes appareill\u00e9s par des professeurs de fran\u00e7ais<\/li>\n\n\n\n<li>Un partenariat entre l&rsquo;acad\u00e9mie de Nancy-Metz et le laboratoire ATILF du CNRS et de l&rsquo;Universit\u00e9 de Lorraine<\/li>\n\n\n\n<li>Une \u00e9quipe de 24 personnes (IA-IPR de Lettres, charg\u00e9 de mission DRANE, professeurs appareilleurs, professeurs formateurs, ing\u00e9nieur informaticien et technicienne informatique ATILF CNRS-UL)<\/li>\n\n\n\n<li>7 formations acad\u00e9miques inscrites au PRAF depuis 2022<\/li>\n\n\n\n<li>Plus de 130 professeurs form\u00e9s <\/li>\n<\/ul>\n\n\n\n<p><a href=\"https:\/\/dane.ac-nancy-metz.fr\/cotext\/\"><\/a><\/p>\n<\/div>\n\n\n\n<div class=\"wp-block-column is-layout-flow wp-block-column-is-layout-flow\">\n<figure class=\"wp-block-image\"><a href=\"https:\/\/dane.ac-nancy-metz.fr\/cotext\/\"><img loading=\"lazy\" decoding=\"async\" width=\"768\" height=\"565\" src=\"https:\/\/sites.ac-nancy-metz.fr\/lettres\/wp-content\/uploads\/2022\/12\/Cotext-768x565-1-1.jpg\" alt=\"\" class=\"wp-image-5773\" srcset=\"https:\/\/sites.ac-nancy-metz.fr\/lettres\/wp-content\/uploads\/2022\/12\/Cotext-768x565-1-1.jpg 768w, https:\/\/sites.ac-nancy-metz.fr\/lettres\/wp-content\/uploads\/2022\/12\/Cotext-768x565-1-1-300x221.jpg 300w\" sizes=\"auto, (max-width: 768px) 100vw, 768px\" \/><\/a><figcaption class=\"wp-element-caption\"><br><a href=\"https:\/\/dane.ac-nancy-metz.fr\/cotext\/\">\u00c0 d\u00e9couvrir sur le site de la DRANE : l&rsquo;acad\u00e9mie de Nancy-Metz, un territoire d\u2019exp\u00e9rimentation des projets de recherche et du num\u00e9rique \u00e9ducatif<\/a><\/figcaption><\/figure>\n<\/div>\n<\/div>\n\n\n\n<hr class=\"wp-block-separator has-text-color has-white-color has-alpha-channel-opacity has-white-background-color has-background\"\/>\n\n\n\n<figure class=\"wp-block-image\"><a href=\"https:\/\/dane.ac-nancy-metz.fr\/planete\/\"><img loading=\"lazy\" decoding=\"async\" width=\"1024\" height=\"178\" src=\"https:\/\/sites.ac-nancy-metz.fr\/lettres\/wp-content\/uploads\/2022\/11\/Bandeau_logo_PLANETE_Aca_GdeRegio_DANE_mars-2022-1024x178.png\" alt=\"\" class=\"wp-image-5686\" srcset=\"https:\/\/sites.ac-nancy-metz.fr\/lettres\/wp-content\/uploads\/2022\/11\/Bandeau_logo_PLANETE_Aca_GdeRegio_DANE_mars-2022-1024x178.png 1024w, https:\/\/sites.ac-nancy-metz.fr\/lettres\/wp-content\/uploads\/2022\/11\/Bandeau_logo_PLANETE_Aca_GdeRegio_DANE_mars-2022-300x52.png 300w, https:\/\/sites.ac-nancy-metz.fr\/lettres\/wp-content\/uploads\/2022\/11\/Bandeau_logo_PLANETE_Aca_GdeRegio_DANE_mars-2022-768x133.png 768w, https:\/\/sites.ac-nancy-metz.fr\/lettres\/wp-content\/uploads\/2022\/11\/Bandeau_logo_PLANETE_Aca_GdeRegio_DANE_mars-2022-1536x267.png 1536w, https:\/\/sites.ac-nancy-metz.fr\/lettres\/wp-content\/uploads\/2022\/11\/Bandeau_logo_PLANETE_Aca_GdeRegio_DANE_mars-2022-2048x356.png 2048w\" sizes=\"auto, (max-width: 1024px) 100vw, 1024px\" \/><\/a><\/figure>\n","protected":false},"excerpt":{"rendered":"<p>Le concours CoText a pour vocation de d\u00e9velopper chez les \u00e9l\u00e8ves le go\u00fbt de la lecture \u00e0 voix haute et l&rsquo;expression orale. En travaillant en \u00e9quipe pour pr\u00e9parer des lectures chorales de textes litt\u00e9raires, les participants auront l&rsquo;occasion de renforcer leurs comp\u00e9tences de communication, de collaboration et de mise en voix. Ce concours est une [&hellip;]<\/p>\n","protected":false},"author":1,"featured_media":5640,"parent":0,"menu_order":0,"comment_status":"closed","ping_status":"closed","template":"","meta":{"footnotes":""},"class_list":["post-5635","page","type-page","status-publish","has-post-thumbnail","czr-hentry"],"_links":{"self":[{"href":"https:\/\/sites.ac-nancy-metz.fr\/lettres\/wp-json\/wp\/v2\/pages\/5635","targetHints":{"allow":["GET"]}}],"collection":[{"href":"https:\/\/sites.ac-nancy-metz.fr\/lettres\/wp-json\/wp\/v2\/pages"}],"about":[{"href":"https:\/\/sites.ac-nancy-metz.fr\/lettres\/wp-json\/wp\/v2\/types\/page"}],"author":[{"embeddable":true,"href":"https:\/\/sites.ac-nancy-metz.fr\/lettres\/wp-json\/wp\/v2\/users\/1"}],"replies":[{"embeddable":true,"href":"https:\/\/sites.ac-nancy-metz.fr\/lettres\/wp-json\/wp\/v2\/comments?post=5635"}],"version-history":[{"count":72,"href":"https:\/\/sites.ac-nancy-metz.fr\/lettres\/wp-json\/wp\/v2\/pages\/5635\/revisions"}],"predecessor-version":[{"id":10554,"href":"https:\/\/sites.ac-nancy-metz.fr\/lettres\/wp-json\/wp\/v2\/pages\/5635\/revisions\/10554"}],"wp:featuredmedia":[{"embeddable":true,"href":"https:\/\/sites.ac-nancy-metz.fr\/lettres\/wp-json\/wp\/v2\/media\/5640"}],"wp:attachment":[{"href":"https:\/\/sites.ac-nancy-metz.fr\/lettres\/wp-json\/wp\/v2\/media?parent=5635"}],"curies":[{"name":"wp","href":"https:\/\/api.w.org\/{rel}","templated":true}]}}