{"id":6797,"date":"2023-07-12T15:35:13","date_gmt":"2023-07-12T13:35:13","guid":{"rendered":"https:\/\/sites.ac-nancy-metz.fr\/lettres\/?page_id=6797"},"modified":"2024-07-09T11:36:09","modified_gmt":"2024-07-09T09:36:09","slug":"nouvelle-sixieme","status":"publish","type":"page","link":"https:\/\/sites.ac-nancy-metz.fr\/lettres\/nouvelle-sixieme\/","title":{"rendered":"R\u00e9ussir en fran\u00e7ais au coll\u00e8ge"},"content":{"rendered":"\n<p><\/p>\n\n\n\n<h6 class=\"wp-block-heading\">Aide \u00e0 l&rsquo;exploitation des \u00e9valuations nationales<\/h6>\n\n\n\n<ul class=\"wp-block-list\">\n<li><a href=\"https:\/\/sites.ac-nancy-metz.fr\/lettres\/wp-content\/uploads\/2023\/09\/Evaluations-sixieme-profilage-LETTRES-23.xlsx\">Outil de profilage<\/a><\/li>\n\n\n\n<li><a href=\"https:\/\/sites.ac-nancy-metz.fr\/lettres\/wp-content\/uploads\/2023\/09\/23EVA6-_notice.pdf\">Classeurs EVA6 &#8211; mode d&#8217;emploi<\/a><\/li>\n<\/ul>\n\n\n\n<p><\/p>\n\n\n\n<h6 class=\"wp-block-heading\">Ressources p\u00e9dagogiques pour mettre en \u0153uvre une heure hebdomadaire de soutien ou d\u2019approfondissement en fran\u00e7ais en 6e<\/h6>\n\n\n\n<ul class=\"wp-block-list\">\n<li><a href=\"https:\/\/eduscol.education.fr\/2466\/une-classe-de-sixieme-au-plus-pres-des-besoins-des-eleves\">Ressources \u00c9duscol<\/a><\/li>\n\n\n\n<li><a href=\"https:\/\/sites.ac-nancy-metz.fr\/lettres\/wp-content\/uploads\/2023\/08\/Cercles-de-lecture.pdf\">Session lecture (Mathilde Perrin)<\/a><\/li>\n<\/ul>\n\n\n\n<ul class=\"wp-block-list\">\n<li>Session orthographe (Marie-Rose Bertucci)\n<ul class=\"wp-block-list\">\n<li><a href=\"https:\/\/sites.ac-nancy-metz.fr\/lettres\/wp-content\/uploads\/2023\/10\/Savoir-reviser-un-texte-ou-son-texte-du-point-de-vue-de-lorthographeMB.docx\">Savoir r\u00e9viser un texte ou son texte du point de vue de l&rsquo;orthographe<\/a><\/li>\n\n\n\n<li><a href=\"https:\/\/sites.ac-nancy-metz.fr\/lettres\/wp-content\/uploads\/2023\/10\/A-quoi-sert-lorthographe3.pptx\">\u00c0 quoi sert l&rsquo;orthographe ?<\/a><\/li>\n<\/ul>\n<\/li>\n\n\n\n<li>Session lexique (Sophie Zawadzki) :\n<ul class=\"wp-block-list\">\n<li><a href=\"https:\/\/sites.ac-nancy-metz.fr\/lettres\/wp-content\/uploads\/2023\/10\/le-jardinier-des-mots-complet-lecons.pdf\">Le jardinier des mots<\/a><\/li>\n\n\n\n<li><a href=\"https:\/\/sites.ac-nancy-metz.fr\/lettres\/wp-content\/uploads\/2023\/10\/JARDINIERS-Grille-devaluation-seance-9.pdf\">Grille d&rsquo;\u00e9valuation, s\u00e9ance 9<\/a><\/li>\n\n\n\n<li><a href=\"https:\/\/sites.ac-nancy-metz.fr\/lettres\/wp-content\/uploads\/2023\/10\/seance-10-eval-jardinier.pdf\">\u00c9valuation, s\u00e9ance 10<\/a><\/li>\n<\/ul>\n<\/li>\n\n\n\n<li>Session \u00e9criture (Armelle Weber) :\n<ul class=\"wp-block-list\">\n<li><a href=\"https:\/\/sites.ac-nancy-metz.fr\/lettres\/wp-content\/uploads\/2023\/10\/Ecriture-A.-Weber.docx\">R\u00e9\u00e9crire pour faire \u00e9voluer le texte<\/a><\/li>\n<\/ul>\n<\/li>\n<\/ul>\n","protected":false},"excerpt":{"rendered":"<p>Aide \u00e0 l&rsquo;exploitation des \u00e9valuations nationales Ressources p\u00e9dagogiques pour mettre en \u0153uvre une heure hebdomadaire de soutien ou d\u2019approfondissement en fran\u00e7ais en 6e<\/p>\n","protected":false},"author":1,"featured_media":6798,"parent":0,"menu_order":0,"comment_status":"closed","ping_status":"closed","template":"","meta":{"footnotes":""},"class_list":["post-6797","page","type-page","status-publish","has-post-thumbnail","czr-hentry"],"_links":{"self":[{"href":"https:\/\/sites.ac-nancy-metz.fr\/lettres\/wp-json\/wp\/v2\/pages\/6797","targetHints":{"allow":["GET"]}}],"collection":[{"href":"https:\/\/sites.ac-nancy-metz.fr\/lettres\/wp-json\/wp\/v2\/pages"}],"about":[{"href":"https:\/\/sites.ac-nancy-metz.fr\/lettres\/wp-json\/wp\/v2\/types\/page"}],"author":[{"embeddable":true,"href":"https:\/\/sites.ac-nancy-metz.fr\/lettres\/wp-json\/wp\/v2\/users\/1"}],"replies":[{"embeddable":true,"href":"https:\/\/sites.ac-nancy-metz.fr\/lettres\/wp-json\/wp\/v2\/comments?post=6797"}],"version-history":[{"count":33,"href":"https:\/\/sites.ac-nancy-metz.fr\/lettres\/wp-json\/wp\/v2\/pages\/6797\/revisions"}],"predecessor-version":[{"id":7841,"href":"https:\/\/sites.ac-nancy-metz.fr\/lettres\/wp-json\/wp\/v2\/pages\/6797\/revisions\/7841"}],"wp:featuredmedia":[{"embeddable":true,"href":"https:\/\/sites.ac-nancy-metz.fr\/lettres\/wp-json\/wp\/v2\/media\/6798"}],"wp:attachment":[{"href":"https:\/\/sites.ac-nancy-metz.fr\/lettres\/wp-json\/wp\/v2\/media?parent=6797"}],"curies":[{"name":"wp","href":"https:\/\/api.w.org\/{rel}","templated":true}]}}