{"id":75,"date":"2018-12-17T21:25:40","date_gmt":"2018-12-17T20:25:40","guid":{"rendered":"http:\/\/www4.ac-nancy-metz.fr\/lettres\/new\/?page_id=75"},"modified":"2025-07-16T11:56:17","modified_gmt":"2025-07-16T09:56:17","slug":"2de-et-1ere","status":"publish","type":"page","link":"https:\/\/sites.ac-nancy-metz.fr\/lettres\/lycee\/2de-et-1ere\/","title":{"rendered":"Seconde et Premi\u00e8re"},"content":{"rendered":"\n<h3 class=\"wp-block-heading has-text-align-left blue-block\">Textes officiels et documents d&rsquo;accompagnement au nouveau programme&nbsp;<\/h3>\n\n\n\n<p>&nbsp;&nbsp;<\/p>\n\n\n\n<div class=\"wp-block-columns has-2-columns shadow-block is-layout-flex wp-container-core-columns-is-layout-9d6595d7 wp-block-columns-is-layout-flex\">\n<div class=\"wp-block-column is-layout-flow wp-block-column-is-layout-flow\"><div class=\"wp-block-image\">\n<figure class=\"alignleft\"><a href=\"https:\/\/www.education.gouv.fr\/bo\/2024\/Hebdo30\/MENE2418442N\"><img loading=\"lazy\" decoding=\"async\" width=\"1024\" height=\"387\" src=\"https:\/\/sites.ac-nancy-metz.fr\/lettres\/wp-content\/uploads\/2022\/01\/BO-programme-1-1024x387.jpg\" alt=\"\" class=\"wp-image-5092\" srcset=\"https:\/\/sites.ac-nancy-metz.fr\/lettres\/wp-content\/uploads\/2022\/01\/BO-programme-1-1024x387.jpg 1024w, https:\/\/sites.ac-nancy-metz.fr\/lettres\/wp-content\/uploads\/2022\/01\/BO-programme-1-300x113.jpg 300w, https:\/\/sites.ac-nancy-metz.fr\/lettres\/wp-content\/uploads\/2022\/01\/BO-programme-1-768x290.jpg 768w, https:\/\/sites.ac-nancy-metz.fr\/lettres\/wp-content\/uploads\/2022\/01\/BO-programme-1.jpg 1496w\" sizes=\"auto, (max-width: 1024px) 100vw, 1024px\" \/><\/a><\/figure>\n<\/div><\/div>\n\n\n\n<div class=\"wp-block-column is-layout-flow wp-block-column-is-layout-flow\">\n<h4 class=\"wp-block-heading\"><strong><a href=\"https:\/\/www.education.gouv.fr\/bo\/2024\/Hebdo30\/MENE2418442N\">Programme national d\u2019\u0153uvres pour l&rsquo;enseignement de fran\u00e7ais pour l&rsquo;ann\u00e9e&nbsp;scolaire 2025-2026<\/a><\/strong><\/h4>\n<\/div>\n<\/div>\n\n\n\n<p>&nbsp; &nbsp;<\/p>\n\n\n\n<ul class=\"wp-block-list shadow-block\">\n<li>\u00c9preuves anticip\u00e9es du baccalaur\u00e9at g\u00e9n\u00e9ral et technologique : <a href=\"https:\/\/sites.ac-nancy-metz.fr\/lettres\/wp-content\/uploads\/2020\/09\/Baccalaureat-general-et-technologique-31-07-2020.pdf\">note de service du 23-7-2020<\/a> et <a href=\"https:\/\/www.education.gouv.fr\/bo\/20\/Special7\/MENE2019312N.htm\">bulletin officiel sp\u00e9cial n\u00b07 du 30 juillet 2020<\/a><\/li>\n\n\n\n<li><a href=\"https:\/\/sites.ac-nancy-metz.fr\/lettres\/wp-content\/uploads\/2020\/09\/Tableau-comparatif-Programmes-de-seconde-et-de-premieres-generales-et-technologiques-2.pdf\"><\/a><a href=\"http:\/\/www4.ac-nancy-metz.fr\/lettres\/lyc\/prog2et1\/Programmes\/Programme_Classes_de_1_G_et_T.pdf\"><\/a>Nouveau programme (BO sp\u00e9cial n\u00b01 du 22 janvier 2019)&nbsp;<a href=\"https:\/\/sites.ac-nancy-metz.fr\/lettres\/wp-content\/uploads\/2023\/06\/programme_sept_2019_2de-1.pdf\">seconde&nbsp;<\/a>;&nbsp;<a href=\"https:\/\/sites.ac-nancy-metz.fr\/lettres\/wp-content\/uploads\/2023\/06\/programme_sept_2019_1ere-1.pdf\">1\u00e8re g\u00e9n\u00e9rale et technologique<\/a><\/li>\n\n\n\n<li><a href=\"https:\/\/sites.ac-nancy-metz.fr\/lettres\/wp-content\/uploads\/2020\/09\/Epreuve-orale-de-francais-fiche-devaluation.pdf\">\u00c9preuve orale de fran\u00e7ais : fiche d&rsquo;\u00e9valuation (BO sp\u00e9cial n\u00b06 du 31-7-2020)<\/a><\/li>\n\n\n\n<li><a href=\"https:\/\/sites.ac-nancy-metz.fr\/lettres\/wp-content\/uploads\/2020\/09\/Competences-Lycee.pdf\">Tableau des comp\u00e9tences en lyc\u00e9e<\/a><\/li>\n\n\n\n<li><a href=\"https:\/\/sites.ac-nancy-metz.fr\/lettres\/?page_id=1093\">\u00c9tude de la langue en seconde et en premi\u00e8re<\/a><\/li>\n\n\n\n<li><a href=\"https:\/\/sites.ac-nancy-metz.fr\/lettres\/wp-content\/uploads\/2023\/06\/Evaluer-en-Lettres-au-lycee.pdf\">Diaporama support du webinaire Lettres autour du projet d&rsquo;\u00e9valuation en Lyc\u00e9e (septembre 21)<\/a><\/li>\n\n\n\n<li><a href=\"https:\/\/sites.ac-nancy-metz.fr\/lettres\/wp-content\/uploads\/2025\/07\/Maquette-corrige-EAF-voie-G.docx\">Maquette corrig\u00e9 EAF voie g\u00e9n\u00e9rale<\/a><\/li>\n\n\n\n<li><a href=\"https:\/\/sites.ac-nancy-metz.fr\/lettres\/wp-content\/uploads\/2025\/07\/Maquette_corrige_EAF_voie-T.docx\">Maquette corrig\u00e9 EAF voie technologique<\/a><\/li>\n<\/ul>\n\n\n\n<p>&nbsp; &nbsp;<\/p>\n\n\n\n<h3 class=\"wp-block-heading has-text-align-center shadow-block\">\u27a0&nbsp;<a href=\"https:\/\/sites.ac-nancy-metz.fr\/lettres\/?page_id=1093\">Etude de la langue au lyc\u00e9e<\/a><\/h3>\n\n\n\n<p>&nbsp; &nbsp;&nbsp;<\/p>\n\n\n\n<h3 class=\"wp-block-heading has-text-align-center\">Progressions annuelles<\/h3>\n\n\n\n<ul class=\"wp-block-list shadow-block\">\n<li><a href=\"https:\/\/sites.ac-nancy-metz.fr\/lettres\/wp-content\/uploads\/2023\/06\/Projet_annee_seconde_travail_collaboratif_version_A-F_S-D.pdf\">Projet ann\u00e9e seconde (exemple 1)<\/a><\/li>\n\n\n\n<li><a href=\"https:\/\/sites.ac-nancy-metz.fr\/lettres\/wp-content\/uploads\/2023\/06\/Projet_annuel_Seconde_MHT.pdf\">Projet ann\u00e9e seconde (exemple 2)<\/a><\/li>\n\n\n\n<li><a href=\"https:\/\/sites.ac-nancy-metz.fr\/lettres\/wp-content\/uploads\/2019\/12\/Progression-seconde-collaborative-readaptee-A-F-S-D.pdf\">Projet ann\u00e9e seconde (exemple 3).<\/a><\/li>\n\n\n\n<li><a href=\"https:\/\/sites.ac-nancy-metz.fr\/lettres\/wp-content\/uploads\/2019\/12\/progr-apprentissage-dissertation-seconde-collaboratif.pdf\">La dissertation en seconde : progressivit\u00e9 des apprentissages<\/a><\/li>\n\n\n\n<li><a href=\"https:\/\/sites.ac-nancy-metz.fr\/lettres\/wp-content\/uploads\/2023\/06\/projet-annuel-1ere_calendrier.pdf\">Projet ann\u00e9e premi\u00e8re<\/a><\/li>\n<\/ul>\n\n\n\n<h3 class=\"wp-block-heading has-text-align-center\">Construction des s\u00e9quences<\/h3>\n\n\n\n<h4 class=\"wp-block-heading\">Seconde<\/h4>\n\n\n\n<ul class=\"wp-block-list shadow-block\">\n<li><a href=\"https:\/\/sites.ac-nancy-metz.fr\/lettres\/wp-content\/uploads\/2023\/06\/SEQUENCE_3_La_Bete_humaine_A-F_S-D.pdf\">Le roman et le r\u00e9cit du XVIIIe au XXIe si\u00e8cle : La b\u00eate humaine<\/a><\/li>\n\n\n\n<li><a href=\"https:\/\/sites.ac-nancy-metz.fr\/lettres\/wp-content\/uploads\/2023\/06\/SEQUENCE-3_La_Bete_humaine_version_simplifiee_A-F_S-D.pdf\">Le roman et le r\u00e9cit du XVIIIe au XXIe si\u00e8cle : La b\u00eate humaine (version simplifi\u00e9e)<\/a><\/li>\n\n\n\n<li><a href=\"https:\/\/sites.ac-nancy-metz.fr\/lettres\/wp-content\/uploads\/2023\/06\/Sequence_Litt_idees_Seconde_MHT.pdf\">La litt\u00e9rature d&rsquo;id\u00e9es et la presse du XIXe si\u00e8cle au XXIe si\u00e8cle : parcours-d\u00e9bat d&rsquo;id\u00e9es \u00ab\u00a0faire bouger les fronti\u00e8res de la pens\u00e9e\u00a0\u00bb<\/a><\/li>\n<\/ul>\n\n\n\n<h3 class=\"wp-block-heading has-text-align-center shadow-block\"><br><a href=\"https:\/\/sites.ac-nancy-metz.fr\/lettres\/wp-content\/uploads\/2023\/03\/Ressources-numeriques-Lettres-v2.pdf\">\ufeff<\/a>\u27a0<a href=\"https:\/\/sites.ac-nancy-metz.fr\/lettres\/wp-content\/uploads\/2023\/03\/Ressources-numeriques-Lettres-v2.pdf\">Ressources num\u00e9riques pour l&rsquo;enseignement des lettres au lyc\u00e9e<\/a><\/h3>\n\n\n\n<div class=\"wp-block-columns has-2-columns shadow-block is-layout-flex wp-container-core-columns-is-layout-9d6595d7 wp-block-columns-is-layout-flex\">\n<div class=\"wp-block-column is-layout-flow wp-block-column-is-layout-flow\">\n<figure class=\"wp-block-image\"><a href=\"https:\/\/sites.ac-nancy-metz.fr\/lettres\/wp-content\/uploads\/2023\/03\/Ressources-numeriques-Lettres-v2.pdf\"><img loading=\"lazy\" decoding=\"async\" width=\"1024\" height=\"574\" src=\"https:\/\/sites.ac-nancy-metz.fr\/lettres\/wp-content\/uploads\/2023\/03\/Ressources-lettres-lycee2-1-1024x574.jpg\" alt=\"\" class=\"wp-image-5907\" srcset=\"https:\/\/sites.ac-nancy-metz.fr\/lettres\/wp-content\/uploads\/2023\/03\/Ressources-lettres-lycee2-1-1024x574.jpg 1024w, https:\/\/sites.ac-nancy-metz.fr\/lettres\/wp-content\/uploads\/2023\/03\/Ressources-lettres-lycee2-1-300x168.jpg 300w, https:\/\/sites.ac-nancy-metz.fr\/lettres\/wp-content\/uploads\/2023\/03\/Ressources-lettres-lycee2-1-768x431.jpg 768w, https:\/\/sites.ac-nancy-metz.fr\/lettres\/wp-content\/uploads\/2023\/03\/Ressources-lettres-lycee2-1-1536x861.jpg 1536w, https:\/\/sites.ac-nancy-metz.fr\/lettres\/wp-content\/uploads\/2023\/03\/Ressources-lettres-lycee2-1-2048x1148.jpg 2048w\" sizes=\"auto, (max-width: 1024px) 100vw, 1024px\" \/><\/a><\/figure>\n<\/div>\n\n\n\n<div class=\"wp-block-column is-layout-flow wp-block-column-is-layout-flow\">\n<figure class=\"wp-block-image\"><a href=\"https:\/\/sites.ac-nancy-metz.fr\/lettres\/wp-content\/uploads\/2023\/03\/Ressources-numeriques-Lettres-v2.pdf\"><img loading=\"lazy\" decoding=\"async\" width=\"1024\" height=\"568\" src=\"https:\/\/sites.ac-nancy-metz.fr\/lettres\/wp-content\/uploads\/2023\/03\/Ressources-lettres-lycee-1-1024x568.jpg\" alt=\"\" class=\"wp-image-5908\" srcset=\"https:\/\/sites.ac-nancy-metz.fr\/lettres\/wp-content\/uploads\/2023\/03\/Ressources-lettres-lycee-1-1024x568.jpg 1024w, https:\/\/sites.ac-nancy-metz.fr\/lettres\/wp-content\/uploads\/2023\/03\/Ressources-lettres-lycee-1-300x166.jpg 300w, https:\/\/sites.ac-nancy-metz.fr\/lettres\/wp-content\/uploads\/2023\/03\/Ressources-lettres-lycee-1-768x426.jpg 768w, https:\/\/sites.ac-nancy-metz.fr\/lettres\/wp-content\/uploads\/2023\/03\/Ressources-lettres-lycee-1-1536x851.jpg 1536w, https:\/\/sites.ac-nancy-metz.fr\/lettres\/wp-content\/uploads\/2023\/03\/Ressources-lettres-lycee-1-2048x1135.jpg 2048w\" sizes=\"auto, (max-width: 1024px) 100vw, 1024px\" \/><\/a><\/figure>\n<\/div>\n<\/div>\n","protected":false},"excerpt":{"rendered":"<p>Textes officiels et documents d&rsquo;accompagnement au nouveau programme&nbsp; &nbsp;&nbsp; Programme national d\u2019\u0153uvres pour l&rsquo;enseignement de fran\u00e7ais pour l&rsquo;ann\u00e9e&nbsp;scolaire 2025-2026 &nbsp; &nbsp; &nbsp; &nbsp; \u27a0&nbsp;Etude de la langue au lyc\u00e9e &nbsp; &nbsp;&nbsp; Progressions annuelles Construction des s\u00e9quences Seconde \ufeff\u27a0Ressources num\u00e9riques pour l&rsquo;enseignement des lettres au lyc\u00e9e<\/p>\n","protected":false},"author":1,"featured_media":467,"parent":12,"menu_order":0,"comment_status":"closed","ping_status":"closed","template":"","meta":{"footnotes":""},"class_list":["post-75","page","type-page","status-publish","has-post-thumbnail","czr-hentry"],"_links":{"self":[{"href":"https:\/\/sites.ac-nancy-metz.fr\/lettres\/wp-json\/wp\/v2\/pages\/75","targetHints":{"allow":["GET"]}}],"collection":[{"href":"https:\/\/sites.ac-nancy-metz.fr\/lettres\/wp-json\/wp\/v2\/pages"}],"about":[{"href":"https:\/\/sites.ac-nancy-metz.fr\/lettres\/wp-json\/wp\/v2\/types\/page"}],"author":[{"embeddable":true,"href":"https:\/\/sites.ac-nancy-metz.fr\/lettres\/wp-json\/wp\/v2\/users\/1"}],"replies":[{"embeddable":true,"href":"https:\/\/sites.ac-nancy-metz.fr\/lettres\/wp-json\/wp\/v2\/comments?post=75"}],"version-history":[{"count":7,"href":"https:\/\/sites.ac-nancy-metz.fr\/lettres\/wp-json\/wp\/v2\/pages\/75\/revisions"}],"predecessor-version":[{"id":10284,"href":"https:\/\/sites.ac-nancy-metz.fr\/lettres\/wp-json\/wp\/v2\/pages\/75\/revisions\/10284"}],"up":[{"embeddable":true,"href":"https:\/\/sites.ac-nancy-metz.fr\/lettres\/wp-json\/wp\/v2\/pages\/12"}],"wp:featuredmedia":[{"embeddable":true,"href":"https:\/\/sites.ac-nancy-metz.fr\/lettres\/wp-json\/wp\/v2\/media\/467"}],"wp:attachment":[{"href":"https:\/\/sites.ac-nancy-metz.fr\/lettres\/wp-json\/wp\/v2\/media?parent=75"}],"curies":[{"name":"wp","href":"https:\/\/api.w.org\/{rel}","templated":true}]}}