{"id":7851,"date":"2024-08-28T14:42:51","date_gmt":"2024-08-28T12:42:51","guid":{"rendered":"https:\/\/sites.ac-nancy-metz.fr\/lettres\/?page_id=7851"},"modified":"2024-08-28T14:42:51","modified_gmt":"2024-08-28T12:42:51","slug":"archives-bts","status":"publish","type":"page","link":"https:\/\/sites.ac-nancy-metz.fr\/lettres\/archives-bts\/","title":{"rendered":"Archives &#8211; BTS"},"content":{"rendered":"\n<ul class=\"wp-block-list\">\n<li><a href=\"https:\/\/sites.ac-nancy-metz.fr\/lettres\/wp-content\/uploads\/2023\/06\/BTS_interacademiques2005-2006.pdf\">Compte rendu des r\u00e9unions interacad\u00e9miques 2005-2006<\/a><\/li>\n\n\n\n<li><a href=\"https:\/\/sites.ac-nancy-metz.fr\/lettres\/wp-content\/uploads\/2023\/06\/BTS_maitrise_de_la_langue-Besancon.pdf\">Ma\u00eetrise de la langue (Acad\u00e9mie de Besan\u00e7on)<\/a><\/li>\n\n\n\n<li><a href=\"https:\/\/sites.ac-nancy-metz.fr\/lettres\/wp-content\/uploads\/2023\/06\/Bulletin_officiel_no47_du_21_decembre_2006_-_Objectifs_contenus_de_l_enseignement_et_referentiel_des_capacites_du_domaine_de_la_culture_generale_et_expression_pour_le_BTS.pdf\">Objectifs, contenus de l&rsquo;enseignement et r\u00e9f\u00e9rentiel des capacit\u00e9s du domaine de la culture g\u00e9n\u00e9rale et expression pour le BTS (Bulletin officiel n\u00b047 du 21 d\u00e9cembre 2006)<\/a><\/li>\n\n\n\n<li><a href=\"https:\/\/sites.ac-nancy-metz.fr\/lettres\/wp-content\/uploads\/2023\/06\/charte_des_examinateurs-bts.pdf\">Charte des examinateurs pour l&rsquo;\u00e9preuve de culture g\u00e9n\u00e9rale et expression au BTS<\/a><\/li>\n\n\n\n<li><a href=\"https:\/\/sites.ac-nancy-metz.fr\/lettres\/wp-content\/uploads\/2023\/06\/Compte_rendu_reunion_BTS__Paris_19_04_2012.pdf\">La r\u00e9novation des BTS et les passerelles entre la voie professionnelle et les BTS (Compte rendu de r\u00e9union)<\/a><\/li>\n\n\n\n<li><a href=\"https:\/\/sites.ac-nancy-metz.fr\/lettres\/wp-content\/uploads\/2023\/06\/Note_inspection_generale_modularisation.pdf\">Note de l&rsquo;inspection g\u00e9n\u00e9rale : modularisation<\/a><\/li>\n\n\n\n<li><a href=\"https:\/\/sites.ac-nancy-metz.fr\/lettres\/wp-content\/uploads\/2023\/06\/point_modularisation_BTS.pdf\">La modularisation<\/a><\/li>\n<\/ul>\n\n\n\n<p><\/p>\n","protected":false},"excerpt":{"rendered":"","protected":false},"author":1,"featured_media":0,"parent":0,"menu_order":0,"comment_status":"closed","ping_status":"closed","template":"","meta":{"footnotes":""},"class_list":["post-7851","page","type-page","status-publish","czr-hentry"],"_links":{"self":[{"href":"https:\/\/sites.ac-nancy-metz.fr\/lettres\/wp-json\/wp\/v2\/pages\/7851","targetHints":{"allow":["GET"]}}],"collection":[{"href":"https:\/\/sites.ac-nancy-metz.fr\/lettres\/wp-json\/wp\/v2\/pages"}],"about":[{"href":"https:\/\/sites.ac-nancy-metz.fr\/lettres\/wp-json\/wp\/v2\/types\/page"}],"author":[{"embeddable":true,"href":"https:\/\/sites.ac-nancy-metz.fr\/lettres\/wp-json\/wp\/v2\/users\/1"}],"replies":[{"embeddable":true,"href":"https:\/\/sites.ac-nancy-metz.fr\/lettres\/wp-json\/wp\/v2\/comments?post=7851"}],"version-history":[{"count":1,"href":"https:\/\/sites.ac-nancy-metz.fr\/lettres\/wp-json\/wp\/v2\/pages\/7851\/revisions"}],"predecessor-version":[{"id":7852,"href":"https:\/\/sites.ac-nancy-metz.fr\/lettres\/wp-json\/wp\/v2\/pages\/7851\/revisions\/7852"}],"wp:attachment":[{"href":"https:\/\/sites.ac-nancy-metz.fr\/lettres\/wp-json\/wp\/v2\/media?parent=7851"}],"curies":[{"name":"wp","href":"https:\/\/api.w.org\/{rel}","templated":true}]}}