{"id":85,"date":"2018-12-17T21:32:28","date_gmt":"2018-12-17T20:32:28","guid":{"rendered":"http:\/\/www4.ac-nancy-metz.fr\/lettres\/new\/?page_id=85"},"modified":"2025-03-14T14:02:37","modified_gmt":"2025-03-14T13:02:37","slug":"documents-de-cadrage","status":"publish","type":"page","link":"https:\/\/sites.ac-nancy-metz.fr\/lettres\/bts\/documents-de-cadrage\/","title":{"rendered":"Documents de cadrage"},"content":{"rendered":"\n<p>Le JORF du 4 ao\u00fbt 2023 a publi\u00e9 l\u2019arr\u00eat\u00e9 du 13 juillet 2023 relatif aux objectifs et contenus de l\u2019enseignement de culture g\u00e9n\u00e9rale et expression, aux comp\u00e9tences travaill\u00e9es et \u00e0 la d\u00e9finition de l\u2019\u00e9preuve de culture g\u00e9n\u00e9rale et expression du brevet de technicien sup\u00e9rieur&nbsp;:&nbsp;<a href=\"https:\/\/www.legifrance.gouv.fr\/jorf\/id\/JORFTEXT000047915248\">https:\/\/www.legifrance.gouv.fr\/jorf\/id\/JORFTEXT000047915248<\/a><\/p>\n\n\n\n<p>L\u2019\u00e9volution de l\u2019\u00e9preuve de Culture g\u00e9n\u00e9rale et expression en BTS implique d\u00e9sormais :<\/p>\n\n\n\n<ul class=\"wp-block-list\">\n<li><strong>la disparition de la synth\u00e8se de document\u00a0<u>\u00e0 compter de la session 2025<\/u><\/strong>\u00a0;<\/li>\n\n\n\n<li>\u00a0<strong>un seul th\u00e8me d\u2019\u00e9tude en seconde ann\u00e9e \u2013 renouvel\u00e9 annuellement<\/strong>\u00a0\u2013, mais plus de th\u00e8me en premi\u00e8re ann\u00e9e au cours de laquelle les professeurs concern\u00e9s disposeront d\u2019une latitude accrue pour\u00a0<strong>travailler le d\u00e9veloppement, la rem\u00e9diation, l\u2019approfondissement des connaissances et des comp\u00e9tences de lecture\/compr\u00e9hension, d\u2019expression, d\u2019\u00e9criture des \u00e9l\u00e8ves ;<\/strong><\/li>\n\n\n\n<li><strong>des progressions ax\u00e9es sur l\u2019appropriation des textes et la compr\u00e9hension, l\u2019\u00e9criture, l\u2019ouverture cr\u00e9ative, la culture g\u00e9n\u00e9rale, la diversification des exercices,\u00a0<u>non exclusivement centr\u00e9s sur la pr\u00e9paration \u00e0 l\u2019avance des \u00e9preuves<\/u><\/strong>\u00a0;<\/li>\n\n\n\n<li><strong>une \u00e9preuve de contr\u00f4le final qui s\u2019inscrit dans la continuit\u00e9 de celle du baccalaur\u00e9at professionnel,\u00a0<\/strong>notamment en ce qui concerne les comp\u00e9tences d\u2019\u00e9criture,\u00a0<strong>et du baccalaur\u00e9at technologique,\u00a0<\/strong>avec l\u2019exercice de l\u2019essai. Elle pr\u00e9sente bien s\u00fbr un palier en mati\u00e8re d\u2019exigence, dans la r\u00e9flexion attendue, le d\u00e9veloppement des r\u00e9ponses et la finesse des r\u00e9f\u00e9rences.<\/li>\n<\/ul>\n\n\n\n<p><strong><a href=\"https:\/\/sites.ac-nancy-metz.fr\/lettres\/wp-content\/uploads\/2023\/09\/DANS-MA-MAISON-Sujet-0.pdf\">Vous trouverez ci-joint un sujet 0<\/a><\/strong><\/p>\n\n\n\n<p><\/p>\n\n\n\n<h2 class=\"wp-block-heading\"><a href=\"https:\/\/sites.ac-nancy-metz.fr\/lettres\/archives-bts\/\">Archives<\/a><\/h2>\n\n\n\n<p><\/p>\n","protected":false},"excerpt":{"rendered":"<p>Le JORF du 4 ao\u00fbt 2023 a publi\u00e9 l\u2019arr\u00eat\u00e9 du 13 juillet 2023 relatif aux objectifs et contenus de l\u2019enseignement de culture g\u00e9n\u00e9rale et expression, aux comp\u00e9tences travaill\u00e9es et \u00e0 la d\u00e9finition de l\u2019\u00e9preuve de culture g\u00e9n\u00e9rale et expression du brevet de technicien sup\u00e9rieur&nbsp;:&nbsp;https:\/\/www.legifrance.gouv.fr\/jorf\/id\/JORFTEXT000047915248 L\u2019\u00e9volution de l\u2019\u00e9preuve de Culture g\u00e9n\u00e9rale et expression en BTS implique [&hellip;]<\/p>\n","protected":false},"author":1,"featured_media":8554,"parent":50,"menu_order":0,"comment_status":"closed","ping_status":"closed","template":"","meta":{"footnotes":""},"class_list":["post-85","page","type-page","status-publish","has-post-thumbnail","czr-hentry"],"_links":{"self":[{"href":"https:\/\/sites.ac-nancy-metz.fr\/lettres\/wp-json\/wp\/v2\/pages\/85","targetHints":{"allow":["GET"]}}],"collection":[{"href":"https:\/\/sites.ac-nancy-metz.fr\/lettres\/wp-json\/wp\/v2\/pages"}],"about":[{"href":"https:\/\/sites.ac-nancy-metz.fr\/lettres\/wp-json\/wp\/v2\/types\/page"}],"author":[{"embeddable":true,"href":"https:\/\/sites.ac-nancy-metz.fr\/lettres\/wp-json\/wp\/v2\/users\/1"}],"replies":[{"embeddable":true,"href":"https:\/\/sites.ac-nancy-metz.fr\/lettres\/wp-json\/wp\/v2\/comments?post=85"}],"version-history":[{"count":4,"href":"https:\/\/sites.ac-nancy-metz.fr\/lettres\/wp-json\/wp\/v2\/pages\/85\/revisions"}],"predecessor-version":[{"id":7856,"href":"https:\/\/sites.ac-nancy-metz.fr\/lettres\/wp-json\/wp\/v2\/pages\/85\/revisions\/7856"}],"up":[{"embeddable":true,"href":"https:\/\/sites.ac-nancy-metz.fr\/lettres\/wp-json\/wp\/v2\/pages\/50"}],"wp:featuredmedia":[{"embeddable":true,"href":"https:\/\/sites.ac-nancy-metz.fr\/lettres\/wp-json\/wp\/v2\/media\/8554"}],"wp:attachment":[{"href":"https:\/\/sites.ac-nancy-metz.fr\/lettres\/wp-json\/wp\/v2\/media?parent=85"}],"curies":[{"name":"wp","href":"https:\/\/api.w.org\/{rel}","templated":true}]}}