{"id":8740,"date":"2025-04-22T07:20:46","date_gmt":"2025-04-22T05:20:46","guid":{"rendered":"https:\/\/sites.ac-nancy-metz.fr\/lettres\/?page_id=8740"},"modified":"2025-09-17T14:13:31","modified_gmt":"2025-09-17T12:13:31","slug":"bulletin-des-lettres","status":"publish","type":"page","link":"https:\/\/sites.ac-nancy-metz.fr\/lettres\/bulletin-des-lettres\/","title":{"rendered":"Bulletin des lettres"},"content":{"rendered":"\n<ul class=\"wp-block-list\">\n<li><a href=\"https:\/\/sites.ac-nancy-metz.fr\/lettres\/wp-content\/uploads\/2025\/09\/BULLETIN-DES-LETTRES-2.pdf\">Num\u00e9ro 2 &#8211; septembre 2025 &#8211; Expression \u00e9crite et orale<\/a><\/li>\n\n\n\n<li><a href=\"https:\/\/sites.ac-nancy-metz.fr\/lettres\/wp-content\/uploads\/2025\/04\/Bulletin-des-Lettres-1.pdf\">Num\u00e9ro 1 &#8211; avril 2025 &#8211; La diff\u00e9renciation p\u00e9dagogique<\/a><\/li>\n<\/ul>\n\n\n\n<p><\/p>\n","protected":false},"excerpt":{"rendered":"","protected":false},"author":1,"featured_media":0,"parent":0,"menu_order":0,"comment_status":"closed","ping_status":"closed","template":"","meta":{"footnotes":""},"class_list":["post-8740","page","type-page","status-publish","czr-hentry"],"_links":{"self":[{"href":"https:\/\/sites.ac-nancy-metz.fr\/lettres\/wp-json\/wp\/v2\/pages\/8740","targetHints":{"allow":["GET"]}}],"collection":[{"href":"https:\/\/sites.ac-nancy-metz.fr\/lettres\/wp-json\/wp\/v2\/pages"}],"about":[{"href":"https:\/\/sites.ac-nancy-metz.fr\/lettres\/wp-json\/wp\/v2\/types\/page"}],"author":[{"embeddable":true,"href":"https:\/\/sites.ac-nancy-metz.fr\/lettres\/wp-json\/wp\/v2\/users\/1"}],"replies":[{"embeddable":true,"href":"https:\/\/sites.ac-nancy-metz.fr\/lettres\/wp-json\/wp\/v2\/comments?post=8740"}],"version-history":[{"count":5,"href":"https:\/\/sites.ac-nancy-metz.fr\/lettres\/wp-json\/wp\/v2\/pages\/8740\/revisions"}],"predecessor-version":[{"id":10371,"href":"https:\/\/sites.ac-nancy-metz.fr\/lettres\/wp-json\/wp\/v2\/pages\/8740\/revisions\/10371"}],"wp:attachment":[{"href":"https:\/\/sites.ac-nancy-metz.fr\/lettres\/wp-json\/wp\/v2\/media?parent=8740"}],"curies":[{"name":"wp","href":"https:\/\/api.w.org\/{rel}","templated":true}]}}