{"id":91,"date":"2018-12-17T21:43:27","date_gmt":"2018-12-17T20:43:27","guid":{"rendered":"http:\/\/www4.ac-nancy-metz.fr\/lettres\/new\/?page_id=91"},"modified":"2018-12-17T21:43:27","modified_gmt":"2018-12-17T20:43:27","slug":"exemples","status":"publish","type":"page","link":"https:\/\/sites.ac-nancy-metz.fr\/lettres\/numerique\/exemples\/","title":{"rendered":"Num\u00e9rique"},"content":{"rendered":"\n<h2 class=\"wp-block-heading\">Des outils num\u00e9riques&nbsp;pour le cours de lettres<\/h2>\n\n\n\n<figure><iframe loading=\"lazy\" src=\"https:\/\/embed.coggle.it\/diagram\/Vt_naT9kC8o94JBC\/31579199d061ccc744a8672facc2dc303020c48a9d6e609df04e8c18b84b6439\" allowfullscreen=\"\" width=\"853\" height=\"480\"><\/iframe><\/figure>\n\n\n\n<figure class=\"wp-block-image\"><a href=\"https:\/\/www.edutheque.fr\/accueil.html\"><img loading=\"lazy\" decoding=\"async\" width=\"1024\" height=\"723\" src=\"https:\/\/sites.ac-nancy-metz.fr\/lettres\/wp-content\/uploads\/2020\/03\/1-COUP_DE_POUCE_Formation-poesie-1-1024x723.jpg\" alt=\"\" class=\"wp-image-2907\" srcset=\"https:\/\/sites.ac-nancy-metz.fr\/lettres\/wp-content\/uploads\/2020\/03\/1-COUP_DE_POUCE_Formation-poesie-1-1024x723.jpg 1024w, https:\/\/sites.ac-nancy-metz.fr\/lettres\/wp-content\/uploads\/2020\/03\/1-COUP_DE_POUCE_Formation-poesie-1-300x212.jpg 300w, https:\/\/sites.ac-nancy-metz.fr\/lettres\/wp-content\/uploads\/2020\/03\/1-COUP_DE_POUCE_Formation-poesie-1-768x543.jpg 768w, https:\/\/sites.ac-nancy-metz.fr\/lettres\/wp-content\/uploads\/2020\/03\/1-COUP_DE_POUCE_Formation-poesie-1-1536x1085.jpg 1536w, https:\/\/sites.ac-nancy-metz.fr\/lettres\/wp-content\/uploads\/2020\/03\/1-COUP_DE_POUCE_Formation-poesie-1.jpg 1754w\" sizes=\"auto, (max-width: 1024px) 100vw, 1024px\" \/><\/a><\/figure>\n\n\n\n<figure class=\"wp-block-image\"><a href=\"https:\/\/framapad.org\/fr\/\"><img loading=\"lazy\" decoding=\"async\" width=\"1024\" height=\"723\" src=\"https:\/\/sites.ac-nancy-metz.fr\/lettres\/wp-content\/uploads\/2020\/03\/2-COUP_DE_POUCE_Formation-1-1024x723.jpg\" alt=\"\" class=\"wp-image-2908\" srcset=\"https:\/\/sites.ac-nancy-metz.fr\/lettres\/wp-content\/uploads\/2020\/03\/2-COUP_DE_POUCE_Formation-1-1024x723.jpg 1024w, https:\/\/sites.ac-nancy-metz.fr\/lettres\/wp-content\/uploads\/2020\/03\/2-COUP_DE_POUCE_Formation-1-300x212.jpg 300w, https:\/\/sites.ac-nancy-metz.fr\/lettres\/wp-content\/uploads\/2020\/03\/2-COUP_DE_POUCE_Formation-1-768x543.jpg 768w, https:\/\/sites.ac-nancy-metz.fr\/lettres\/wp-content\/uploads\/2020\/03\/2-COUP_DE_POUCE_Formation-1-1536x1085.jpg 1536w, https:\/\/sites.ac-nancy-metz.fr\/lettres\/wp-content\/uploads\/2020\/03\/2-COUP_DE_POUCE_Formation-1.jpg 1754w\" sizes=\"auto, (max-width: 1024px) 100vw, 1024px\" \/><\/a><\/figure>\n\n\n\n<figure class=\"wp-block-image\"><a href=\"https:\/\/quizlet.com\"><img loading=\"lazy\" decoding=\"async\" width=\"1024\" height=\"723\" src=\"https:\/\/sites.ac-nancy-metz.fr\/lettres\/wp-content\/uploads\/2020\/03\/3-COUP_DE_POUCE_Formation-1-1024x723.jpg\" alt=\"\" class=\"wp-image-2909\" srcset=\"https:\/\/sites.ac-nancy-metz.fr\/lettres\/wp-content\/uploads\/2020\/03\/3-COUP_DE_POUCE_Formation-1-1024x723.jpg 1024w, https:\/\/sites.ac-nancy-metz.fr\/lettres\/wp-content\/uploads\/2020\/03\/3-COUP_DE_POUCE_Formation-1-300x212.jpg 300w, https:\/\/sites.ac-nancy-metz.fr\/lettres\/wp-content\/uploads\/2020\/03\/3-COUP_DE_POUCE_Formation-1-768x543.jpg 768w, https:\/\/sites.ac-nancy-metz.fr\/lettres\/wp-content\/uploads\/2020\/03\/3-COUP_DE_POUCE_Formation-1-1536x1085.jpg 1536w, https:\/\/sites.ac-nancy-metz.fr\/lettres\/wp-content\/uploads\/2020\/03\/3-COUP_DE_POUCE_Formation-1.jpg 1754w\" sizes=\"auto, (max-width: 1024px) 100vw, 1024px\" \/><\/a><\/figure>\n\n\n\n<figure class=\"wp-block-image\"><a href=\"https:\/\/learningapps.org\/home.php\"><img loading=\"lazy\" decoding=\"async\" width=\"1024\" height=\"723\" src=\"https:\/\/sites.ac-nancy-metz.fr\/lettres\/wp-content\/uploads\/2020\/03\/4-COUP_DE_POUCE_Formation-2-1024x723.jpg\" alt=\"\" class=\"wp-image-2910\" srcset=\"https:\/\/sites.ac-nancy-metz.fr\/lettres\/wp-content\/uploads\/2020\/03\/4-COUP_DE_POUCE_Formation-2-1024x723.jpg 1024w, https:\/\/sites.ac-nancy-metz.fr\/lettres\/wp-content\/uploads\/2020\/03\/4-COUP_DE_POUCE_Formation-2-300x212.jpg 300w, https:\/\/sites.ac-nancy-metz.fr\/lettres\/wp-content\/uploads\/2020\/03\/4-COUP_DE_POUCE_Formation-2-768x543.jpg 768w, https:\/\/sites.ac-nancy-metz.fr\/lettres\/wp-content\/uploads\/2020\/03\/4-COUP_DE_POUCE_Formation-2-1536x1085.jpg 1536w, https:\/\/sites.ac-nancy-metz.fr\/lettres\/wp-content\/uploads\/2020\/03\/4-COUP_DE_POUCE_Formation-2.jpg 1754w\" sizes=\"auto, (max-width: 1024px) 100vw, 1024px\" \/><\/a><\/figure>\n\n\n\n<figure class=\"wp-block-image\"><a href=\"https:\/\/wordart.com\/\"><img loading=\"lazy\" decoding=\"async\" width=\"1024\" height=\"723\" src=\"https:\/\/sites.ac-nancy-metz.fr\/lettres\/wp-content\/uploads\/2020\/03\/5-COUP_DE_POUCE_Formation-1-1024x723.jpg\" alt=\"\" class=\"wp-image-2911\" srcset=\"https:\/\/sites.ac-nancy-metz.fr\/lettres\/wp-content\/uploads\/2020\/03\/5-COUP_DE_POUCE_Formation-1-1024x723.jpg 1024w, https:\/\/sites.ac-nancy-metz.fr\/lettres\/wp-content\/uploads\/2020\/03\/5-COUP_DE_POUCE_Formation-1-300x212.jpg 300w, https:\/\/sites.ac-nancy-metz.fr\/lettres\/wp-content\/uploads\/2020\/03\/5-COUP_DE_POUCE_Formation-1-768x543.jpg 768w, https:\/\/sites.ac-nancy-metz.fr\/lettres\/wp-content\/uploads\/2020\/03\/5-COUP_DE_POUCE_Formation-1-1536x1085.jpg 1536w, https:\/\/sites.ac-nancy-metz.fr\/lettres\/wp-content\/uploads\/2020\/03\/5-COUP_DE_POUCE_Formation-1.jpg 1754w\" sizes=\"auto, (max-width: 1024px) 100vw, 1024px\" \/><\/a><\/figure>\n\n\n\n<figure class=\"wp-block-image\"><img loading=\"lazy\" decoding=\"async\" width=\"1024\" height=\"723\" src=\"https:\/\/sites.ac-nancy-metz.fr\/lettres\/wp-content\/uploads\/2020\/03\/6-COUP_DE_POUCE_Formation-1-1024x723.jpg\" alt=\"\" class=\"wp-image-2912\" srcset=\"https:\/\/sites.ac-nancy-metz.fr\/lettres\/wp-content\/uploads\/2020\/03\/6-COUP_DE_POUCE_Formation-1-1024x723.jpg 1024w, https:\/\/sites.ac-nancy-metz.fr\/lettres\/wp-content\/uploads\/2020\/03\/6-COUP_DE_POUCE_Formation-1-300x212.jpg 300w, https:\/\/sites.ac-nancy-metz.fr\/lettres\/wp-content\/uploads\/2020\/03\/6-COUP_DE_POUCE_Formation-1-768x543.jpg 768w, https:\/\/sites.ac-nancy-metz.fr\/lettres\/wp-content\/uploads\/2020\/03\/6-COUP_DE_POUCE_Formation-1-1536x1085.jpg 1536w, https:\/\/sites.ac-nancy-metz.fr\/lettres\/wp-content\/uploads\/2020\/03\/6-COUP_DE_POUCE_Formation-1.jpg 1754w\" sizes=\"auto, (max-width: 1024px) 100vw, 1024px\" \/><\/figure>\n\n\n\n<h2 class=\"wp-block-heading\">Exemple d&rsquo;activit\u00e9<\/h2>\n\n\n\n<ul class=\"wp-block-list\"><li><a href=\"http:\/\/www4.ac-nancy-metz.fr\/lettres\/new\/2020\/03\/14\/lettres-et-numerique-accompagner-la-decouverte-des-personnages-dans-lacte-i-scene-1-de-phedre\/\"><strong>Accompagner la d\u00e9couverte des personnages dans l&rsquo;acte I, sc\u00e8ne 1 de&nbsp;<\/strong><\/a><em><a href=\"http:\/\/www4.ac-nancy-metz.fr\/lettres\/new\/2020\/03\/14\/lettres-et-numerique-accompagner-la-decouverte-des-personnages-dans-lacte-i-scene-1-de-phedre\/\"><strong>Ph\u00e8dre.<\/strong><\/a><\/em><\/li><\/ul>\n\n\n\n<div class=\"wp-block-image blue-block\"><figure class=\"aligncenter is-resized\"><a href=\"http:\/\/www4.ac-nancy-metz.fr\/lettres\/new\/2020\/03\/14\/lettres-et-numerique-accompagner-la-decouverte-des-personnages-dans-lacte-i-scene-1-de-phedre\/\"><img loading=\"lazy\" decoding=\"async\" src=\"https:\/\/sites.ac-nancy-metz.fr\/lettres\/wp-content\/uploads\/2020\/03\/Capture-2.jpg\" alt=\"\" class=\"wp-image-2806\" width=\"708\" height=\"436\" srcset=\"https:\/\/sites.ac-nancy-metz.fr\/lettres\/wp-content\/uploads\/2020\/03\/Capture-2.jpg 703w, https:\/\/sites.ac-nancy-metz.fr\/lettres\/wp-content\/uploads\/2020\/03\/Capture-2-300x185.jpg 300w\" sizes=\"auto, (max-width: 708px) 100vw, 708px\" \/><\/a><figcaption>Activit\u00e9 r\u00e9alis\u00e9e avec la fonctionnalit\u00e9 \u00ab\u00a0vid\u00e9o interactive\u00a0\u00bb int\u00e9gr\u00e9e \u00e0 l&rsquo;exerciseur de Mon Bureau Num\u00e9rique.&nbsp;<br><\/figcaption><\/figure><\/div>\n\n\n\n<p><\/p>\n\n\n\n<h2 class=\"wp-block-heading\"><strong>Quelles approches ?<\/strong><\/h2>\n\n\n\n<h3 class=\"wp-block-heading\">Des ressources acad\u00e9miques<\/h3>\n\n\n\n<figure><iframe loading=\"lazy\" src=\"https:\/\/view.genial.ly\/5a957dfab4f4dd1fc9faa732\" allowfullscreen=\"true\" width=\"1200px\" height=\"675px\"><\/iframe><\/figure>\n\n\n\n<p style=\"text-align:center\" class=\"has-background has-very-light-gray-background-color\"><strong><em><a href=\"http:\/\/www4.ac-nancy-metz.fr\/lettres\/new\/2019\/09\/11\/comment-utiliser-lytext-exemples-de-scenarii\/\">Sc\u00e9narios p\u00e9dagogiques avec LyText<\/a><\/em><\/strong><\/p>\n\n\n\n<h3 class=\"wp-block-heading\">Des ressources nationales<\/h3>\n\n\n\n<p><strong>\u00c9duth\u00e8que &#8211; Un portail de ressources num\u00e9riques p\u00e9dagogiques<\/strong><br><br>Le portail \u00c9duth\u00e8que fournit librement aux enseignants une offre de ressources num\u00e9riques p\u00e9dagogiques de grands \u00e9tablissements publics \u00e0 caract\u00e8re culturel et scientifique avec lesquels le minist\u00e8re a conclu un partenariat. Il s&rsquo;adresse \u00e0 tous les enseignants du premier et du second degr\u00e9 qui peuvent s&rsquo;inscrire sur le portail \u00e0 l&rsquo;aide de leur adresse professionnelle et b\u00e9n\u00e9ficier gratuitement d&rsquo;un acc\u00e8s aux ressources s\u00e9lectionn\u00e9es de l&rsquo;ensemble des partenaires pour leurs usages p\u00e9dagogiques.<\/p>\n","protected":false},"excerpt":{"rendered":"<p>Des outils num\u00e9riques&nbsp;pour le cours de lettres Exemple d&rsquo;activit\u00e9 Accompagner la d\u00e9couverte des personnages dans l&rsquo;acte I, sc\u00e8ne 1 de&nbsp;Ph\u00e8dre. Quelles approches ? Des ressources acad\u00e9miques Sc\u00e9narios p\u00e9dagogiques avec LyText Des ressources nationales \u00c9duth\u00e8que &#8211; Un portail de ressources num\u00e9riques p\u00e9dagogiques Le portail \u00c9duth\u00e8que fournit librement aux enseignants une offre de ressources num\u00e9riques p\u00e9dagogiques de [&hellip;]<\/p>\n","protected":false},"author":1,"featured_media":4902,"parent":47,"menu_order":0,"comment_status":"closed","ping_status":"closed","template":"","meta":{"footnotes":""},"class_list":["post-91","page","type-page","status-publish","has-post-thumbnail","czr-hentry"],"_links":{"self":[{"href":"https:\/\/sites.ac-nancy-metz.fr\/lettres\/wp-json\/wp\/v2\/pages\/91","targetHints":{"allow":["GET"]}}],"collection":[{"href":"https:\/\/sites.ac-nancy-metz.fr\/lettres\/wp-json\/wp\/v2\/pages"}],"about":[{"href":"https:\/\/sites.ac-nancy-metz.fr\/lettres\/wp-json\/wp\/v2\/types\/page"}],"author":[{"embeddable":true,"href":"https:\/\/sites.ac-nancy-metz.fr\/lettres\/wp-json\/wp\/v2\/users\/1"}],"replies":[{"embeddable":true,"href":"https:\/\/sites.ac-nancy-metz.fr\/lettres\/wp-json\/wp\/v2\/comments?post=91"}],"version-history":[{"count":0,"href":"https:\/\/sites.ac-nancy-metz.fr\/lettres\/wp-json\/wp\/v2\/pages\/91\/revisions"}],"up":[{"embeddable":true,"href":"https:\/\/sites.ac-nancy-metz.fr\/lettres\/wp-json\/wp\/v2\/pages\/47"}],"wp:featuredmedia":[{"embeddable":true,"href":"https:\/\/sites.ac-nancy-metz.fr\/lettres\/wp-json\/wp\/v2\/media\/4902"}],"wp:attachment":[{"href":"https:\/\/sites.ac-nancy-metz.fr\/lettres\/wp-json\/wp\/v2\/media?parent=91"}],"curies":[{"name":"wp","href":"https:\/\/api.w.org\/{rel}","templated":true}]}}