{"id":9428,"date":"2025-06-02T15:43:21","date_gmt":"2025-06-02T13:43:21","guid":{"rendered":"https:\/\/sites.ac-nancy-metz.fr\/lettres\/?page_id=9428"},"modified":"2025-12-01T09:31:36","modified_gmt":"2025-12-01T08:31:36","slug":"projets-traam-maitrise-de-la-langue","status":"publish","type":"page","link":"https:\/\/sites.ac-nancy-metz.fr\/lettres\/projets-traam-maitrise-de-la-langue\/","title":{"rendered":"Lettres et num\u00e9rique."},"content":{"rendered":"\n<h3 class=\"wp-block-heading\">Lettre \u00c9duNum Th\u00e9matique n\u00b027 &#8211; novembre 2025<\/h3>\n\n\n\n<div class=\"wp-block-columns is-layout-flex wp-container-core-columns-is-layout-9d6595d7 wp-block-columns-is-layout-flex\">\n<div class=\"wp-block-column is-layout-flow wp-block-column-is-layout-flow\" style=\"flex-basis:33.33%\">\n<figure class=\"wp-block-image size-full\"><a href=\"https:\/\/sites.ac-nancy-metz.fr\/lettres\/wp-content\/uploads\/2025\/11\/typographies_v2.pdf\"><img loading=\"lazy\" decoding=\"async\" width=\"147\" height=\"208\" src=\"https:\/\/sites.ac-nancy-metz.fr\/lettres\/wp-content\/uploads\/2025\/11\/vignette_edunum_typographies.png\" alt=\"\" class=\"wp-image-10441\"\/><\/a><\/figure>\n<\/div>\n\n\n\n<div class=\"wp-block-column is-layout-flow wp-block-column-is-layout-flow\" style=\"flex-basis:66.66%\">\n<p>Cette nouvelle \u00e9dition est consacr\u00e9e \u00e0 la&nbsp;<strong>typographie<\/strong>&nbsp;: l&rsquo;objectif est de voir comment les lettres constituent des objets sensoriels, jouant sur la forme, le mouvement et l\u2019espace. Cette approche s\u2019appuie sur le regard de chercheurs et de sp\u00e9cialistes et int\u00e8gre \u00e9galement une dimension p\u00e9dagogique pluridisciplinaire et transdisciplinaire, croisant les champs des arts et des sciences. <a href=\"https:\/\/eduscol.education.fr\/4123\/les-lettres-d-actualite-edunum-sur-le-numerique-educatif\">Lire toutes les lettres d&rsquo;actualit\u00e9 \u00c9duNum sur Eduscol<\/a><\/p>\n\n\n\n<div class=\"wp-block-buttons is-layout-flex wp-block-buttons-is-layout-flex\">\n<div class=\"wp-block-button has-custom-width wp-block-button__width-75\"><a class=\"wp-block-button__link has-vivid-cyan-blue-background-color has-background has-text-align-center wp-element-button\" href=\"https:\/\/sites.ac-nancy-metz.fr\/lettres\/wp-content\/uploads\/2025\/11\/typographies_v2.pdf\">T\u00e9l\u00e9charger le document (.pdf, 13.36 Mo)<\/a><\/div>\n<\/div>\n<\/div>\n<\/div>\n\n\n\n<hr class=\"wp-block-separator has-alpha-channel-opacity\"\/>\n\n\n\n<h3 class=\"wp-block-heading\">Lettre \u00c9duNum Lettres n\u00b025 &#8211; septembre 2025<\/h3>\n\n\n\n<div class=\"wp-block-columns is-layout-flex wp-container-core-columns-is-layout-9d6595d7 wp-block-columns-is-layout-flex\">\n<div class=\"wp-block-column is-layout-flow wp-block-column-is-layout-flow\" style=\"flex-basis:33.33%\">\n<figure class=\"wp-block-image size-full\"><a href=\"https:\/\/sites.ac-nancy-metz.fr\/lettres\/wp-content\/uploads\/2025\/11\/lettre_edunum_lettres25-_septembre2025_.pdf\"><img loading=\"lazy\" decoding=\"async\" width=\"147\" height=\"208\" src=\"https:\/\/sites.ac-nancy-metz.fr\/lettres\/wp-content\/uploads\/2025\/11\/vignette_edunum_lettres_25.png\" alt=\"\" class=\"wp-image-10453\"\/><\/a><\/figure>\n<\/div>\n\n\n\n<div class=\"wp-block-column is-layout-flow wp-block-column-is-layout-flow\" style=\"flex-basis:66.66%\">\n<p>La lettre \u00c9duNum n\u00b025 s\u2019inscrit dans une d\u00e9marche r\u00e9solument tourn\u00e9e vers l\u2019innovation p\u00e9dagogique et l\u2019accompagnement des pratiques enseignantes. Elle met en lumi\u00e8re un enjeu central du 21\u1d49 si\u00e8cle : le d\u00e9veloppement des <strong>comp\u00e9tences orales des \u00e9l\u00e8ves<\/strong>, du coll\u00e8ge au lyc\u00e9e. Ces comp\u00e9tences, essentielles \u00e0 la r\u00e9ussite scolaire et \u00e0 l\u2019\u00e9panouissement personnel, sont aujourd\u2019hui renforc\u00e9es par les opportunit\u00e9s offertes par le <strong>num\u00e9rique et l\u2019intelligence artificielle<\/strong>, et se d\u00e9ploient dans des sc\u00e9narios p\u00e9dagogiques allant de la mise en voix &nbsp;au travail de l\u2019\u00e9loquence en passant par la pr\u00e9paration aux examens, ouvrant la voie au d\u00e9ploiement de pratiques th\u00e9\u00e2trales augment\u00e9es.&nbsp;<a href=\"https:\/\/eduscol.education.fr\/4123\/les-lettres-d-actualite-edunum-sur-le-numerique-educatif\">Lire toutes les lettres d&rsquo;actualit\u00e9 \u00c9duNum sur Eduscol<\/a><\/p>\n\n\n\n<div class=\"wp-block-buttons is-layout-flex wp-block-buttons-is-layout-flex\">\n<div class=\"wp-block-button has-custom-width wp-block-button__width-75\"><a class=\"wp-block-button__link has-vivid-cyan-blue-background-color has-background has-text-align-center wp-element-button\" href=\"https:\/\/sites.ac-nancy-metz.fr\/lettres\/wp-content\/uploads\/2025\/11\/lettre_edunum_lettres25-_septembre2025_.pdf\">T\u00e9l\u00e9charger le document (.pdf, 1.37 Mo)<\/a><\/div>\n<\/div>\n<\/div>\n<\/div>\n\n\n\n<hr class=\"wp-block-separator has-alpha-channel-opacity\"\/>\n\n\n\n<div class=\"wp-block-columns is-layout-flex wp-container-core-columns-is-layout-9d6595d7 wp-block-columns-is-layout-flex\">\n<div class=\"wp-block-column is-layout-flow wp-block-column-is-layout-flow\" style=\"flex-basis:33.33%\">\n<figure class=\"wp-block-image size-full\"><a href=\"https:\/\/www.education.gouv.fr\/media\/227697\/download\"><img loading=\"lazy\" decoding=\"async\" width=\"589\" height=\"833\" src=\"https:\/\/sites.ac-nancy-metz.fr\/lettres\/wp-content\/uploads\/2025\/12\/cadre-dusage-de-lIA-en-education.png\" alt=\"\" class=\"wp-image-10462\" style=\"aspect-ratio:3\/4;object-fit:cover\" srcset=\"https:\/\/sites.ac-nancy-metz.fr\/lettres\/wp-content\/uploads\/2025\/12\/cadre-dusage-de-lIA-en-education.png 589w, https:\/\/sites.ac-nancy-metz.fr\/lettres\/wp-content\/uploads\/2025\/12\/cadre-dusage-de-lIA-en-education-212x300.png 212w\" sizes=\"auto, (max-width: 589px) 100vw, 589px\" \/><\/a><\/figure>\n<\/div>\n\n\n\n<div class=\"wp-block-column is-layout-flow wp-block-column-is-layout-flow\" style=\"flex-basis:66.66%\">\n<h6 class=\"wp-block-heading\">Les intelligences artificielles et leurs usages en \u00e9ducation<\/h6>\n\n\n\n<p>Le d\u00e9veloppement rapide des IA, en particulier des IA g\u00e9n\u00e9ratives depuis 2022, a d\u00e9j\u00e0 un large impact en \u00e9ducation.&nbsp;<\/p>\n\n\n\n<p>Ces technologies transforment l\u2019apprentissage, la cr\u00e9ation de cours et l\u2019\u00e9valuation, et peuvent remettre en question certains principes fondamentaux de l\u2019\u00c9cole. Leur utilisation s&rsquo;appuie sur un \u00ab&nbsp;cadre d&rsquo;usage&nbsp;\u00bb \u00e9thique et juridique, garantissant la protection des donn\u00e9es et un usage responsable.&nbsp;<\/p>\n\n\n\n<p>Le cadre d&rsquo;usage repose sur des principes g\u00e9n\u00e9raux et donne les lignes directrices des usages qui peuvent \u00eatre faits de cette technologie. <a href=\"https:\/\/eduscol.education.fr\/4188\/les-intelligences-artificielles-et-leurs-usages-en-education\"><em>\u00c0 lire sur Eduscol<\/em><\/a><\/p>\n\n\n\n<div class=\"wp-block-buttons is-layout-flex wp-block-buttons-is-layout-flex\">\n<div class=\"wp-block-button has-custom-width wp-block-button__width-75\"><a class=\"wp-block-button__link has-vivid-cyan-blue-background-color has-background has-text-align-center wp-element-button\" href=\"https:\/\/www.education.gouv.fr\/media\/227697\/download\">T\u00e9l\u00e9charger le document (.pdf, 333 Ko)<\/a><\/div>\n<\/div>\n<\/div>\n<\/div>\n\n\n\n<hr class=\"wp-block-separator has-alpha-channel-opacity\"\/>\n\n\n\n<h3 class=\"wp-block-heading\"><strong>TraAM 2024<\/strong> &#8211; \u00c9tudier la langue avec le num\u00e9rique&nbsp;: quels sc\u00e9narios&nbsp;? quels enjeux&nbsp;? quels outils&nbsp;?<\/h3>\n\n\n\n<figure class=\"wp-block-image size-large\"><a href=\"https:\/\/eduscol.education.fr\/692\/les-travaux-academiques-mutualises-traam\"><img loading=\"lazy\" decoding=\"async\" width=\"1024\" height=\"229\" src=\"https:\/\/sites.ac-nancy-metz.fr\/lettres\/wp-content\/uploads\/2025\/06\/traam-1024x229.png\" alt=\"\" class=\"wp-image-9854\" srcset=\"https:\/\/sites.ac-nancy-metz.fr\/lettres\/wp-content\/uploads\/2025\/06\/traam-1024x229.png 1024w, https:\/\/sites.ac-nancy-metz.fr\/lettres\/wp-content\/uploads\/2025\/06\/traam-300x67.png 300w, https:\/\/sites.ac-nancy-metz.fr\/lettres\/wp-content\/uploads\/2025\/06\/traam-768x172.png 768w, https:\/\/sites.ac-nancy-metz.fr\/lettres\/wp-content\/uploads\/2025\/06\/traam-1536x343.png 1536w, https:\/\/sites.ac-nancy-metz.fr\/lettres\/wp-content\/uploads\/2025\/06\/traam-2048x458.png 2048w\" sizes=\"auto, (max-width: 1024px) 100vw, 1024px\" \/><\/a><\/figure>\n\n\n\n<p>\u00ab\u00a0En \u00e9tude de la langue, les programmes de coll\u00e8ge et de lyc\u00e9e invitent \u00e0 faire entrer les \u00e9l\u00e8ves dans la r\u00e9flexion par la comparaison, la transformation (substitution, d\u00e9placement, ajout, suppression), le tri et le classement, afin d\u2019identifier des r\u00e9gularit\u00e9s de la langue et d\u2019en percevoir la coh\u00e9rence en tant que syst\u00e8me mis en \u0153uvre dans des discours.<\/p>\n\n\n\n<p>Quelles pratiques et sc\u00e9narios p\u00e9dagogiques, men\u00e9s \u00e0 l\u2019aide de quels outils num\u00e9riques, peuvent favoriser cette entr\u00e9e dans la r\u00e9flexivit\u00e9 et renforcer la perception des r\u00e9gularit\u00e9s de la langue, pour permettre aux \u00e9l\u00e8ves de l\u2019appr\u00e9hender comme syst\u00e8me coh\u00e9rent&nbsp;?\u00a0\u00bb <a href=\"https:\/\/eduscol.education.fr\/692\/les-travaux-academiques-mutualises-traam\">https:\/\/eduscol.education.fr\/692\/les-travaux-academiques-mutualises-traam<\/a> <\/p>\n\n\n\n<div style=\"height:9px\" aria-hidden=\"true\" class=\"wp-block-spacer\"><\/div>\n\n\n\n<h3 class=\"wp-block-heading\">Productions acad\u00e9miques :<\/h3>\n\n\n\n<ul class=\"wp-block-list\">\n<li><a href=\"https:\/\/sites.ac-nancy-metz.fr\/lettres\/grammaire-et-numerique-maitriser-les-propositions-avec-lexerciseur-de-lent\/\">Grammaire et num\u00e9rique : ma\u00eetriser les propositions avec l\u2019exerciseur de l\u2019ENT &#8211; Vanessa PUISEUX, Coll\u00e8ge Les Tilleuls, Commercy<\/a><\/li>\n\n\n\n<li><a href=\"https:\/\/sites.ac-nancy-metz.fr\/lettres\/traam-2025-maitrise-de-la-langue-et-numerique\/\">Ma\u00eetrise de la langue et num\u00e9rique &#8211; S\u00e9verine AUER, Coll\u00e8ge Les Hauts-de-Bl\u00e9mont, Metz<\/a><\/li>\n\n\n\n<li><a href=\"https:\/\/sites.ac-nancy-metz.fr\/lettres\/traam-2025-vocabulaire-et-numerique\/\">Vocabulaire et num\u00e9rique : le \u00ab Dictionnaire dynamique des relations sociales \u00bb &#8211; S\u00e9verine AUER, Coll\u00e8ge Les Hauts-de-Bl\u00e9mont, Metz<\/a><\/li>\n\n\n\n<li><a href=\"https:\/\/sites.ac-nancy-metz.fr\/lettres\/traam-2025\/\">Am\u00e9liorer ses \u00e9crits : apprendre \u00e0 r\u00e9diger des phrases plus complexes &#8211; Sandrine ROQUE, Coll\u00e8ge La Source, Amn\u00e9ville<\/a><\/li>\n\n\n\n<li><a href=\"https:\/\/sites.ac-nancy-metz.fr\/lettres\/etudier-la-phrase-complexe-en-se-servant-de-lintelligence-artificielle-pour-enrichir-ses-ecrits\/\">\u00c9tudier la phrase complexe en se servant de l&rsquo;intelligence artificielle pour enrichir ses \u00e9crits &#8211; Sophie GAUDEL, Coll\u00e8ge de La Haute Meurthe, Fraize<\/a><\/li>\n\n\n\n<li><a href=\"https:\/\/sites.ac-nancy-metz.fr\/lettres\/accompagner-les-eleves-allophones\/\">Accompagner des \u00e9l\u00e8ves allophones dans une s\u00e9quence coop\u00e9rative en fran\u00e7ais fond\u00e9e sur un usage structur\u00e9 et critique de l\u2019IA &#8211; Omar KACED, lyc\u00e9e Blaise Pascal, Forbach<\/a><\/li>\n<\/ul>\n","protected":false},"excerpt":{"rendered":"<p>Lettre \u00c9duNum Th\u00e9matique n\u00b027 &#8211; novembre 2025 Cette nouvelle \u00e9dition est consacr\u00e9e \u00e0 la&nbsp;typographie&nbsp;: l&rsquo;objectif est de voir comment les lettres constituent des objets sensoriels, jouant sur la forme, le mouvement et l\u2019espace. Cette approche s\u2019appuie sur le regard de chercheurs et de sp\u00e9cialistes et int\u00e8gre \u00e9galement une dimension p\u00e9dagogique pluridisciplinaire et transdisciplinaire, croisant les [&hellip;]<\/p>\n","protected":false},"author":1,"featured_media":0,"parent":0,"menu_order":0,"comment_status":"closed","ping_status":"closed","template":"","meta":{"footnotes":""},"class_list":["post-9428","page","type-page","status-publish","czr-hentry"],"_links":{"self":[{"href":"https:\/\/sites.ac-nancy-metz.fr\/lettres\/wp-json\/wp\/v2\/pages\/9428","targetHints":{"allow":["GET"]}}],"collection":[{"href":"https:\/\/sites.ac-nancy-metz.fr\/lettres\/wp-json\/wp\/v2\/pages"}],"about":[{"href":"https:\/\/sites.ac-nancy-metz.fr\/lettres\/wp-json\/wp\/v2\/types\/page"}],"author":[{"embeddable":true,"href":"https:\/\/sites.ac-nancy-metz.fr\/lettres\/wp-json\/wp\/v2\/users\/1"}],"replies":[{"embeddable":true,"href":"https:\/\/sites.ac-nancy-metz.fr\/lettres\/wp-json\/wp\/v2\/comments?post=9428"}],"version-history":[{"count":39,"href":"https:\/\/sites.ac-nancy-metz.fr\/lettres\/wp-json\/wp\/v2\/pages\/9428\/revisions"}],"predecessor-version":[{"id":10467,"href":"https:\/\/sites.ac-nancy-metz.fr\/lettres\/wp-json\/wp\/v2\/pages\/9428\/revisions\/10467"}],"wp:attachment":[{"href":"https:\/\/sites.ac-nancy-metz.fr\/lettres\/wp-json\/wp\/v2\/media?parent=9428"}],"curies":[{"name":"wp","href":"https:\/\/api.w.org\/{rel}","templated":true}]}}